{"id":9548,"date":"2022-12-29T13:34:09","date_gmt":"2022-12-29T16:34:09","guid":{"rendered":"https:\/\/homolog.ipe.org.br\/projects\/"},"modified":"2023-04-19T09:10:19","modified_gmt":"2023-04-19T12:10:19","slug":"projects","status":"publish","type":"page","link":"https:\/\/ipe.org.br\/en\/projects\/","title":{"rendered":"Projects"},"content":{"rendered":"\t\t<div data-elementor-type=\"wp-page\" data-elementor-id=\"9548\" class=\"elementor elementor-9548 elementor-6829\" data-elementor-post-type=\"page\">\n\t\t\t\t\t\t<section class=\"has_ma_el_bg_slider elementor-section elementor-top-section elementor-element elementor-element-838b51b elementor-section-height-min-height elementor-section-boxed elementor-section-height-default elementor-section-items-middle\" data-id=\"838b51b\" data-element_type=\"section\" data-settings=\"{&quot;background_background&quot;:&quot;classic&quot;}\">\n\t\t\t\t\t\t\t<div class=\"elementor-background-overlay\"><\/div>\n\t\t\t\t\t\t\t<div class=\"elementor-container elementor-column-gap-default\">\n\t\t\t\t\t<div class=\"has_ma_el_bg_slider elementor-column elementor-col-100 elementor-top-column elementor-element elementor-element-a551f5d jltma-glass-effect-no\" data-id=\"a551f5d\" data-element_type=\"column\">\n\t\t\t<div class=\"elementor-widget-wrap elementor-element-populated\">\n\t\t\t\t\t\t<div class=\"elementor-element elementor-element-73e172a jltma-glass-effect-no elementor-invisible elementor-widget elementor-widget-heading\" data-id=\"73e172a\" data-element_type=\"widget\" data-settings=\"{&quot;_animation&quot;:&quot;fadeIn&quot;}\" data-widget_type=\"heading.default\">\n\t\t\t\t<div class=\"elementor-widget-container\">\n\t\t\t<h1 class=\"elementor-heading-title elementor-size-default\">Where we work<\/h1>\t\t<\/div>\n\t\t\t\t<\/div>\n\t\t\t\t<div class=\"elementor-element elementor-element-5a26a3d jltma-glass-effect-no elementor-invisible elementor-widget elementor-widget-heading\" data-id=\"5a26a3d\" data-element_type=\"widget\" data-settings=\"{&quot;_animation&quot;:&quot;fadeIn&quot;}\" data-widget_type=\"heading.default\">\n\t\t\t\t<div class=\"elementor-widget-container\">\n\t\t\t<h1 class=\"elementor-heading-title elementor-size-default\">Mata Atl\u00e2ntica I Amaz\u00f4nia I Pantanal I Cerrado<\/h1>\t\t<\/div>\n\t\t\t\t<\/div>\n\t\t\t\t\t<\/div>\n\t\t<\/div>\n\t\t\t\t\t<\/div>\n\t\t<\/section>\n\t\t\t\t<section class=\"has_ma_el_bg_slider elementor-section elementor-top-section elementor-element elementor-element-144dbd1 elementor-section-height-min-height elementor-section-boxed elementor-section-height-default elementor-section-items-middle jltma-glass-effect-no\" data-id=\"144dbd1\" data-element_type=\"section\" data-settings=\"{&quot;background_background&quot;:&quot;classic&quot;}\">\n\t\t\t\t\t\t<div class=\"elementor-container elementor-column-gap-default\">\n\t\t\t\t\t<div class=\"has_ma_el_bg_slider elementor-column elementor-col-100 elementor-top-column elementor-element elementor-element-4bc2e9c jltma-glass-effect-no\" data-id=\"4bc2e9c\" data-element_type=\"column\">\n\t\t\t<div class=\"elementor-widget-wrap elementor-element-populated\">\n\t\t\t\t\t\t<div class=\"elementor-element elementor-element-d08ee7a jltma-glass-effect-no elementor-invisible elementor-widget elementor-widget-text-editor\" data-id=\"d08ee7a\" data-element_type=\"widget\" data-settings=\"{&quot;_animation&quot;:&quot;fadeIn&quot;}\" data-widget_type=\"text-editor.default\">\n\t\t\t\t<div class=\"elementor-widget-container\">\n\t\t\t\t\t\t\t<style>\na{color:#34a853}<br \/><\/style>\n<div id=\"mapa\">\n\n<img fetchpriority=\"high\" decoding=\"async\" class=\"mapa-imagem aligncenter\" src=\"https:\/\/ipe.org.br\/images\/projetos\/Projeto_Mapa_IPE_2022.png\" alt=\"PROJETOS MAPA IPE\" usemap=\"#image-map\" width=\"444\" height=\"442\">\n\n<map name=\"image-map\"> <area title=\"\" alt=\"Lower Rio Negro\" coords=\"137,83,18\" shape=\"circle\" href=\"https:\/\/ipe.org.br\/projetos\/baixo-rio-negro\" target=\"_top\"> <area title=\"\" alt=\"Bras\u00edlia\" coords=\"296,238,17\" shape=\"circle\" href=\"http:\/\/escas.org.br\/\" target=\"_blank\"> <area title=\"\" alt=\"Pantanal\" coords=\"195,278,17\" shape=\"circle\" href=\"https:\/\/ipe.org.br\/projetos\/pantanal-e-cerrado\" target=\"_top\"> <area title=\"\" alt=\"Pontal\" coords=\"244,313,16\" shape=\"circle\" href=\"https:\/\/ipe.org.br\/projetos\/pontal-do-paranapanema\" target=\"_top\"> <area title=\"\" alt=\"Nazar\u00e9 Paulista\" coords=\"315,323,16\" shape=\"circle\" href=\"https:\/\/ipe.org.br\/projetos\/nazare-paulista\" target=\"_top\"><\/map><\/div>\n<h2><a href=\"https:\/\/ipe.org.br\/?page_id=6850\">Amaz\u00f4nia<\/a><\/h2>\nWe act in Integrated Solutions with society, in the effectiveness of the management of Conservation Units and in partnerships.\n\n<b><a href=\"https:\/\/lira.ipe.org.br\/\">LIRA &#8211; Integrated Legacy of the Amazon Region:<\/a> <a href=\"https:\/\/lira.ipe.org.br\/\" target=\"_blank\" rel=\"noopener\"> <\/a><\/b>focuses on increasing effectiveness in protected area management, with intensified integrated and networked work.\n\n<strong>MPB<\/strong> &#8211; <strong>Participatory Biodiversity Monitoring:<\/strong> works on biodiversity monitoring in 18 Conservation Units (12 million hectares) in the Amazon with the contribution of local communities.\n\n<strong>MOSUC <\/strong>&#8211; <strong>Motivation and Success in the Management of Protected Areas: <\/strong>supports the strengthening of SNUC &#8211; National System of Protected Areas, and the mobilization of society. Among the results achieved is the national restructuring of the ICMBio Volunteer Program, with more than 30,000 volunteers enrolled.\n\n<strong>NAVEGANDO EDUCA\u00c7\u00c3O EMPREENDEDORA: <\/strong>seeks to strengthen entrepreneurs in the value chains of the Puranga Conquista Sustainable Development Reserve (SDR).\n\n&nbsp;\n<h2><a href=\"https:\/\/ipe.org.br\/?page_id=7084\">Nazar\u00e9 Paulista<\/a><\/h2>\nIP\u00ca is headquartered in Nazar\u00e9 Paulista, less than 100 kilometers form the city of S\u00e3o Paulo. This municipality is known for its scenic natural beauty and is strategic for the conservation of socio-environmental resources, including water and Atlantic Forest. Nazar\u00e9 Paulista harbors a portion of the of the Cantareira System reservoirs, which are responsible for providing water to nearly ten percent of the Brazilian population. IP\u00ca develops conservation research and environmental education projects in the region. The primary themes of these initiatives are: restoration of the Atlantic Forest, conservation of wild mammals, ecosystems services and sustainable business.\n\n<strong>Sowing Water:<\/strong> to increase the System&#8217;s water security, IP\u00ca develops the project based on forest restoration actions, sustainable productive systems, as well as environmental education and public policies in eight municipalities that make up the System, five in the state of S\u00e3o Paulo and three in Camanducaia.\n\n&nbsp;\n<h2><a href=\"https:\/\/ipe.org.br\/?page_id=7191\">Pantanal and Cerrado<\/a><strong> <\/strong><\/h2>\nWe developed initiatives for the conservation of three endangered species (lowland tapir, giant anteater, and the giant anteater<strong>)<\/strong> involving research, environmental education, tourism, and training:\n\n<strong>INCAB &#8211; National Initiative for Lowland Tapir Conservation:<\/strong> the project, which is over 25 years old, has the largest database of the lowland tapir<em>(Tapirus terrestris<\/em>), recognized as the forest gardener.\n\nThe <strong>Canastra Armadillo Project<\/strong>: documented the important role of armadillos as ecosystem engineers. The species is now on the list of key mammals to guide the creation of protected areas and conservation corridors in Mato Grosso do Sul.\n\n<strong>Pantanal Sustainable Landscapes: <\/strong>identifies paths with potential to strengthen sustainable development in the biome based on sustainable cattle farming, conservation of protected areas, and ecotourism.\n\n&nbsp;\n<h2><a href=\"https:\/\/ipe.org.br\/?page_id=7363\">Pontal do Paranapanema<\/a><\/h2>\nTogether with communities, rural producers, professionals that work in public agencies, and researchers from other institutions we developed, in 2001, the Map of Dreams with the objective of forming life corridors in Pontal do Paranapanema. Based on the priority actions identified in the Map, we work on landscape management, balancing economic gains with the maintenance of ecosystem services and conservation of endangered species:\n\n<strong>Corridors of Life:<\/strong> we have already planted almost 6 million trees, including the largest forest corridor ever restored in the Atlantic Forest.\n\nThe photo shows the largest forest corridor ever restored in the Atlantic Forest with 2.4 million trees, which connects Morro do Diabo State Park with the Mico-le\u00e3o-preto Ecological Station.\nPhoto Credit: Laurie Hedges\n\n<strong>Black Lion Tamarin Conservation Project:<\/strong> one of the longest-running conservation programs &#8211; has among its results the change in the species category from &#8220;critically endangered&#8221; to &#8220;endangered&#8221;.\n\n<strong>Agroforestry Systems:<\/strong> combining food diversity and income generation for rural producers.\n\n<strong>Community Nurseries: <\/strong>we have contributed to the training and closely monitored eight nurseries, five of which are led by women.\n\n<strong>Environmental Education:<\/strong> adoption of an environmental education program by schools in the city of Teodoro Sampaio (SP), with courses for teachers and students from the public network.\n\n&nbsp;\n<h2>Guaran\u00e9sia\/MG<\/h2>\nWe implemented a model farm in silvopastoral activity, to promote and accelerate sustainable dairy farming allied to the planting of native species trees.\n\n&nbsp;\n<h2>Nova Igua\u00e7u and Duque de Caxias\/RJ<\/h2>\nIn Baixada Fluminense, we have worked to implement 100 hectares of agroforestry systems in 33 settlements, small farms, and rural communities.\n\n&nbsp;\n<div style=\"text-align:center;\">\n  <h4>\n    <a href=\"https:\/\/ipe.colabore.org\/bichos\/single_step\">\n      <b>Help IP\u00ca save our forests, donate to IP\u00ca<\/b>\n    <\/a>\n  <\/h4>\n<\/div> \t\t\t\t\t\t<\/div>\n\t\t\t\t<\/div>\n\t\t\t\t\t<\/div>\n\t\t<\/div>\n\t\t\t\t\t<\/div>\n\t\t<\/section>\n\t\t\t\t<\/div>\n\t\t","protected":false},"excerpt":{"rendered":"<p>Where we work Mata Atl\u00e2ntica I Amaz\u00f4nia I Pantanal I Cerrado Amaz\u00f4nia We act in Integrated Solutions with society, in the effectiveness of the management of Conservation Units and in partnerships. LIRA &#8211; Integrated Legacy of the Amazon Region: focuses on increasing effectiveness in protected area management, with intensified integrated and networked work. MPB &#8211; &#8230; <a title=\"Projects\" class=\"read-more\" href=\"https:\/\/ipe.org.br\/en\/projects\/\" aria-label=\"Read more about Projects\">Read more<\/a><\/p>\n","protected":false},"author":1,"featured_media":0,"parent":0,"menu_order":0,"comment_status":"closed","ping_status":"closed","template":"elementor_header_footer","meta":{"_acf_changed":false,"footnotes":""},"class_list":["post-9548","page","type-page","status-publish"],"acf":[],"yoast_head":"<!-- This site is optimized with the Yoast SEO plugin v23.0 - https:\/\/yoast.com\/wordpress\/plugins\/seo\/ -->\n<title>Projects - IP\u00ca - Instituto de Pesquisas Ecol\u00f3gicas<\/title>\n<meta name=\"robots\" content=\"index, follow, max-snippet:-1, max-image-preview:large, max-video-preview:-1\" \/>\n<link rel=\"canonical\" href=\"https:\/\/ipe.org.br\/en\/projects\/\" \/>\n<meta property=\"og:locale\" content=\"en_US\" \/>\n<meta property=\"og:type\" content=\"article\" \/>\n<meta property=\"og:title\" content=\"Projects - IP\u00ca - Instituto de Pesquisas Ecol\u00f3gicas\" \/>\n<meta property=\"og:description\" content=\"Where we work Mata Atl\u00e2ntica I Amaz\u00f4nia I Pantanal I Cerrado Amaz\u00f4nia We act in Integrated Solutions with society, in the effectiveness of the management of Conservation Units and in partnerships. LIRA &#8211; Integrated Legacy of the Amazon Region: focuses on increasing effectiveness in protected area management, with intensified integrated and networked work. MPB &#8211; ... Read more\" \/>\n<meta property=\"og:url\" content=\"https:\/\/ipe.org.br\/en\/projects\/\" \/>\n<meta property=\"og:site_name\" content=\"IP\u00ca - Instituto de Pesquisas Ecol\u00f3gicas\" \/>\n<meta property=\"article:publisher\" content=\"https:\/\/www.facebook.com\/ipe.instituto.pesquisas.ecologicas\" \/>\n<meta property=\"article:modified_time\" content=\"2023-04-19T12:10:19+00:00\" \/>\n<meta property=\"og:image\" content=\"https:\/\/ipe.org.br\/images\/projetos\/Projeto_Mapa_IPE_2022.png\" \/>\n<meta name=\"twitter:card\" content=\"summary_large_image\" \/>\n<meta name=\"twitter:site\" content=\"@InstitutoIPE\" \/>\n<meta name=\"twitter:label1\" content=\"Est. reading time\" \/>\n\t<meta name=\"twitter:data1\" content=\"3 minutes\" \/>\n<script type=\"application\/ld+json\" class=\"yoast-schema-graph\">{\"@context\":\"https:\/\/schema.org\",\"@graph\":[{\"@type\":\"WebPage\",\"@id\":\"https:\/\/ipe.org.br\/en\/projects\/\",\"url\":\"https:\/\/ipe.org.br\/en\/projects\/\",\"name\":\"Projects - IP\u00ca - Instituto de Pesquisas Ecol\u00f3gicas\",\"isPartOf\":{\"@id\":\"https:\/\/ipe.org.br\/#website\"},\"primaryImageOfPage\":{\"@id\":\"https:\/\/ipe.org.br\/en\/projects\/#primaryimage\"},\"image\":{\"@id\":\"https:\/\/ipe.org.br\/en\/projects\/#primaryimage\"},\"thumbnailUrl\":\"https:\/\/ipe.org.br\/images\/projetos\/Projeto_Mapa_IPE_2022.png\",\"datePublished\":\"2022-12-29T16:34:09+00:00\",\"dateModified\":\"2023-04-19T12:10:19+00:00\",\"breadcrumb\":{\"@id\":\"https:\/\/ipe.org.br\/en\/projects\/#breadcrumb\"},\"inLanguage\":\"en-US\",\"potentialAction\":[{\"@type\":\"ReadAction\",\"target\":[\"https:\/\/ipe.org.br\/en\/projects\/\"]}]},{\"@type\":\"ImageObject\",\"inLanguage\":\"en-US\",\"@id\":\"https:\/\/ipe.org.br\/en\/projects\/#primaryimage\",\"url\":\"https:\/\/ipe.org.br\/images\/projetos\/Projeto_Mapa_IPE_2022.png\",\"contentUrl\":\"https:\/\/ipe.org.br\/images\/projetos\/Projeto_Mapa_IPE_2022.png\"},{\"@type\":\"BreadcrumbList\",\"@id\":\"https:\/\/ipe.org.br\/en\/projects\/#breadcrumb\",\"itemListElement\":[{\"@type\":\"ListItem\",\"position\":1,\"name\":\"In\u00edcio\",\"item\":\"https:\/\/ipe.org.br\/en\/home-2\/\"},{\"@type\":\"ListItem\",\"position\":2,\"name\":\"Projects\"}]},{\"@type\":\"WebSite\",\"@id\":\"https:\/\/ipe.org.br\/#website\",\"url\":\"https:\/\/ipe.org.br\/\",\"name\":\"IP\u00ca - Instituto de Pesquisas Ecol\u00f3gicas\",\"description\":\"Pesquisa, Educa\u00e7\u00e3o e Neg\u00f3cios Sustent\u00e1veis para a conserva\u00e7\u00e3o da biodiversidade brasileira.\",\"publisher\":{\"@id\":\"https:\/\/ipe.org.br\/#organization\"},\"potentialAction\":[{\"@type\":\"SearchAction\",\"target\":{\"@type\":\"EntryPoint\",\"urlTemplate\":\"https:\/\/ipe.org.br\/?s={search_term_string}\"},\"query-input\":\"required name=search_term_string\"}],\"inLanguage\":\"en-US\"},{\"@type\":\"Organization\",\"@id\":\"https:\/\/ipe.org.br\/#organization\",\"name\":\"IP\u00ca - Instituto te Pesquisas Ecol\u00f3gicas\",\"alternateName\":\"IP\u00ca - Instituto te Pesquisas Ecol\u00f3gicas\",\"url\":\"https:\/\/ipe.org.br\/\",\"logo\":{\"@type\":\"ImageObject\",\"inLanguage\":\"en-US\",\"@id\":\"https:\/\/ipe.org.br\/#\/schema\/logo\/image\/\",\"url\":\"https:\/\/ipe.org.br\/images\/2022\/12\/cropped-logo-ipe2.jpg\",\"contentUrl\":\"https:\/\/ipe.org.br\/images\/2022\/12\/cropped-logo-ipe2.jpg\",\"width\":900,\"height\":900,\"caption\":\"IP\u00ca - Instituto te Pesquisas Ecol\u00f3gicas\"},\"image\":{\"@id\":\"https:\/\/ipe.org.br\/#\/schema\/logo\/image\/\"},\"sameAs\":[\"https:\/\/www.facebook.com\/ipe.instituto.pesquisas.ecologicas\",\"https:\/\/x.com\/InstitutoIPE\",\"https:\/\/www.instagram.com\/institutoipe\/\",\"https:\/\/www.linkedin.com\/company\/ip---instituto-de-pesquisas-ecolgicas\",\"https:\/\/www.youtube.com\/channel\/UCxsLeAueuL-eMIJy6qif9_g\/videos\"]}]}<\/script>\n<!-- \/ Yoast SEO plugin. -->","yoast_head_json":{"title":"Projects - IP\u00ca - Instituto de Pesquisas Ecol\u00f3gicas","robots":{"index":"index","follow":"follow","max-snippet":"max-snippet:-1","max-image-preview":"max-image-preview:large","max-video-preview":"max-video-preview:-1"},"canonical":"https:\/\/ipe.org.br\/en\/projects\/","og_locale":"en_US","og_type":"article","og_title":"Projects - IP\u00ca - Instituto de Pesquisas Ecol\u00f3gicas","og_description":"Where we work Mata Atl\u00e2ntica I Amaz\u00f4nia I Pantanal I Cerrado Amaz\u00f4nia We act in Integrated Solutions with society, in the effectiveness of the management of Conservation Units and in partnerships. LIRA &#8211; Integrated Legacy of the Amazon Region: focuses on increasing effectiveness in protected area management, with intensified integrated and networked work. MPB &#8211; ... Read more","og_url":"https:\/\/ipe.org.br\/en\/projects\/","og_site_name":"IP\u00ca - Instituto de Pesquisas Ecol\u00f3gicas","article_publisher":"https:\/\/www.facebook.com\/ipe.instituto.pesquisas.ecologicas","article_modified_time":"2023-04-19T12:10:19+00:00","og_image":[{"url":"https:\/\/ipe.org.br\/images\/projetos\/Projeto_Mapa_IPE_2022.png"}],"twitter_card":"summary_large_image","twitter_site":"@InstitutoIPE","twitter_misc":{"Est. reading time":"3 minutes"},"schema":{"@context":"https:\/\/schema.org","@graph":[{"@type":"WebPage","@id":"https:\/\/ipe.org.br\/en\/projects\/","url":"https:\/\/ipe.org.br\/en\/projects\/","name":"Projects - IP\u00ca - Instituto de Pesquisas Ecol\u00f3gicas","isPartOf":{"@id":"https:\/\/ipe.org.br\/#website"},"primaryImageOfPage":{"@id":"https:\/\/ipe.org.br\/en\/projects\/#primaryimage"},"image":{"@id":"https:\/\/ipe.org.br\/en\/projects\/#primaryimage"},"thumbnailUrl":"https:\/\/ipe.org.br\/images\/projetos\/Projeto_Mapa_IPE_2022.png","datePublished":"2022-12-29T16:34:09+00:00","dateModified":"2023-04-19T12:10:19+00:00","breadcrumb":{"@id":"https:\/\/ipe.org.br\/en\/projects\/#breadcrumb"},"inLanguage":"en-US","potentialAction":[{"@type":"ReadAction","target":["https:\/\/ipe.org.br\/en\/projects\/"]}]},{"@type":"ImageObject","inLanguage":"en-US","@id":"https:\/\/ipe.org.br\/en\/projects\/#primaryimage","url":"https:\/\/ipe.org.br\/images\/projetos\/Projeto_Mapa_IPE_2022.png","contentUrl":"https:\/\/ipe.org.br\/images\/projetos\/Projeto_Mapa_IPE_2022.png"},{"@type":"BreadcrumbList","@id":"https:\/\/ipe.org.br\/en\/projects\/#breadcrumb","itemListElement":[{"@type":"ListItem","position":1,"name":"In\u00edcio","item":"https:\/\/ipe.org.br\/en\/home-2\/"},{"@type":"ListItem","position":2,"name":"Projects"}]},{"@type":"WebSite","@id":"https:\/\/ipe.org.br\/#website","url":"https:\/\/ipe.org.br\/","name":"IP\u00ca - Instituto de Pesquisas Ecol\u00f3gicas","description":"Pesquisa, Educa\u00e7\u00e3o e Neg\u00f3cios Sustent\u00e1veis para a conserva\u00e7\u00e3o da biodiversidade brasileira.","publisher":{"@id":"https:\/\/ipe.org.br\/#organization"},"potentialAction":[{"@type":"SearchAction","target":{"@type":"EntryPoint","urlTemplate":"https:\/\/ipe.org.br\/?s={search_term_string}"},"query-input":"required name=search_term_string"}],"inLanguage":"en-US"},{"@type":"Organization","@id":"https:\/\/ipe.org.br\/#organization","name":"IP\u00ca - Instituto te Pesquisas Ecol\u00f3gicas","alternateName":"IP\u00ca - Instituto te Pesquisas Ecol\u00f3gicas","url":"https:\/\/ipe.org.br\/","logo":{"@type":"ImageObject","inLanguage":"en-US","@id":"https:\/\/ipe.org.br\/#\/schema\/logo\/image\/","url":"https:\/\/ipe.org.br\/images\/2022\/12\/cropped-logo-ipe2.jpg","contentUrl":"https:\/\/ipe.org.br\/images\/2022\/12\/cropped-logo-ipe2.jpg","width":900,"height":900,"caption":"IP\u00ca - Instituto te Pesquisas Ecol\u00f3gicas"},"image":{"@id":"https:\/\/ipe.org.br\/#\/schema\/logo\/image\/"},"sameAs":["https:\/\/www.facebook.com\/ipe.instituto.pesquisas.ecologicas","https:\/\/x.com\/InstitutoIPE","https:\/\/www.instagram.com\/institutoipe\/","https:\/\/www.linkedin.com\/company\/ip---instituto-de-pesquisas-ecolgicas","https:\/\/www.youtube.com\/channel\/UCxsLeAueuL-eMIJy6qif9_g\/videos"]}]}},"_links":{"self":[{"href":"https:\/\/ipe.org.br\/en\/wp-json\/wp\/v2\/pages\/9548","targetHints":{"allow":["GET"]}}],"collection":[{"href":"https:\/\/ipe.org.br\/en\/wp-json\/wp\/v2\/pages"}],"about":[{"href":"https:\/\/ipe.org.br\/en\/wp-json\/wp\/v2\/types\/page"}],"author":[{"embeddable":true,"href":"https:\/\/ipe.org.br\/en\/wp-json\/wp\/v2\/users\/1"}],"replies":[{"embeddable":true,"href":"https:\/\/ipe.org.br\/en\/wp-json\/wp\/v2\/comments?post=9548"}],"version-history":[{"count":0,"href":"https:\/\/ipe.org.br\/en\/wp-json\/wp\/v2\/pages\/9548\/revisions"}],"wp:attachment":[{"href":"https:\/\/ipe.org.br\/en\/wp-json\/wp\/v2\/media?parent=9548"}],"curies":[{"name":"wp","href":"https:\/\/api.w.org\/{rel}","templated":true}]}}