{"id":9472,"date":"2022-12-28T11:21:48","date_gmt":"2022-12-28T14:21:48","guid":{"rendered":"https:\/\/homolog.ipe.org.br\/awards\/"},"modified":"2025-02-17T09:21:43","modified_gmt":"2025-02-17T12:21:43","slug":"awards","status":"publish","type":"page","link":"https:\/\/ipe.org.br\/en\/awards\/","title":{"rendered":"Awards"},"content":{"rendered":"\t\t<div data-elementor-type=\"wp-page\" data-elementor-id=\"9472\" class=\"elementor elementor-9472 elementor-6034\" data-elementor-post-type=\"page\">\n\t\t\t\t\t\t<section class=\"has_ma_el_bg_slider elementor-section elementor-top-section elementor-element elementor-element-838b51b elementor-section-height-min-height elementor-section-boxed elementor-section-height-default elementor-section-items-middle\" data-id=\"838b51b\" data-element_type=\"section\" data-settings=\"{&quot;background_background&quot;:&quot;classic&quot;}\">\n\t\t\t\t\t\t\t<div class=\"elementor-background-overlay\"><\/div>\n\t\t\t\t\t\t\t<div class=\"elementor-container elementor-column-gap-default\">\n\t\t\t\t\t<div class=\"has_ma_el_bg_slider elementor-column elementor-col-100 elementor-top-column elementor-element elementor-element-a551f5d jltma-glass-effect-no\" data-id=\"a551f5d\" data-element_type=\"column\">\n\t\t\t<div class=\"elementor-widget-wrap elementor-element-populated\">\n\t\t\t\t\t\t<div class=\"elementor-element elementor-element-73e172a jltma-glass-effect-no elementor-invisible elementor-widget elementor-widget-heading\" data-id=\"73e172a\" data-element_type=\"widget\" data-settings=\"{&quot;_animation&quot;:&quot;fadeIn&quot;}\" data-widget_type=\"heading.default\">\n\t\t\t\t<div class=\"elementor-widget-container\">\n\t\t\t<h1 class=\"elementor-heading-title elementor-size-default\">Awards<\/h1>\t\t<\/div>\n\t\t\t\t<\/div>\n\t\t\t\t\t<\/div>\n\t\t<\/div>\n\t\t\t\t\t<\/div>\n\t\t<\/section>\n\t\t\t\t<section class=\"has_ma_el_bg_slider elementor-section elementor-top-section elementor-element elementor-element-144dbd1 elementor-section-height-min-height elementor-section-boxed elementor-section-height-default elementor-section-items-middle jltma-glass-effect-no\" data-id=\"144dbd1\" data-element_type=\"section\" data-settings=\"{&quot;background_background&quot;:&quot;classic&quot;}\">\n\t\t\t\t\t\t<div class=\"elementor-container elementor-column-gap-default\">\n\t\t\t\t\t<div class=\"has_ma_el_bg_slider elementor-column elementor-col-100 elementor-top-column elementor-element elementor-element-4bc2e9c jltma-glass-effect-no\" data-id=\"4bc2e9c\" data-element_type=\"column\">\n\t\t\t<div class=\"elementor-widget-wrap elementor-element-populated\">\n\t\t\t\t\t\t<div class=\"elementor-element elementor-element-d08ee7a jltma-glass-effect-no elementor-invisible elementor-widget elementor-widget-text-editor\" data-id=\"d08ee7a\" data-element_type=\"widget\" data-settings=\"{&quot;_animation&quot;:&quot;fadeIn&quot;}\" data-widget_type=\"text-editor.default\">\n\t\t\t\t<div class=\"elementor-widget-container\">\n\t\t\t\t\t\t\t<h2><span class=\"year\"><strong>2025<\/strong><\/span><\/h2><ul><li>Innovation Award from Yale University &#8211; Navegating Entrepreneurial Education in the Amazon Project<\/li><\/ul><h2><span class=\"year\"><strong>2024<\/strong><\/span><\/h2><ul><li><p>Disney Conservation Fund \/ &#8220;11 incredible women making a positive impact on conservation around the world &#8221; &#8211; Gabriela Cabral Rezende<\/p><\/li><li><p>Women of Discovery Award \/ WINGS World Quest &#8211; Patr\u00edcia Medici<\/p><\/li><li><p>Whitley Award &#8211; Fernanda Abra (Projeto Reconecta \u2013 Reconnection Project)<\/p><\/li><\/ul><h2><span class=\"year\"><strong>2023<\/strong><\/span><\/h2><ul><li><p>Whitley Awards 2023 Special Award &#8211; Claudio e Suzana Padua<\/p><\/li><\/ul><h2><span class=\"year\"><strong>2022<\/strong><br \/><\/span><\/h2><ul><li>Future for Nature Awards 2022 &#8211; Gabriel Massocato (Projeto Tatu-Canastra)<\/li><\/ul><h2><span class=\"year\"><strong>2020<\/strong><br \/><\/span><\/h2><ul><li><p>Whitley Gold Award 2020 &#8211; Patr\u00edcia Medici (National Initiative for the Conservation of the Brazilian Tapir)<\/p><\/li><li><p>Whitley Award &#8211; Gabriela Cabral Rezende (Black Lion Tamarin Conservation Program)<\/p><\/li><\/ul><h2><strong><span class=\"year\">2019<\/span><\/strong><\/h2><ul><li>National Geographic Society\/Buffett Award for Leadership in Conservation (Pr\u00eamio National Geographic Society\/Buffett para Lideran\u00e7a em Conserva\u00e7\u00e3o) &#8211; Patr\u00edcia Medici.<\/li><li>Pr\u00eamio Muriqui 2019, na categoria Pessoa Jur\u00eddica \/ Reserva da Biosfera da Mata Atl\u00e2ntica<\/li><li>Trof\u00e9u Celino Rodrigues<\/li><li>UBS Global Visionaris (Suzana Padua)<\/li><\/ul><h2><strong><span class=\"year\">2018<\/span><\/strong><\/h2><ul><li><div class=\"entry\">Lifetime Achievement Award 2018 (Suzana M. Padua)<\/div><\/li><li><div class=\"entry\">AZA&#8217;s William G. Conway International Conservation Significant Achievement Award (Patr\u00edcia Medici)<\/div><\/li><\/ul><h2><strong><span class=\"year\">2017<\/span><\/strong><\/h2><ul><li>Melhores ONGs para se doar &#8211; Revista \u00c9poca e Instituto Doar<\/li><li>Excel\u00eancia em Restaura\u00e7\u00e3o Florestal, da Sociedade Internacional de Restaura\u00e7\u00e3o Ecol\u00f3gica (SER)<\/li><li>Pr\u00eamio Visionaris &#8211; UBS ao Empreendedor Social (Suzana M. Padua)<\/li><\/ul><h2><strong><span class=\"year\">2016<\/span><\/strong><\/h2><div id=\"timewrap\"><div class=\"timeline\"><ul><li>&#8220;Guerreiro da Vida Selvagem&#8221; (Houston Zoo, EUA)<\/li><li><div class=\"entry\">Wildlife Conservation (Cincinnati Zoo &amp; Botanical Garden)<\/div><\/li><li><div class=\"entry\">Margot Marsh de Excel\u00eancia na Conserva\u00e7\u00e3o de Primatas (The Margot Marsh Award for Excellence in Primate Conservation<\/div><\/li><\/ul><h2 class=\"entry\"><strong><span class=\"year\">2015<\/span><\/strong><\/h2><ul><li><div class=\"entry\">Pr\u00eamio Nacional de Biodiversidade &#8211; Programa de Conserva\u00e7\u00e3o Mico-Le\u00e3o-Preto<\/div><\/li><li><div class=\"entry\">Pr\u00eamio Lide de Meio Ambiente &#8211; categoria Educa\u00e7\u00e3o Ambiental<\/div><\/li><li><div class=\"entry\">Continuation Funding Awards &#8211; Whtitley Fund for Nature (WFN)<\/div><\/li><li><div class=\"entry\"><span style=\"font-size: inherit;\">Whitley Award<\/span><\/div><\/li><\/ul><div class=\"entry\"><h2><strong>2014<\/strong><\/h2><\/div><ul><li><div class=\"entry\">Pr\u00eamio Continuation Fund Awards &#8211; Whitley Fund for Nature (WFN)<\/div><\/li><li><div class=\"entry\"><span style=\"font-size: inherit;\">Pr\u00eamio Melhores Projetos para o Desenvolvimento e Mobiliza\u00e7\u00e3o da Sociedade &#8211; XII Di\u00e1logo Interbacias de Educa\u00e7\u00e3o Ambiental em Recursos H\u00eddricos<\/span><\/div><\/li><\/ul><div class=\"entry\"><h2><strong><span class=\"year\">2013<\/span><\/strong><\/h2><\/div><ul><li><div class=\"entry\">Pr\u00eamio Melhores Pr\u00e1ticas (XI Di\u00e1logo Interbacias)<\/div><\/li><li><div class=\"entry\">Pr\u00eamio Melhores Pr\u00e1ticas em Gest\u00e3o Local da CAIXA (regi\u00e3o Norte)<\/div><\/li><\/ul><h2 class=\"entry\"><strong><span class=\"year\">2012<\/span><\/strong><\/h2><div class=\"entry\"><ul><li>Pr\u00eamio Greenbest 2012 (Greenvana) &#8211; Escolha da Academia<\/li><\/ul><\/div><h2><strong><span class=\"year\">2010<\/span><\/strong><\/h2><ul><li><div class=\"entry\"><p>Pr\u00eamio Empreendedor Social Am\u00e9rica-Latina<\/p><\/div><\/li><\/ul><h2><strong><span class=\"year\">2009<\/span><\/strong><\/h2><ul><li><div class=\"entry\">Pr\u00eamio Empreendedor Social (Brasil)<\/div><\/li><li><div class=\"entry\"><span style=\"font-size: inherit;\">Pr\u00eamio Ford de Conserva\u00e7\u00e3o Ambiental<\/span><\/div><\/li><\/ul><h2><strong><span class=\"year\">2008<\/span><\/strong><\/h2><ul><li><div class=\"entry\">Golden Ark Award<\/div><\/li><li><div class=\"entry\"><span style=\"font-size: inherit;\">Whitley Award<\/span><\/div><\/li><\/ul><h2><strong><span class=\"year\">2007<\/span><\/strong><\/h2><ul><li><div class=\"entry\"><p>X Pr\u00eamio Cidadania Mundial<\/p><\/div><\/li><\/ul><h2><strong><span class=\"year\">2006<\/span><\/strong><\/h2><ul><li><div class=\"entry\"><p>XI Pr\u00eamio Ford Motor Company de Conserva\u00e7\u00e3o Ambiental<\/p><\/div><\/li><\/ul><h2><strong><span class=\"year\">2005<\/span><\/strong><\/h2><ul><li><div class=\"entry\">Pr\u00eamio As mulheres mais influentes do Brasil &#8211; Categoria Ecologia &#8211; Revista Forbes<\/div><\/li><li><div class=\"entry\">Pr\u00eamio Tecnologia Social Funda\u00e7\u00e3o Banco do Brasil<\/div><\/li><li><div class=\"entry\"><p>Pr\u00eamio Ambiental Von Martius<\/p><\/div><\/li><\/ul><h2><strong><span class=\"year\">2004<\/span><\/strong><\/h2><ul><li><div class=\"entry\">Pr\u00eamio Especial SuperEcologia 2004 da revista Superinteressantes<\/div><\/li><li><div class=\"entry\">Pr\u00eamio A Marca Voc\u00ea S.A. 2004, da revista Voc\u00ea S.A<\/div><\/li><li><div class=\"entry\"><p>The Rolex Awards Enterprise 2004<\/p><\/div><\/li><\/ul><h2><strong><span class=\"year\">2003<\/span><\/strong><\/h2><ul><li><div class=\"entry\">Pr\u00eamio Bem Eficiente, da Kanitz &amp; Associados &#8211; As 50 entidades mais bem administradas do Brasil<\/div><\/li><li><div class=\"entry\"><p>Pr\u00eamio Ambiental de 2003 da Conde Nast Traveler<\/p><\/div><\/li><\/ul><h2><strong><span class=\"year\">2002<\/span><\/strong><\/h2><ul><li><div class=\"entry\">Rausing Continuation Award<\/div><\/li><li><div class=\"entry\">Whitley Gold Award<\/div><\/li><li><div class=\"entry\">Finalista do Pr\u00eamio Mulher do Ano &#8211; Revista Claudia<\/div><\/li><li><div class=\"entry\"><p>Finalista do Pr\u00eamio Empreendedor Social &#8211; Ashoka\/Mckinsey<\/p><\/div><\/li><\/ul><h2><strong><span class=\"year\">2000<\/span><\/strong><\/h2><ul><li><div class=\"entry\">Pr\u00eamio Wildlife Preservation Trust International de Conserva\u00e7\u00e3o da Natureza<\/div><\/li><li><div class=\"entry\"><p>Pr\u00eamio Melhor ONG do Ano, da Society for Conservation Biology<\/p><\/div><\/li><\/ul><h2><strong><span class=\"year\">1999<\/span><\/strong><\/h2><ul><li><div class=\"entry\">Pr\u00eamio Destaque em Meio Ambiente da Sociedade Soroptimist International<\/div><\/li><li><div class=\"entry\"><p>Whitley Continuation Award da Royal Geographic Society, de Londres<\/p><\/div><\/li><\/ul><h2><strong><span class=\"year\">1998<\/span><\/strong><\/h2><ul><li><div class=\"entry\"><p>Pr\u00eamio Henry Ford de Conserva\u00e7\u00e3o da Natureza, da Ford do Brasil e Conservation International<\/p><\/div><\/li><\/ul><h2><strong><span class=\"year\">1993<\/span><\/strong><\/h2><ul><li><div class=\"entry\">Pr\u00eamio de Realiza\u00e7\u00f5es da University of Florida (USA)<\/div><\/li><\/ul><\/div><\/div>\t\t\t\t\t\t<\/div>\n\t\t\t\t<\/div>\n\t\t\t\t\t<\/div>\n\t\t<\/div>\n\t\t\t\t\t<\/div>\n\t\t<\/section>\n\t\t\t\t<\/div>\n\t\t","protected":false},"excerpt":{"rendered":"<p>Awards 2025 Innovation Award from Yale University &#8211; Navegating Entrepreneurial Education in the Amazon Project 2024 Disney Conservation Fund \/ &#8220;11 incredible women making a positive impact on conservation around the world &#8221; &#8211; Gabriela Cabral Rezende Women of Discovery Award \/ WINGS World Quest &#8211; Patr\u00edcia Medici Whitley Award &#8211; Fernanda Abra (Projeto Reconecta &#8230; <a title=\"Awards\" class=\"read-more\" href=\"https:\/\/ipe.org.br\/en\/awards\/\" aria-label=\"Read more about Awards\">Read more<\/a><\/p>\n","protected":false},"author":1,"featured_media":0,"parent":0,"menu_order":0,"comment_status":"closed","ping_status":"closed","template":"elementor_header_footer","meta":{"_acf_changed":false,"footnotes":""},"class_list":["post-9472","page","type-page","status-publish"],"acf":[],"yoast_head":"<!-- This site is optimized with the Yoast SEO plugin v23.0 - https:\/\/yoast.com\/wordpress\/plugins\/seo\/ -->\n<title>Awards - IP\u00ca - Instituto de Pesquisas Ecol\u00f3gicas<\/title>\n<meta name=\"robots\" content=\"index, follow, max-snippet:-1, max-image-preview:large, max-video-preview:-1\" \/>\n<link rel=\"canonical\" href=\"https:\/\/ipe.org.br\/en\/awards\/\" \/>\n<meta property=\"og:locale\" content=\"en_US\" \/>\n<meta property=\"og:type\" content=\"article\" \/>\n<meta property=\"og:title\" content=\"Awards - IP\u00ca - Instituto de Pesquisas Ecol\u00f3gicas\" \/>\n<meta property=\"og:description\" content=\"Awards 2025 Innovation Award from Yale University &#8211; Navegating Entrepreneurial Education in the Amazon Project 2024 Disney Conservation Fund \/ &#8220;11 incredible women making a positive impact on conservation around the world &#8221; &#8211; Gabriela Cabral Rezende Women of Discovery Award \/ WINGS World Quest &#8211; Patr\u00edcia Medici Whitley Award &#8211; Fernanda Abra (Projeto Reconecta ... Read more\" \/>\n<meta property=\"og:url\" content=\"https:\/\/ipe.org.br\/en\/awards\/\" \/>\n<meta property=\"og:site_name\" content=\"IP\u00ca - Instituto de Pesquisas Ecol\u00f3gicas\" \/>\n<meta property=\"article:publisher\" content=\"https:\/\/www.facebook.com\/ipe.instituto.pesquisas.ecologicas\" \/>\n<meta property=\"article:modified_time\" content=\"2025-02-17T12:21:43+00:00\" \/>\n<meta property=\"og:image\" content=\"https:\/\/ipe.org.br\/images\/2022\/12\/cropped-logo-ipe2.jpg\" \/>\n\t<meta property=\"og:image:width\" content=\"900\" \/>\n\t<meta property=\"og:image:height\" content=\"900\" \/>\n\t<meta property=\"og:image:type\" content=\"image\/jpeg\" \/>\n<meta name=\"twitter:card\" content=\"summary_large_image\" \/>\n<meta name=\"twitter:site\" content=\"@InstitutoIPE\" \/>\n<meta name=\"twitter:label1\" content=\"Est. reading time\" \/>\n\t<meta name=\"twitter:data1\" content=\"3 minutes\" \/>\n<script type=\"application\/ld+json\" class=\"yoast-schema-graph\">{\"@context\":\"https:\/\/schema.org\",\"@graph\":[{\"@type\":\"WebPage\",\"@id\":\"https:\/\/ipe.org.br\/en\/awards\/\",\"url\":\"https:\/\/ipe.org.br\/en\/awards\/\",\"name\":\"Awards - IP\u00ca - Instituto de Pesquisas Ecol\u00f3gicas\",\"isPartOf\":{\"@id\":\"https:\/\/ipe.org.br\/#website\"},\"datePublished\":\"2022-12-28T14:21:48+00:00\",\"dateModified\":\"2025-02-17T12:21:43+00:00\",\"breadcrumb\":{\"@id\":\"https:\/\/ipe.org.br\/en\/awards\/#breadcrumb\"},\"inLanguage\":\"en-US\",\"potentialAction\":[{\"@type\":\"ReadAction\",\"target\":[\"https:\/\/ipe.org.br\/en\/awards\/\"]}]},{\"@type\":\"BreadcrumbList\",\"@id\":\"https:\/\/ipe.org.br\/en\/awards\/#breadcrumb\",\"itemListElement\":[{\"@type\":\"ListItem\",\"position\":1,\"name\":\"In\u00edcio\",\"item\":\"https:\/\/ipe.org.br\/en\/home-2\/\"},{\"@type\":\"ListItem\",\"position\":2,\"name\":\"Awards\"}]},{\"@type\":\"WebSite\",\"@id\":\"https:\/\/ipe.org.br\/#website\",\"url\":\"https:\/\/ipe.org.br\/\",\"name\":\"IP\u00ca - Instituto de Pesquisas Ecol\u00f3gicas\",\"description\":\"Pesquisa, Educa\u00e7\u00e3o e Neg\u00f3cios Sustent\u00e1veis para a conserva\u00e7\u00e3o da biodiversidade brasileira.\",\"publisher\":{\"@id\":\"https:\/\/ipe.org.br\/#organization\"},\"potentialAction\":[{\"@type\":\"SearchAction\",\"target\":{\"@type\":\"EntryPoint\",\"urlTemplate\":\"https:\/\/ipe.org.br\/?s={search_term_string}\"},\"query-input\":\"required name=search_term_string\"}],\"inLanguage\":\"en-US\"},{\"@type\":\"Organization\",\"@id\":\"https:\/\/ipe.org.br\/#organization\",\"name\":\"IP\u00ca - Instituto te Pesquisas Ecol\u00f3gicas\",\"alternateName\":\"IP\u00ca - Instituto te Pesquisas Ecol\u00f3gicas\",\"url\":\"https:\/\/ipe.org.br\/\",\"logo\":{\"@type\":\"ImageObject\",\"inLanguage\":\"en-US\",\"@id\":\"https:\/\/ipe.org.br\/#\/schema\/logo\/image\/\",\"url\":\"https:\/\/ipe.org.br\/images\/2022\/12\/cropped-logo-ipe2.jpg\",\"contentUrl\":\"https:\/\/ipe.org.br\/images\/2022\/12\/cropped-logo-ipe2.jpg\",\"width\":900,\"height\":900,\"caption\":\"IP\u00ca - Instituto te Pesquisas Ecol\u00f3gicas\"},\"image\":{\"@id\":\"https:\/\/ipe.org.br\/#\/schema\/logo\/image\/\"},\"sameAs\":[\"https:\/\/www.facebook.com\/ipe.instituto.pesquisas.ecologicas\",\"https:\/\/x.com\/InstitutoIPE\",\"https:\/\/www.instagram.com\/institutoipe\/\",\"https:\/\/www.linkedin.com\/company\/ip---instituto-de-pesquisas-ecolgicas\",\"https:\/\/www.youtube.com\/channel\/UCxsLeAueuL-eMIJy6qif9_g\/videos\"]}]}<\/script>\n<!-- \/ Yoast SEO plugin. -->","yoast_head_json":{"title":"Awards - IP\u00ca - Instituto de Pesquisas Ecol\u00f3gicas","robots":{"index":"index","follow":"follow","max-snippet":"max-snippet:-1","max-image-preview":"max-image-preview:large","max-video-preview":"max-video-preview:-1"},"canonical":"https:\/\/ipe.org.br\/en\/awards\/","og_locale":"en_US","og_type":"article","og_title":"Awards - IP\u00ca - Instituto de Pesquisas Ecol\u00f3gicas","og_description":"Awards 2025 Innovation Award from Yale University &#8211; Navegating Entrepreneurial Education in the Amazon Project 2024 Disney Conservation Fund \/ &#8220;11 incredible women making a positive impact on conservation around the world &#8221; &#8211; Gabriela Cabral Rezende Women of Discovery Award \/ WINGS World Quest &#8211; Patr\u00edcia Medici Whitley Award &#8211; Fernanda Abra (Projeto Reconecta ... Read more","og_url":"https:\/\/ipe.org.br\/en\/awards\/","og_site_name":"IP\u00ca - Instituto de Pesquisas Ecol\u00f3gicas","article_publisher":"https:\/\/www.facebook.com\/ipe.instituto.pesquisas.ecologicas","article_modified_time":"2025-02-17T12:21:43+00:00","og_image":[{"width":900,"height":900,"url":"https:\/\/ipe.org.br\/images\/2022\/12\/cropped-logo-ipe2.jpg","type":"image\/jpeg"}],"twitter_card":"summary_large_image","twitter_site":"@InstitutoIPE","twitter_misc":{"Est. reading time":"3 minutes"},"schema":{"@context":"https:\/\/schema.org","@graph":[{"@type":"WebPage","@id":"https:\/\/ipe.org.br\/en\/awards\/","url":"https:\/\/ipe.org.br\/en\/awards\/","name":"Awards - IP\u00ca - Instituto de Pesquisas Ecol\u00f3gicas","isPartOf":{"@id":"https:\/\/ipe.org.br\/#website"},"datePublished":"2022-12-28T14:21:48+00:00","dateModified":"2025-02-17T12:21:43+00:00","breadcrumb":{"@id":"https:\/\/ipe.org.br\/en\/awards\/#breadcrumb"},"inLanguage":"en-US","potentialAction":[{"@type":"ReadAction","target":["https:\/\/ipe.org.br\/en\/awards\/"]}]},{"@type":"BreadcrumbList","@id":"https:\/\/ipe.org.br\/en\/awards\/#breadcrumb","itemListElement":[{"@type":"ListItem","position":1,"name":"In\u00edcio","item":"https:\/\/ipe.org.br\/en\/home-2\/"},{"@type":"ListItem","position":2,"name":"Awards"}]},{"@type":"WebSite","@id":"https:\/\/ipe.org.br\/#website","url":"https:\/\/ipe.org.br\/","name":"IP\u00ca - Instituto de Pesquisas Ecol\u00f3gicas","description":"Pesquisa, Educa\u00e7\u00e3o e Neg\u00f3cios Sustent\u00e1veis para a conserva\u00e7\u00e3o da biodiversidade brasileira.","publisher":{"@id":"https:\/\/ipe.org.br\/#organization"},"potentialAction":[{"@type":"SearchAction","target":{"@type":"EntryPoint","urlTemplate":"https:\/\/ipe.org.br\/?s={search_term_string}"},"query-input":"required name=search_term_string"}],"inLanguage":"en-US"},{"@type":"Organization","@id":"https:\/\/ipe.org.br\/#organization","name":"IP\u00ca - Instituto te Pesquisas Ecol\u00f3gicas","alternateName":"IP\u00ca - Instituto te Pesquisas Ecol\u00f3gicas","url":"https:\/\/ipe.org.br\/","logo":{"@type":"ImageObject","inLanguage":"en-US","@id":"https:\/\/ipe.org.br\/#\/schema\/logo\/image\/","url":"https:\/\/ipe.org.br\/images\/2022\/12\/cropped-logo-ipe2.jpg","contentUrl":"https:\/\/ipe.org.br\/images\/2022\/12\/cropped-logo-ipe2.jpg","width":900,"height":900,"caption":"IP\u00ca - Instituto te Pesquisas Ecol\u00f3gicas"},"image":{"@id":"https:\/\/ipe.org.br\/#\/schema\/logo\/image\/"},"sameAs":["https:\/\/www.facebook.com\/ipe.instituto.pesquisas.ecologicas","https:\/\/x.com\/InstitutoIPE","https:\/\/www.instagram.com\/institutoipe\/","https:\/\/www.linkedin.com\/company\/ip---instituto-de-pesquisas-ecolgicas","https:\/\/www.youtube.com\/channel\/UCxsLeAueuL-eMIJy6qif9_g\/videos"]}]}},"_links":{"self":[{"href":"https:\/\/ipe.org.br\/en\/wp-json\/wp\/v2\/pages\/9472","targetHints":{"allow":["GET"]}}],"collection":[{"href":"https:\/\/ipe.org.br\/en\/wp-json\/wp\/v2\/pages"}],"about":[{"href":"https:\/\/ipe.org.br\/en\/wp-json\/wp\/v2\/types\/page"}],"author":[{"embeddable":true,"href":"https:\/\/ipe.org.br\/en\/wp-json\/wp\/v2\/users\/1"}],"replies":[{"embeddable":true,"href":"https:\/\/ipe.org.br\/en\/wp-json\/wp\/v2\/comments?post=9472"}],"version-history":[{"count":12,"href":"https:\/\/ipe.org.br\/en\/wp-json\/wp\/v2\/pages\/9472\/revisions"}],"predecessor-version":[{"id":17707,"href":"https:\/\/ipe.org.br\/en\/wp-json\/wp\/v2\/pages\/9472\/revisions\/17707"}],"wp:attachment":[{"href":"https:\/\/ipe.org.br\/en\/wp-json\/wp\/v2\/media?parent=9472"}],"curies":[{"name":"wp","href":"https:\/\/api.w.org\/{rel}","templated":true}]}}