{"id":9459,"date":"2022-12-28T11:02:09","date_gmt":"2022-12-28T14:02:09","guid":{"rendered":"https:\/\/homolog.ipe.org.br\/estrategias\/"},"modified":"2023-04-18T17:27:38","modified_gmt":"2023-04-18T20:27:38","slug":"estrategias","status":"publish","type":"page","link":"https:\/\/ipe.org.br\/en\/estrategias\/","title":{"rendered":"Strategies"},"content":{"rendered":"\t\t<div data-elementor-type=\"wp-page\" data-elementor-id=\"9459\" class=\"elementor elementor-9459 elementor-6007\" data-elementor-post-type=\"page\">\n\t\t\t\t\t\t<section class=\"has_ma_el_bg_slider elementor-section elementor-top-section elementor-element elementor-element-838b51b elementor-section-height-min-height elementor-section-boxed elementor-section-height-default elementor-section-items-middle\" data-id=\"838b51b\" data-element_type=\"section\" data-settings=\"{&quot;background_background&quot;:&quot;classic&quot;}\">\n\t\t\t\t\t\t\t<div class=\"elementor-background-overlay\"><\/div>\n\t\t\t\t\t\t\t<div class=\"elementor-container elementor-column-gap-default\">\n\t\t\t\t\t<div class=\"has_ma_el_bg_slider elementor-column elementor-col-100 elementor-top-column elementor-element elementor-element-a551f5d jltma-glass-effect-no\" data-id=\"a551f5d\" data-element_type=\"column\">\n\t\t\t<div class=\"elementor-widget-wrap elementor-element-populated\">\n\t\t\t\t\t\t<div class=\"elementor-element elementor-element-73e172a jltma-glass-effect-no elementor-invisible elementor-widget elementor-widget-heading\" data-id=\"73e172a\" data-element_type=\"widget\" data-settings=\"{&quot;_animation&quot;:&quot;fadeIn&quot;}\" data-widget_type=\"heading.default\">\n\t\t\t\t<div class=\"elementor-widget-container\">\n\t\t\t<h1 class=\"elementor-heading-title elementor-size-default\">Strategies<\/h1>\t\t<\/div>\n\t\t\t\t<\/div>\n\t\t\t\t\t<\/div>\n\t\t<\/div>\n\t\t\t\t\t<\/div>\n\t\t<\/section>\n\t\t\t\t<section class=\"has_ma_el_bg_slider elementor-section elementor-top-section elementor-element elementor-element-144dbd1 elementor-section-height-min-height elementor-section-boxed elementor-section-height-default elementor-section-items-middle jltma-glass-effect-no\" data-id=\"144dbd1\" data-element_type=\"section\" data-settings=\"{&quot;background_background&quot;:&quot;classic&quot;}\">\n\t\t\t\t\t\t<div class=\"elementor-container elementor-column-gap-default\">\n\t\t\t\t\t<div class=\"has_ma_el_bg_slider elementor-column elementor-col-100 elementor-top-column elementor-element elementor-element-4bc2e9c jltma-glass-effect-no\" data-id=\"4bc2e9c\" data-element_type=\"column\">\n\t\t\t<div class=\"elementor-widget-wrap elementor-element-populated\">\n\t\t\t\t\t\t<div class=\"elementor-element elementor-element-d08ee7a elementor-widget__width-initial jltma-glass-effect-no elementor-invisible elementor-widget elementor-widget-text-editor\" data-id=\"d08ee7a\" data-element_type=\"widget\" data-settings=\"{&quot;_animation&quot;:&quot;fadeIn&quot;}\" data-widget_type=\"text-editor.default\">\n\t\t\t\t<div class=\"elementor-widget-container\">\n\t\t\t\t\t\t\t<p><strong>Integrated Model for Conservation and Sustainable Development<\/strong><\/p><p><span style=\"color: #333333; font-family: 'Open Sans', serif; font-size: 16px;\">IP\u00ca initiatives have shown that participative education can integrate diverse and complex segments of society. Thus, the output of our research can be effective for conservation and sustainable development.<\/span><\/p><p style=\"margin-bottom: 10px; color: #333333; font-family: 'Open Sans', serif; font-size: 16px;\">As far back as twenty years ago, when studies with the black-lion tamarins began in the Pontal do Paranapanema, researchers were convinced that biological knowledge of these animals would save them from extinction. With the evolution of the project, however, it became clear that it would also need to integrate the remnants of local biodiversity with the human inhabitants of the region.<\/p><p style=\"margin-bottom: 10px; color: #333333; font-family: 'Open Sans', serif; font-size: 16px;\">Subsequent research has shown that this objective will be reached only through the conservation of the remaining habitat in the Pontal. Based on the biological aspects already examined there is a need to involve decision makers in the region in the process of integrating conservation and sustainable development.<\/p><p style=\"margin-bottom: 10px; color: #333333; font-family: 'Open Sans', serif; font-size: 16px;\">This involvement has been achieved using participative mechanisms of discussion that include common challenges, adaptive management, constant monitoring, landscape planning and public policies.<\/p><p style=\"margin-bottom: 10px; color: #333333; font-family: 'Open Sans', serif; font-size: 16px;\">As a result, an efficient model was created in the Pontal that benefits not only humans but other forms of life. Its success relies on continuous, long-term involvement. This has been used, with slight modifications, in all regions where IP\u00ca works.<\/p>\t\t\t\t\t\t<\/div>\n\t\t\t\t<\/div>\n\t\t\t\t<div class=\"elementor-element elementor-element-c63df71 jltma-glass-effect-no elementor-widget elementor-widget-image\" data-id=\"c63df71\" data-element_type=\"widget\" data-widget_type=\"image.default\">\n\t\t\t\t<div class=\"elementor-widget-container\">\n\t\t\t\t\t\t\t\t\t\t\t\t\t<img fetchpriority=\"high\" decoding=\"async\" width=\"350\" height=\"253\" src=\"https:\/\/ipe.org.br\/images\/2016\/10\/grafico-estrategias.gif\" class=\"attachment-large size-large wp-image-2407\" alt=\"\" \/>\t\t\t\t\t\t\t\t\t\t\t\t\t<\/div>\n\t\t\t\t<\/div>\n\t\t\t\t<div class=\"elementor-element elementor-element-d6bbde5 jltma-glass-effect-no elementor-invisible elementor-widget elementor-widget-text-editor\" data-id=\"d6bbde5\" data-element_type=\"widget\" data-settings=\"{&quot;_animation&quot;:&quot;fadeIn&quot;}\" data-widget_type=\"text-editor.default\">\n\t\t\t\t<div class=\"elementor-widget-container\">\n\t\t\t\t\t\t\t<p>I<span style=\"color: #333333; font-family: 'Open Sans', serif; font-size: 16px;\">P\u00ca understands environmental education as a path that embraces the desire for a more balanced and ethical world and respects and celebrates human and other life. The foundation for this is a combination of knowledge, values, sensitivities, and training, one strong enough to motivate the interaction and effective participation of humans with their neighbors and surroundings.<\/span><\/p><p style=\"margin-bottom: 10px; color: #333333; font-family: 'Open Sans', serif; font-size: 16px;\">By reflecting on values, everyone can perceive their unique essence and responsibility toward the collective, thereby promoting a sense of care for the planet. Questioning, reflecting, contesting or consciously accepting certain questions can be the key to thinking in global dimensions when this process stimulates actions pertinent to the local context. When an individual realizes that he or she is part of a world that is large and full of socio-environmental riches, they perceive themselves as a critical element in the web of life. This vision contributes to increased self-esteem, which is indispensible in the fight for larger ideas that strengthen a commitment for respect of the Earth. It therefore incorporates a new ethic based on a more harmonic world, where all beings are respected and taken into consideration.<br \/>Each year, approximately ten thousand persons participate directly or indirectly in participative IP\u00ca environmental education projects. These initiatives are centered on threatened species such as the black lion tamarin, the black-faced lion tamarin and the red-tailed Amazon parrot and their habitat. This turns them into a focus of pride for local communities, which adopt them as symbols of their respective regions. This dynamic facilitates the connection between conservation, humans and other life. As part of this process, many threatened species become themes for artisan products created by those living near protected areas and that participate in sustainable income alternatives sponsored by IP\u00ca. These include natural loofahs, shirts and T-shirts with representations of threatened animals. Their sale guarantees increased incomes for communities and increased valuing of the natural environment.<\/p><p style=\"margin-bottom: 10px; color: #333333; font-family: 'Open Sans', serif; font-size: 16px;\">In addition to working with endemic and often threatened species, IP\u00ca\u2019s environmental education focuses on habitats, which offers endless educational possibilities. Natural areas are ideal environments, where learning can be achieved through direct experimentation. Participants can use all their senses, process emotions and sensations, and at the same time increase their knowledge of nature. This combination can elicit new values, including the protection of nature.<\/p><p style=\"margin-bottom: 10px; color: #333333; font-family: 'Open Sans', serif; font-size: 16px;\">The focus on participative environmental education follows a non-linear format, as some stages can be expedited, whist are slowed. There is also no control on the process, since everyone can and should participate in its construction.<\/p><p style=\"margin-bottom: 10px; color: #333333; font-family: 'Open Sans', serif; font-size: 16px;\">Our focus addresses humans holistically, including rational and structured sides, but also intuition and sensitivity. The participative model is described in the table below. The process is bottom-up; it is similar to a construction project that, from its foundation, relies on participation as a fundamental element.<\/p>\t\t\t\t\t\t<\/div>\n\t\t\t\t<\/div>\n\t\t\t\t<div class=\"elementor-element elementor-element-21fa1a5 jltma-glass-effect-no elementor-widget elementor-widget-image\" data-id=\"21fa1a5\" data-element_type=\"widget\" data-widget_type=\"image.default\">\n\t\t\t\t<div class=\"elementor-widget-container\">\n\t\t\t\t\t\t\t\t\t\t\t\t\t<img decoding=\"async\" width=\"747\" height=\"478\" src=\"https:\/\/ipe.org.br\/images\/2016\/10\/tabela-estrategias.png\" class=\"attachment-large size-large wp-image-2409\" alt=\"\" srcset=\"https:\/\/ipe.org.br\/images\/2016\/10\/tabela-estrategias.png 747w, https:\/\/ipe.org.br\/images\/2016\/10\/tabela-estrategias-300x192.png 300w\" sizes=\"(max-width: 747px) 100vw, 747px\" \/>\t\t\t\t\t\t\t\t\t\t\t\t\t<\/div>\n\t\t\t\t<\/div>\n\t\t\t\t<div class=\"elementor-element elementor-element-62ae525 jltma-glass-effect-no elementor-invisible elementor-widget elementor-widget-text-editor\" data-id=\"62ae525\" data-element_type=\"widget\" data-settings=\"{&quot;_animation&quot;:&quot;fadeIn&quot;}\" data-widget_type=\"text-editor.default\">\n\t\t\t\t<div class=\"elementor-widget-container\">\n\t\t\t\t\t\t\t<p><em>Based on figure published by Padua &amp; Tabanez (1997) and Padua; Tabanez; Souza &amp; Hoefel (1999).<\/em><\/p>\n\t\t\t\t\t\t<\/div>\n\t\t\t\t<\/div>\n\t\t\t\t<div class=\"elementor-element elementor-element-8953796 jltma-glass-effect-no elementor-invisible elementor-widget elementor-widget-text-editor\" data-id=\"8953796\" data-element_type=\"widget\" data-settings=\"{&quot;_animation&quot;:&quot;fadeIn&quot;}\" data-widget_type=\"text-editor.default\">\n\t\t\t\t<div class=\"elementor-widget-container\">\n\t\t\t\t\t\t\t<p>Today, IP\u00ca&#8217;s integrated strategies can be visualized in this diagram.<\/p>\n\t\t\t\t\t\t<\/div>\n\t\t\t\t<\/div>\n\t\t\t\t<div class=\"elementor-element elementor-element-d321fd8 jltma-glass-effect-no elementor-widget elementor-widget-image\" data-id=\"d321fd8\" data-element_type=\"widget\" data-widget_type=\"image.default\">\n\t\t\t\t<div class=\"elementor-widget-container\">\n\t\t\t\t\t\t\t\t\t\t\t\t\t<img decoding=\"async\" width=\"940\" height=\"788\" src=\"https:\/\/ipe.org.br\/images\/2016\/10\/Esquema-IPE-portugues.png\" class=\"attachment-large size-large wp-image-2411\" alt=\"\" srcset=\"https:\/\/ipe.org.br\/images\/2016\/10\/Esquema-IPE-portugues.png 940w, https:\/\/ipe.org.br\/images\/2016\/10\/Esquema-IPE-portugues-300x251.png 300w, https:\/\/ipe.org.br\/images\/2016\/10\/Esquema-IPE-portugues-768x644.png 768w\" sizes=\"(max-width: 940px) 100vw, 940px\" \/>\t\t\t\t\t\t\t\t\t\t\t\t\t<\/div>\n\t\t\t\t<\/div>\n\t\t\t\t<div class=\"elementor-element elementor-element-bf847d7 jltma-glass-effect-no elementor-invisible elementor-widget elementor-widget-text-editor\" data-id=\"bf847d7\" data-element_type=\"widget\" data-settings=\"{&quot;_animation&quot;:&quot;fadeIn&quot;}\" data-widget_type=\"text-editor.default\">\n\t\t\t\t<div class=\"elementor-widget-container\">\n\t\t\t\t\t\t\t<p><span style=\"color: #333333; font-family: 'Open Sans', serif; font-size: 16px;\">The changes that IPE has gone through and the broadness since its foundation can be seen in this graph, which demonstrates the institution&#8217;s fields of action that have been added since its original mission.<\/span><\/p>\t\t\t\t\t\t<\/div>\n\t\t\t\t<\/div>\n\t\t\t\t<div class=\"elementor-element elementor-element-57d70aa jltma-glass-effect-no elementor-widget elementor-widget-image\" data-id=\"57d70aa\" data-element_type=\"widget\" data-widget_type=\"image.default\">\n\t\t\t\t<div class=\"elementor-widget-container\">\n\t\t\t\t\t\t\t\t\t\t\t\t\t<img loading=\"lazy\" decoding=\"async\" width=\"1024\" height=\"724\" src=\"https:\/\/ipe.org.br\/images\/2016\/10\/Performance-framework-1024x724.jpg\" class=\"attachment-large size-large wp-image-2413\" alt=\"\" srcset=\"https:\/\/ipe.org.br\/images\/2016\/10\/Performance-framework-1024x724.jpg 1024w, https:\/\/ipe.org.br\/images\/2016\/10\/Performance-framework-300x212.jpg 300w, https:\/\/ipe.org.br\/images\/2016\/10\/Performance-framework-768x543.jpg 768w, https:\/\/ipe.org.br\/images\/2016\/10\/Performance-framework-1536x1086.jpg 1536w, https:\/\/ipe.org.br\/images\/2016\/10\/Performance-framework-2048x1448.jpg 2048w\" sizes=\"(max-width: 1024px) 100vw, 1024px\" \/>\t\t\t\t\t\t\t\t\t\t\t\t\t<\/div>\n\t\t\t\t<\/div>\n\t\t\t\t\t<\/div>\n\t\t<\/div>\n\t\t\t\t\t<\/div>\n\t\t<\/section>\n\t\t\t\t<\/div>\n\t\t","protected":false},"excerpt":{"rendered":"<p>Modelo Integrado de Conserva\u00e7\u00e3o e Desenvolvimento Sustent\u00e1vel Os trabalhos desenvolvidos pelo IP\u00ca t\u00eam mostrado que com educa\u00e7\u00e3o e participa\u00e7\u00e3o \u00e9 poss\u00edvel integrar diversos segmentos de uma sociedade, mesmo que complexa, e ainda utilizar os resultados de pesquisas em medidas efetivas de conserva\u00e7\u00e3o e desenvolvimento sustent\u00e1vel. H\u00e1 cerca de 20 anos, quando se iniciaram as a\u00e7\u00f5es &#8230; <a title=\"Strategies\" class=\"read-more\" href=\"https:\/\/ipe.org.br\/en\/estrategias\/\" aria-label=\"Read more about Strategies\">Read more<\/a><\/p>\n","protected":false},"author":1,"featured_media":0,"parent":0,"menu_order":0,"comment_status":"closed","ping_status":"closed","template":"elementor_header_footer","meta":{"_acf_changed":false,"footnotes":""},"class_list":["post-9459","page","type-page","status-publish"],"acf":[],"yoast_head":"<!-- This site is optimized with the Yoast SEO plugin v23.0 - https:\/\/yoast.com\/wordpress\/plugins\/seo\/ -->\n<title>Strategies - IP\u00ca - Instituto de Pesquisas Ecol\u00f3gicas<\/title>\n<meta name=\"robots\" content=\"index, follow, max-snippet:-1, max-image-preview:large, max-video-preview:-1\" \/>\n<link rel=\"canonical\" href=\"https:\/\/ipe.org.br\/en\/estrategias\/\" \/>\n<meta property=\"og:locale\" content=\"en_US\" \/>\n<meta property=\"og:type\" content=\"article\" \/>\n<meta property=\"og:title\" content=\"Strategies - IP\u00ca - Instituto de Pesquisas Ecol\u00f3gicas\" \/>\n<meta property=\"og:description\" content=\"Modelo Integrado de Conserva\u00e7\u00e3o e Desenvolvimento Sustent\u00e1vel Os trabalhos desenvolvidos pelo IP\u00ca t\u00eam mostrado que com educa\u00e7\u00e3o e participa\u00e7\u00e3o \u00e9 poss\u00edvel integrar diversos segmentos de uma sociedade, mesmo que complexa, e ainda utilizar os resultados de pesquisas em medidas efetivas de conserva\u00e7\u00e3o e desenvolvimento sustent\u00e1vel. H\u00e1 cerca de 20 anos, quando se iniciaram as a\u00e7\u00f5es ... Read more\" \/>\n<meta property=\"og:url\" content=\"https:\/\/ipe.org.br\/en\/estrategias\/\" \/>\n<meta property=\"og:site_name\" content=\"IP\u00ca - Instituto de Pesquisas Ecol\u00f3gicas\" \/>\n<meta property=\"article:publisher\" content=\"https:\/\/www.facebook.com\/ipe.instituto.pesquisas.ecologicas\" \/>\n<meta property=\"article:modified_time\" content=\"2023-04-18T20:27:38+00:00\" \/>\n<meta property=\"og:image\" content=\"http:\/\/homolog.ipe.org.br\/wp-content\/uploads\/2016\/10\/grafico-estrategias.gif\" \/>\n<meta name=\"twitter:card\" content=\"summary_large_image\" \/>\n<meta name=\"twitter:site\" content=\"@InstitutoIPE\" \/>\n<meta name=\"twitter:label1\" content=\"Est. reading time\" \/>\n\t<meta name=\"twitter:data1\" content=\"5 minutes\" \/>\n<script type=\"application\/ld+json\" class=\"yoast-schema-graph\">{\"@context\":\"https:\/\/schema.org\",\"@graph\":[{\"@type\":\"WebPage\",\"@id\":\"https:\/\/ipe.org.br\/en\/estrategias\/\",\"url\":\"https:\/\/ipe.org.br\/en\/estrategias\/\",\"name\":\"Strategies - IP\u00ca - Instituto de Pesquisas Ecol\u00f3gicas\",\"isPartOf\":{\"@id\":\"https:\/\/ipe.org.br\/#website\"},\"primaryImageOfPage\":{\"@id\":\"https:\/\/ipe.org.br\/en\/estrategias\/#primaryimage\"},\"image\":{\"@id\":\"https:\/\/ipe.org.br\/en\/estrategias\/#primaryimage\"},\"thumbnailUrl\":\"http:\/\/homolog.ipe.org.br\/wp-content\/uploads\/2016\/10\/grafico-estrategias.gif\",\"datePublished\":\"2022-12-28T14:02:09+00:00\",\"dateModified\":\"2023-04-18T20:27:38+00:00\",\"breadcrumb\":{\"@id\":\"https:\/\/ipe.org.br\/en\/estrategias\/#breadcrumb\"},\"inLanguage\":\"en-US\",\"potentialAction\":[{\"@type\":\"ReadAction\",\"target\":[\"https:\/\/ipe.org.br\/en\/estrategias\/\"]}]},{\"@type\":\"ImageObject\",\"inLanguage\":\"en-US\",\"@id\":\"https:\/\/ipe.org.br\/en\/estrategias\/#primaryimage\",\"url\":\"http:\/\/homolog.ipe.org.br\/wp-content\/uploads\/2016\/10\/grafico-estrategias.gif\",\"contentUrl\":\"http:\/\/homolog.ipe.org.br\/wp-content\/uploads\/2016\/10\/grafico-estrategias.gif\"},{\"@type\":\"BreadcrumbList\",\"@id\":\"https:\/\/ipe.org.br\/en\/estrategias\/#breadcrumb\",\"itemListElement\":[{\"@type\":\"ListItem\",\"position\":1,\"name\":\"In\u00edcio\",\"item\":\"https:\/\/ipe.org.br\/en\/home-2\/\"},{\"@type\":\"ListItem\",\"position\":2,\"name\":\"Strategies\"}]},{\"@type\":\"WebSite\",\"@id\":\"https:\/\/ipe.org.br\/#website\",\"url\":\"https:\/\/ipe.org.br\/\",\"name\":\"IP\u00ca - Instituto de Pesquisas Ecol\u00f3gicas\",\"description\":\"Pesquisa, Educa\u00e7\u00e3o e Neg\u00f3cios Sustent\u00e1veis para a conserva\u00e7\u00e3o da biodiversidade brasileira.\",\"publisher\":{\"@id\":\"https:\/\/ipe.org.br\/#organization\"},\"potentialAction\":[{\"@type\":\"SearchAction\",\"target\":{\"@type\":\"EntryPoint\",\"urlTemplate\":\"https:\/\/ipe.org.br\/?s={search_term_string}\"},\"query-input\":\"required name=search_term_string\"}],\"inLanguage\":\"en-US\"},{\"@type\":\"Organization\",\"@id\":\"https:\/\/ipe.org.br\/#organization\",\"name\":\"IP\u00ca - Instituto te Pesquisas Ecol\u00f3gicas\",\"alternateName\":\"IP\u00ca - Instituto te Pesquisas Ecol\u00f3gicas\",\"url\":\"https:\/\/ipe.org.br\/\",\"logo\":{\"@type\":\"ImageObject\",\"inLanguage\":\"en-US\",\"@id\":\"https:\/\/ipe.org.br\/#\/schema\/logo\/image\/\",\"url\":\"https:\/\/ipe.org.br\/images\/2022\/12\/cropped-logo-ipe2.jpg\",\"contentUrl\":\"https:\/\/ipe.org.br\/images\/2022\/12\/cropped-logo-ipe2.jpg\",\"width\":900,\"height\":900,\"caption\":\"IP\u00ca - Instituto te Pesquisas Ecol\u00f3gicas\"},\"image\":{\"@id\":\"https:\/\/ipe.org.br\/#\/schema\/logo\/image\/\"},\"sameAs\":[\"https:\/\/www.facebook.com\/ipe.instituto.pesquisas.ecologicas\",\"https:\/\/x.com\/InstitutoIPE\",\"https:\/\/www.instagram.com\/institutoipe\/\",\"https:\/\/www.linkedin.com\/company\/ip---instituto-de-pesquisas-ecolgicas\",\"https:\/\/www.youtube.com\/channel\/UCxsLeAueuL-eMIJy6qif9_g\/videos\"]}]}<\/script>\n<!-- \/ Yoast SEO plugin. -->","yoast_head_json":{"title":"Strategies - IP\u00ca - Instituto de Pesquisas Ecol\u00f3gicas","robots":{"index":"index","follow":"follow","max-snippet":"max-snippet:-1","max-image-preview":"max-image-preview:large","max-video-preview":"max-video-preview:-1"},"canonical":"https:\/\/ipe.org.br\/en\/estrategias\/","og_locale":"en_US","og_type":"article","og_title":"Strategies - IP\u00ca - Instituto de Pesquisas Ecol\u00f3gicas","og_description":"Modelo Integrado de Conserva\u00e7\u00e3o e Desenvolvimento Sustent\u00e1vel Os trabalhos desenvolvidos pelo IP\u00ca t\u00eam mostrado que com educa\u00e7\u00e3o e participa\u00e7\u00e3o \u00e9 poss\u00edvel integrar diversos segmentos de uma sociedade, mesmo que complexa, e ainda utilizar os resultados de pesquisas em medidas efetivas de conserva\u00e7\u00e3o e desenvolvimento sustent\u00e1vel. H\u00e1 cerca de 20 anos, quando se iniciaram as a\u00e7\u00f5es ... Read more","og_url":"https:\/\/ipe.org.br\/en\/estrategias\/","og_site_name":"IP\u00ca - Instituto de Pesquisas Ecol\u00f3gicas","article_publisher":"https:\/\/www.facebook.com\/ipe.instituto.pesquisas.ecologicas","article_modified_time":"2023-04-18T20:27:38+00:00","og_image":[{"url":"http:\/\/homolog.ipe.org.br\/wp-content\/uploads\/2016\/10\/grafico-estrategias.gif"}],"twitter_card":"summary_large_image","twitter_site":"@InstitutoIPE","twitter_misc":{"Est. reading time":"5 minutes"},"schema":{"@context":"https:\/\/schema.org","@graph":[{"@type":"WebPage","@id":"https:\/\/ipe.org.br\/en\/estrategias\/","url":"https:\/\/ipe.org.br\/en\/estrategias\/","name":"Strategies - IP\u00ca - Instituto de Pesquisas Ecol\u00f3gicas","isPartOf":{"@id":"https:\/\/ipe.org.br\/#website"},"primaryImageOfPage":{"@id":"https:\/\/ipe.org.br\/en\/estrategias\/#primaryimage"},"image":{"@id":"https:\/\/ipe.org.br\/en\/estrategias\/#primaryimage"},"thumbnailUrl":"http:\/\/homolog.ipe.org.br\/wp-content\/uploads\/2016\/10\/grafico-estrategias.gif","datePublished":"2022-12-28T14:02:09+00:00","dateModified":"2023-04-18T20:27:38+00:00","breadcrumb":{"@id":"https:\/\/ipe.org.br\/en\/estrategias\/#breadcrumb"},"inLanguage":"en-US","potentialAction":[{"@type":"ReadAction","target":["https:\/\/ipe.org.br\/en\/estrategias\/"]}]},{"@type":"ImageObject","inLanguage":"en-US","@id":"https:\/\/ipe.org.br\/en\/estrategias\/#primaryimage","url":"http:\/\/homolog.ipe.org.br\/wp-content\/uploads\/2016\/10\/grafico-estrategias.gif","contentUrl":"http:\/\/homolog.ipe.org.br\/wp-content\/uploads\/2016\/10\/grafico-estrategias.gif"},{"@type":"BreadcrumbList","@id":"https:\/\/ipe.org.br\/en\/estrategias\/#breadcrumb","itemListElement":[{"@type":"ListItem","position":1,"name":"In\u00edcio","item":"https:\/\/ipe.org.br\/en\/home-2\/"},{"@type":"ListItem","position":2,"name":"Strategies"}]},{"@type":"WebSite","@id":"https:\/\/ipe.org.br\/#website","url":"https:\/\/ipe.org.br\/","name":"IP\u00ca - Instituto de Pesquisas Ecol\u00f3gicas","description":"Pesquisa, Educa\u00e7\u00e3o e Neg\u00f3cios Sustent\u00e1veis para a conserva\u00e7\u00e3o da biodiversidade brasileira.","publisher":{"@id":"https:\/\/ipe.org.br\/#organization"},"potentialAction":[{"@type":"SearchAction","target":{"@type":"EntryPoint","urlTemplate":"https:\/\/ipe.org.br\/?s={search_term_string}"},"query-input":"required name=search_term_string"}],"inLanguage":"en-US"},{"@type":"Organization","@id":"https:\/\/ipe.org.br\/#organization","name":"IP\u00ca - Instituto te Pesquisas Ecol\u00f3gicas","alternateName":"IP\u00ca - Instituto te Pesquisas Ecol\u00f3gicas","url":"https:\/\/ipe.org.br\/","logo":{"@type":"ImageObject","inLanguage":"en-US","@id":"https:\/\/ipe.org.br\/#\/schema\/logo\/image\/","url":"https:\/\/ipe.org.br\/images\/2022\/12\/cropped-logo-ipe2.jpg","contentUrl":"https:\/\/ipe.org.br\/images\/2022\/12\/cropped-logo-ipe2.jpg","width":900,"height":900,"caption":"IP\u00ca - Instituto te Pesquisas Ecol\u00f3gicas"},"image":{"@id":"https:\/\/ipe.org.br\/#\/schema\/logo\/image\/"},"sameAs":["https:\/\/www.facebook.com\/ipe.instituto.pesquisas.ecologicas","https:\/\/x.com\/InstitutoIPE","https:\/\/www.instagram.com\/institutoipe\/","https:\/\/www.linkedin.com\/company\/ip---instituto-de-pesquisas-ecolgicas","https:\/\/www.youtube.com\/channel\/UCxsLeAueuL-eMIJy6qif9_g\/videos"]}]}},"_links":{"self":[{"href":"https:\/\/ipe.org.br\/en\/wp-json\/wp\/v2\/pages\/9459","targetHints":{"allow":["GET"]}}],"collection":[{"href":"https:\/\/ipe.org.br\/en\/wp-json\/wp\/v2\/pages"}],"about":[{"href":"https:\/\/ipe.org.br\/en\/wp-json\/wp\/v2\/types\/page"}],"author":[{"embeddable":true,"href":"https:\/\/ipe.org.br\/en\/wp-json\/wp\/v2\/users\/1"}],"replies":[{"embeddable":true,"href":"https:\/\/ipe.org.br\/en\/wp-json\/wp\/v2\/comments?post=9459"}],"version-history":[{"count":0,"href":"https:\/\/ipe.org.br\/en\/wp-json\/wp\/v2\/pages\/9459\/revisions"}],"wp:attachment":[{"href":"https:\/\/ipe.org.br\/en\/wp-json\/wp\/v2\/media?parent=9459"}],"curies":[{"name":"wp","href":"https:\/\/api.w.org\/{rel}","templated":true}]}}