{"id":9455,"date":"2022-12-28T10:14:01","date_gmt":"2022-12-28T13:14:01","guid":{"rendered":"https:\/\/homolog.ipe.org.br\/conselho\/"},"modified":"2023-09-26T16:40:56","modified_gmt":"2023-09-26T19:40:56","slug":"conselho","status":"publish","type":"page","link":"https:\/\/ipe.org.br\/en\/conselho\/","title":{"rendered":"Council"},"content":{"rendered":"\t\t<div data-elementor-type=\"wp-page\" data-elementor-id=\"9455\" class=\"elementor elementor-9455 elementor-5920\" data-elementor-post-type=\"page\">\n\t\t\t\t\t\t<section class=\"has_ma_el_bg_slider elementor-section elementor-top-section elementor-element elementor-element-838b51b elementor-section-height-min-height elementor-section-boxed elementor-section-height-default elementor-section-items-middle\" data-id=\"838b51b\" data-element_type=\"section\" data-settings=\"{&quot;background_background&quot;:&quot;classic&quot;}\">\n\t\t\t\t\t\t\t<div class=\"elementor-background-overlay\"><\/div>\n\t\t\t\t\t\t\t<div class=\"elementor-container elementor-column-gap-default\">\n\t\t\t\t\t<div class=\"has_ma_el_bg_slider elementor-column elementor-col-100 elementor-top-column elementor-element elementor-element-a551f5d jltma-glass-effect-no\" data-id=\"a551f5d\" data-element_type=\"column\">\n\t\t\t<div class=\"elementor-widget-wrap elementor-element-populated\">\n\t\t\t\t\t\t<div class=\"elementor-element elementor-element-73e172a jltma-glass-effect-no elementor-invisible elementor-widget elementor-widget-heading\" data-id=\"73e172a\" data-element_type=\"widget\" data-settings=\"{&quot;_animation&quot;:&quot;fadeIn&quot;}\" data-widget_type=\"heading.default\">\n\t\t\t\t<div class=\"elementor-widget-container\">\n\t\t\t<h1 class=\"elementor-heading-title elementor-size-default\">Governance<\/h1>\t\t<\/div>\n\t\t\t\t<\/div>\n\t\t\t\t\t<\/div>\n\t\t<\/div>\n\t\t\t\t\t<\/div>\n\t\t<\/section>\n\t\t\t\t<section class=\"has_ma_el_bg_slider elementor-section elementor-top-section elementor-element elementor-element-144dbd1 elementor-section-height-min-height elementor-section-boxed elementor-section-height-default elementor-section-items-middle jltma-glass-effect-no\" data-id=\"144dbd1\" data-element_type=\"section\" data-settings=\"{&quot;background_background&quot;:&quot;classic&quot;}\">\n\t\t\t\t\t\t<div class=\"elementor-container elementor-column-gap-default\">\n\t\t\t\t\t<div class=\"has_ma_el_bg_slider elementor-column elementor-col-100 elementor-top-column elementor-element elementor-element-4bc2e9c jltma-glass-effect-no\" data-id=\"4bc2e9c\" data-element_type=\"column\">\n\t\t\t<div class=\"elementor-widget-wrap elementor-element-populated\">\n\t\t\t\t\t\t<div class=\"elementor-element elementor-element-d08ee7a jltma-glass-effect-no elementor-invisible elementor-widget elementor-widget-text-editor\" data-id=\"d08ee7a\" data-element_type=\"widget\" data-settings=\"{&quot;_animation&quot;:&quot;fadeIn&quot;}\" data-widget_type=\"text-editor.default\">\n\t\t\t\t<div class=\"elementor-widget-container\">\n\t\t\t\t\t\t\t<h3>CHIEF EXECUTIVE OFFICER<\/h3>\n<p>Suzana Machado Padua, Ph.<\/p>\n<h3>VICE PRESIDENT DIRECTOR<\/h3>\n<p>Graziella Comini, PhD &#8211; Professor and Coordinator &#8211; FEA \/ USP<br><br><\/p><h3 style=\"font-family: &quot;Open Sans&quot;, sans-serif; font-style: normal;\">EXECUTIVE DIRECTOR<\/h3><p>Eduardo Humberto Ditt<\/p>\n<h3>General Assembly<\/h3>\n<p>Alice Penna e Costa &#8211; Cultural Producer and Independent Editor<\/p>\n<p>Ana Maria Laet &#8211; Director of Ana Laet Design<\/p>\n<p>Cristina Gabaglia Penna &#8211; Director of H\u00f3los Consultores Associados<\/p>\n<p>Juscelino Martins &#8211; Chairman of the Board of Directors of Tribanco (Martins Group)<\/p>\n<p>Mary Pearl, Ph.D &#8211; Dean of the Macaulay Honors College (City University of New York)<\/p>\n<h3>Board of Directors<\/h3>\n<p><span data-contrast=\"none\">Carlos Klink, Ph.D &#8211; Professor Universidade de Bras\u00edlia<\/span> <\/p>\n<p><span data-contrast=\"auto\">Claudio Valladares Padua, Ph.D &#8211; Founder of IP\u00ca, Rector of ESCAS-IP\u00ca<\/span> <br><span data-contrast=\"none\"><br>Fabio Scarano, Ph.D &#8211; Professor at the Federal University of Rio de Janeiro<\/span> <br><span data-contrast=\"none\"><br>Sylvia Coutinho &#8211; President, UBS Brazil<\/span><\/p>\n<h3><span data-contrast=\"none\">Fiscal Council<\/span><\/h3>\n<p>Alexandre Alves da Silva &#8211; Consulting Partner at Nexo Escola de Neg\u00f3cios<\/p>\n<p><span data-contrast=\"none\">Gabriel Leal de Barros &#8211; Partner and Chief Economist of Ryo Asset<\/span> <br><span data-contrast=\"none\"><br>Gustavo Wigman &#8211; Founder and CEO of Instituto Vertere<\/span> <\/p>\n<h3><span data-contrast=\"none\">Advisory Board<\/span><\/h3>\n<p><span data-contrast=\"none\">Paulo Lalli &#8211; Executive Coach<\/span> <\/p>\n<p><span data-contrast=\"none\">Maria Cristina Archilla &#8211; Business Administrator and Consultant<\/span> <br><span data-contrast=\"none\"><br>Maria Pereira de Queiroz Brand\u00e3o Teixeira &#8211; Lawyer I Brand\u00e3o Teixeira Sociedade de Advogados<\/span> <br><span data-contrast=\"none\"><br>Viviane Mansi &#8211; <\/span><span data-contrast=\"none\">Director of Communication and Sustainability of <\/span><span data-contrast=\"none\">Toyota<\/span><span data-contrast=\"none\"> for Latin America and the Caribbean<\/span><\/p>\n<h3><br><\/h3>\t\t\t\t\t\t<\/div>\n\t\t\t\t<\/div>\n\t\t\t\t\t<\/div>\n\t\t<\/div>\n\t\t\t\t\t<\/div>\n\t\t<\/section>\n\t\t\t\t<\/div>\n\t\t","protected":false},"excerpt":{"rendered":"<p>Governance CHIEF EXECUTIVE OFFICER Suzana Machado Padua, Ph. VICE PRESIDENT DIRECTOR Graziella Comini, PhD &#8211; Professor and Coordinator &#8211; FEA \/ USP EXECUTIVE DIRECTOR Eduardo Humberto Ditt General Assembly Alice Penna e Costa &#8211; Cultural Producer and Independent Editor Ana Maria Laet &#8211; Director of Ana Laet Design Cristina Gabaglia Penna &#8211; Director of H\u00f3los &#8230; <a title=\"Council\" class=\"read-more\" href=\"https:\/\/ipe.org.br\/en\/conselho\/\" aria-label=\"Read more about Council\">Read more<\/a><\/p>\n","protected":false},"author":1,"featured_media":0,"parent":0,"menu_order":0,"comment_status":"closed","ping_status":"closed","template":"elementor_header_footer","meta":{"_acf_changed":false,"footnotes":""},"class_list":["post-9455","page","type-page","status-publish"],"acf":[],"yoast_head":"<!-- This site is optimized with the Yoast SEO plugin v23.0 - https:\/\/yoast.com\/wordpress\/plugins\/seo\/ -->\n<title>Council - IP\u00ca - Instituto de Pesquisas Ecol\u00f3gicas<\/title>\n<meta name=\"robots\" content=\"index, follow, max-snippet:-1, max-image-preview:large, max-video-preview:-1\" \/>\n<link rel=\"canonical\" href=\"https:\/\/ipe.org.br\/en\/conselho\/\" \/>\n<meta property=\"og:locale\" content=\"en_US\" \/>\n<meta property=\"og:type\" content=\"article\" \/>\n<meta property=\"og:title\" content=\"Council - IP\u00ca - Instituto de Pesquisas Ecol\u00f3gicas\" \/>\n<meta property=\"og:description\" content=\"Governance CHIEF EXECUTIVE OFFICER Suzana Machado Padua, Ph. VICE PRESIDENT DIRECTOR Graziella Comini, PhD &#8211; Professor and Coordinator &#8211; FEA \/ USP EXECUTIVE DIRECTOR Eduardo Humberto Ditt General Assembly Alice Penna e Costa &#8211; Cultural Producer and Independent Editor Ana Maria Laet &#8211; Director of Ana Laet Design Cristina Gabaglia Penna &#8211; Director of H\u00f3los ... Read more\" \/>\n<meta property=\"og:url\" content=\"https:\/\/ipe.org.br\/en\/conselho\/\" \/>\n<meta property=\"og:site_name\" content=\"IP\u00ca - Instituto de Pesquisas Ecol\u00f3gicas\" \/>\n<meta property=\"article:publisher\" content=\"https:\/\/www.facebook.com\/ipe.instituto.pesquisas.ecologicas\" \/>\n<meta property=\"article:modified_time\" content=\"2023-09-26T19:40:56+00:00\" \/>\n<meta property=\"og:image\" content=\"https:\/\/ipe.org.br\/images\/2022\/12\/cropped-logo-ipe2.jpg\" \/>\n\t<meta property=\"og:image:width\" content=\"900\" \/>\n\t<meta property=\"og:image:height\" content=\"900\" \/>\n\t<meta property=\"og:image:type\" content=\"image\/jpeg\" \/>\n<meta name=\"twitter:card\" content=\"summary_large_image\" \/>\n<meta name=\"twitter:site\" content=\"@InstitutoIPE\" \/>\n<meta name=\"twitter:label1\" content=\"Est. reading time\" \/>\n\t<meta name=\"twitter:data1\" content=\"1 minute\" \/>\n<script type=\"application\/ld+json\" class=\"yoast-schema-graph\">{\"@context\":\"https:\/\/schema.org\",\"@graph\":[{\"@type\":\"WebPage\",\"@id\":\"https:\/\/ipe.org.br\/en\/conselho\/\",\"url\":\"https:\/\/ipe.org.br\/en\/conselho\/\",\"name\":\"Council - IP\u00ca - Instituto de Pesquisas Ecol\u00f3gicas\",\"isPartOf\":{\"@id\":\"https:\/\/ipe.org.br\/#website\"},\"datePublished\":\"2022-12-28T13:14:01+00:00\",\"dateModified\":\"2023-09-26T19:40:56+00:00\",\"breadcrumb\":{\"@id\":\"https:\/\/ipe.org.br\/en\/conselho\/#breadcrumb\"},\"inLanguage\":\"en-US\",\"potentialAction\":[{\"@type\":\"ReadAction\",\"target\":[\"https:\/\/ipe.org.br\/en\/conselho\/\"]}]},{\"@type\":\"BreadcrumbList\",\"@id\":\"https:\/\/ipe.org.br\/en\/conselho\/#breadcrumb\",\"itemListElement\":[{\"@type\":\"ListItem\",\"position\":1,\"name\":\"In\u00edcio\",\"item\":\"https:\/\/ipe.org.br\/en\/home-2\/\"},{\"@type\":\"ListItem\",\"position\":2,\"name\":\"Council\"}]},{\"@type\":\"WebSite\",\"@id\":\"https:\/\/ipe.org.br\/#website\",\"url\":\"https:\/\/ipe.org.br\/\",\"name\":\"IP\u00ca - Instituto de Pesquisas Ecol\u00f3gicas\",\"description\":\"Pesquisa, Educa\u00e7\u00e3o e Neg\u00f3cios Sustent\u00e1veis para a conserva\u00e7\u00e3o da biodiversidade brasileira.\",\"publisher\":{\"@id\":\"https:\/\/ipe.org.br\/#organization\"},\"potentialAction\":[{\"@type\":\"SearchAction\",\"target\":{\"@type\":\"EntryPoint\",\"urlTemplate\":\"https:\/\/ipe.org.br\/?s={search_term_string}\"},\"query-input\":\"required name=search_term_string\"}],\"inLanguage\":\"en-US\"},{\"@type\":\"Organization\",\"@id\":\"https:\/\/ipe.org.br\/#organization\",\"name\":\"IP\u00ca - Instituto te Pesquisas Ecol\u00f3gicas\",\"alternateName\":\"IP\u00ca - Instituto te Pesquisas Ecol\u00f3gicas\",\"url\":\"https:\/\/ipe.org.br\/\",\"logo\":{\"@type\":\"ImageObject\",\"inLanguage\":\"en-US\",\"@id\":\"https:\/\/ipe.org.br\/#\/schema\/logo\/image\/\",\"url\":\"https:\/\/ipe.org.br\/images\/2022\/12\/cropped-logo-ipe2.jpg\",\"contentUrl\":\"https:\/\/ipe.org.br\/images\/2022\/12\/cropped-logo-ipe2.jpg\",\"width\":900,\"height\":900,\"caption\":\"IP\u00ca - Instituto te Pesquisas Ecol\u00f3gicas\"},\"image\":{\"@id\":\"https:\/\/ipe.org.br\/#\/schema\/logo\/image\/\"},\"sameAs\":[\"https:\/\/www.facebook.com\/ipe.instituto.pesquisas.ecologicas\",\"https:\/\/x.com\/InstitutoIPE\",\"https:\/\/www.instagram.com\/institutoipe\/\",\"https:\/\/www.linkedin.com\/company\/ip---instituto-de-pesquisas-ecolgicas\",\"https:\/\/www.youtube.com\/channel\/UCxsLeAueuL-eMIJy6qif9_g\/videos\"]}]}<\/script>\n<!-- \/ Yoast SEO plugin. -->","yoast_head_json":{"title":"Council - IP\u00ca - Instituto de Pesquisas Ecol\u00f3gicas","robots":{"index":"index","follow":"follow","max-snippet":"max-snippet:-1","max-image-preview":"max-image-preview:large","max-video-preview":"max-video-preview:-1"},"canonical":"https:\/\/ipe.org.br\/en\/conselho\/","og_locale":"en_US","og_type":"article","og_title":"Council - IP\u00ca - Instituto de Pesquisas Ecol\u00f3gicas","og_description":"Governance CHIEF EXECUTIVE OFFICER Suzana Machado Padua, Ph. VICE PRESIDENT DIRECTOR Graziella Comini, PhD &#8211; Professor and Coordinator &#8211; FEA \/ USP EXECUTIVE DIRECTOR Eduardo Humberto Ditt General Assembly Alice Penna e Costa &#8211; Cultural Producer and Independent Editor Ana Maria Laet &#8211; Director of Ana Laet Design Cristina Gabaglia Penna &#8211; Director of H\u00f3los ... Read more","og_url":"https:\/\/ipe.org.br\/en\/conselho\/","og_site_name":"IP\u00ca - Instituto de Pesquisas Ecol\u00f3gicas","article_publisher":"https:\/\/www.facebook.com\/ipe.instituto.pesquisas.ecologicas","article_modified_time":"2023-09-26T19:40:56+00:00","og_image":[{"width":900,"height":900,"url":"https:\/\/ipe.org.br\/images\/2022\/12\/cropped-logo-ipe2.jpg","type":"image\/jpeg"}],"twitter_card":"summary_large_image","twitter_site":"@InstitutoIPE","twitter_misc":{"Est. reading time":"1 minute"},"schema":{"@context":"https:\/\/schema.org","@graph":[{"@type":"WebPage","@id":"https:\/\/ipe.org.br\/en\/conselho\/","url":"https:\/\/ipe.org.br\/en\/conselho\/","name":"Council - IP\u00ca - Instituto de Pesquisas Ecol\u00f3gicas","isPartOf":{"@id":"https:\/\/ipe.org.br\/#website"},"datePublished":"2022-12-28T13:14:01+00:00","dateModified":"2023-09-26T19:40:56+00:00","breadcrumb":{"@id":"https:\/\/ipe.org.br\/en\/conselho\/#breadcrumb"},"inLanguage":"en-US","potentialAction":[{"@type":"ReadAction","target":["https:\/\/ipe.org.br\/en\/conselho\/"]}]},{"@type":"BreadcrumbList","@id":"https:\/\/ipe.org.br\/en\/conselho\/#breadcrumb","itemListElement":[{"@type":"ListItem","position":1,"name":"In\u00edcio","item":"https:\/\/ipe.org.br\/en\/home-2\/"},{"@type":"ListItem","position":2,"name":"Council"}]},{"@type":"WebSite","@id":"https:\/\/ipe.org.br\/#website","url":"https:\/\/ipe.org.br\/","name":"IP\u00ca - Instituto de Pesquisas Ecol\u00f3gicas","description":"Pesquisa, Educa\u00e7\u00e3o e Neg\u00f3cios Sustent\u00e1veis para a conserva\u00e7\u00e3o da biodiversidade brasileira.","publisher":{"@id":"https:\/\/ipe.org.br\/#organization"},"potentialAction":[{"@type":"SearchAction","target":{"@type":"EntryPoint","urlTemplate":"https:\/\/ipe.org.br\/?s={search_term_string}"},"query-input":"required name=search_term_string"}],"inLanguage":"en-US"},{"@type":"Organization","@id":"https:\/\/ipe.org.br\/#organization","name":"IP\u00ca - Instituto te Pesquisas Ecol\u00f3gicas","alternateName":"IP\u00ca - Instituto te Pesquisas Ecol\u00f3gicas","url":"https:\/\/ipe.org.br\/","logo":{"@type":"ImageObject","inLanguage":"en-US","@id":"https:\/\/ipe.org.br\/#\/schema\/logo\/image\/","url":"https:\/\/ipe.org.br\/images\/2022\/12\/cropped-logo-ipe2.jpg","contentUrl":"https:\/\/ipe.org.br\/images\/2022\/12\/cropped-logo-ipe2.jpg","width":900,"height":900,"caption":"IP\u00ca - Instituto te Pesquisas Ecol\u00f3gicas"},"image":{"@id":"https:\/\/ipe.org.br\/#\/schema\/logo\/image\/"},"sameAs":["https:\/\/www.facebook.com\/ipe.instituto.pesquisas.ecologicas","https:\/\/x.com\/InstitutoIPE","https:\/\/www.instagram.com\/institutoipe\/","https:\/\/www.linkedin.com\/company\/ip---instituto-de-pesquisas-ecolgicas","https:\/\/www.youtube.com\/channel\/UCxsLeAueuL-eMIJy6qif9_g\/videos"]}]}},"_links":{"self":[{"href":"https:\/\/ipe.org.br\/en\/wp-json\/wp\/v2\/pages\/9455","targetHints":{"allow":["GET"]}}],"collection":[{"href":"https:\/\/ipe.org.br\/en\/wp-json\/wp\/v2\/pages"}],"about":[{"href":"https:\/\/ipe.org.br\/en\/wp-json\/wp\/v2\/types\/page"}],"author":[{"embeddable":true,"href":"https:\/\/ipe.org.br\/en\/wp-json\/wp\/v2\/users\/1"}],"replies":[{"embeddable":true,"href":"https:\/\/ipe.org.br\/en\/wp-json\/wp\/v2\/comments?post=9455"}],"version-history":[{"count":4,"href":"https:\/\/ipe.org.br\/en\/wp-json\/wp\/v2\/pages\/9455\/revisions"}],"predecessor-version":[{"id":12542,"href":"https:\/\/ipe.org.br\/en\/wp-json\/wp\/v2\/pages\/9455\/revisions\/12542"}],"wp:attachment":[{"href":"https:\/\/ipe.org.br\/en\/wp-json\/wp\/v2\/media?parent=9455"}],"curies":[{"name":"wp","href":"https:\/\/api.w.org\/{rel}","templated":true}]}}