{"id":9410,"date":"2023-01-02T10:18:30","date_gmt":"2023-01-02T13:18:30","guid":{"rendered":"https:\/\/homolog.ipe.org.br\/education\/"},"modified":"2023-04-18T15:03:43","modified_gmt":"2023-04-18T18:03:43","slug":"education","status":"publish","type":"page","link":"https:\/\/ipe.org.br\/en\/education\/","title":{"rendered":"Education"},"content":{"rendered":"\t\t<div data-elementor-type=\"wp-page\" data-elementor-id=\"9410\" class=\"elementor elementor-9410 elementor-8220\" data-elementor-post-type=\"page\">\n\t\t\t\t\t\t<section class=\"has_ma_el_bg_slider elementor-section elementor-top-section elementor-element elementor-element-838b51b elementor-section-height-min-height elementor-section-boxed elementor-section-height-default elementor-section-items-middle\" data-id=\"838b51b\" data-element_type=\"section\" data-settings=\"{&quot;background_background&quot;:&quot;classic&quot;}\">\n\t\t\t\t\t\t\t<div class=\"elementor-background-overlay\"><\/div>\n\t\t\t\t\t\t\t<div class=\"elementor-container elementor-column-gap-default\">\n\t\t\t\t\t<div class=\"has_ma_el_bg_slider elementor-column elementor-col-100 elementor-top-column elementor-element elementor-element-a551f5d jltma-glass-effect-no\" data-id=\"a551f5d\" data-element_type=\"column\">\n\t\t\t<div class=\"elementor-widget-wrap elementor-element-populated\">\n\t\t\t\t\t\t<div class=\"elementor-element elementor-element-73e172a jltma-glass-effect-no elementor-invisible elementor-widget elementor-widget-heading\" data-id=\"73e172a\" data-element_type=\"widget\" data-settings=\"{&quot;_animation&quot;:&quot;fadeIn&quot;}\" data-widget_type=\"heading.default\">\n\t\t\t\t<div class=\"elementor-widget-container\">\n\t\t\t<h1 class=\"elementor-heading-title elementor-size-default\">IP\u00ca and Education<\/h1>\t\t<\/div>\n\t\t\t\t<\/div>\n\t\t\t\t\t<\/div>\n\t\t<\/div>\n\t\t\t\t\t<\/div>\n\t\t<\/section>\n\t\t\t\t<section class=\"has_ma_el_bg_slider elementor-section elementor-top-section elementor-element elementor-element-130fbe7 elementor-section-height-min-height elementor-section-boxed elementor-section-height-default elementor-section-items-middle jltma-glass-effect-no\" data-id=\"130fbe7\" data-element_type=\"section\" data-settings=\"{&quot;background_background&quot;:&quot;classic&quot;}\">\n\t\t\t\t\t\t<div class=\"elementor-container elementor-column-gap-default\">\n\t\t\t\t\t<div class=\"has_ma_el_bg_slider elementor-column elementor-col-100 elementor-top-column elementor-element elementor-element-d5e948b jltma-glass-effect-no\" data-id=\"d5e948b\" data-element_type=\"column\">\n\t\t\t<div class=\"elementor-widget-wrap elementor-element-populated\">\n\t\t\t\t\t\t<div class=\"elementor-element elementor-element-7dd01a1 jltma-glass-effect-no elementor-invisible elementor-widget elementor-widget-text-editor\" data-id=\"7dd01a1\" data-element_type=\"widget\" data-settings=\"{&quot;_animation&quot;:&quot;fadeIn&quot;}\" data-widget_type=\"text-editor.default\">\n\t\t\t\t<div class=\"elementor-widget-container\">\n\t\t\t\t\t\t\t<p><style>\na{color:#34a853}<br \/><\/style><\/p><p><img fetchpriority=\"high\" decoding=\"async\" class=\"aligncenter\" src=\"https:\/\/ipe.org.br\/images\/CURTA-DURACAO.JPG\" width=\"321\" height=\"214\"><\/p><p>One of IP\u00ca&#8217;s concerns has always been the transfer of knowledge acquired throughout its existence through scientific research and socio-environmental work. To this end, it promotes the training of people for sustainable development through short courses, Master&#8217;s degrees, and MBAs.<\/p><p>  Access: <a href=\"http:\/\/www.escas.org.br\/\" target=\"_blank\" rel=\"noopener\">www.escas.org.br<\/a><\/p><h3>  Education Solutions<\/h3><ul><li>  <a href=\"http:\/\/escas.org.br\/\" target=\"_blank\" rel=\"noopener\">ESCAS<\/a><\/li><li>  <a href=\"http:\/\/escas.org.br\/mestrado\" target=\"_blank\" rel=\"noopener\">Professional Master&#8217;s<\/a><\/li><li>  <a href=\"http:\/\/escas.org.br\/mba\" target=\"_blank\" rel=\"noopener\">MBA<\/a><\/li><li>  <a href=\"http:\/\/escas.org.br\/cursos\" target=\"_blank\" rel=\"noopener\">Short Courses<\/a><\/li><\/ul><h3>Testimonials<\/h3><blockquote><p><strong>Statement from a student of the 2011 Nursery and Seedling Course<\/strong><\/p><p>&#8220;The course exceeded my expectations. I got a good use of it. Techniques were presented that were never studied in the classroom, but were acquired on a daily basis in the field. This shows that practice is fundamental&#8221;. (Daniela de Almeida Menezes)<\/p><\/blockquote><blockquote><p><strong>Statement from a student of the 2011 Nursery and Seedling Course<\/strong><\/p><p>&#8220;I was pleased with the entire course menu, the practices that involved the participants, and the goal of exemplifying sustainable methods were very clear. I am sure that I will apply many of these methods in the nursery where I work. I was also satisfied with the team, the structure of IP\u00ca, and the reception of all employees&#8221;. (Gabriela da Silva Matias)<\/p><\/blockquote><blockquote><p><strong>Statement from a student of the UC Management Course held in Cuiab\u00e1<\/strong><\/p><p>&#8220;Tiredness aside, the course was wonderful. I confess that, before the course, like every good biologist, I felt a certain phobia about the terms &#8216;social&#8217;, &#8216;community&#8217;, &#8216;participatory&#8217;, but the lecturers convinced me about the importance of the insertion of the community for a good UC management. The discussions allowed the maturation of projects that I already had in mind, and that probably would have come out in a different format if I had not participated in the course. The interaction with the people from SEMA and the NGOs was also very enriching, as well as with my colleagues from IBAMA, with whom I probably would not have had the opportunity to interact so much. The possibility of forming a network is very encouraging. Congratulations to everyone&#8221;.<\/p><\/blockquote><blockquote><p><strong>Statement from a student of the UC Management Course held in Porto Velho<\/strong><\/p><p>&#8220;It is certainly an initiative that deserves great congratulations. The course is very important for the training and updating of the managers of the units in the Amazon and, even more, for the formation of a communication network between the CUs of the states. Surely such an initiative is taking a big step towards improving the conservation of the Conservation Units in the Amazon&#8221;.<\/p><\/blockquote><blockquote><p><strong>Statement from a student of the Ecological History of Brazil Course<\/strong><\/p><p>&#8220;I am delighted with Ip\u00ea! I took the history course last week with Padua. As soon as I arrived in Atibaia, I was very well received by Eduardo, a real sweetheart. The project is very cool, pertinent and encouraging. Ivete, the kitchen girls, everyone was very attentive. Congratulations on the organization! Jos\u00e9 Augusto&#8217;s classes opened my eyes and I started to understand better the ecological, social and economic functioning of this country. He is very thoughtful and, in fact, an optimist. Which I found wonderful. I still have a lot to study but this was certainly my first step.<\/p><\/blockquote><blockquote><p><strong>Student of the course on Geographic Information System applied to Conservation Biology<\/strong><\/p><p>&#8220;The organization of the course, as well as the instructors, are to be congratulated. The course is very consistent and broad. The methodology was adequate with the purposes.<\/p><\/blockquote><blockquote><p><strong>Geographic Information Systems Course Student Statement<\/strong><\/p><p>&#8220;I thank IP\u00ca and its employees for the happiness and attention given during these days of course. Thank you for sharing a wonderful philosophy that makes us more human and aware of our mission on earth. I hope to come back very soon, because I felt very well here and enjoyed a wonderful place, learning. I wish that this &#8220;IP\u00ca&#8221; expands its horizons more and more and touches a large part of humanity, awakening the true essence of the human being.<\/p><\/blockquote>\t\t\t\t\t\t<\/div>\n\t\t\t\t<\/div>\n\t\t\t\t\t<\/div>\n\t\t<\/div>\n\t\t\t\t\t<\/div>\n\t\t<\/section>\n\t\t\t\t<\/div>\n\t\t","protected":false},"excerpt":{"rendered":"<p>IP\u00ca and Education One of IP\u00ca&#8217;s concerns has always been the transfer of knowledge acquired throughout its existence through scientific research and socio-environmental work. To this end, it promotes the training of people for sustainable development through short courses, Master&#8217;s degrees, and MBAs. Access: www.escas.org.br Education Solutions ESCAS Professional Master&#8217;s MBA Short Courses Testimonials Statement &#8230; <a title=\"Education\" class=\"read-more\" href=\"https:\/\/ipe.org.br\/en\/education\/\" aria-label=\"Read more about Education\">Read more<\/a><\/p>\n","protected":false},"author":1,"featured_media":0,"parent":0,"menu_order":0,"comment_status":"closed","ping_status":"closed","template":"elementor_header_footer","meta":{"_acf_changed":false,"footnotes":""},"class_list":["post-9410","page","type-page","status-publish"],"acf":[],"yoast_head":"<!-- This site is optimized with the Yoast SEO plugin v23.0 - https:\/\/yoast.com\/wordpress\/plugins\/seo\/ -->\n<title>Education - IP\u00ca - Instituto de Pesquisas Ecol\u00f3gicas<\/title>\n<meta name=\"robots\" content=\"index, follow, max-snippet:-1, max-image-preview:large, max-video-preview:-1\" \/>\n<link rel=\"canonical\" href=\"https:\/\/ipe.org.br\/en\/education\/\" \/>\n<meta property=\"og:locale\" content=\"en_US\" \/>\n<meta property=\"og:type\" content=\"article\" \/>\n<meta property=\"og:title\" content=\"Education - IP\u00ca - Instituto de Pesquisas Ecol\u00f3gicas\" \/>\n<meta property=\"og:description\" content=\"IP\u00ca and Education One of IP\u00ca&#8217;s concerns has always been the transfer of knowledge acquired throughout its existence through scientific research and socio-environmental work. To this end, it promotes the training of people for sustainable development through short courses, Master&#8217;s degrees, and MBAs. Access: www.escas.org.br Education Solutions ESCAS Professional Master&#8217;s MBA Short Courses Testimonials Statement ... Read more\" \/>\n<meta property=\"og:url\" content=\"https:\/\/ipe.org.br\/en\/education\/\" \/>\n<meta property=\"og:site_name\" content=\"IP\u00ca - Instituto de Pesquisas Ecol\u00f3gicas\" \/>\n<meta property=\"article:publisher\" content=\"https:\/\/www.facebook.com\/ipe.instituto.pesquisas.ecologicas\" \/>\n<meta property=\"article:modified_time\" content=\"2023-04-18T18:03:43+00:00\" \/>\n<meta property=\"og:image\" content=\"https:\/\/ipe.org.br\/images\/CURTA-DURACAO.JPG\" \/>\n<meta name=\"twitter:card\" content=\"summary_large_image\" \/>\n<meta name=\"twitter:site\" content=\"@InstitutoIPE\" \/>\n<meta name=\"twitter:label1\" content=\"Est. reading time\" \/>\n\t<meta name=\"twitter:data1\" content=\"3 minutes\" \/>\n<script type=\"application\/ld+json\" class=\"yoast-schema-graph\">{\"@context\":\"https:\/\/schema.org\",\"@graph\":[{\"@type\":\"WebPage\",\"@id\":\"https:\/\/ipe.org.br\/en\/education\/\",\"url\":\"https:\/\/ipe.org.br\/en\/education\/\",\"name\":\"Education - IP\u00ca - Instituto de Pesquisas Ecol\u00f3gicas\",\"isPartOf\":{\"@id\":\"https:\/\/ipe.org.br\/#website\"},\"primaryImageOfPage\":{\"@id\":\"https:\/\/ipe.org.br\/en\/education\/#primaryimage\"},\"image\":{\"@id\":\"https:\/\/ipe.org.br\/en\/education\/#primaryimage\"},\"thumbnailUrl\":\"https:\/\/ipe.org.br\/images\/CURTA-DURACAO.JPG\",\"datePublished\":\"2023-01-02T13:18:30+00:00\",\"dateModified\":\"2023-04-18T18:03:43+00:00\",\"breadcrumb\":{\"@id\":\"https:\/\/ipe.org.br\/en\/education\/#breadcrumb\"},\"inLanguage\":\"en-US\",\"potentialAction\":[{\"@type\":\"ReadAction\",\"target\":[\"https:\/\/ipe.org.br\/en\/education\/\"]}]},{\"@type\":\"ImageObject\",\"inLanguage\":\"en-US\",\"@id\":\"https:\/\/ipe.org.br\/en\/education\/#primaryimage\",\"url\":\"https:\/\/ipe.org.br\/images\/CURTA-DURACAO.JPG\",\"contentUrl\":\"https:\/\/ipe.org.br\/images\/CURTA-DURACAO.JPG\"},{\"@type\":\"BreadcrumbList\",\"@id\":\"https:\/\/ipe.org.br\/en\/education\/#breadcrumb\",\"itemListElement\":[{\"@type\":\"ListItem\",\"position\":1,\"name\":\"In\u00edcio\",\"item\":\"https:\/\/ipe.org.br\/en\/home-2\/\"},{\"@type\":\"ListItem\",\"position\":2,\"name\":\"Education\"}]},{\"@type\":\"WebSite\",\"@id\":\"https:\/\/ipe.org.br\/#website\",\"url\":\"https:\/\/ipe.org.br\/\",\"name\":\"IP\u00ca - Instituto de Pesquisas Ecol\u00f3gicas\",\"description\":\"Pesquisa, Educa\u00e7\u00e3o e Neg\u00f3cios Sustent\u00e1veis para a conserva\u00e7\u00e3o da biodiversidade brasileira.\",\"publisher\":{\"@id\":\"https:\/\/ipe.org.br\/#organization\"},\"potentialAction\":[{\"@type\":\"SearchAction\",\"target\":{\"@type\":\"EntryPoint\",\"urlTemplate\":\"https:\/\/ipe.org.br\/?s={search_term_string}\"},\"query-input\":\"required name=search_term_string\"}],\"inLanguage\":\"en-US\"},{\"@type\":\"Organization\",\"@id\":\"https:\/\/ipe.org.br\/#organization\",\"name\":\"IP\u00ca - Instituto te Pesquisas Ecol\u00f3gicas\",\"alternateName\":\"IP\u00ca - Instituto te Pesquisas Ecol\u00f3gicas\",\"url\":\"https:\/\/ipe.org.br\/\",\"logo\":{\"@type\":\"ImageObject\",\"inLanguage\":\"en-US\",\"@id\":\"https:\/\/ipe.org.br\/#\/schema\/logo\/image\/\",\"url\":\"https:\/\/ipe.org.br\/images\/2022\/12\/cropped-logo-ipe2.jpg\",\"contentUrl\":\"https:\/\/ipe.org.br\/images\/2022\/12\/cropped-logo-ipe2.jpg\",\"width\":900,\"height\":900,\"caption\":\"IP\u00ca - Instituto te Pesquisas Ecol\u00f3gicas\"},\"image\":{\"@id\":\"https:\/\/ipe.org.br\/#\/schema\/logo\/image\/\"},\"sameAs\":[\"https:\/\/www.facebook.com\/ipe.instituto.pesquisas.ecologicas\",\"https:\/\/x.com\/InstitutoIPE\",\"https:\/\/www.instagram.com\/institutoipe\/\",\"https:\/\/www.linkedin.com\/company\/ip---instituto-de-pesquisas-ecolgicas\",\"https:\/\/www.youtube.com\/channel\/UCxsLeAueuL-eMIJy6qif9_g\/videos\"]}]}<\/script>\n<!-- \/ Yoast SEO plugin. -->","yoast_head_json":{"title":"Education - IP\u00ca - Instituto de Pesquisas Ecol\u00f3gicas","robots":{"index":"index","follow":"follow","max-snippet":"max-snippet:-1","max-image-preview":"max-image-preview:large","max-video-preview":"max-video-preview:-1"},"canonical":"https:\/\/ipe.org.br\/en\/education\/","og_locale":"en_US","og_type":"article","og_title":"Education - IP\u00ca - Instituto de Pesquisas Ecol\u00f3gicas","og_description":"IP\u00ca and Education One of IP\u00ca&#8217;s concerns has always been the transfer of knowledge acquired throughout its existence through scientific research and socio-environmental work. To this end, it promotes the training of people for sustainable development through short courses, Master&#8217;s degrees, and MBAs. Access: www.escas.org.br Education Solutions ESCAS Professional Master&#8217;s MBA Short Courses Testimonials Statement ... Read more","og_url":"https:\/\/ipe.org.br\/en\/education\/","og_site_name":"IP\u00ca - Instituto de Pesquisas Ecol\u00f3gicas","article_publisher":"https:\/\/www.facebook.com\/ipe.instituto.pesquisas.ecologicas","article_modified_time":"2023-04-18T18:03:43+00:00","og_image":[{"url":"https:\/\/ipe.org.br\/images\/CURTA-DURACAO.JPG"}],"twitter_card":"summary_large_image","twitter_site":"@InstitutoIPE","twitter_misc":{"Est. reading time":"3 minutes"},"schema":{"@context":"https:\/\/schema.org","@graph":[{"@type":"WebPage","@id":"https:\/\/ipe.org.br\/en\/education\/","url":"https:\/\/ipe.org.br\/en\/education\/","name":"Education - IP\u00ca - Instituto de Pesquisas Ecol\u00f3gicas","isPartOf":{"@id":"https:\/\/ipe.org.br\/#website"},"primaryImageOfPage":{"@id":"https:\/\/ipe.org.br\/en\/education\/#primaryimage"},"image":{"@id":"https:\/\/ipe.org.br\/en\/education\/#primaryimage"},"thumbnailUrl":"https:\/\/ipe.org.br\/images\/CURTA-DURACAO.JPG","datePublished":"2023-01-02T13:18:30+00:00","dateModified":"2023-04-18T18:03:43+00:00","breadcrumb":{"@id":"https:\/\/ipe.org.br\/en\/education\/#breadcrumb"},"inLanguage":"en-US","potentialAction":[{"@type":"ReadAction","target":["https:\/\/ipe.org.br\/en\/education\/"]}]},{"@type":"ImageObject","inLanguage":"en-US","@id":"https:\/\/ipe.org.br\/en\/education\/#primaryimage","url":"https:\/\/ipe.org.br\/images\/CURTA-DURACAO.JPG","contentUrl":"https:\/\/ipe.org.br\/images\/CURTA-DURACAO.JPG"},{"@type":"BreadcrumbList","@id":"https:\/\/ipe.org.br\/en\/education\/#breadcrumb","itemListElement":[{"@type":"ListItem","position":1,"name":"In\u00edcio","item":"https:\/\/ipe.org.br\/en\/home-2\/"},{"@type":"ListItem","position":2,"name":"Education"}]},{"@type":"WebSite","@id":"https:\/\/ipe.org.br\/#website","url":"https:\/\/ipe.org.br\/","name":"IP\u00ca - Instituto de Pesquisas Ecol\u00f3gicas","description":"Pesquisa, Educa\u00e7\u00e3o e Neg\u00f3cios Sustent\u00e1veis para a conserva\u00e7\u00e3o da biodiversidade brasileira.","publisher":{"@id":"https:\/\/ipe.org.br\/#organization"},"potentialAction":[{"@type":"SearchAction","target":{"@type":"EntryPoint","urlTemplate":"https:\/\/ipe.org.br\/?s={search_term_string}"},"query-input":"required name=search_term_string"}],"inLanguage":"en-US"},{"@type":"Organization","@id":"https:\/\/ipe.org.br\/#organization","name":"IP\u00ca - Instituto te Pesquisas Ecol\u00f3gicas","alternateName":"IP\u00ca - Instituto te Pesquisas Ecol\u00f3gicas","url":"https:\/\/ipe.org.br\/","logo":{"@type":"ImageObject","inLanguage":"en-US","@id":"https:\/\/ipe.org.br\/#\/schema\/logo\/image\/","url":"https:\/\/ipe.org.br\/images\/2022\/12\/cropped-logo-ipe2.jpg","contentUrl":"https:\/\/ipe.org.br\/images\/2022\/12\/cropped-logo-ipe2.jpg","width":900,"height":900,"caption":"IP\u00ca - Instituto te Pesquisas Ecol\u00f3gicas"},"image":{"@id":"https:\/\/ipe.org.br\/#\/schema\/logo\/image\/"},"sameAs":["https:\/\/www.facebook.com\/ipe.instituto.pesquisas.ecologicas","https:\/\/x.com\/InstitutoIPE","https:\/\/www.instagram.com\/institutoipe\/","https:\/\/www.linkedin.com\/company\/ip---instituto-de-pesquisas-ecolgicas","https:\/\/www.youtube.com\/channel\/UCxsLeAueuL-eMIJy6qif9_g\/videos"]}]}},"_links":{"self":[{"href":"https:\/\/ipe.org.br\/en\/wp-json\/wp\/v2\/pages\/9410","targetHints":{"allow":["GET"]}}],"collection":[{"href":"https:\/\/ipe.org.br\/en\/wp-json\/wp\/v2\/pages"}],"about":[{"href":"https:\/\/ipe.org.br\/en\/wp-json\/wp\/v2\/types\/page"}],"author":[{"embeddable":true,"href":"https:\/\/ipe.org.br\/en\/wp-json\/wp\/v2\/users\/1"}],"replies":[{"embeddable":true,"href":"https:\/\/ipe.org.br\/en\/wp-json\/wp\/v2\/comments?post=9410"}],"version-history":[{"count":0,"href":"https:\/\/ipe.org.br\/en\/wp-json\/wp\/v2\/pages\/9410\/revisions"}],"wp:attachment":[{"href":"https:\/\/ipe.org.br\/en\/wp-json\/wp\/v2\/media?parent=9410"}],"curies":[{"name":"wp","href":"https:\/\/api.w.org\/{rel}","templated":true}]}}