{"id":18588,"date":"2025-05-22T11:00:48","date_gmt":"2025-05-22T14:00:48","guid":{"rendered":"https:\/\/ipe.org.br\/letter-from-suzana-padua\/"},"modified":"2025-06-06T17:03:04","modified_gmt":"2025-06-06T20:03:04","slug":"letter-from-suzana-padua","status":"publish","type":"page","link":"https:\/\/ipe.org.br\/en\/letter-from-suzana-padua\/","title":{"rendered":"Letter from Suzana Padua"},"content":{"rendered":"\t\t<div data-elementor-type=\"wp-page\" data-elementor-id=\"18588\" class=\"elementor elementor-18588 elementor-18334\" data-elementor-post-type=\"page\">\n\t\t\t\t\t\t<section class=\"has_ma_el_bg_slider elementor-section elementor-top-section elementor-element elementor-element-f5fc10e elementor-section-height-min-height elementor-section-boxed elementor-section-height-default elementor-section-items-middle jltma-glass-effect-no\" data-id=\"f5fc10e\" data-element_type=\"section\" data-settings=\"{&quot;background_background&quot;:&quot;classic&quot;}\">\n\t\t\t\t\t\t<div class=\"elementor-container elementor-column-gap-default\">\n\t\t\t\t\t<div class=\"has_ma_el_bg_slider elementor-column elementor-col-100 elementor-top-column elementor-element elementor-element-4c94a3f jltma-glass-effect-no\" data-id=\"4c94a3f\" data-element_type=\"column\">\n\t\t\t<div class=\"elementor-widget-wrap elementor-element-populated\">\n\t\t\t\t\t\t<div class=\"elementor-element elementor-element-585e4c5 jltma-glass-effect-no elementor-widget elementor-widget-heading\" data-id=\"585e4c5\" data-element_type=\"widget\" data-widget_type=\"heading.default\">\n\t\t\t\t<div class=\"elementor-widget-container\">\n\t\t\t<h2 class=\"elementor-heading-title elementor-size-default\">Letter from Suzana Padua<\/h2>\t\t<\/div>\n\t\t\t\t<\/div>\n\t\t\t\t<div class=\"elementor-element elementor-element-4ae83be jltma-glass-effect-no elementor-invisible elementor-widget elementor-widget-text-editor\" data-id=\"4ae83be\" data-element_type=\"widget\" data-settings=\"{&quot;_animation&quot;:&quot;fadeIn&quot;}\" data-widget_type=\"text-editor.default\">\n\t\t\t\t<div class=\"elementor-widget-container\">\n\t\t\t\t\t\t\t<p><style>\na{color:#34a853}<br\/><\/style><\/p><p><b><span data-contrast=\"auto\">Education as a means of socio-environmental transformation in a megadiverse country<\/span><\/b><span data-ccp-props=\"{}\">\u00a0<\/span><\/p><p><span data-contrast=\"auto\">Community engagement and environmental education are essential parts of our projects and have often ensured the longevity of biodiversity conservation initiatives in various parts of the country, as stated in this activity report. The path that IP\u00ca has followed to date has always been to see education as the best means for the socio-environmental transformation we seek. As an almost natural step in this process and complementary to our actions, we have realized a long-held dream since our founding, when we created our own conservation school.<\/span><span data-ccp-props=\"{}\">\u00a0<\/span><\/p><p><span data-contrast=\"auto\">Since 1992, when IP\u00ca was founded, we have been concerned about exchanging knowledge with younger generations. Sharing the knowledge we learned in the field or the national and international connections we established was our way of supporting students and interested parties who could blossom as professionals in conservation and sustainability. This was a path of no return. In fact, a path that has only grown with the passing of the years.<\/span><span data-ccp-props=\"{}\">\u00a0<\/span><\/p><p><span data-contrast=\"auto\">In the beginning, our courses were held out of a desire to share what we had learned about field techniques, environmental education, conservation medicine, and our beloved Conservation Biology course, which many said was a \u201ccondensed master\u2019s or doctorate.\u201d With the support of the Smithsonian Institute, led by the late Dr. Rudi Rudram, for years we were able to offer a 40-day course that covered many essential topics so that participants would feel prepared to work on the complexities of nature conservation.<\/span><span data-ccp-props=\"{}\">\u00a0<\/span><\/p><p><span data-contrast=\"auto\">Within the organization itself, through education and incentives for professionals to pursue their individual dreams that add to the collective dreams, we formed a high-quality team. They currently coordinate projects in several locations in Brazil and collaborate with the education offered by IP\u00ca.<\/span><span data-ccp-props=\"{}\">\u00a0<\/span><\/p><p><span data-contrast=\"auto\">Education at IP\u00ca was institutionalized and strengthened over time after the creation of the School of Environmental Conservation and Sustainability\u202f(ESCAS). ESCAS offers short courses on various topics that emerge as necessary, such as carbon, environmental education, statistics for conservation, among others. A major breakthrough was the launch of the professional master&#8217;s degree approved by CAPES, which has already produced more than 220 master&#8217;s graduates and 64 are on the way to graduation. ESCAS also created a specialization program with FIA-USP that emphasizes the importance of sustainability in the corporate world.<\/span><span data-ccp-props=\"{}\">\u00a0<\/span><\/p><p><b><span data-contrast=\"auto\">Why so much effort in education?<\/span><\/b><span data-ccp-props=\"{}\">\u00a0<\/span><\/p><p><span data-contrast=\"auto\">A country with megadiversity like Brazil needs competent and well-prepared professionals to protect its immense natural wealth. This was the guiding idea behind ESCAS, based on the needs and opportunities to invite high-level researchers to share teachings and new ideas, often bold, but which seek to integrate science, traditional knowledge and application with practices that help improve the protection of species, habitats, educational programs, and even policies related to socio-environmental issues.<\/span><span data-ccp-props=\"{}\">\u00a0<\/span><\/p><p><span data-contrast=\"auto\">We, human beings, are degrading the environment and it is up to us to do something different! Prepared and, above all, engaged professionals help to awaken people&#8217;s interest, each in their own area of knowledge, to do better to create solutions that are capable of facing current challenges.<\/span><span data-ccp-props=\"{}\">\u00a0<\/span><\/p><p><b><span data-contrast=\"auto\">How does the education offered by ESCAS \u2013 IP\u00ca stand out?<\/span><\/b><span data-ccp-props=\"{}\">\u00a0<\/span><\/p><p><span data-contrast=\"auto\">One characteristic of what IP\u00ca has always advocated is that theory and practice go hand in hand. It is no coincidence that the ESCAS master&#8217;s degree is professional, that is, the learning is to be applied and the theories serve as a basis for the actions to be implemented.<\/span><span data-ccp-props=\"{}\">\u00a0<\/span><\/p><p><span data-contrast=\"auto\">Another characteristic is the integration of fields of knowledge. Interdisciplinarity is key to meeting the real-world needs of conservation and sustainability. As a result, social, environmental and economic aspects become inseparable, with varying scales of intensity depending on the contexts of the work carried out by students.<\/span><span data-ccp-props=\"{}\">\u00a0<\/span><\/p><p><span data-contrast=\"auto\">Interdisciplinarity is another aspect encouraged by ESCAS \u2013 IP\u00ca. With very different backgrounds, the selected students may come from fields related to ecology itself, but many have graduated from different areas. This wealth of previous experiences ensures a richness in the course of the classes as well. The vision is broadened and the experiences become plural.<\/span><span data-ccp-props=\"{}\">\u00a0<\/span><\/p><p><span data-contrast=\"auto\">With this understanding, IP\u00ca never stops learning and modernizing. We learn constantly and teach with the same goal of improving the actions and effectiveness of what we do. Therefore, learning will always be an integral part of the Institute and its projects. By counting on IP\u00ca project coordinators as teachers, ESCAS learns and teaches continuously and adapts to new realities and needs.<\/span><span data-ccp-props=\"{}\">\u00a0<\/span><\/p><p><span data-contrast=\"auto\">When asked why we care about excellence in education at the same time as in the projects we conduct, our answer is that we want to improve Brazil and the world, and help save biodiversity and contribute to improving the living conditions of people who often find themselves isolated and without the chance to reach new perspectives. And in this vision, students are seeds of \u201cip\u00eas\u201d that we have the chance to spread throughout Brazil and the world.<\/span><span data-ccp-props=\"{}\">\u00a0<\/span><\/p><p><span data-contrast=\"auto\">Suzana Padua, IP\u00ca\u2019s founder and president<\/span><span data-ccp-props=\"{}\">\u00a0<\/span><\/p>\t\t\t\t\t\t<\/div>\n\t\t\t\t<\/div>\n\t\t\t\t\t<\/div>\n\t\t<\/div>\n\t\t\t\t\t<\/div>\n\t\t<\/section>\n\t\t\t\t<\/div>\n\t\t","protected":false},"excerpt":{"rendered":"<p>Letter from Suzana Padua Education as a means of socio-environmental transformation in a megadiverse country\u00a0 Community engagement and environmental education are essential parts of our projects and have often ensured the longevity of biodiversity conservation initiatives in various parts of the country, as stated in this activity report. The path that IP\u00ca has followed to &#8230; <a title=\"Letter from Suzana Padua\" class=\"read-more\" href=\"https:\/\/ipe.org.br\/en\/letter-from-suzana-padua\/\" aria-label=\"Read more about Letter from Suzana Padua\">Read more<\/a><\/p>\n","protected":false},"author":19,"featured_media":0,"parent":0,"menu_order":0,"comment_status":"closed","ping_status":"closed","template":"elementor_header_footer","meta":{"_acf_changed":false,"footnotes":""},"class_list":["post-18588","page","type-page","status-publish"],"acf":[],"yoast_head":"<!-- This site is optimized with the Yoast SEO plugin v23.0 - https:\/\/yoast.com\/wordpress\/plugins\/seo\/ -->\n<title>Letter from Suzana Padua - IP\u00ca - Instituto de Pesquisas Ecol\u00f3gicas<\/title>\n<meta name=\"robots\" content=\"index, follow, max-snippet:-1, max-image-preview:large, max-video-preview:-1\" \/>\n<link rel=\"canonical\" href=\"https:\/\/ipe.org.br\/en\/letter-from-suzana-padua\/\" \/>\n<meta property=\"og:locale\" content=\"en_US\" \/>\n<meta property=\"og:type\" content=\"article\" \/>\n<meta property=\"og:title\" content=\"Letter from Suzana Padua - IP\u00ca - Instituto de Pesquisas Ecol\u00f3gicas\" \/>\n<meta property=\"og:description\" content=\"Letter from Suzana Padua Education as a means of socio-environmental transformation in a megadiverse country\u00a0 Community engagement and environmental education are essential parts of our projects and have often ensured the longevity of biodiversity conservation initiatives in various parts of the country, as stated in this activity report. The path that IP\u00ca has followed to ... Read more\" \/>\n<meta property=\"og:url\" content=\"https:\/\/ipe.org.br\/en\/letter-from-suzana-padua\/\" \/>\n<meta property=\"og:site_name\" content=\"IP\u00ca - Instituto de Pesquisas Ecol\u00f3gicas\" \/>\n<meta property=\"article:publisher\" content=\"https:\/\/www.facebook.com\/ipe.instituto.pesquisas.ecologicas\" \/>\n<meta property=\"article:modified_time\" content=\"2025-06-06T20:03:04+00:00\" \/>\n<meta property=\"og:image\" content=\"https:\/\/ipe.org.br\/images\/2022\/12\/cropped-logo-ipe2.jpg\" \/>\n\t<meta property=\"og:image:width\" content=\"900\" \/>\n\t<meta property=\"og:image:height\" content=\"900\" \/>\n\t<meta property=\"og:image:type\" content=\"image\/jpeg\" \/>\n<meta name=\"twitter:card\" content=\"summary_large_image\" \/>\n<meta name=\"twitter:site\" content=\"@InstitutoIPE\" \/>\n<meta name=\"twitter:label1\" content=\"Est. reading time\" \/>\n\t<meta name=\"twitter:data1\" content=\"4 minutes\" \/>\n<script type=\"application\/ld+json\" class=\"yoast-schema-graph\">{\"@context\":\"https:\/\/schema.org\",\"@graph\":[{\"@type\":\"WebPage\",\"@id\":\"https:\/\/ipe.org.br\/en\/letter-from-suzana-padua\/\",\"url\":\"https:\/\/ipe.org.br\/en\/letter-from-suzana-padua\/\",\"name\":\"Letter from Suzana Padua - IP\u00ca - Instituto de Pesquisas Ecol\u00f3gicas\",\"isPartOf\":{\"@id\":\"https:\/\/ipe.org.br\/#website\"},\"datePublished\":\"2025-05-22T14:00:48+00:00\",\"dateModified\":\"2025-06-06T20:03:04+00:00\",\"breadcrumb\":{\"@id\":\"https:\/\/ipe.org.br\/en\/letter-from-suzana-padua\/#breadcrumb\"},\"inLanguage\":\"en-US\",\"potentialAction\":[{\"@type\":\"ReadAction\",\"target\":[\"https:\/\/ipe.org.br\/en\/letter-from-suzana-padua\/\"]}]},{\"@type\":\"BreadcrumbList\",\"@id\":\"https:\/\/ipe.org.br\/en\/letter-from-suzana-padua\/#breadcrumb\",\"itemListElement\":[{\"@type\":\"ListItem\",\"position\":1,\"name\":\"In\u00edcio\",\"item\":\"https:\/\/ipe.org.br\/en\/home-2\/\"},{\"@type\":\"ListItem\",\"position\":2,\"name\":\"Letter from Suzana Padua\"}]},{\"@type\":\"WebSite\",\"@id\":\"https:\/\/ipe.org.br\/#website\",\"url\":\"https:\/\/ipe.org.br\/\",\"name\":\"IP\u00ca - Instituto de Pesquisas Ecol\u00f3gicas\",\"description\":\"Pesquisa, Educa\u00e7\u00e3o e Neg\u00f3cios Sustent\u00e1veis para a conserva\u00e7\u00e3o da biodiversidade brasileira.\",\"publisher\":{\"@id\":\"https:\/\/ipe.org.br\/#organization\"},\"potentialAction\":[{\"@type\":\"SearchAction\",\"target\":{\"@type\":\"EntryPoint\",\"urlTemplate\":\"https:\/\/ipe.org.br\/?s={search_term_string}\"},\"query-input\":\"required name=search_term_string\"}],\"inLanguage\":\"en-US\"},{\"@type\":\"Organization\",\"@id\":\"https:\/\/ipe.org.br\/#organization\",\"name\":\"IP\u00ca - Instituto te Pesquisas Ecol\u00f3gicas\",\"alternateName\":\"IP\u00ca - Instituto te Pesquisas Ecol\u00f3gicas\",\"url\":\"https:\/\/ipe.org.br\/\",\"logo\":{\"@type\":\"ImageObject\",\"inLanguage\":\"en-US\",\"@id\":\"https:\/\/ipe.org.br\/#\/schema\/logo\/image\/\",\"url\":\"https:\/\/ipe.org.br\/images\/2022\/12\/cropped-logo-ipe2.jpg\",\"contentUrl\":\"https:\/\/ipe.org.br\/images\/2022\/12\/cropped-logo-ipe2.jpg\",\"width\":900,\"height\":900,\"caption\":\"IP\u00ca - Instituto te Pesquisas Ecol\u00f3gicas\"},\"image\":{\"@id\":\"https:\/\/ipe.org.br\/#\/schema\/logo\/image\/\"},\"sameAs\":[\"https:\/\/www.facebook.com\/ipe.instituto.pesquisas.ecologicas\",\"https:\/\/x.com\/InstitutoIPE\",\"https:\/\/www.instagram.com\/institutoipe\/\",\"https:\/\/www.linkedin.com\/company\/ip---instituto-de-pesquisas-ecolgicas\",\"https:\/\/www.youtube.com\/channel\/UCxsLeAueuL-eMIJy6qif9_g\/videos\"]}]}<\/script>\n<!-- \/ Yoast SEO plugin. -->","yoast_head_json":{"title":"Letter from Suzana Padua - IP\u00ca - Instituto de Pesquisas Ecol\u00f3gicas","robots":{"index":"index","follow":"follow","max-snippet":"max-snippet:-1","max-image-preview":"max-image-preview:large","max-video-preview":"max-video-preview:-1"},"canonical":"https:\/\/ipe.org.br\/en\/letter-from-suzana-padua\/","og_locale":"en_US","og_type":"article","og_title":"Letter from Suzana Padua - IP\u00ca - Instituto de Pesquisas Ecol\u00f3gicas","og_description":"Letter from Suzana Padua Education as a means of socio-environmental transformation in a megadiverse country\u00a0 Community engagement and environmental education are essential parts of our projects and have often ensured the longevity of biodiversity conservation initiatives in various parts of the country, as stated in this activity report. The path that IP\u00ca has followed to ... Read more","og_url":"https:\/\/ipe.org.br\/en\/letter-from-suzana-padua\/","og_site_name":"IP\u00ca - Instituto de Pesquisas Ecol\u00f3gicas","article_publisher":"https:\/\/www.facebook.com\/ipe.instituto.pesquisas.ecologicas","article_modified_time":"2025-06-06T20:03:04+00:00","og_image":[{"width":900,"height":900,"url":"https:\/\/ipe.org.br\/images\/2022\/12\/cropped-logo-ipe2.jpg","type":"image\/jpeg"}],"twitter_card":"summary_large_image","twitter_site":"@InstitutoIPE","twitter_misc":{"Est. reading time":"4 minutes"},"schema":{"@context":"https:\/\/schema.org","@graph":[{"@type":"WebPage","@id":"https:\/\/ipe.org.br\/en\/letter-from-suzana-padua\/","url":"https:\/\/ipe.org.br\/en\/letter-from-suzana-padua\/","name":"Letter from Suzana Padua - IP\u00ca - Instituto de Pesquisas Ecol\u00f3gicas","isPartOf":{"@id":"https:\/\/ipe.org.br\/#website"},"datePublished":"2025-05-22T14:00:48+00:00","dateModified":"2025-06-06T20:03:04+00:00","breadcrumb":{"@id":"https:\/\/ipe.org.br\/en\/letter-from-suzana-padua\/#breadcrumb"},"inLanguage":"en-US","potentialAction":[{"@type":"ReadAction","target":["https:\/\/ipe.org.br\/en\/letter-from-suzana-padua\/"]}]},{"@type":"BreadcrumbList","@id":"https:\/\/ipe.org.br\/en\/letter-from-suzana-padua\/#breadcrumb","itemListElement":[{"@type":"ListItem","position":1,"name":"In\u00edcio","item":"https:\/\/ipe.org.br\/en\/home-2\/"},{"@type":"ListItem","position":2,"name":"Letter from Suzana Padua"}]},{"@type":"WebSite","@id":"https:\/\/ipe.org.br\/#website","url":"https:\/\/ipe.org.br\/","name":"IP\u00ca - Instituto de Pesquisas Ecol\u00f3gicas","description":"Pesquisa, Educa\u00e7\u00e3o e Neg\u00f3cios Sustent\u00e1veis para a conserva\u00e7\u00e3o da biodiversidade brasileira.","publisher":{"@id":"https:\/\/ipe.org.br\/#organization"},"potentialAction":[{"@type":"SearchAction","target":{"@type":"EntryPoint","urlTemplate":"https:\/\/ipe.org.br\/?s={search_term_string}"},"query-input":"required name=search_term_string"}],"inLanguage":"en-US"},{"@type":"Organization","@id":"https:\/\/ipe.org.br\/#organization","name":"IP\u00ca - Instituto te Pesquisas Ecol\u00f3gicas","alternateName":"IP\u00ca - Instituto te Pesquisas Ecol\u00f3gicas","url":"https:\/\/ipe.org.br\/","logo":{"@type":"ImageObject","inLanguage":"en-US","@id":"https:\/\/ipe.org.br\/#\/schema\/logo\/image\/","url":"https:\/\/ipe.org.br\/images\/2022\/12\/cropped-logo-ipe2.jpg","contentUrl":"https:\/\/ipe.org.br\/images\/2022\/12\/cropped-logo-ipe2.jpg","width":900,"height":900,"caption":"IP\u00ca - Instituto te Pesquisas Ecol\u00f3gicas"},"image":{"@id":"https:\/\/ipe.org.br\/#\/schema\/logo\/image\/"},"sameAs":["https:\/\/www.facebook.com\/ipe.instituto.pesquisas.ecologicas","https:\/\/x.com\/InstitutoIPE","https:\/\/www.instagram.com\/institutoipe\/","https:\/\/www.linkedin.com\/company\/ip---instituto-de-pesquisas-ecolgicas","https:\/\/www.youtube.com\/channel\/UCxsLeAueuL-eMIJy6qif9_g\/videos"]}]}},"_links":{"self":[{"href":"https:\/\/ipe.org.br\/en\/wp-json\/wp\/v2\/pages\/18588","targetHints":{"allow":["GET"]}}],"collection":[{"href":"https:\/\/ipe.org.br\/en\/wp-json\/wp\/v2\/pages"}],"about":[{"href":"https:\/\/ipe.org.br\/en\/wp-json\/wp\/v2\/types\/page"}],"author":[{"embeddable":true,"href":"https:\/\/ipe.org.br\/en\/wp-json\/wp\/v2\/users\/19"}],"replies":[{"embeddable":true,"href":"https:\/\/ipe.org.br\/en\/wp-json\/wp\/v2\/comments?post=18588"}],"version-history":[{"count":4,"href":"https:\/\/ipe.org.br\/en\/wp-json\/wp\/v2\/pages\/18588\/revisions"}],"predecessor-version":[{"id":18592,"href":"https:\/\/ipe.org.br\/en\/wp-json\/wp\/v2\/pages\/18588\/revisions\/18592"}],"wp:attachment":[{"href":"https:\/\/ipe.org.br\/en\/wp-json\/wp\/v2\/media?parent=18588"}],"curies":[{"name":"wp","href":"https:\/\/api.w.org\/{rel}","templated":true}]}}