{"id":18583,"date":"2025-05-22T10:13:48","date_gmt":"2025-05-22T13:13:48","guid":{"rendered":"https:\/\/ipe.org.br\/ipe-contribution\/"},"modified":"2025-06-06T16:52:32","modified_gmt":"2025-06-06T19:52:32","slug":"ipe-contribution","status":"publish","type":"page","link":"https:\/\/ipe.org.br\/en\/ipe-contribution\/","title":{"rendered":"IPE contribution"},"content":{"rendered":"\t\t<div data-elementor-type=\"wp-page\" data-elementor-id=\"18583\" class=\"elementor elementor-18583 elementor-18313\" data-elementor-post-type=\"page\">\n\t\t\t\t\t\t<section class=\"has_ma_el_bg_slider elementor-section elementor-top-section elementor-element elementor-element-f5fc10e elementor-section-height-min-height elementor-section-boxed elementor-section-height-default elementor-section-items-middle jltma-glass-effect-no\" data-id=\"f5fc10e\" data-element_type=\"section\" data-settings=\"{&quot;background_background&quot;:&quot;classic&quot;}\">\n\t\t\t\t\t\t<div class=\"elementor-container elementor-column-gap-default\">\n\t\t\t\t\t<div class=\"has_ma_el_bg_slider elementor-column elementor-col-100 elementor-top-column elementor-element elementor-element-4c94a3f jltma-glass-effect-no\" data-id=\"4c94a3f\" data-element_type=\"column\">\n\t\t\t<div class=\"elementor-widget-wrap elementor-element-populated\">\n\t\t\t\t\t\t<div class=\"elementor-element elementor-element-585e4c5 jltma-glass-effect-no elementor-widget elementor-widget-heading\" data-id=\"585e4c5\" data-element_type=\"widget\" data-widget_type=\"heading.default\">\n\t\t\t\t<div class=\"elementor-widget-container\">\n\t\t\t<h2 class=\"elementor-heading-title elementor-size-default\">IP\u00ca contributes more than 70% of global biodiversity targets<\/h2>\t\t<\/div>\n\t\t\t\t<\/div>\n\t\t\t\t<div class=\"elementor-element elementor-element-4ae83be elementor-widget__width-initial jltma-glass-effect-no elementor-invisible elementor-widget elementor-widget-text-editor\" data-id=\"4ae83be\" data-element_type=\"widget\" data-settings=\"{&quot;_animation&quot;:&quot;fadeIn&quot;}\" data-widget_type=\"text-editor.default\">\n\t\t\t\t<div class=\"elementor-widget-container\">\n\t\t\t\t\t\t\t<p><style>\na{color:#34a853}<br\/><\/style><\/p><p><span data-contrast=\"auto\">In 2022, during the COP15 on Biodiversity, leaders from 196 countries agreed to establish 23 goals for the protection of global biodiversity. This is the world&#8217;s current attempt to curb the loss of biodiversity on the planet, which has only been increasing for decades.<\/span><span data-ccp-props=\"{}\">\u00a0<\/span><\/p><p><span data-contrast=\"auto\">IP\u00ca&#8217;s actions directly contribute to the achievement of most of these goals and are in addition to other actions in favor of global objectives, whether from other civil society organizations (CSOs), government initiatives, businesses or academia. Of the 23 global biodiversity goals, IP\u00ca contributes to 17, more than 70%, within a range of 20 projects. In addition, the Institute contributed to the construction of the National Strategy and Action Plan for Biodiversity in Brazil (EPANBs), an instrument necessary to implement actions to achieve these goals, and has been supporting its implementation and development.<\/span><span data-ccp-props=\"{}\">\u00a0<\/span><\/p><p><span data-contrast=\"auto\">Below we highlight some of the global biodiversity targets and the projects that contribute to their achievement.<\/span><span data-ccp-props=\"{}\">\u00a0<\/span><\/p><p><span data-contrast=\"auto\">Participatory planning to strengthen sustainable livestock farming in the Pantanal and identify gaps in the sustainable management of the biome together with local stakeholders, carried out by Pontes Pantaneiras, is one of the activities that contribute to <\/span><b><span data-contrast=\"auto\">target 1, which focuses on ensuring that all areas are under participatory spatial planning and integrated with biodiversity and\/or effective management processes that address changes in land and sea use.<\/span><\/b><span data-contrast=\"auto\"> The target aims to reduce the loss of areas of high importance for biodiversity, such as ecosystems of high ecological integrity, to almost zero by 2030, respecting the rights of indigenous peoples and local communities.<\/span><span data-ccp-props=\"{}\">\u00a0<\/span><\/p><p><span data-contrast=\"auto\">This goal also includes forest restoration actions and the implementation of productive systems for the connectivity of fragments of high ecological relevance, based on the planning of rural properties and priority areas for conservation, such as the projects in the Cantareira System and the participatory planning of rural properties in the South of Bahia and Pontal do Paranapanema. The same occurs in the actions we have performed with more than 100 rural producers settled in Esp\u00edrito Santo state. This participatory planning in the construction of conservation solutions is, in fact, a premise of all IP\u00ca projects that aim to conserve territories through a forest management or rural production approach.<\/span><span data-ccp-props=\"{}\">\u00a0<\/span><\/p><p><span data-contrast=\"auto\">The projects also connect to <\/span><b><span data-contrast=\"auto\">goal 2: \u201cEnsure that, by 2030, at least 30% of the areas of degraded terrestrial ecosystems, inland, coastal and marine waters are under effective restoration, in order to promote biodiversity, ecosystem functions and services, ecological integrity and connectivity\u201d<\/span><\/b><span data-contrast=\"auto\">. In the Cantareira System region, 500 hectares of restoration have already been established, in Esp\u00edrito Santo, 600 hectares. In the south of Bahia, we have already carried out forest restoration and implemented sustainable production systems in 510 hectares and in Pontal do Paranapanema, where we have been operating for over 30 years, more than 5,100 hectares have already been restored, reaching 10 million trees planted in the Atlantic Forest.<\/span><span data-ccp-props=\"{}\">\u00a0<\/span><\/p><p><b><span data-contrast=\"auto\">30&#215;30 Goal<\/span><\/b><span data-ccp-props=\"{}\">\u00a0<\/span><\/p><p><span data-contrast=\"auto\">The restoration and management actions carried out also contribute to the most prominent goal in the COP15 agreement, dubbed 30\u00d730 <\/span><b><span data-contrast=\"auto\">(goal 3), which essentially seeks to guarantee and enable that, by 2030, at least 30% of terrestrial areas, and 30% of inland, coastal and marine waters with particular importance for biodiversity are effectively conserved and managed through protected area systems (\u2026) recognizing and respecting the rights of indigenous peoples and local communities, including over their traditional territories.<\/span><\/b><span data-ccp-props=\"{}\">\u00a0<\/span><\/p><p><span data-contrast=\"auto\">Here we also highlight LIRA \u2013 Integrated Legacy of the Amazon Region, which generates a positive impact on 58 million hectares of 59 protected areas, including 30 conservation units and 29 indigenous lands, supporting projects and organizations in the Amazon territories, strengthening their populations and promoting local development. The same occurs with Participatory Biodiversity Monitoring, a project also developed in the Amazon for over 10 years, which has covered over 12 million hectares of 18 Conservation Units. In the Pantanal, Pontes Pantaneiras supports the improvement of the management effectiveness of the Pantanal Mato Grosso National Park, which covers approximately 135,000 hectares.<\/span><span data-ccp-props=\"{}\">\u00a0<\/span><\/p><p><b><span data-contrast=\"auto\">Wildlife research<\/span><\/b><span data-ccp-props=\"{}\">\u00a0<\/span><\/p><p><span data-contrast=\"auto\">IP\u00ca\u2019s scientific research work on fauna aims first and foremost to reduce the risk of extinction by maintaining and restoring genetic diversity within and among native populations. This work directly addresses <\/span><b><span data-contrast=\"auto\">goal 4, in which countries must take urgent management actions to halt the human-induced extinction of known threatened species and to recover and conserve threatened species.<\/span><\/b><span data-ccp-props=\"{}\">\u00a0<\/span><\/p><p><span data-contrast=\"auto\">We have already made significant progress in this regard, such as improving the threat category of the black lion tamarin and obtaining complete information on the ecology and behavior of the lowland tapir in almost all biomes, in addition to unprecedented information on the giant armadillo. Projects for the conservation of these species include <\/span><i><span data-contrast=\"auto\">in situ<\/span><\/i><span data-contrast=\"auto\"> and <\/span><i><span data-contrast=\"auto\">ex situ<\/span><\/i><span data-contrast=\"auto\"> conservation practices and sustainable management and contribute to minimizing conflicts between humans and wildlife for coexistence.<\/span><span data-ccp-props=\"{}\">\u00a0<\/span><\/p><p><b><span data-contrast=\"auto\">Climate action is also part of biodiversity conservation<\/span><\/b><span data-ccp-props=\"{}\">\u00a0<\/span><\/p><p><span data-contrast=\"auto\">Among the global goals established for biodiversity conservation is number <\/span><b><span data-contrast=\"auto\">8, to minimize the impact of climate change and ocean acidification on biodiversity and increase its resilience through mitigation, adaptation and disaster risk reduction actions, including nature-based solutions and\/or ecosystem-based approaches, while minimizing negative impacts and promoting the positive impacts of climate actions on biodiversity.<\/span><\/b><span data-ccp-props=\"{}\">\u00a0<\/span><\/p><p><span data-contrast=\"auto\">All IP\u00ca projects are connected to the climate issue, whether they involve forest restoration, support in the management of strategic territories for biodiversity or wildlife research. There are, however, actions aimed at combating and adapting to climate change, such as the Climate Landscapes project; the Climate Schools education initiative, which mobilizes public schools to teach based on a new moment in the life of the planet, the climate crisis; and the Volunteering in Integrated Fire Management, which collected information that facilitated the understanding of the contribution of civil society and volunteers to integrated fire management (prevention, fighting and other conservation actions), in a way that complements the efforts of the government; strengthening the approach of integrated fire management as a nature-based solution.<\/span><span data-ccp-props=\"{}\">\u00a0<\/span><\/p><p><span data-ccp-props=\"{}\">\u00a0<\/span><\/p><p><b><span data-contrast=\"auto\">Education as an instrument<\/span><\/b><span data-ccp-props=\"{}\">\u00a0<\/span><\/p><p><span data-contrast=\"auto\">The goal of CBD <\/span><b><span data-contrast=\"auto\">Goal 16 is to ensure that people are encouraged and empowered to make sustainable consumption choices, including establishing supportive policies, legislative or regulatory frameworks, improving education, and access to relevant and accurate information and alternatives.<\/span><\/b><span data-contrast=\"auto\"> In all IP\u00ca projects, education and sharing of information that contribute to this demand are essential to achieving the Institute&#8217;s conservation goals. At ESCAS &#8211; School of Environmental Conservation and Sustainability, training people as leaders in the field is the Institute&#8217;s greatest contribution to this goal.<\/span><span data-ccp-props=\"{}\">\u00a0<\/span><\/p>\t\t\t\t\t\t<\/div>\n\t\t\t\t<\/div>\n\t\t\t\t\t<\/div>\n\t\t<\/div>\n\t\t\t\t\t<\/div>\n\t\t<\/section>\n\t\t<div class=\"elementor-element elementor-element-7648dd6 e-flex e-con-boxed e-con e-parent\" data-id=\"7648dd6\" data-element_type=\"container\">\n\t\t\t\t\t<div class=\"e-con-inner\">\n\t\t\t\t\t<\/div>\n\t\t\t\t<\/div>\n\t\t\t\t<\/div>\n\t\t","protected":false},"excerpt":{"rendered":"<p>IP\u00ca contributes more than 70% of global biodiversity targets In 2022, during the COP15 on Biodiversity, leaders from 196 countries agreed to establish 23 goals for the protection of global biodiversity. This is the world&#8217;s current attempt to curb the loss of biodiversity on the planet, which has only been increasing for decades.\u00a0 IP\u00ca&#8217;s actions &#8230; <a title=\"IPE contribution\" class=\"read-more\" href=\"https:\/\/ipe.org.br\/en\/ipe-contribution\/\" aria-label=\"Read more about IPE contribution\">Read more<\/a><\/p>\n","protected":false},"author":19,"featured_media":0,"parent":0,"menu_order":0,"comment_status":"closed","ping_status":"closed","template":"elementor_header_footer","meta":{"_acf_changed":false,"footnotes":""},"class_list":["post-18583","page","type-page","status-publish"],"acf":[],"yoast_head":"<!-- This site is optimized with the Yoast SEO plugin v23.0 - https:\/\/yoast.com\/wordpress\/plugins\/seo\/ -->\n<title>IP\u00ca collaborates with targets to protect global biodiversity<\/title>\n<meta name=\"description\" content=\"IP\u00ca contributes more than 70% of the biodiversity targets that are the world&#039;s current attempt to protect global biodiversity.\" \/>\n<meta name=\"robots\" content=\"index, follow, max-snippet:-1, max-image-preview:large, max-video-preview:-1\" \/>\n<link rel=\"canonical\" href=\"https:\/\/ipe.org.br\/en\/ipe-contribution\/\" \/>\n<meta property=\"og:locale\" content=\"en_US\" \/>\n<meta property=\"og:type\" content=\"article\" \/>\n<meta property=\"og:title\" content=\"IP\u00ca collaborates with targets to protect global biodiversity\" \/>\n<meta property=\"og:description\" content=\"IP\u00ca contributes more than 70% of the biodiversity targets that are the world&#039;s current attempt to protect global biodiversity.\" \/>\n<meta property=\"og:url\" content=\"https:\/\/ipe.org.br\/en\/ipe-contribution\/\" \/>\n<meta property=\"og:site_name\" content=\"IP\u00ca - Instituto de Pesquisas Ecol\u00f3gicas\" \/>\n<meta property=\"article:publisher\" content=\"https:\/\/www.facebook.com\/ipe.instituto.pesquisas.ecologicas\" \/>\n<meta property=\"article:modified_time\" content=\"2025-06-06T19:52:32+00:00\" \/>\n<meta property=\"og:image\" content=\"https:\/\/ipe.org.br\/images\/2022\/12\/cropped-logo-ipe2.jpg\" \/>\n\t<meta property=\"og:image:width\" content=\"900\" \/>\n\t<meta property=\"og:image:height\" content=\"900\" \/>\n\t<meta property=\"og:image:type\" content=\"image\/jpeg\" \/>\n<meta name=\"twitter:card\" content=\"summary_large_image\" \/>\n<meta name=\"twitter:site\" content=\"@InstitutoIPE\" \/>\n<meta name=\"twitter:label1\" content=\"Est. reading time\" \/>\n\t<meta name=\"twitter:data1\" content=\"5 minutes\" \/>\n<script type=\"application\/ld+json\" class=\"yoast-schema-graph\">{\"@context\":\"https:\/\/schema.org\",\"@graph\":[{\"@type\":\"WebPage\",\"@id\":\"https:\/\/ipe.org.br\/en\/ipe-contribution\/\",\"url\":\"https:\/\/ipe.org.br\/en\/ipe-contribution\/\",\"name\":\"IP\u00ca collaborates with targets to protect global biodiversity\",\"isPartOf\":{\"@id\":\"https:\/\/ipe.org.br\/#website\"},\"datePublished\":\"2025-05-22T13:13:48+00:00\",\"dateModified\":\"2025-06-06T19:52:32+00:00\",\"description\":\"IP\u00ca contributes more than 70% of the biodiversity targets that are the world's current attempt to protect global biodiversity.\",\"breadcrumb\":{\"@id\":\"https:\/\/ipe.org.br\/en\/ipe-contribution\/#breadcrumb\"},\"inLanguage\":\"en-US\",\"potentialAction\":[{\"@type\":\"ReadAction\",\"target\":[\"https:\/\/ipe.org.br\/en\/ipe-contribution\/\"]}]},{\"@type\":\"BreadcrumbList\",\"@id\":\"https:\/\/ipe.org.br\/en\/ipe-contribution\/#breadcrumb\",\"itemListElement\":[{\"@type\":\"ListItem\",\"position\":1,\"name\":\"In\u00edcio\",\"item\":\"https:\/\/ipe.org.br\/en\/home-2\/\"},{\"@type\":\"ListItem\",\"position\":2,\"name\":\"IPE contribution\"}]},{\"@type\":\"WebSite\",\"@id\":\"https:\/\/ipe.org.br\/#website\",\"url\":\"https:\/\/ipe.org.br\/\",\"name\":\"IP\u00ca - Instituto de Pesquisas Ecol\u00f3gicas\",\"description\":\"Pesquisa, Educa\u00e7\u00e3o e Neg\u00f3cios Sustent\u00e1veis para a conserva\u00e7\u00e3o da biodiversidade brasileira.\",\"publisher\":{\"@id\":\"https:\/\/ipe.org.br\/#organization\"},\"potentialAction\":[{\"@type\":\"SearchAction\",\"target\":{\"@type\":\"EntryPoint\",\"urlTemplate\":\"https:\/\/ipe.org.br\/?s={search_term_string}\"},\"query-input\":\"required name=search_term_string\"}],\"inLanguage\":\"en-US\"},{\"@type\":\"Organization\",\"@id\":\"https:\/\/ipe.org.br\/#organization\",\"name\":\"IP\u00ca - Instituto te Pesquisas Ecol\u00f3gicas\",\"alternateName\":\"IP\u00ca - Instituto te Pesquisas Ecol\u00f3gicas\",\"url\":\"https:\/\/ipe.org.br\/\",\"logo\":{\"@type\":\"ImageObject\",\"inLanguage\":\"en-US\",\"@id\":\"https:\/\/ipe.org.br\/#\/schema\/logo\/image\/\",\"url\":\"https:\/\/ipe.org.br\/images\/2022\/12\/cropped-logo-ipe2.jpg\",\"contentUrl\":\"https:\/\/ipe.org.br\/images\/2022\/12\/cropped-logo-ipe2.jpg\",\"width\":900,\"height\":900,\"caption\":\"IP\u00ca - Instituto te Pesquisas Ecol\u00f3gicas\"},\"image\":{\"@id\":\"https:\/\/ipe.org.br\/#\/schema\/logo\/image\/\"},\"sameAs\":[\"https:\/\/www.facebook.com\/ipe.instituto.pesquisas.ecologicas\",\"https:\/\/x.com\/InstitutoIPE\",\"https:\/\/www.instagram.com\/institutoipe\/\",\"https:\/\/www.linkedin.com\/company\/ip---instituto-de-pesquisas-ecolgicas\",\"https:\/\/www.youtube.com\/channel\/UCxsLeAueuL-eMIJy6qif9_g\/videos\"]}]}<\/script>\n<!-- \/ Yoast SEO plugin. -->","yoast_head_json":{"title":"IP\u00ca collaborates with targets to protect global biodiversity","description":"IP\u00ca contributes more than 70% of the biodiversity targets that are the world's current attempt to protect global biodiversity.","robots":{"index":"index","follow":"follow","max-snippet":"max-snippet:-1","max-image-preview":"max-image-preview:large","max-video-preview":"max-video-preview:-1"},"canonical":"https:\/\/ipe.org.br\/en\/ipe-contribution\/","og_locale":"en_US","og_type":"article","og_title":"IP\u00ca collaborates with targets to protect global biodiversity","og_description":"IP\u00ca contributes more than 70% of the biodiversity targets that are the world's current attempt to protect global biodiversity.","og_url":"https:\/\/ipe.org.br\/en\/ipe-contribution\/","og_site_name":"IP\u00ca - Instituto de Pesquisas Ecol\u00f3gicas","article_publisher":"https:\/\/www.facebook.com\/ipe.instituto.pesquisas.ecologicas","article_modified_time":"2025-06-06T19:52:32+00:00","og_image":[{"width":900,"height":900,"url":"https:\/\/ipe.org.br\/images\/2022\/12\/cropped-logo-ipe2.jpg","type":"image\/jpeg"}],"twitter_card":"summary_large_image","twitter_site":"@InstitutoIPE","twitter_misc":{"Est. reading time":"5 minutes"},"schema":{"@context":"https:\/\/schema.org","@graph":[{"@type":"WebPage","@id":"https:\/\/ipe.org.br\/en\/ipe-contribution\/","url":"https:\/\/ipe.org.br\/en\/ipe-contribution\/","name":"IP\u00ca collaborates with targets to protect global biodiversity","isPartOf":{"@id":"https:\/\/ipe.org.br\/#website"},"datePublished":"2025-05-22T13:13:48+00:00","dateModified":"2025-06-06T19:52:32+00:00","description":"IP\u00ca contributes more than 70% of the biodiversity targets that are the world's current attempt to protect global biodiversity.","breadcrumb":{"@id":"https:\/\/ipe.org.br\/en\/ipe-contribution\/#breadcrumb"},"inLanguage":"en-US","potentialAction":[{"@type":"ReadAction","target":["https:\/\/ipe.org.br\/en\/ipe-contribution\/"]}]},{"@type":"BreadcrumbList","@id":"https:\/\/ipe.org.br\/en\/ipe-contribution\/#breadcrumb","itemListElement":[{"@type":"ListItem","position":1,"name":"In\u00edcio","item":"https:\/\/ipe.org.br\/en\/home-2\/"},{"@type":"ListItem","position":2,"name":"IPE contribution"}]},{"@type":"WebSite","@id":"https:\/\/ipe.org.br\/#website","url":"https:\/\/ipe.org.br\/","name":"IP\u00ca - Instituto de Pesquisas Ecol\u00f3gicas","description":"Pesquisa, Educa\u00e7\u00e3o e Neg\u00f3cios Sustent\u00e1veis para a conserva\u00e7\u00e3o da biodiversidade brasileira.","publisher":{"@id":"https:\/\/ipe.org.br\/#organization"},"potentialAction":[{"@type":"SearchAction","target":{"@type":"EntryPoint","urlTemplate":"https:\/\/ipe.org.br\/?s={search_term_string}"},"query-input":"required name=search_term_string"}],"inLanguage":"en-US"},{"@type":"Organization","@id":"https:\/\/ipe.org.br\/#organization","name":"IP\u00ca - Instituto te Pesquisas Ecol\u00f3gicas","alternateName":"IP\u00ca - Instituto te Pesquisas Ecol\u00f3gicas","url":"https:\/\/ipe.org.br\/","logo":{"@type":"ImageObject","inLanguage":"en-US","@id":"https:\/\/ipe.org.br\/#\/schema\/logo\/image\/","url":"https:\/\/ipe.org.br\/images\/2022\/12\/cropped-logo-ipe2.jpg","contentUrl":"https:\/\/ipe.org.br\/images\/2022\/12\/cropped-logo-ipe2.jpg","width":900,"height":900,"caption":"IP\u00ca - Instituto te Pesquisas Ecol\u00f3gicas"},"image":{"@id":"https:\/\/ipe.org.br\/#\/schema\/logo\/image\/"},"sameAs":["https:\/\/www.facebook.com\/ipe.instituto.pesquisas.ecologicas","https:\/\/x.com\/InstitutoIPE","https:\/\/www.instagram.com\/institutoipe\/","https:\/\/www.linkedin.com\/company\/ip---instituto-de-pesquisas-ecolgicas","https:\/\/www.youtube.com\/channel\/UCxsLeAueuL-eMIJy6qif9_g\/videos"]}]}},"_links":{"self":[{"href":"https:\/\/ipe.org.br\/en\/wp-json\/wp\/v2\/pages\/18583","targetHints":{"allow":["GET"]}}],"collection":[{"href":"https:\/\/ipe.org.br\/en\/wp-json\/wp\/v2\/pages"}],"about":[{"href":"https:\/\/ipe.org.br\/en\/wp-json\/wp\/v2\/types\/page"}],"author":[{"embeddable":true,"href":"https:\/\/ipe.org.br\/en\/wp-json\/wp\/v2\/users\/19"}],"replies":[{"embeddable":true,"href":"https:\/\/ipe.org.br\/en\/wp-json\/wp\/v2\/comments?post=18583"}],"version-history":[{"count":4,"href":"https:\/\/ipe.org.br\/en\/wp-json\/wp\/v2\/pages\/18583\/revisions"}],"predecessor-version":[{"id":18587,"href":"https:\/\/ipe.org.br\/en\/wp-json\/wp\/v2\/pages\/18583\/revisions\/18587"}],"wp:attachment":[{"href":"https:\/\/ipe.org.br\/en\/wp-json\/wp\/v2\/media?parent=18583"}],"curies":[{"name":"wp","href":"https:\/\/api.w.org\/{rel}","templated":true}]}}