{"id":18306,"date":"2025-05-22T09:59:33","date_gmt":"2025-05-22T12:59:33","guid":{"rendered":"https:\/\/ipe.org.br\/eduardo-ditt-letter-2024\/"},"modified":"2025-06-06T17:13:01","modified_gmt":"2025-06-06T20:13:01","slug":"eduardo-ditt-letter-2024","status":"publish","type":"page","link":"https:\/\/ipe.org.br\/en\/eduardo-ditt-letter-2024\/","title":{"rendered":"Eduardo Ditt Letter 2024"},"content":{"rendered":"\t\t<div data-elementor-type=\"wp-page\" data-elementor-id=\"18306\" class=\"elementor elementor-18306 elementor-18301\" data-elementor-post-type=\"page\">\n\t\t\t\t\t\t<section class=\"has_ma_el_bg_slider elementor-section elementor-top-section elementor-element elementor-element-f5fc10e elementor-section-height-min-height elementor-section-boxed elementor-section-height-default elementor-section-items-middle jltma-glass-effect-no\" data-id=\"f5fc10e\" data-element_type=\"section\" data-settings=\"{&quot;background_background&quot;:&quot;classic&quot;}\">\n\t\t\t\t\t\t<div class=\"elementor-container elementor-column-gap-default\">\n\t\t\t\t\t<div class=\"has_ma_el_bg_slider elementor-column elementor-col-100 elementor-top-column elementor-element elementor-element-4c94a3f jltma-glass-effect-no\" data-id=\"4c94a3f\" data-element_type=\"column\">\n\t\t\t<div class=\"elementor-widget-wrap elementor-element-populated\">\n\t\t\t\t\t\t<div class=\"elementor-element elementor-element-585e4c5 jltma-glass-effect-no elementor-widget elementor-widget-heading\" data-id=\"585e4c5\" data-element_type=\"widget\" data-widget_type=\"heading.default\">\n\t\t\t\t<div class=\"elementor-widget-container\">\n\t\t\t<h2 class=\"elementor-heading-title elementor-size-default\">Letter from Eduardo Ditt<\/h2>\t\t<\/div>\n\t\t\t\t<\/div>\n\t\t\t\t<div class=\"elementor-element elementor-element-4ae83be jltma-glass-effect-no elementor-invisible elementor-widget elementor-widget-text-editor\" data-id=\"4ae83be\" data-element_type=\"widget\" data-settings=\"{&quot;_animation&quot;:&quot;fadeIn&quot;}\" data-widget_type=\"text-editor.default\">\n\t\t\t\t<div class=\"elementor-widget-container\">\n\t\t\t\t\t\t\t<p><style>\na{color:#34a853}<br\/><\/style><\/p><p><b><span data-contrast=\"auto\">\u00a0Dialogue <\/span><\/b><b><span data-contrast=\"auto\">and<\/span><\/b> <b><span data-contrast=\"auto\">collaborative<\/span><\/b> <b><span data-contrast=\"auto\">work<\/span><\/b> <b><span data-contrast=\"auto\">to<\/span><\/b> <b><span data-contrast=\"auto\">find<\/span><\/b> <b><span data-contrast=\"auto\">innovative<\/span><\/b> <b><span data-contrast=\"auto\">solutions<\/span><\/b><b><span data-contrast=\"auto\">&#8220;<\/span><\/b><span data-ccp-props=\"{}\">\u00a0<\/span><\/p><p><span data-contrast=\"auto\">Governance on our planet faces several crises, but climate change demands special attention. In 2024, we reached an alarming milestone: the average global temperature increased by 1.5\u00b0C compared to pre-industrial levels. The consequences are devastating on several fronts, especially for global biodiversity, which has accumulated losses, often irreversible.<\/span><span data-ccp-props=\"{}\">\u00a0<\/span><\/p><p><span data-contrast=\"auto\">To effectively address these challenges, our projects and our schools rely on dialogue as a central tool, with a broad network of stakeholders. This collaborative approach is one of our distinguishing features, allowing us to work together to find innovative and sustainable solutions.<\/span><span data-ccp-props=\"{}\">\u00a0<\/span><\/p><p><span data-contrast=\"auto\">This has helped us achieve unprecedented feats, such as the planting of 10 million trees in the Atlantic Forest in an action that brought together companies, farmers and rural settlers through the Corridors for Life project, in Pontal do Paranapanema region (S\u00e3o Paulo state) , which will be 25 years old in 2025.<\/span><span data-ccp-props=\"{}\">\u00a0<\/span><\/p><p><span data-contrast=\"auto\">Bringing people together to think about the future of the Amazon is another great achievement of IP\u00ca, since it began its activities in the Lower Rio Negro, also 25 years ago. There, we became another listening ear for the communities and a voice so that their issues could reach decision-makers. This resulted, for example, in the creation of the Puranga Conquista Sustainable Development Reserve, in Manaus, and today there are 17 communities that derive part of their livelihood from the sustainable use of the forest.<\/span><span data-ccp-props=\"{}\">\u00a0<\/span><\/p><p><span data-contrast=\"auto\">The socio-environmental challenges we currently face are severe and are related to several problems, including economic ones. Solutions to overcome them, therefore, must consider all factors. Thus, our projects do not simply work to conserve a species, but consider the whole, such as the climate issue, which has generated increasing concern worldwide; food security and income generation for families within fair and sustainable production and activity. Additionally, we seek to share knowledge and promote social participation in processes for the common good. For us, nature is a path to promote transformation and not just an end.<\/span><span data-ccp-props=\"{}\">\u00a0<\/span><\/p><p><span data-contrast=\"auto\">With this approach, we celebrated important milestones in 2024: our team reached 180 people, made up of professionals from different areas of knowledge; we improved our institutional capacity for performing projects and strengthening our governance and structure; we consolidated our work in Esp\u00edrito Santo state and Pantanal region, as well as our actions in the Far South of Bahia region; and we started projects at the Socio-Environmental Innovation Laboratory.<\/span><span data-ccp-props=\"{}\">\u00a0<\/span><\/p><p><span data-contrast=\"auto\">The results of this report show another year of hard work, but that&#8217;s not all. They carry within them a long history based on this essence of understanding the process in which we are inserted, the complexities of wildlife, forests and human beings. Here it is also possible to understand our next steps, the future we still want to build and that we want you to continue following and being a part of.<\/span><span data-ccp-props=\"{}\">\u00a0<\/span><\/p><p><span data-contrast=\"auto\">Enjoy your reading!<\/span><span data-ccp-props=\"{}\">\u00a0<\/span><\/p><p><b><span data-contrast=\"auto\">Eduardo Ditt<\/span><\/b><b><span data-contrast=\"auto\">, <\/span><\/b><b><span data-contrast=\"auto\">IP\u00ca\u2019s<\/span><\/b> <b><span data-contrast=\"auto\">executive<\/span><\/b> <b><span data-contrast=\"auto\">director<\/span><\/b><b><span data-contrast=\"auto\">.<\/span><\/b><span data-ccp-props=\"{}\">\u00a0<\/span><\/p>\t\t\t\t\t\t<\/div>\n\t\t\t\t<\/div>\n\t\t\t\t\t<\/div>\n\t\t<\/div>\n\t\t\t\t\t<\/div>\n\t\t<\/section>\n\t\t\t\t<\/div>\n\t\t","protected":false},"excerpt":{"rendered":"<p>Letter from Eduardo Ditt \u00a0Dialogue and collaborative work to find innovative solutions&#8220;\u00a0 Governance on our planet faces several crises, but climate change demands special attention. In 2024, we reached an alarming milestone: the average global temperature increased by 1.5\u00b0C compared to pre-industrial levels. The consequences are devastating on several fronts, especially for global biodiversity, which &#8230; <a title=\"Eduardo Ditt Letter 2024\" class=\"read-more\" href=\"https:\/\/ipe.org.br\/en\/eduardo-ditt-letter-2024\/\" aria-label=\"Read more about Eduardo Ditt Letter 2024\">Read more<\/a><\/p>\n","protected":false},"author":19,"featured_media":0,"parent":0,"menu_order":0,"comment_status":"closed","ping_status":"closed","template":"elementor_header_footer","meta":{"_acf_changed":false,"footnotes":""},"class_list":["post-18306","page","type-page","status-publish"],"acf":[],"yoast_head":"<!-- This site is optimized with the Yoast SEO plugin v23.0 - https:\/\/yoast.com\/wordpress\/plugins\/seo\/ -->\n<title>Eduardo Ditt Letter 2024 - IP\u00ca - Instituto de Pesquisas Ecol\u00f3gicas<\/title>\n<meta name=\"robots\" content=\"index, follow, max-snippet:-1, max-image-preview:large, max-video-preview:-1\" \/>\n<link rel=\"canonical\" href=\"https:\/\/ipe.org.br\/en\/eduardo-ditt-letter-2024\/\" \/>\n<meta property=\"og:locale\" content=\"en_US\" \/>\n<meta property=\"og:type\" content=\"article\" \/>\n<meta property=\"og:title\" content=\"Eduardo Ditt Letter 2024 - IP\u00ca - Instituto de Pesquisas Ecol\u00f3gicas\" \/>\n<meta property=\"og:description\" content=\"Letter from Eduardo Ditt \u00a0Dialogue and collaborative work to find innovative solutions&#8220;\u00a0 Governance on our planet faces several crises, but climate change demands special attention. In 2024, we reached an alarming milestone: the average global temperature increased by 1.5\u00b0C compared to pre-industrial levels. The consequences are devastating on several fronts, especially for global biodiversity, which ... Read more\" \/>\n<meta property=\"og:url\" content=\"https:\/\/ipe.org.br\/en\/eduardo-ditt-letter-2024\/\" \/>\n<meta property=\"og:site_name\" content=\"IP\u00ca - Instituto de Pesquisas Ecol\u00f3gicas\" \/>\n<meta property=\"article:publisher\" content=\"https:\/\/www.facebook.com\/ipe.instituto.pesquisas.ecologicas\" \/>\n<meta property=\"article:modified_time\" content=\"2025-06-06T20:13:01+00:00\" \/>\n<meta property=\"og:image\" content=\"https:\/\/ipe.org.br\/images\/2022\/12\/cropped-logo-ipe2.jpg\" \/>\n\t<meta property=\"og:image:width\" content=\"900\" \/>\n\t<meta property=\"og:image:height\" content=\"900\" \/>\n\t<meta property=\"og:image:type\" content=\"image\/jpeg\" \/>\n<meta name=\"twitter:card\" content=\"summary_large_image\" \/>\n<meta name=\"twitter:site\" content=\"@InstitutoIPE\" \/>\n<meta name=\"twitter:label1\" content=\"Est. reading time\" \/>\n\t<meta name=\"twitter:data1\" content=\"3 minutes\" \/>\n<script type=\"application\/ld+json\" class=\"yoast-schema-graph\">{\"@context\":\"https:\/\/schema.org\",\"@graph\":[{\"@type\":\"WebPage\",\"@id\":\"https:\/\/ipe.org.br\/en\/eduardo-ditt-letter-2024\/\",\"url\":\"https:\/\/ipe.org.br\/en\/eduardo-ditt-letter-2024\/\",\"name\":\"Eduardo Ditt Letter 2024 - IP\u00ca - Instituto de Pesquisas Ecol\u00f3gicas\",\"isPartOf\":{\"@id\":\"https:\/\/ipe.org.br\/#website\"},\"datePublished\":\"2025-05-22T12:59:33+00:00\",\"dateModified\":\"2025-06-06T20:13:01+00:00\",\"breadcrumb\":{\"@id\":\"https:\/\/ipe.org.br\/en\/eduardo-ditt-letter-2024\/#breadcrumb\"},\"inLanguage\":\"en-US\",\"potentialAction\":[{\"@type\":\"ReadAction\",\"target\":[\"https:\/\/ipe.org.br\/en\/eduardo-ditt-letter-2024\/\"]}]},{\"@type\":\"BreadcrumbList\",\"@id\":\"https:\/\/ipe.org.br\/en\/eduardo-ditt-letter-2024\/#breadcrumb\",\"itemListElement\":[{\"@type\":\"ListItem\",\"position\":1,\"name\":\"In\u00edcio\",\"item\":\"https:\/\/ipe.org.br\/en\/home-2\/\"},{\"@type\":\"ListItem\",\"position\":2,\"name\":\"Eduardo Ditt Letter 2024\"}]},{\"@type\":\"WebSite\",\"@id\":\"https:\/\/ipe.org.br\/#website\",\"url\":\"https:\/\/ipe.org.br\/\",\"name\":\"IP\u00ca - Instituto de Pesquisas Ecol\u00f3gicas\",\"description\":\"Pesquisa, Educa\u00e7\u00e3o e Neg\u00f3cios Sustent\u00e1veis para a conserva\u00e7\u00e3o da biodiversidade brasileira.\",\"publisher\":{\"@id\":\"https:\/\/ipe.org.br\/#organization\"},\"potentialAction\":[{\"@type\":\"SearchAction\",\"target\":{\"@type\":\"EntryPoint\",\"urlTemplate\":\"https:\/\/ipe.org.br\/?s={search_term_string}\"},\"query-input\":\"required name=search_term_string\"}],\"inLanguage\":\"en-US\"},{\"@type\":\"Organization\",\"@id\":\"https:\/\/ipe.org.br\/#organization\",\"name\":\"IP\u00ca - Instituto te Pesquisas Ecol\u00f3gicas\",\"alternateName\":\"IP\u00ca - Instituto te Pesquisas Ecol\u00f3gicas\",\"url\":\"https:\/\/ipe.org.br\/\",\"logo\":{\"@type\":\"ImageObject\",\"inLanguage\":\"en-US\",\"@id\":\"https:\/\/ipe.org.br\/#\/schema\/logo\/image\/\",\"url\":\"https:\/\/ipe.org.br\/images\/2022\/12\/cropped-logo-ipe2.jpg\",\"contentUrl\":\"https:\/\/ipe.org.br\/images\/2022\/12\/cropped-logo-ipe2.jpg\",\"width\":900,\"height\":900,\"caption\":\"IP\u00ca - Instituto te Pesquisas Ecol\u00f3gicas\"},\"image\":{\"@id\":\"https:\/\/ipe.org.br\/#\/schema\/logo\/image\/\"},\"sameAs\":[\"https:\/\/www.facebook.com\/ipe.instituto.pesquisas.ecologicas\",\"https:\/\/x.com\/InstitutoIPE\",\"https:\/\/www.instagram.com\/institutoipe\/\",\"https:\/\/www.linkedin.com\/company\/ip---instituto-de-pesquisas-ecolgicas\",\"https:\/\/www.youtube.com\/channel\/UCxsLeAueuL-eMIJy6qif9_g\/videos\"]}]}<\/script>\n<!-- \/ Yoast SEO plugin. -->","yoast_head_json":{"title":"Eduardo Ditt Letter 2024 - IP\u00ca - Instituto de Pesquisas Ecol\u00f3gicas","robots":{"index":"index","follow":"follow","max-snippet":"max-snippet:-1","max-image-preview":"max-image-preview:large","max-video-preview":"max-video-preview:-1"},"canonical":"https:\/\/ipe.org.br\/en\/eduardo-ditt-letter-2024\/","og_locale":"en_US","og_type":"article","og_title":"Eduardo Ditt Letter 2024 - IP\u00ca - Instituto de Pesquisas Ecol\u00f3gicas","og_description":"Letter from Eduardo Ditt \u00a0Dialogue and collaborative work to find innovative solutions&#8220;\u00a0 Governance on our planet faces several crises, but climate change demands special attention. In 2024, we reached an alarming milestone: the average global temperature increased by 1.5\u00b0C compared to pre-industrial levels. The consequences are devastating on several fronts, especially for global biodiversity, which ... Read more","og_url":"https:\/\/ipe.org.br\/en\/eduardo-ditt-letter-2024\/","og_site_name":"IP\u00ca - Instituto de Pesquisas Ecol\u00f3gicas","article_publisher":"https:\/\/www.facebook.com\/ipe.instituto.pesquisas.ecologicas","article_modified_time":"2025-06-06T20:13:01+00:00","og_image":[{"width":900,"height":900,"url":"https:\/\/ipe.org.br\/images\/2022\/12\/cropped-logo-ipe2.jpg","type":"image\/jpeg"}],"twitter_card":"summary_large_image","twitter_site":"@InstitutoIPE","twitter_misc":{"Est. reading time":"3 minutes"},"schema":{"@context":"https:\/\/schema.org","@graph":[{"@type":"WebPage","@id":"https:\/\/ipe.org.br\/en\/eduardo-ditt-letter-2024\/","url":"https:\/\/ipe.org.br\/en\/eduardo-ditt-letter-2024\/","name":"Eduardo Ditt Letter 2024 - IP\u00ca - Instituto de Pesquisas Ecol\u00f3gicas","isPartOf":{"@id":"https:\/\/ipe.org.br\/#website"},"datePublished":"2025-05-22T12:59:33+00:00","dateModified":"2025-06-06T20:13:01+00:00","breadcrumb":{"@id":"https:\/\/ipe.org.br\/en\/eduardo-ditt-letter-2024\/#breadcrumb"},"inLanguage":"en-US","potentialAction":[{"@type":"ReadAction","target":["https:\/\/ipe.org.br\/en\/eduardo-ditt-letter-2024\/"]}]},{"@type":"BreadcrumbList","@id":"https:\/\/ipe.org.br\/en\/eduardo-ditt-letter-2024\/#breadcrumb","itemListElement":[{"@type":"ListItem","position":1,"name":"In\u00edcio","item":"https:\/\/ipe.org.br\/en\/home-2\/"},{"@type":"ListItem","position":2,"name":"Eduardo Ditt Letter 2024"}]},{"@type":"WebSite","@id":"https:\/\/ipe.org.br\/#website","url":"https:\/\/ipe.org.br\/","name":"IP\u00ca - Instituto de Pesquisas Ecol\u00f3gicas","description":"Pesquisa, Educa\u00e7\u00e3o e Neg\u00f3cios Sustent\u00e1veis para a conserva\u00e7\u00e3o da biodiversidade brasileira.","publisher":{"@id":"https:\/\/ipe.org.br\/#organization"},"potentialAction":[{"@type":"SearchAction","target":{"@type":"EntryPoint","urlTemplate":"https:\/\/ipe.org.br\/?s={search_term_string}"},"query-input":"required name=search_term_string"}],"inLanguage":"en-US"},{"@type":"Organization","@id":"https:\/\/ipe.org.br\/#organization","name":"IP\u00ca - Instituto te Pesquisas Ecol\u00f3gicas","alternateName":"IP\u00ca - Instituto te Pesquisas Ecol\u00f3gicas","url":"https:\/\/ipe.org.br\/","logo":{"@type":"ImageObject","inLanguage":"en-US","@id":"https:\/\/ipe.org.br\/#\/schema\/logo\/image\/","url":"https:\/\/ipe.org.br\/images\/2022\/12\/cropped-logo-ipe2.jpg","contentUrl":"https:\/\/ipe.org.br\/images\/2022\/12\/cropped-logo-ipe2.jpg","width":900,"height":900,"caption":"IP\u00ca - Instituto te Pesquisas Ecol\u00f3gicas"},"image":{"@id":"https:\/\/ipe.org.br\/#\/schema\/logo\/image\/"},"sameAs":["https:\/\/www.facebook.com\/ipe.instituto.pesquisas.ecologicas","https:\/\/x.com\/InstitutoIPE","https:\/\/www.instagram.com\/institutoipe\/","https:\/\/www.linkedin.com\/company\/ip---instituto-de-pesquisas-ecolgicas","https:\/\/www.youtube.com\/channel\/UCxsLeAueuL-eMIJy6qif9_g\/videos"]}]}},"_links":{"self":[{"href":"https:\/\/ipe.org.br\/en\/wp-json\/wp\/v2\/pages\/18306","targetHints":{"allow":["GET"]}}],"collection":[{"href":"https:\/\/ipe.org.br\/en\/wp-json\/wp\/v2\/pages"}],"about":[{"href":"https:\/\/ipe.org.br\/en\/wp-json\/wp\/v2\/types\/page"}],"author":[{"embeddable":true,"href":"https:\/\/ipe.org.br\/en\/wp-json\/wp\/v2\/users\/19"}],"replies":[{"embeddable":true,"href":"https:\/\/ipe.org.br\/en\/wp-json\/wp\/v2\/comments?post=18306"}],"version-history":[{"count":8,"href":"https:\/\/ipe.org.br\/en\/wp-json\/wp\/v2\/pages\/18306\/revisions"}],"predecessor-version":[{"id":18605,"href":"https:\/\/ipe.org.br\/en\/wp-json\/wp\/v2\/pages\/18306\/revisions\/18605"}],"wp:attachment":[{"href":"https:\/\/ipe.org.br\/en\/wp-json\/wp\/v2\/media?parent=18306"}],"curies":[{"name":"wp","href":"https:\/\/api.w.org\/{rel}","templated":true}]}}