{"id":17713,"date":"2024-07-26T14:14:29","date_gmt":"2024-07-26T17:14:29","guid":{"rendered":"https:\/\/ipe.org.br\/prospera-project\/"},"modified":"2025-02-17T11:02:07","modified_gmt":"2025-02-17T14:02:07","slug":"prospera-project","status":"publish","type":"page","link":"https:\/\/ipe.org.br\/en\/prospera-project\/","title":{"rendered":"Prospera Project"},"content":{"rendered":"\t\t<div data-elementor-type=\"wp-page\" data-elementor-id=\"17713\" class=\"elementor elementor-17713 elementor-15537\" data-elementor-post-type=\"page\">\n\t\t\t\t\t\t<section class=\"has_ma_el_bg_slider elementor-section elementor-top-section elementor-element elementor-element-838b51b elementor-section-height-min-height elementor-section-boxed elementor-section-height-default elementor-section-items-middle\" data-id=\"838b51b\" data-element_type=\"section\" data-settings=\"{&quot;background_background&quot;:&quot;classic&quot;}\">\n\t\t\t\t\t\t\t<div class=\"elementor-background-overlay\"><\/div>\n\t\t\t\t\t\t\t<div class=\"elementor-container elementor-column-gap-default\">\n\t\t\t\t\t<div class=\"has_ma_el_bg_slider elementor-column elementor-col-100 elementor-top-column elementor-element elementor-element-a551f5d jltma-glass-effect-no\" data-id=\"a551f5d\" data-element_type=\"column\">\n\t\t\t<div class=\"elementor-widget-wrap elementor-element-populated\">\n\t\t\t\t\t\t<div class=\"elementor-element elementor-element-73e172a jltma-glass-effect-no elementor-invisible elementor-widget elementor-widget-heading\" data-id=\"73e172a\" data-element_type=\"widget\" data-settings=\"{&quot;_animation&quot;:&quot;fadeIn&quot;}\" data-widget_type=\"heading.default\">\n\t\t\t\t<div class=\"elementor-widget-container\">\n\t\t\t<h1 class=\"elementor-heading-title elementor-size-default\">PROSPERA<\/h1>\t\t<\/div>\n\t\t\t\t<\/div>\n\t\t\t\t<div class=\"elementor-element elementor-element-929d681 jltma-glass-effect-no elementor-invisible elementor-widget elementor-widget-heading\" data-id=\"929d681\" data-element_type=\"widget\" data-settings=\"{&quot;_animation&quot;:&quot;fadeIn&quot;}\" data-widget_type=\"heading.default\">\n\t\t\t\t<div class=\"elementor-widget-container\">\n\t\t\t<h1 class=\"elementor-heading-title elementor-size-default\">Oriented and Sustainable Restoration Project for Ecological Production, Environmental Regeneration and Increased Income <\/h1>\t\t<\/div>\n\t\t\t\t<\/div>\n\t\t\t\t\t<\/div>\n\t\t<\/div>\n\t\t\t\t\t<\/div>\n\t\t<\/section>\n\t\t\t\t<section class=\"has_ma_el_bg_slider elementor-section elementor-top-section elementor-element elementor-element-f5fc10e elementor-section-height-min-height elementor-section-boxed elementor-section-height-default elementor-section-items-middle jltma-glass-effect-no\" data-id=\"f5fc10e\" data-element_type=\"section\" data-settings=\"{&quot;background_background&quot;:&quot;classic&quot;}\">\n\t\t\t\t\t\t<div class=\"elementor-container elementor-column-gap-default\">\n\t\t\t\t\t<div class=\"has_ma_el_bg_slider elementor-column elementor-col-100 elementor-top-column elementor-element elementor-element-941a836 jltma-glass-effect-no\" data-id=\"941a836\" data-element_type=\"column\">\n\t\t\t<div class=\"elementor-widget-wrap elementor-element-populated\">\n\t\t\t\t\t\t<div class=\"elementor-element elementor-element-5b6fe73 jltma-glass-effect-no elementor-widget elementor-widget-image\" data-id=\"5b6fe73\" data-element_type=\"widget\" data-widget_type=\"image.default\">\n\t\t\t\t<div class=\"elementor-widget-container\">\n\t\t\t\t\t\t\t\t\t\t\t\t\t<img fetchpriority=\"high\" decoding=\"async\" width=\"722\" height=\"1024\" src=\"https:\/\/ipe.org.br\/images\/mapa6-722x1024.png\" class=\"attachment-large size-large wp-image-15876\" alt=\"\" srcset=\"https:\/\/ipe.org.br\/images\/mapa6-722x1024.png 722w, https:\/\/ipe.org.br\/images\/mapa6-211x300.png 211w, https:\/\/ipe.org.br\/images\/mapa6-768x1090.png 768w, https:\/\/ipe.org.br\/images\/mapa6-1083x1536.png 1083w, https:\/\/ipe.org.br\/images\/mapa6-1444x2048.png 1444w, https:\/\/ipe.org.br\/images\/mapa6.png 1748w\" sizes=\"(max-width: 722px) 100vw, 722px\" \/>\t\t\t\t\t\t\t\t\t\t\t\t\t<\/div>\n\t\t\t\t<\/div>\n\t\t\t\t<div class=\"elementor-element elementor-element-0129bb0 jltma-glass-effect-no elementor-widget elementor-widget-text-editor\" data-id=\"0129bb0\" data-element_type=\"widget\" data-widget_type=\"text-editor.default\">\n\t\t\t\t<div class=\"elementor-widget-container\">\n\t\t\t\t\t\t\t<p>In the far south of Bahia, IP\u00ca works with PROSPERA \u2013 a Project for Guided and Sustainable Restoration for Ecological Production, Environmental Regeneration and Increased Income. The initiative supports rural producers in planning land use to increase productivity, soil quality and water availability on their properties. The project also strengthens the local economy by developing sustainable production chains, sharing knowledge and promoting benefits for people through biodiversity conservation and climate improvement. All of this will be achieved through ecosystem restoration and productive recovery of a section of the Central Corridor of the Atlantic Forest, in the cities of Prado, Porto Seguro and Itamaraju.<\/p><p>This section of the central corridor was selected based on a study conducted by IP\u00ca called \u201cBiodiversity Corridors \u2013 Paths for Building Sustainable Landscapes\u201d. It crosses private properties, areas with family farming and Indigenous Lands. Rural landowners participate, and the focus is on planting and regenerating native forests in Permanent Preservation Areas and Legal Reserves, forming reconnection corridors between the following Conservation Units: Descobrimento National Park, with 22,000 hectares, and Monte Pascoal Natural Historical Park, with 22,500 hectares of area, in addition to Indigenous Lands, several Private Natural Heritage Reserves and other categories of Protected Areas. By promoting the environmental suitability of properties, with the implementation of sustainable production systems and ecological restoration, we will increase connectivity at the landscape scale in this area considered a global biodiversity hotspot.<\/p><p>The corridor strategy will also contribute to the recovery of spring areas and riparian forests and impact on water availability in rural and urban areas.<\/p><p>The proposal to connect forests arises from the need to reestablish the ecosystem and its interactions, generating more biodiversity with forest diversity, and regenerating living spaces for fauna species to be able to move from one forest to another, avoiding their isolation and increasing their chances of survival.<\/p><p>The main impacts of the project will be: maintenance of regional biodiversity, conversion of degraded areas into native vegetation and sustainable production, production of ecosystem services (water production, soil conservation, sedimentation control, maintenance of pollinators, biological control of pests and diseases, carbon storage and capture), social benefits (environmental suitability of rural properties, increased environmental awareness and engagement) and socioeconomic benefits (water and food security, increased productivity, socioeconomic resilience).<\/p>\t\t\t\t\t\t<\/div>\n\t\t\t\t<\/div>\n\t\t\t\t<div class=\"elementor-element elementor-element-82db44b jltma-glass-effect-no elementor-widget elementor-widget-ma-advanced-accordion\" data-id=\"82db44b\" data-element_type=\"widget\" data-settings=\"{&quot;accordion_type&quot;:&quot;accordion&quot;,&quot;toggle_speed&quot;:300}\" data-widget_type=\"ma-advanced-accordion.default\">\n\t\t\t\t<div class=\"elementor-widget-container\">\n\t\t\t\n\t\t<div class=\"jltma-advanced-accordion\" id=\"jltma-advanced-accordion-82db44b\" data-accordion-id=\"82db44b\" data-accordion-id=\"82db44b\">\n\t\t\t<div class=\"ma-accordion-wrap ma-accordion-icon-align- ma-accordion-82db44b\">\n\n\t\t\t\t\n\t\t\t\t\t<div class=\"jltma-accordion-item elementor-repeater-item-8e8d3e7 \">\n\t\t\t\t\t\t<div id=\"jltma-accordion-tab-title-1371\" class=\"jltma-accordion-tab-title jltma-accordion-header\" tabindex=\"1371\" data-tab=\"1\" role=\"tab\" aria-controls=\"jltma-accordion-tab-content-1371\">\n\t\t\t\t\t\t\t<div class=\"jltma-accordion-title-icon\">\n\n\t\t\t\t\t\t\t\t\n\t\t\t\t\t\t\t\t<div class=\"jltma-accordion-title-text\">\n\t\t\t\t\t\t\t\t\tGoals\t\t\t\t\t\t\t\t<\/div>\n\t\t\t\t\t\t\t<\/div>\n\n\t\t\t\t\t\t\t\n\t\t\t\t\t\t<\/div>\n\n\t\t\t\t\t\t<div id=\"jltma-accordion-tab-content-1371\" class=\"jltma-accordion-tab-content\" data-tab=\"1\" role=\"tabpanel\" aria-labelledby=\"jltma-accordion-tab-title-1371\">\n\t\t\t\t\t\t\t<p><span data-contrast=\"none\">Sustainable improvement\/management (i.e. certification, application of Good Agricultural Practices, etc.): 200 hectares<\/span><span data-ccp-props=\"{&quot;134233117&quot;:false,&quot;134233118&quot;:false,&quot;201341983&quot;:0,&quot;335557856&quot;:16777215,&quot;335559738&quot;:0,&quot;335559739&quot;:360,&quot;335559740&quot;:240}\">\u00a0<\/span><\/p><p><span data-contrast=\"none\">Protection: 825 hectares directly and 49,180 hectares indirectly (Conservation Units and Indigenous Lands)<\/span><span data-ccp-props=\"{&quot;134233117&quot;:false,&quot;134233118&quot;:false,&quot;201341983&quot;:0,&quot;335557856&quot;:16777215,&quot;335559738&quot;:0,&quot;335559739&quot;:360,&quot;335559740&quot;:240}\">\u00a0<\/span><\/p><p><span data-contrast=\"none\">Improvement\/Sustainable Management: 20 hectares directly and 1,200 hectares indirectly<\/span><span data-ccp-props=\"{&quot;134233117&quot;:false,&quot;134233118&quot;:false,&quot;201341983&quot;:0,&quot;335557856&quot;:16777215,&quot;335559738&quot;:0,&quot;335559739&quot;:360,&quot;335559740&quot;:240}\">\u00a0<\/span><\/p><p><span data-contrast=\"none\">Restoration: 91 hectares<\/span><span data-ccp-props=\"{&quot;134233117&quot;:false,&quot;134233118&quot;:false,&quot;201341983&quot;:0,&quot;335557856&quot;:16777215,&quot;335559738&quot;:0,&quot;335559739&quot;:360,&quot;335559740&quot;:240}\">\u00a0<\/span><\/p>\t\t\t\t\t\t<\/div>\n\n\t\t\t\t\t<\/div>\n\t\t\t\t\n\t\t\t\t\t<div class=\"jltma-accordion-item elementor-repeater-item-040fc41 \">\n\t\t\t\t\t\t<div id=\"jltma-accordion-tab-title-1372\" class=\"jltma-accordion-tab-title jltma-accordion-header\" tabindex=\"1372\" data-tab=\"2\" role=\"tab\" aria-controls=\"jltma-accordion-tab-content-1372\">\n\t\t\t\t\t\t\t<div class=\"jltma-accordion-title-icon\">\n\n\t\t\t\t\t\t\t\t\n\t\t\t\t\t\t\t\t<div class=\"jltma-accordion-title-text\">\n\t\t\t\t\t\t\t\t\tTeam\t\t\t\t\t\t\t\t<\/div>\n\t\t\t\t\t\t\t<\/div>\n\n\t\t\t\t\t\t\t\n\t\t\t\t\t\t<\/div>\n\n\t\t\t\t\t\t<div id=\"jltma-accordion-tab-content-1372\" class=\"jltma-accordion-tab-content\" data-tab=\"2\" role=\"tabpanel\" aria-labelledby=\"jltma-accordion-tab-title-1372\">\n\t\t\t\t\t\t\t<p><span data-contrast=\"auto\">Maria Ot\u00e1via S. Crepaldi<\/span><span data-ccp-props=\"{&quot;201341983&quot;:0,&quot;335559739&quot;:160,&quot;335559740&quot;:259}\">\u00a0<\/span><\/p><p><span data-contrast=\"auto\">Erica Munaro<\/span><span data-ccp-props=\"{&quot;201341983&quot;:0,&quot;335559739&quot;:160,&quot;335559740&quot;:259}\">\u00a0<\/span><\/p><p><span data-contrast=\"auto\">Mabel Ludka<\/span><span data-ccp-props=\"{&quot;201341983&quot;:0,&quot;335559739&quot;:160,&quot;335559740&quot;:259}\">\u00a0<\/span><\/p><p><span data-contrast=\"auto\">Sabrina Weber<\/span>\u00a0<\/p><p><span data-contrast=\"auto\">Isabela Waga<\/span><span data-ccp-props=\"{&quot;201341983&quot;:0,&quot;335559739&quot;:160,&quot;335559740&quot;:259}\">\u00a0<\/span><\/p><p><span data-contrast=\"auto\">M\u00e1rio Santana Cruz<\/span><span data-ccp-props=\"{&quot;201341983&quot;:0,&quot;335559739&quot;:160,&quot;335559740&quot;:259}\">\u00a0<\/span><\/p>\t\t\t\t\t\t<\/div>\n\n\t\t\t\t\t<\/div>\n\t\t\t\t\n\t\t\t\t\t<div class=\"jltma-accordion-item elementor-repeater-item-b907806 \">\n\t\t\t\t\t\t<div id=\"jltma-accordion-tab-title-1373\" class=\"jltma-accordion-tab-title jltma-accordion-header\" tabindex=\"1373\" data-tab=\"3\" role=\"tab\" aria-controls=\"jltma-accordion-tab-content-1373\">\n\t\t\t\t\t\t\t<div class=\"jltma-accordion-title-icon\">\n\n\t\t\t\t\t\t\t\t\n\t\t\t\t\t\t\t\t<div class=\"jltma-accordion-title-text\">\n\t\t\t\t\t\t\t\t\tSupport\t\t\t\t\t\t\t\t<\/div>\n\t\t\t\t\t\t\t<\/div>\n\n\t\t\t\t\t\t\t\n\t\t\t\t\t\t<\/div>\n\n\t\t\t\t\t\t<div id=\"jltma-accordion-tab-content-1373\" class=\"jltma-accordion-tab-content\" data-tab=\"3\" role=\"tabpanel\" aria-labelledby=\"jltma-accordion-tab-title-1373\">\n\t\t\t\t\t\t\t<p><span class=\"TextRun Highlight SCXW12372632 BCX0\" lang=\"EN-US\" xml:lang=\"EN-US\" data-contrast=\"none\"><span class=\"NormalTextRun SCXW12372632 BCX0\" data-ccp-charstyle=\"normaltextrun\" data-ccp-charstyle-defn=\"{&quot;ObjectId&quot;:&quot;2396a4d4-0b72-4687-8f0a-0ac03623e059|215&quot;,&quot;ClassId&quot;:1073872969,&quot;Properties&quot;:[201342446,&quot;1&quot;,201342447,&quot;5&quot;,201342448,&quot;1&quot;,201342449,&quot;1&quot;,469777841,&quot;Calibri&quot;,469777842,&quot;&quot;,469777843,&quot;Calibri&quot;,469777844,&quot;Calibri&quot;,201341986,&quot;1&quot;,469769226,&quot;Calibri&quot;,268442635,&quot;22&quot;,469775450,&quot;normaltextrun&quot;,201340122,&quot;1&quot;,134233614,&quot;true&quot;,469778129,&quot;normaltextrun&quot;,335572020,&quot;1&quot;,469778324,&quot;Default Paragraph Font&quot;]}\">Procter &amp; Gamble\u202f(P&amp;G)<\/span><\/span><span class=\"TextRun Highlight SCXW12372632 BCX0\" lang=\"PT-BR\" xml:lang=\"PT-BR\" data-contrast=\"none\"><span class=\"NormalTextRun SCXW12372632 BCX0\" data-ccp-charstyle=\"scxw7130752\" data-ccp-charstyle-defn=\"{&quot;ObjectId&quot;:&quot;2396a4d4-0b72-4687-8f0a-0ac03623e059|221&quot;,&quot;ClassId&quot;:1073872969,&quot;Properties&quot;:[201342446,&quot;1&quot;,201342447,&quot;5&quot;,201342448,&quot;1&quot;,201342449,&quot;1&quot;,469777841,&quot;Calibri&quot;,469777842,&quot;&quot;,469777843,&quot;Calibri&quot;,469777844,&quot;Calibri&quot;,201341986,&quot;1&quot;,469769226,&quot;Calibri&quot;,268442635,&quot;22&quot;,469775450,&quot;scxw7130752&quot;,201340122,&quot;1&quot;,134233614,&quot;true&quot;,469778129,&quot;scxw7130752&quot;,335572020,&quot;1&quot;,469778324,&quot;Default Paragraph Font&quot;]}\">\u202f<\/span><\/span><span class=\"LineBreakBlob BlobObject DragDrop SCXW12372632 BCX0\"><span class=\"SCXW12372632 BCX0\">\u00a0<\/span><br class=\"SCXW12372632 BCX0\" \/><\/span><span class=\"TextRun Highlight SCXW12372632 BCX0\" lang=\"EN-US\" xml:lang=\"EN-US\" data-contrast=\"none\"><span class=\"NormalTextRun SCXW12372632 BCX0\" data-ccp-charstyle=\"normaltextrun\">Suzano\u202fPapel e\u202f<\/span><span class=\"NormalTextRun SCXW12372632 BCX0\" data-ccp-charstyle=\"normaltextrun\">Celulose<\/span><\/span><span class=\"TextRun Highlight SCXW12372632 BCX0\" lang=\"PT-BR\" xml:lang=\"PT-BR\" data-contrast=\"none\"><span class=\"NormalTextRun SCXW12372632 BCX0\" data-ccp-charstyle=\"scxw7130752\">\u202f<\/span><\/span><span class=\"LineBreakBlob BlobObject DragDrop SCXW12372632 BCX0\"><span class=\"SCXW12372632 BCX0\">\u00a0<\/span><br class=\"SCXW12372632 BCX0\" \/><\/span><span class=\"TextRun Highlight SCXW12372632 BCX0\" lang=\"EN-US\" xml:lang=\"EN-US\" data-contrast=\"none\"><span class=\"NormalTextRun SCXW12372632 BCX0\" data-ccp-charstyle=\"normaltextrun\">Environmental Leadership\u202fTraining\u202fInitiative,\u202fYale School of the Environment\u202f\u2013 ELTI\/Yale<\/span><\/span><span class=\"TextRun Highlight SCXW12372632 BCX0\" lang=\"PT-BR\" xml:lang=\"PT-BR\" data-contrast=\"none\"><span class=\"NormalTextRun SCXW12372632 BCX0\" data-ccp-charstyle=\"eop\" data-ccp-charstyle-defn=\"{&quot;ObjectId&quot;:&quot;2396a4d4-0b72-4687-8f0a-0ac03623e059|222&quot;,&quot;ClassId&quot;:1073872969,&quot;Properties&quot;:[201342446,&quot;1&quot;,201342447,&quot;5&quot;,201342448,&quot;1&quot;,201342449,&quot;1&quot;,469777841,&quot;Calibri&quot;,469777842,&quot;&quot;,469777843,&quot;Calibri&quot;,469777844,&quot;Calibri&quot;,201341986,&quot;1&quot;,469769226,&quot;Calibri&quot;,268442635,&quot;22&quot;,469775450,&quot;eop&quot;,201340122,&quot;1&quot;,134233614,&quot;true&quot;,469778129,&quot;eop&quot;,335572020,&quot;1&quot;,469778324,&quot;Default Paragraph Font&quot;]}\">\u202f<\/span><\/span><span class=\"EOP SCXW12372632 BCX0\" data-ccp-props=\"{}\">\u00a0<\/span><\/p>\t\t\t\t\t\t<\/div>\n\n\t\t\t\t\t<\/div>\n\t\t\t\t\t\t\t<\/div>\n\t\t<\/div>\n\t\t<\/div>\n\t\t\t\t<\/div>\n\t\t\t\t\t<\/div>\n\t\t<\/div>\n\t\t\t\t\t<\/div>\n\t\t<\/section>\n\t\t\t\t<\/div>\n\t\t","protected":false},"excerpt":{"rendered":"<p>PROSPERA Oriented and Sustainable Restoration Project for Ecological Production, Environmental Regeneration and Increased Income In the far south of Bahia, IP\u00ca works with PROSPERA \u2013 a Project for Guided and Sustainable Restoration for Ecological Production, Environmental Regeneration and Increased Income. The initiative supports rural producers in planning land use to increase productivity, soil quality and &#8230; <a title=\"Prospera Project\" class=\"read-more\" href=\"https:\/\/ipe.org.br\/en\/prospera-project\/\" aria-label=\"Read more about Prospera Project\">Read more<\/a><\/p>\n","protected":false},"author":19,"featured_media":0,"parent":0,"menu_order":0,"comment_status":"closed","ping_status":"closed","template":"elementor_header_footer","meta":{"_acf_changed":false,"footnotes":""},"class_list":["post-17713","page","type-page","status-publish"],"acf":[],"yoast_head":"<!-- This site is optimized with the Yoast SEO plugin v23.0 - https:\/\/yoast.com\/wordpress\/plugins\/seo\/ -->\n<title>Prospera Project - IP\u00ca - Instituto de Pesquisas Ecol\u00f3gicas<\/title>\n<meta name=\"robots\" content=\"index, follow, max-snippet:-1, max-image-preview:large, max-video-preview:-1\" \/>\n<link rel=\"canonical\" href=\"https:\/\/ipe.org.br\/en\/prospera-project\/\" \/>\n<meta property=\"og:locale\" content=\"en_US\" \/>\n<meta property=\"og:type\" content=\"article\" \/>\n<meta property=\"og:title\" content=\"Prospera Project - IP\u00ca - Instituto de Pesquisas Ecol\u00f3gicas\" \/>\n<meta property=\"og:description\" content=\"PROSPERA Oriented and Sustainable Restoration Project for Ecological Production, Environmental Regeneration and Increased Income In the far south of Bahia, IP\u00ca works with PROSPERA \u2013 a Project for Guided and Sustainable Restoration for Ecological Production, Environmental Regeneration and Increased Income. The initiative supports rural producers in planning land use to increase productivity, soil quality and ... Read more\" \/>\n<meta property=\"og:url\" content=\"https:\/\/ipe.org.br\/en\/prospera-project\/\" \/>\n<meta property=\"og:site_name\" content=\"IP\u00ca - Instituto de Pesquisas Ecol\u00f3gicas\" \/>\n<meta property=\"article:publisher\" content=\"https:\/\/www.facebook.com\/ipe.instituto.pesquisas.ecologicas\" \/>\n<meta property=\"article:modified_time\" content=\"2025-02-17T14:02:07+00:00\" \/>\n<meta property=\"og:image\" content=\"https:\/\/ipe.org.br\/images\/mapa6-722x1024.png\" \/>\n<meta name=\"twitter:card\" content=\"summary_large_image\" \/>\n<meta name=\"twitter:site\" content=\"@InstitutoIPE\" \/>\n<meta name=\"twitter:label1\" content=\"Est. reading time\" \/>\n\t<meta name=\"twitter:data1\" content=\"3 minutes\" \/>\n<script type=\"application\/ld+json\" class=\"yoast-schema-graph\">{\"@context\":\"https:\/\/schema.org\",\"@graph\":[{\"@type\":\"WebPage\",\"@id\":\"https:\/\/ipe.org.br\/en\/prospera-project\/\",\"url\":\"https:\/\/ipe.org.br\/en\/prospera-project\/\",\"name\":\"Prospera Project - IP\u00ca - Instituto de Pesquisas Ecol\u00f3gicas\",\"isPartOf\":{\"@id\":\"https:\/\/ipe.org.br\/#website\"},\"primaryImageOfPage\":{\"@id\":\"https:\/\/ipe.org.br\/en\/prospera-project\/#primaryimage\"},\"image\":{\"@id\":\"https:\/\/ipe.org.br\/en\/prospera-project\/#primaryimage\"},\"thumbnailUrl\":\"https:\/\/ipe.org.br\/images\/mapa6-722x1024.png\",\"datePublished\":\"2024-07-26T17:14:29+00:00\",\"dateModified\":\"2025-02-17T14:02:07+00:00\",\"breadcrumb\":{\"@id\":\"https:\/\/ipe.org.br\/en\/prospera-project\/#breadcrumb\"},\"inLanguage\":\"en-US\",\"potentialAction\":[{\"@type\":\"ReadAction\",\"target\":[\"https:\/\/ipe.org.br\/en\/prospera-project\/\"]}]},{\"@type\":\"ImageObject\",\"inLanguage\":\"en-US\",\"@id\":\"https:\/\/ipe.org.br\/en\/prospera-project\/#primaryimage\",\"url\":\"https:\/\/ipe.org.br\/images\/mapa6-722x1024.png\",\"contentUrl\":\"https:\/\/ipe.org.br\/images\/mapa6-722x1024.png\"},{\"@type\":\"BreadcrumbList\",\"@id\":\"https:\/\/ipe.org.br\/en\/prospera-project\/#breadcrumb\",\"itemListElement\":[{\"@type\":\"ListItem\",\"position\":1,\"name\":\"In\u00edcio\",\"item\":\"https:\/\/ipe.org.br\/en\/home-2\/\"},{\"@type\":\"ListItem\",\"position\":2,\"name\":\"Prospera Project\"}]},{\"@type\":\"WebSite\",\"@id\":\"https:\/\/ipe.org.br\/#website\",\"url\":\"https:\/\/ipe.org.br\/\",\"name\":\"IP\u00ca - Instituto de Pesquisas Ecol\u00f3gicas\",\"description\":\"Pesquisa, Educa\u00e7\u00e3o e Neg\u00f3cios Sustent\u00e1veis para a conserva\u00e7\u00e3o da biodiversidade brasileira.\",\"publisher\":{\"@id\":\"https:\/\/ipe.org.br\/#organization\"},\"potentialAction\":[{\"@type\":\"SearchAction\",\"target\":{\"@type\":\"EntryPoint\",\"urlTemplate\":\"https:\/\/ipe.org.br\/?s={search_term_string}\"},\"query-input\":\"required name=search_term_string\"}],\"inLanguage\":\"en-US\"},{\"@type\":\"Organization\",\"@id\":\"https:\/\/ipe.org.br\/#organization\",\"name\":\"IP\u00ca - Instituto te Pesquisas Ecol\u00f3gicas\",\"alternateName\":\"IP\u00ca - Instituto te Pesquisas Ecol\u00f3gicas\",\"url\":\"https:\/\/ipe.org.br\/\",\"logo\":{\"@type\":\"ImageObject\",\"inLanguage\":\"en-US\",\"@id\":\"https:\/\/ipe.org.br\/#\/schema\/logo\/image\/\",\"url\":\"https:\/\/ipe.org.br\/images\/2022\/12\/cropped-logo-ipe2.jpg\",\"contentUrl\":\"https:\/\/ipe.org.br\/images\/2022\/12\/cropped-logo-ipe2.jpg\",\"width\":900,\"height\":900,\"caption\":\"IP\u00ca - Instituto te Pesquisas Ecol\u00f3gicas\"},\"image\":{\"@id\":\"https:\/\/ipe.org.br\/#\/schema\/logo\/image\/\"},\"sameAs\":[\"https:\/\/www.facebook.com\/ipe.instituto.pesquisas.ecologicas\",\"https:\/\/x.com\/InstitutoIPE\",\"https:\/\/www.instagram.com\/institutoipe\/\",\"https:\/\/www.linkedin.com\/company\/ip---instituto-de-pesquisas-ecolgicas\",\"https:\/\/www.youtube.com\/channel\/UCxsLeAueuL-eMIJy6qif9_g\/videos\"]}]}<\/script>\n<!-- \/ Yoast SEO plugin. -->","yoast_head_json":{"title":"Prospera Project - IP\u00ca - Instituto de Pesquisas Ecol\u00f3gicas","robots":{"index":"index","follow":"follow","max-snippet":"max-snippet:-1","max-image-preview":"max-image-preview:large","max-video-preview":"max-video-preview:-1"},"canonical":"https:\/\/ipe.org.br\/en\/prospera-project\/","og_locale":"en_US","og_type":"article","og_title":"Prospera Project - IP\u00ca - Instituto de Pesquisas Ecol\u00f3gicas","og_description":"PROSPERA Oriented and Sustainable Restoration Project for Ecological Production, Environmental Regeneration and Increased Income In the far south of Bahia, IP\u00ca works with PROSPERA \u2013 a Project for Guided and Sustainable Restoration for Ecological Production, Environmental Regeneration and Increased Income. The initiative supports rural producers in planning land use to increase productivity, soil quality and ... Read more","og_url":"https:\/\/ipe.org.br\/en\/prospera-project\/","og_site_name":"IP\u00ca - Instituto de Pesquisas Ecol\u00f3gicas","article_publisher":"https:\/\/www.facebook.com\/ipe.instituto.pesquisas.ecologicas","article_modified_time":"2025-02-17T14:02:07+00:00","og_image":[{"url":"https:\/\/ipe.org.br\/images\/mapa6-722x1024.png"}],"twitter_card":"summary_large_image","twitter_site":"@InstitutoIPE","twitter_misc":{"Est. reading time":"3 minutes"},"schema":{"@context":"https:\/\/schema.org","@graph":[{"@type":"WebPage","@id":"https:\/\/ipe.org.br\/en\/prospera-project\/","url":"https:\/\/ipe.org.br\/en\/prospera-project\/","name":"Prospera Project - IP\u00ca - Instituto de Pesquisas Ecol\u00f3gicas","isPartOf":{"@id":"https:\/\/ipe.org.br\/#website"},"primaryImageOfPage":{"@id":"https:\/\/ipe.org.br\/en\/prospera-project\/#primaryimage"},"image":{"@id":"https:\/\/ipe.org.br\/en\/prospera-project\/#primaryimage"},"thumbnailUrl":"https:\/\/ipe.org.br\/images\/mapa6-722x1024.png","datePublished":"2024-07-26T17:14:29+00:00","dateModified":"2025-02-17T14:02:07+00:00","breadcrumb":{"@id":"https:\/\/ipe.org.br\/en\/prospera-project\/#breadcrumb"},"inLanguage":"en-US","potentialAction":[{"@type":"ReadAction","target":["https:\/\/ipe.org.br\/en\/prospera-project\/"]}]},{"@type":"ImageObject","inLanguage":"en-US","@id":"https:\/\/ipe.org.br\/en\/prospera-project\/#primaryimage","url":"https:\/\/ipe.org.br\/images\/mapa6-722x1024.png","contentUrl":"https:\/\/ipe.org.br\/images\/mapa6-722x1024.png"},{"@type":"BreadcrumbList","@id":"https:\/\/ipe.org.br\/en\/prospera-project\/#breadcrumb","itemListElement":[{"@type":"ListItem","position":1,"name":"In\u00edcio","item":"https:\/\/ipe.org.br\/en\/home-2\/"},{"@type":"ListItem","position":2,"name":"Prospera Project"}]},{"@type":"WebSite","@id":"https:\/\/ipe.org.br\/#website","url":"https:\/\/ipe.org.br\/","name":"IP\u00ca - Instituto de Pesquisas Ecol\u00f3gicas","description":"Pesquisa, Educa\u00e7\u00e3o e Neg\u00f3cios Sustent\u00e1veis para a conserva\u00e7\u00e3o da biodiversidade brasileira.","publisher":{"@id":"https:\/\/ipe.org.br\/#organization"},"potentialAction":[{"@type":"SearchAction","target":{"@type":"EntryPoint","urlTemplate":"https:\/\/ipe.org.br\/?s={search_term_string}"},"query-input":"required name=search_term_string"}],"inLanguage":"en-US"},{"@type":"Organization","@id":"https:\/\/ipe.org.br\/#organization","name":"IP\u00ca - Instituto te Pesquisas Ecol\u00f3gicas","alternateName":"IP\u00ca - Instituto te Pesquisas Ecol\u00f3gicas","url":"https:\/\/ipe.org.br\/","logo":{"@type":"ImageObject","inLanguage":"en-US","@id":"https:\/\/ipe.org.br\/#\/schema\/logo\/image\/","url":"https:\/\/ipe.org.br\/images\/2022\/12\/cropped-logo-ipe2.jpg","contentUrl":"https:\/\/ipe.org.br\/images\/2022\/12\/cropped-logo-ipe2.jpg","width":900,"height":900,"caption":"IP\u00ca - Instituto te Pesquisas Ecol\u00f3gicas"},"image":{"@id":"https:\/\/ipe.org.br\/#\/schema\/logo\/image\/"},"sameAs":["https:\/\/www.facebook.com\/ipe.instituto.pesquisas.ecologicas","https:\/\/x.com\/InstitutoIPE","https:\/\/www.instagram.com\/institutoipe\/","https:\/\/www.linkedin.com\/company\/ip---instituto-de-pesquisas-ecolgicas","https:\/\/www.youtube.com\/channel\/UCxsLeAueuL-eMIJy6qif9_g\/videos"]}]}},"_links":{"self":[{"href":"https:\/\/ipe.org.br\/en\/wp-json\/wp\/v2\/pages\/17713","targetHints":{"allow":["GET"]}}],"collection":[{"href":"https:\/\/ipe.org.br\/en\/wp-json\/wp\/v2\/pages"}],"about":[{"href":"https:\/\/ipe.org.br\/en\/wp-json\/wp\/v2\/types\/page"}],"author":[{"embeddable":true,"href":"https:\/\/ipe.org.br\/en\/wp-json\/wp\/v2\/users\/19"}],"replies":[{"embeddable":true,"href":"https:\/\/ipe.org.br\/en\/wp-json\/wp\/v2\/comments?post=17713"}],"version-history":[{"count":7,"href":"https:\/\/ipe.org.br\/en\/wp-json\/wp\/v2\/pages\/17713\/revisions"}],"predecessor-version":[{"id":17735,"href":"https:\/\/ipe.org.br\/en\/wp-json\/wp\/v2\/pages\/17713\/revisions\/17735"}],"wp:attachment":[{"href":"https:\/\/ipe.org.br\/en\/wp-json\/wp\/v2\/media?parent=17713"}],"curies":[{"name":"wp","href":"https:\/\/api.w.org\/{rel}","templated":true}]}}