{"id":15863,"date":"2022-12-28T13:12:40","date_gmt":"2022-12-28T16:12:40","guid":{"rendered":"https:\/\/ipe.org.br\/who-made-ipe-2023\/"},"modified":"2024-08-07T11:00:46","modified_gmt":"2024-08-07T14:00:46","slug":"who-made-ipe-2023","status":"publish","type":"page","link":"https:\/\/ipe.org.br\/en\/who-made-ipe-2023\/","title":{"rendered":"Who made IP\u00ca 2023"},"content":{"rendered":"\t\t<div data-elementor-type=\"wp-page\" data-elementor-id=\"15863\" class=\"elementor elementor-15863 elementor-6091\" data-elementor-post-type=\"page\">\n\t\t\t\t\t\t<section class=\"has_ma_el_bg_slider elementor-section elementor-top-section elementor-element elementor-element-838b51b elementor-section-height-min-height elementor-section-boxed elementor-section-height-default elementor-section-items-middle\" data-id=\"838b51b\" data-element_type=\"section\" data-settings=\"{&quot;background_background&quot;:&quot;classic&quot;}\">\n\t\t\t\t\t\t\t<div class=\"elementor-background-overlay\"><\/div>\n\t\t\t\t\t\t\t<div class=\"elementor-container elementor-column-gap-default\">\n\t\t\t\t\t<div class=\"has_ma_el_bg_slider elementor-column elementor-col-100 elementor-top-column elementor-element elementor-element-a551f5d jltma-glass-effect-no\" data-id=\"a551f5d\" data-element_type=\"column\">\n\t\t\t<div class=\"elementor-widget-wrap elementor-element-populated\">\n\t\t\t\t\t\t<div class=\"elementor-element elementor-element-73e172a jltma-glass-effect-no elementor-invisible elementor-widget elementor-widget-heading\" data-id=\"73e172a\" data-element_type=\"widget\" data-settings=\"{&quot;_animation&quot;:&quot;fadeIn&quot;}\" data-widget_type=\"heading.default\">\n\t\t\t\t<div class=\"elementor-widget-container\">\n\t\t\t<h1 class=\"elementor-heading-title elementor-size-default\">Who made IP\u00ca 2023<\/h1>\t\t<\/div>\n\t\t\t\t<\/div>\n\t\t\t\t\t<\/div>\n\t\t<\/div>\n\t\t\t\t\t<\/div>\n\t\t<\/section>\n\t\t\t\t<section class=\"has_ma_el_bg_slider elementor-section elementor-top-section elementor-element elementor-element-441ecd9 elementor-section-height-min-height elementor-section-boxed elementor-section-height-default elementor-section-items-middle jltma-glass-effect-no\" data-id=\"441ecd9\" data-element_type=\"section\" data-settings=\"{&quot;background_background&quot;:&quot;classic&quot;}\">\n\t\t\t\t\t\t<div class=\"elementor-container elementor-column-gap-default\">\n\t\t\t\t\t<div class=\"has_ma_el_bg_slider elementor-column elementor-col-100 elementor-top-column elementor-element elementor-element-6f9d06a jltma-glass-effect-no\" data-id=\"6f9d06a\" data-element_type=\"column\">\n\t\t\t<div class=\"elementor-widget-wrap elementor-element-populated\">\n\t\t\t\t\t\t<div class=\"elementor-element elementor-element-2261d25 jltma-glass-effect-no elementor-invisible elementor-widget elementor-widget-text-editor\" data-id=\"2261d25\" data-element_type=\"widget\" data-settings=\"{&quot;_animation&quot;:&quot;fadeIn&quot;}\" data-widget_type=\"text-editor.default\">\n\t\t\t\t<div class=\"elementor-widget-container\">\n\t\t\t\t\t\t\t<p style=\"text-align: center;\">Adison Cesar Ferreira Santos  <br \/>Aires Aparecida Cruz  <br \/>Alexandra Tiso Cumerlato  <br \/>Alexandre Uezu  <br \/>Aline dos Santos Souza  <br \/>Aline Maciel  <br \/>Amanda Garbim Ceballos  <br \/>Ana Carolina Abreu de Campos  <br \/>Ana Lilian Barbosa Pereira  <br \/>Andr\u00e9 Corradini  <br \/>Andr\u00e9 Nunes  <br \/>Andr\u00e9 Restel  <br \/>Andrea Pe\u00e7anha Travassos  <br \/>Andrea Pupo  <br \/>Angela Pellin  <br \/>\u00c2ngelo Schuck Gomes  <br \/>Anita Valente da Costa  <br \/>Arnaud Desbiez  <br \/>Beatriz Cardoso  <br \/>Carolina Biscola  <br \/>Caroline Testa Jos\u00e9  <br \/>Cibele Quirino  <br \/>Claudio Valladares Padua  <br \/>Cristina F. T\u00f3foli  <br \/>Cristiana Martins  <br \/>Daiane Macedo da Silva  <br \/>Daniel Grunwald  <br \/>Daniel Angelo Felippi  <br \/>David Bruno  <br \/>D\u00e9bora Lehman  <br \/>Eder Dias  <br \/>Elder Stefano Corr\u00eaa Canto  <br \/>Edmilson Teixeira Junior  <br \/>Eduardo Humberto Ditt  <br \/>Eduardo Miguel Zanetti  <br \/>\u00c9lida Grazieli da Silva Carvalho  <br \/>Elisa Maciel  <br \/>Erica Munaro  <br \/>Fabiana Prado  <br \/>Fabio Bueno de Lima  <br \/>Fernanda Clementino  <br \/>Fernanda Cristina Jacoby  <br \/>Fernanda Freda Pereira  <br \/>Fernanda Santos  <br \/>Fernando Viana Rodovalho  <br \/>Fl\u00e1via Camila Cunha da Silva Mente  <br \/>Florism\u00e1rcia Batista de Souza Santos  <br \/>Frederico Mazziero  <br \/>Gabriel Franco Chaskelmann  <br \/>Gabriel Massocato  <br \/>Gabriela Cabral Rezende  <br \/>Gabriela Medeiros de Pinho  <br \/>Gentil Soares Santana  <br \/>Gerald Nascimento  <br \/>Giovana Dominicci Silva  <br \/>Guilherme do Carmo  <br \/>Gustavo Brichi  <br \/>Graziella Comini  <br \/>Haroldo Borges Gomes  <br \/>Henrique Shirai  <br \/>Hercules Quelu  <br \/>Iara Ramos  <br \/>Isabela Volpato  <br \/>Ivete de Paula  <br \/>Jacimara Rosa  <br \/>Joana Darque da Silva  <br \/>John the Baptist  <br \/>Jo\u00e3o Cara\u00e7a  <br \/>Jo\u00e3o Francisco Coelho  <br \/>Jo\u00e3o Pedro Fernandes Machado  <br \/>Jo\u00e3o Vitor Medeiros  <br \/>Jo\u00e3o Victor Pereira Romano  <br \/>Jo\u00e3o Victor Valim  <br \/>Jos\u00e9 Eduardo Badialli  <br \/>Jos\u00e9 Maria de Arag\u00e3o  <br \/>Jos\u00e9 Wilson Alves  <br \/>Jussara Christina Reis  <br \/>Larissa Leal da Silva  <br \/>Laura Prado e Lima  <br \/>Laury Cullen Jr  <br \/>Leonardo Geluda  <br \/>Leonardo Rodrigues  <br \/>Leonardo Yudi  <br \/>Leticia Duarte  <br \/>Leticia Lopes  <br \/>Leticia Paiva  <br \/>Leticia Umbelina  <br \/>L\u00eddia Azavedo  <br \/>L\u00eddia Duarte  <br \/>L\u00edvia Carvalho Moura  <br \/>Lucas Corradini  <br \/>Lucca Vichr Lopes  <br \/>Lu\u00eds Gustavo Quelu  <br \/>Luiz Felipe Santana  <br \/>Luiz Henrique  <br \/>Mabel Ludka  <br \/>Ma\u00edz d&#8217;Assump\u00e7\u00e3o  <br \/>Mateus Nogueira  <br \/>Marcela Paolino  <br \/>Marcela Vieira  <br \/>Maria Carolina Rodella Manzano  <br \/>Maria Otavia Crepaldi  <br \/>M\u00e1rio Alves  <br \/>M\u00e1rio Rog\u00e9rio de Oliveira Seco  <br \/>Miriam Perilli  <br \/>Maxwell Oliveira  <br \/>Nailza Pereira Porto  <br \/>Nath\u00e1lia de Mello Mendon\u00e7a  <br \/>Neluce Soares  <br \/>Nivaldo Ribeiro Campos  <br \/>Paolla Nicole Franco  <br \/>Patricia Medici  <br \/>Paula Piccin  <br \/>Paulo Cosme  <br \/>Paulo Roberto Ferro  <br \/>Pedro M. Pedro  <br \/>Pedro Tadeu  <br \/>Pollyana Figueira de Lemos  <br \/>Rafael Estrela  <br \/>Rafael Hartmann Gava  <br \/>Rafael Ruas  <br \/>Rafaela Santana  <br \/>Raphael de Oliveira  <br \/>Raquel de Oliveira Alves  <br \/>Rebeca Sena  <br \/>Renan Matzner  <br \/>Ricardo Pucinelli  <br \/>Roberta Paolino Montanheiro  <br \/>Rodrigo Batista Ferreira  <br \/>Ronei Santos  <br \/>Rosangela Silva  <br \/>Rosemeire de Moraes  <br \/>Roseli de Paula  <br \/>Sabrina Weber  <br \/>Samia Reis  <br \/>Sandra Pereira de Oliveira  <br \/>Scarlett Nogueira  <br \/>Simone Ten\u00f3rio  <br \/>Silvia Faria Kawabe  <br \/>Suzana Machado Padua  <br \/>T\u00e1bata Marinangelo  <br \/>Ta\u00edsa Ferreira  <br \/>Tatiane Xavier  <br \/>Thais Helena Medeiros  <br \/>Thiago Pavan Beltrame  <br \/>Vanessa Silveira  <br \/>Vin\u00edcius Jos\u00e9 Alves Pereira  <br \/>Vit\u00f3ria Carvalho  <br \/>Viviane Aparecida Pinheiro  <br \/>Viviane Caroline Ramos Batista  <br \/>Viviam Aparecida Concei\u00e7\u00e3o Moraes  <br \/>Viviane Pinheiro  <br \/>Williana Souza Leite Marin  <br \/>Yuri Acacio<\/p>\n<p style=\"text-align: center;\"><b><span data-contrast=\"auto\">Associated researchers  <\/span><\/b><span data-ccp-props=\"{\"201341983\":0,\"335559739\":160,\"335559740\":240}\"> <\/span><\/p>\n<p style=\"text-align: center;\"><span data-contrast=\"auto\">Rafael Chiaravalloti<\/span><\/p>\n<p style=\"text-align: center;\"><strong><span class=\"TextRun SCXW4284244 BCX0\" lang=\"PT-BR\" xml:lang=\"PT-BR\" data-contrast=\"auto\"><span class=\"NormalTextRun SCXW4284244 BCX0\">COUNCIL<\/span><\/span><\/strong><span class=\"EOP SCXW4284244 BCX0\" data-ccp-props=\"{\"201341983\":0,\"335559739\":160,\"335559740\":240}\"> <\/span><\/p>\n<p style=\"text-align: center;\"><span data-contrast=\"auto\"><strong>PRESIDENT<\/strong> <\/span><span data-ccp-props=\"{\"201341983\":0,\"335559739\":160,\"335559740\":240}\"> <\/span><\/p>\n<p style=\"text-align: center;\"><span data-contrast=\"auto\">Suzana Machado Padua, Ph.<\/span><\/p>\n<p style=\"text-align: center;\"><span data-contrast=\"auto\"><strong>VICE-PRESIDENT<\/strong> <\/span><span data-ccp-props=\"{\"201341983\":0,\"335559739\":160,\"335559740\":240}\"> <\/span><\/p>\n<p style=\"text-align: center;\"><span data-contrast=\"auto\">Graziella Comini, Ph.D &#8211; Professor and Coordinator &#8211; FEA \/ USP  <\/span><span data-ccp-props=\"{\"201341983\":0,\"335559739\":160,\"335559740\":240}\"> <\/span><\/p>\n<p style=\"text-align: center;\"><strong>GENERAL MEETING  <\/strong><\/p>\n<p style=\"text-align: center;\"><span data-contrast=\"auto\">Alice Penna e Costa &#8211; Consultant  <\/span><span data-ccp-props=\"{\"201341983\":0,\"335559739\":160,\"335559740\":240}\"> <\/span><\/p>\n<p style=\"text-align: center;\"><span data-contrast=\"auto\">Ana Maria Laet &#8211; Director of Ana Laet Design<\/span><span data-ccp-props=\"{\"201341983\":0,\"335559739\":160,\"335559740\":240}\"> <\/span><\/p>\n<p style=\"text-align: center;\"><span data-contrast=\"auto\">Cristina Gabaglia Penna &#8211; Director of H\u00f3los Consultores Associados  <\/span><span data-ccp-props=\"{\"201341983\":0,\"335559739\":160,\"335559740\":240}\"> <\/span><\/p>\n<p style=\"text-align: center;\"><span data-ccp-props=\"{\"201341983\":0,\"335559739\":160,\"335559740\":240}\"> <\/span><span data-contrast=\"auto\">Juscelino Martins &#8211; Chairman of the Board of Directors of Tribanco (Martins Group)  <\/span><span data-ccp-props=\"{\"201341983\":0,\"335559739\":160,\"335559740\":240}\"> <\/span><\/p>\n<p style=\"text-align: center;\"><span data-contrast=\"auto\">Mary Pearl, Ph.D &#8211; Dean of the Macaulay Honors College of the City University of New York<\/span><span data-ccp-props=\"{\"201341983\":0,\"335559739\":160,\"335559740\":240}\"> <\/span><\/p>\n<p style=\"text-align: center;\"><strong>BOARD OF DIRECTORS  <\/strong><span data-ccp-props=\"{\"201341983\":0,\"335559739\":160,\"335559740\":240}\"> <\/span><\/p>\n<p style=\"text-align: center;\"><span data-contrast=\"auto\">Carlos Klink, Ph.D &#8211; Professor University of Brasilia  <\/span><span data-ccp-props=\"{\"201341983\":0,\"335559739\":160,\"335559740\":240}\"> <\/span><span data-ccp-props=\"{\"201341983\":0,\"335559739\":160,\"335559740\":240}\"> <\/span><\/p>\n<p style=\"text-align: center;\"><span data-contrast=\"auto\">Claudio Valladares Padua, Ph.D &#8211; Rector of ESCAS-IP\u00ca  <\/span><span data-ccp-props=\"{\"201341983\":0,\"335559739\":160,\"335559740\":240}\"> <\/span><span data-ccp-props=\"{\"201341983\":0,\"335559739\":160,\"335559740\":240}\"> <\/span><\/p>\n<p style=\"text-align: center;\"><span data-contrast=\"auto\">Fabio Scarano, Ph.D &#8211; Professor at the Federal University of Rio de Janeiro  <\/span><span data-ccp-props=\"{\"201341983\":0,\"335559739\":160,\"335559740\":240}\"> <\/span><span data-ccp-props=\"{\"201341983\":0,\"335559739\":160,\"335559740\":240}\"> <\/span><\/p>\n<p style=\"text-align: center;\"><span data-contrast=\"auto\">Sylvia Coutinho &#8211; President of UBS Brazil<\/span><span data-ccp-props=\"{\"201341983\":0,\"335559739\":160,\"335559740\":240}\"> <\/span><\/p>\n<p style=\"text-align: center;\"><strong>SUPERVISORY BOARD  <\/strong><span data-ccp-props=\"{\"201341983\":0,\"335559739\":160,\"335559740\":240}\"> <\/span><\/p>\n<p style=\"text-align: center;\"><span data-contrast=\"auto\">Alexandre Alves &#8211; Consulting Partner at Nexo Business School  <\/span><span data-ccp-props=\"{\"201341983\":0,\"335559739\":160,\"335559740\":240}\"> <\/span><\/p>\n<p style=\"text-align: center;\"><span data-contrast=\"auto\">Gabriel Leal de Barros &#8211; Partner and chief economist at Ryo Asset  <\/span><span data-ccp-props=\"{\"201341983\":0,\"335559739\":160,\"335559740\":240}\"> <\/span><\/p>\n<p style=\"text-align: center;\"><span data-contrast=\"auto\">Gustavo Wigman &#8211; Founder and CEO of Instituto Vertere<\/span><span data-ccp-props=\"{\"201341983\":0,\"335559739\":160,\"335559740\":240}\"> <\/span><\/p>\n<p style=\"text-align: center;\"><strong>ADVISORY BOARD  <\/strong><\/p>\n<p style=\"text-align: center;\"><span data-contrast=\"auto\">Paulo Lalli &#8211; Executive Coach  <\/span><span data-ccp-props=\"{\"201341983\":0,\"335559739\":160,\"335559740\":240}\"> <\/span><\/p>\n<p style=\"text-align: center;\"><span data-contrast=\"auto\">Maria Cristina Archilla &#8211; Business Administrator and Consultant  <\/span><span data-ccp-props=\"{\"201341983\":0,\"335559739\":160,\"335559740\":240}\"> <\/span><\/p>\n<p style=\"text-align: center;\"><span data-contrast=\"auto\">Maria Pereira de Queiroz Brand\u00e3o Teixeira &#8211; Lawyer \/ Brand\u00e3o Teixeira Sociedade de Advogados  <\/span><span data-ccp-props=\"{\"201341983\":0,\"335559739\":160,\"335559740\":240}\"> <\/span><\/p>\n<p style=\"text-align: center;\"><span data-contrast=\"auto\">Viviane Mansi &#8211; Toyota&#8217;s Communications and Sustainability Director for Latin America and the Caribbean<\/span><span data-ccp-props=\"{\"201341983\":0,\"335559739\":160,\"335559740\":240}\"> <\/span><\/p>\n<p style=\"text-align: center;\"><strong>EXECUTIVE DIRECTOR  <\/strong><\/p>\n<p style=\"text-align: center;\"><span data-contrast=\"auto\">Eduardo Humberto Ditt, Ph.<\/span><span data-ccp-props=\"{\"201341983\":0,\"335559739\":160,\"335559740\":240}\"> <\/span><\/p>\n<p style=\"text-align: center;\"><b><span data-contrast=\"auto\">Volunteers<\/span><\/b> <\/p>\n<p><span data-contrast=\"auto\">Chris <\/span><span data-contrast=\"auto\">Grindle<\/span><span data-ccp-props=\"{\"201341983\":0,\"335559739\":160,\"335559740\":240}\"> <\/span><\/p>\n<p style=\"text-align: center;\"><span data-contrast=\"auto\">FreeHelper<\/span><span data-ccp-props=\"{\"201341983\":0,\"335559739\":160,\"335559740\":240}\"> <\/span><\/p>\n<p style=\"text-align: center;\"><span data-contrast=\"auto\">Ligia Rubo<\/span> <\/p>\n<p style=\"text-align: center;\"><span data-contrast=\"auto\">Shirley Felts<\/span><\/p>\n<p style=\"text-align: center;\"><span data-contrast=\"auto\">Simone Nunes<\/span><\/p>\n<p style=\"text-align: center;\"><span data-contrast=\"none\">Beatriz Oliveira<\/span><span data-ccp-props=\"{\"201341983\":0,\"335559739\":160,\"335559740\":240}\"> <\/span><\/p>\n<p style=\"text-align: center;\"><span data-contrast=\"none\">Livia de Assis Moraes<\/span><span data-ccp-props=\"{\"201341983\":0,\"335559739\":160,\"335559740\":240}\"> <\/span><\/p>\n\t\t\t\t\t\t<\/div>\n\t\t\t\t<\/div>\n\t\t\t\t\t<\/div>\n\t\t<\/div>\n\t\t\t\t\t<\/div>\n\t\t<\/section>\n\t\t\t\t<\/div>\n\t\t","protected":false},"excerpt":{"rendered":"<p>Who made IP\u00ca 2023 Adison Cesar Ferreira Santos Aires Aparecida Cruz Alexandra Tiso Cumerlato Alexandre Uezu Aline dos Santos Souza Aline Maciel Amanda Garbim Ceballos Ana Carolina Abreu de Campos Ana Lilian Barbosa Pereira Andr\u00e9 Corradini Andr\u00e9 Nunes Andr\u00e9 Restel Andrea Pe\u00e7anha Travassos Andrea Pupo Angela Pellin \u00c2ngelo Schuck Gomes Anita Valente da Costa Arnaud &#8230; <a title=\"Who made IP\u00ca 2023\" class=\"read-more\" href=\"https:\/\/ipe.org.br\/en\/who-made-ipe-2023\/\" aria-label=\"Read more about Who made IP\u00ca 2023\">Read more<\/a><\/p>\n","protected":false},"author":1,"featured_media":0,"parent":0,"menu_order":0,"comment_status":"closed","ping_status":"closed","template":"elementor_header_footer","meta":{"_acf_changed":false,"footnotes":""},"class_list":["post-15863","page","type-page","status-publish"],"acf":[],"yoast_head":"<!-- This site is optimized with the Yoast SEO plugin v23.0 - https:\/\/yoast.com\/wordpress\/plugins\/seo\/ -->\n<title>Who made IP\u00ca 2023 - IP\u00ca - Instituto de Pesquisas Ecol\u00f3gicas<\/title>\n<meta name=\"robots\" content=\"index, follow, max-snippet:-1, max-image-preview:large, max-video-preview:-1\" \/>\n<link rel=\"canonical\" href=\"https:\/\/ipe.org.br\/en\/who-made-ipe-2023\/\" \/>\n<meta property=\"og:locale\" content=\"en_US\" \/>\n<meta property=\"og:type\" content=\"article\" \/>\n<meta property=\"og:title\" content=\"Who made IP\u00ca 2023 - IP\u00ca - Instituto de Pesquisas Ecol\u00f3gicas\" \/>\n<meta property=\"og:description\" content=\"Who made IP\u00ca 2023 Adison Cesar Ferreira Santos Aires Aparecida Cruz Alexandra Tiso Cumerlato Alexandre Uezu Aline dos Santos Souza Aline Maciel Amanda Garbim Ceballos Ana Carolina Abreu de Campos Ana Lilian Barbosa Pereira Andr\u00e9 Corradini Andr\u00e9 Nunes Andr\u00e9 Restel Andrea Pe\u00e7anha Travassos Andrea Pupo Angela Pellin \u00c2ngelo Schuck Gomes Anita Valente da Costa Arnaud ... Read more\" \/>\n<meta property=\"og:url\" content=\"https:\/\/ipe.org.br\/en\/who-made-ipe-2023\/\" \/>\n<meta property=\"og:site_name\" content=\"IP\u00ca - Instituto de Pesquisas Ecol\u00f3gicas\" \/>\n<meta property=\"article:publisher\" content=\"https:\/\/www.facebook.com\/ipe.instituto.pesquisas.ecologicas\" \/>\n<meta property=\"article:modified_time\" content=\"2024-08-07T14:00:46+00:00\" \/>\n<meta property=\"og:image\" content=\"https:\/\/ipe.org.br\/images\/2022\/12\/cropped-logo-ipe2.jpg\" \/>\n\t<meta property=\"og:image:width\" content=\"900\" \/>\n\t<meta property=\"og:image:height\" content=\"900\" \/>\n\t<meta property=\"og:image:type\" content=\"image\/jpeg\" \/>\n<meta name=\"twitter:card\" content=\"summary_large_image\" \/>\n<meta name=\"twitter:site\" content=\"@InstitutoIPE\" \/>\n<meta name=\"twitter:label1\" content=\"Est. reading time\" \/>\n\t<meta name=\"twitter:data1\" content=\"3 minutes\" \/>\n<script type=\"application\/ld+json\" class=\"yoast-schema-graph\">{\"@context\":\"https:\/\/schema.org\",\"@graph\":[{\"@type\":\"WebPage\",\"@id\":\"https:\/\/ipe.org.br\/en\/who-made-ipe-2023\/\",\"url\":\"https:\/\/ipe.org.br\/en\/who-made-ipe-2023\/\",\"name\":\"Who made IP\u00ca 2023 - IP\u00ca - Instituto de Pesquisas Ecol\u00f3gicas\",\"isPartOf\":{\"@id\":\"https:\/\/ipe.org.br\/#website\"},\"datePublished\":\"2022-12-28T16:12:40+00:00\",\"dateModified\":\"2024-08-07T14:00:46+00:00\",\"breadcrumb\":{\"@id\":\"https:\/\/ipe.org.br\/en\/who-made-ipe-2023\/#breadcrumb\"},\"inLanguage\":\"en-US\",\"potentialAction\":[{\"@type\":\"ReadAction\",\"target\":[\"https:\/\/ipe.org.br\/en\/who-made-ipe-2023\/\"]}]},{\"@type\":\"BreadcrumbList\",\"@id\":\"https:\/\/ipe.org.br\/en\/who-made-ipe-2023\/#breadcrumb\",\"itemListElement\":[{\"@type\":\"ListItem\",\"position\":1,\"name\":\"In\u00edcio\",\"item\":\"https:\/\/ipe.org.br\/en\/home-2\/\"},{\"@type\":\"ListItem\",\"position\":2,\"name\":\"Who made IP\u00ca 2023\"}]},{\"@type\":\"WebSite\",\"@id\":\"https:\/\/ipe.org.br\/#website\",\"url\":\"https:\/\/ipe.org.br\/\",\"name\":\"IP\u00ca - Instituto de Pesquisas Ecol\u00f3gicas\",\"description\":\"Pesquisa, Educa\u00e7\u00e3o e Neg\u00f3cios Sustent\u00e1veis para a conserva\u00e7\u00e3o da biodiversidade brasileira.\",\"publisher\":{\"@id\":\"https:\/\/ipe.org.br\/#organization\"},\"potentialAction\":[{\"@type\":\"SearchAction\",\"target\":{\"@type\":\"EntryPoint\",\"urlTemplate\":\"https:\/\/ipe.org.br\/?s={search_term_string}\"},\"query-input\":\"required name=search_term_string\"}],\"inLanguage\":\"en-US\"},{\"@type\":\"Organization\",\"@id\":\"https:\/\/ipe.org.br\/#organization\",\"name\":\"IP\u00ca - Instituto te Pesquisas Ecol\u00f3gicas\",\"alternateName\":\"IP\u00ca - Instituto te Pesquisas Ecol\u00f3gicas\",\"url\":\"https:\/\/ipe.org.br\/\",\"logo\":{\"@type\":\"ImageObject\",\"inLanguage\":\"en-US\",\"@id\":\"https:\/\/ipe.org.br\/#\/schema\/logo\/image\/\",\"url\":\"https:\/\/ipe.org.br\/images\/2022\/12\/cropped-logo-ipe2.jpg\",\"contentUrl\":\"https:\/\/ipe.org.br\/images\/2022\/12\/cropped-logo-ipe2.jpg\",\"width\":900,\"height\":900,\"caption\":\"IP\u00ca - Instituto te Pesquisas Ecol\u00f3gicas\"},\"image\":{\"@id\":\"https:\/\/ipe.org.br\/#\/schema\/logo\/image\/\"},\"sameAs\":[\"https:\/\/www.facebook.com\/ipe.instituto.pesquisas.ecologicas\",\"https:\/\/x.com\/InstitutoIPE\",\"https:\/\/www.instagram.com\/institutoipe\/\",\"https:\/\/www.linkedin.com\/company\/ip---instituto-de-pesquisas-ecolgicas\",\"https:\/\/www.youtube.com\/channel\/UCxsLeAueuL-eMIJy6qif9_g\/videos\"]}]}<\/script>\n<!-- \/ Yoast SEO plugin. -->","yoast_head_json":{"title":"Who made IP\u00ca 2023 - IP\u00ca - Instituto de Pesquisas Ecol\u00f3gicas","robots":{"index":"index","follow":"follow","max-snippet":"max-snippet:-1","max-image-preview":"max-image-preview:large","max-video-preview":"max-video-preview:-1"},"canonical":"https:\/\/ipe.org.br\/en\/who-made-ipe-2023\/","og_locale":"en_US","og_type":"article","og_title":"Who made IP\u00ca 2023 - IP\u00ca - Instituto de Pesquisas Ecol\u00f3gicas","og_description":"Who made IP\u00ca 2023 Adison Cesar Ferreira Santos Aires Aparecida Cruz Alexandra Tiso Cumerlato Alexandre Uezu Aline dos Santos Souza Aline Maciel Amanda Garbim Ceballos Ana Carolina Abreu de Campos Ana Lilian Barbosa Pereira Andr\u00e9 Corradini Andr\u00e9 Nunes Andr\u00e9 Restel Andrea Pe\u00e7anha Travassos Andrea Pupo Angela Pellin \u00c2ngelo Schuck Gomes Anita Valente da Costa Arnaud ... Read more","og_url":"https:\/\/ipe.org.br\/en\/who-made-ipe-2023\/","og_site_name":"IP\u00ca - Instituto de Pesquisas Ecol\u00f3gicas","article_publisher":"https:\/\/www.facebook.com\/ipe.instituto.pesquisas.ecologicas","article_modified_time":"2024-08-07T14:00:46+00:00","og_image":[{"width":900,"height":900,"url":"https:\/\/ipe.org.br\/images\/2022\/12\/cropped-logo-ipe2.jpg","type":"image\/jpeg"}],"twitter_card":"summary_large_image","twitter_site":"@InstitutoIPE","twitter_misc":{"Est. reading time":"3 minutes"},"schema":{"@context":"https:\/\/schema.org","@graph":[{"@type":"WebPage","@id":"https:\/\/ipe.org.br\/en\/who-made-ipe-2023\/","url":"https:\/\/ipe.org.br\/en\/who-made-ipe-2023\/","name":"Who made IP\u00ca 2023 - IP\u00ca - Instituto de Pesquisas Ecol\u00f3gicas","isPartOf":{"@id":"https:\/\/ipe.org.br\/#website"},"datePublished":"2022-12-28T16:12:40+00:00","dateModified":"2024-08-07T14:00:46+00:00","breadcrumb":{"@id":"https:\/\/ipe.org.br\/en\/who-made-ipe-2023\/#breadcrumb"},"inLanguage":"en-US","potentialAction":[{"@type":"ReadAction","target":["https:\/\/ipe.org.br\/en\/who-made-ipe-2023\/"]}]},{"@type":"BreadcrumbList","@id":"https:\/\/ipe.org.br\/en\/who-made-ipe-2023\/#breadcrumb","itemListElement":[{"@type":"ListItem","position":1,"name":"In\u00edcio","item":"https:\/\/ipe.org.br\/en\/home-2\/"},{"@type":"ListItem","position":2,"name":"Who made IP\u00ca 2023"}]},{"@type":"WebSite","@id":"https:\/\/ipe.org.br\/#website","url":"https:\/\/ipe.org.br\/","name":"IP\u00ca - Instituto de Pesquisas Ecol\u00f3gicas","description":"Pesquisa, Educa\u00e7\u00e3o e Neg\u00f3cios Sustent\u00e1veis para a conserva\u00e7\u00e3o da biodiversidade brasileira.","publisher":{"@id":"https:\/\/ipe.org.br\/#organization"},"potentialAction":[{"@type":"SearchAction","target":{"@type":"EntryPoint","urlTemplate":"https:\/\/ipe.org.br\/?s={search_term_string}"},"query-input":"required name=search_term_string"}],"inLanguage":"en-US"},{"@type":"Organization","@id":"https:\/\/ipe.org.br\/#organization","name":"IP\u00ca - Instituto te Pesquisas Ecol\u00f3gicas","alternateName":"IP\u00ca - Instituto te Pesquisas Ecol\u00f3gicas","url":"https:\/\/ipe.org.br\/","logo":{"@type":"ImageObject","inLanguage":"en-US","@id":"https:\/\/ipe.org.br\/#\/schema\/logo\/image\/","url":"https:\/\/ipe.org.br\/images\/2022\/12\/cropped-logo-ipe2.jpg","contentUrl":"https:\/\/ipe.org.br\/images\/2022\/12\/cropped-logo-ipe2.jpg","width":900,"height":900,"caption":"IP\u00ca - Instituto te Pesquisas Ecol\u00f3gicas"},"image":{"@id":"https:\/\/ipe.org.br\/#\/schema\/logo\/image\/"},"sameAs":["https:\/\/www.facebook.com\/ipe.instituto.pesquisas.ecologicas","https:\/\/x.com\/InstitutoIPE","https:\/\/www.instagram.com\/institutoipe\/","https:\/\/www.linkedin.com\/company\/ip---instituto-de-pesquisas-ecolgicas","https:\/\/www.youtube.com\/channel\/UCxsLeAueuL-eMIJy6qif9_g\/videos"]}]}},"_links":{"self":[{"href":"https:\/\/ipe.org.br\/en\/wp-json\/wp\/v2\/pages\/15863","targetHints":{"allow":["GET"]}}],"collection":[{"href":"https:\/\/ipe.org.br\/en\/wp-json\/wp\/v2\/pages"}],"about":[{"href":"https:\/\/ipe.org.br\/en\/wp-json\/wp\/v2\/types\/page"}],"author":[{"embeddable":true,"href":"https:\/\/ipe.org.br\/en\/wp-json\/wp\/v2\/users\/1"}],"replies":[{"embeddable":true,"href":"https:\/\/ipe.org.br\/en\/wp-json\/wp\/v2\/comments?post=15863"}],"version-history":[{"count":3,"href":"https:\/\/ipe.org.br\/en\/wp-json\/wp\/v2\/pages\/15863\/revisions"}],"predecessor-version":[{"id":15875,"href":"https:\/\/ipe.org.br\/en\/wp-json\/wp\/v2\/pages\/15863\/revisions\/15875"}],"wp:attachment":[{"href":"https:\/\/ipe.org.br\/en\/wp-json\/wp\/v2\/media?parent=15863"}],"curies":[{"name":"wp","href":"https:\/\/api.w.org\/{rel}","templated":true}]}}