{"id":14226,"date":"2023-01-02T10:13:29","date_gmt":"2023-01-02T13:13:29","guid":{"rendered":"https:\/\/ipe.org.br\/get2gether\/"},"modified":"2023-12-20T18:33:41","modified_gmt":"2023-12-20T21:33:41","slug":"get2gether","status":"publish","type":"page","link":"https:\/\/ipe.org.br\/en\/get2gether\/","title":{"rendered":"Get2gether"},"content":{"rendered":"\t\t<div data-elementor-type=\"wp-page\" data-elementor-id=\"14226\" class=\"elementor elementor-14226 elementor-8206\" data-elementor-post-type=\"page\">\n\t\t\t\t\t\t<section class=\"has_ma_el_bg_slider elementor-section elementor-top-section elementor-element elementor-element-838b51b elementor-section-height-min-height elementor-section-boxed elementor-section-height-default elementor-section-items-middle\" data-id=\"838b51b\" data-element_type=\"section\" data-settings=\"{&quot;background_background&quot;:&quot;classic&quot;}\">\n\t\t\t\t\t\t\t<div class=\"elementor-background-overlay\"><\/div>\n\t\t\t\t\t\t\t<div class=\"elementor-container elementor-column-gap-default\">\n\t\t\t\t\t<div class=\"has_ma_el_bg_slider elementor-column elementor-col-100 elementor-top-column elementor-element elementor-element-a551f5d jltma-glass-effect-no\" data-id=\"a551f5d\" data-element_type=\"column\">\n\t\t\t<div class=\"elementor-widget-wrap elementor-element-populated\">\n\t\t\t\t\t\t<div class=\"elementor-element elementor-element-73e172a jltma-glass-effect-no elementor-invisible elementor-widget elementor-widget-heading\" data-id=\"73e172a\" data-element_type=\"widget\" data-settings=\"{&quot;_animation&quot;:&quot;fadeIn&quot;}\" data-widget_type=\"heading.default\">\n\t\t\t\t<div class=\"elementor-widget-container\">\n\t\t\t<h1 class=\"elementor-heading-title elementor-size-default\">Get2gether<\/h1>\t\t<\/div>\n\t\t\t\t<\/div>\n\t\t\t\t<div class=\"elementor-element elementor-element-5966f2a jltma-glass-effect-no elementor-invisible elementor-widget elementor-widget-heading\" data-id=\"5966f2a\" data-element_type=\"widget\" data-settings=\"{&quot;_animation&quot;:&quot;fadeIn&quot;}\" data-widget_type=\"heading.default\">\n\t\t\t\t<div class=\"elementor-widget-container\">\n\t\t\t<h1 class=\"elementor-heading-title elementor-size-default\"><a href=\"https:\/\/ipe.org.br\/?page_id=8144\">Donation Initiatives<\/a><\/h1>\t\t<\/div>\n\t\t\t\t<\/div>\n\t\t\t\t\t<\/div>\n\t\t<\/div>\n\t\t\t\t\t<\/div>\n\t\t<\/section>\n\t\t\t\t<section class=\"has_ma_el_bg_slider elementor-section elementor-top-section elementor-element elementor-element-130fbe7 elementor-section-height-min-height elementor-section-boxed elementor-section-height-default elementor-section-items-middle jltma-glass-effect-no\" data-id=\"130fbe7\" data-element_type=\"section\" data-settings=\"{&quot;background_background&quot;:&quot;classic&quot;}\">\n\t\t\t\t\t\t<div class=\"elementor-container elementor-column-gap-default\">\n\t\t\t\t\t<div class=\"has_ma_el_bg_slider elementor-column elementor-col-100 elementor-top-column elementor-element elementor-element-d5e948b jltma-glass-effect-no\" data-id=\"d5e948b\" data-element_type=\"column\">\n\t\t\t<div class=\"elementor-widget-wrap elementor-element-populated\">\n\t\t\t\t\t\t<div class=\"elementor-element elementor-element-7dd01a1 jltma-glass-effect-no elementor-invisible elementor-widget elementor-widget-text-editor\" data-id=\"7dd01a1\" data-element_type=\"widget\" data-settings=\"{&quot;_animation&quot;:&quot;fadeIn&quot;}\" data-widget_type=\"text-editor.default\">\n\t\t\t\t<div class=\"elementor-widget-container\">\n\t\t\t\t\t\t\t<p><style>\na{color:#34a853}<br\/><\/style><\/p><p>Launched in June 2015, Get2gether is a platform that aims to bring together people, companies and social causes around the culture of giving in Brazil.<\/p><p>On <a href=\"http:\/\/www.get2gether.com.br\/\" target=\"_blank\" rel=\"noopener\">http:\/\/www.get2gether.com.br\/,<\/a> you can contribute to social and environmental causes in two ways:<\/p><h3>Direct donations to NGOs:<\/h3><p>Click on causes, choose a project and donate as much as you can.<\/p><p>Your donation goes directly into the NGO&#8217;s account, there are no administrative fees.<\/p><h3>Good Club:<\/h3><p>Monthly support for NGOs. Donors choose a plan that fits their budget and help various causes in Brazil, earning a g2g card to enjoy exclusive benefits as a member-donor.<\/p><p>IP\u00ca is one of the organizations supported by Get2gether. Donate too! Contribute to IP\u00ca.<\/p>\t\t\t\t\t\t<\/div>\n\t\t\t\t<\/div>\n\t\t\t\t\t<\/div>\n\t\t<\/div>\n\t\t\t\t\t<\/div>\n\t\t<\/section>\n\t\t\t\t<\/div>\n\t\t","protected":false},"excerpt":{"rendered":"<p>Get2gether Donation Initiatives Launched in June 2015, Get2gether is a platform that aims to bring together people, companies and social causes around the culture of giving in Brazil. On http:\/\/www.get2gether.com.br\/, you can contribute to social and environmental causes in two ways: Direct donations to NGOs: Click on causes, choose a project and donate as much &#8230; <a title=\"Get2gether\" class=\"read-more\" href=\"https:\/\/ipe.org.br\/en\/get2gether\/\" aria-label=\"Read more about Get2gether\">Read more<\/a><\/p>\n","protected":false},"author":1,"featured_media":0,"parent":0,"menu_order":0,"comment_status":"closed","ping_status":"closed","template":"elementor_header_footer","meta":{"_acf_changed":false,"footnotes":""},"class_list":["post-14226","page","type-page","status-publish"],"acf":[],"yoast_head":"<!-- This site is optimized with the Yoast SEO plugin v23.0 - https:\/\/yoast.com\/wordpress\/plugins\/seo\/ -->\n<title>Get2gether - IP\u00ca - Instituto de Pesquisas Ecol\u00f3gicas<\/title>\n<meta name=\"robots\" content=\"index, follow, max-snippet:-1, max-image-preview:large, max-video-preview:-1\" \/>\n<link rel=\"canonical\" href=\"https:\/\/ipe.org.br\/en\/get2gether\/\" \/>\n<meta property=\"og:locale\" content=\"en_US\" \/>\n<meta property=\"og:type\" content=\"article\" \/>\n<meta property=\"og:title\" content=\"Get2gether - IP\u00ca - Instituto de Pesquisas Ecol\u00f3gicas\" \/>\n<meta property=\"og:description\" content=\"Get2gether Donation Initiatives Launched in June 2015, Get2gether is a platform that aims to bring together people, companies and social causes around the culture of giving in Brazil. On http:\/\/www.get2gether.com.br\/, you can contribute to social and environmental causes in two ways: Direct donations to NGOs: Click on causes, choose a project and donate as much ... Read more\" \/>\n<meta property=\"og:url\" content=\"https:\/\/ipe.org.br\/en\/get2gether\/\" \/>\n<meta property=\"og:site_name\" content=\"IP\u00ca - Instituto de Pesquisas Ecol\u00f3gicas\" \/>\n<meta property=\"article:publisher\" content=\"https:\/\/www.facebook.com\/ipe.instituto.pesquisas.ecologicas\" \/>\n<meta property=\"article:modified_time\" content=\"2023-12-20T21:33:41+00:00\" \/>\n<meta property=\"og:image\" content=\"https:\/\/ipe.org.br\/images\/2022\/12\/cropped-logo-ipe2.jpg\" \/>\n\t<meta property=\"og:image:width\" content=\"900\" \/>\n\t<meta property=\"og:image:height\" content=\"900\" \/>\n\t<meta property=\"og:image:type\" content=\"image\/jpeg\" \/>\n<meta name=\"twitter:card\" content=\"summary_large_image\" \/>\n<meta name=\"twitter:site\" content=\"@InstitutoIPE\" \/>\n<meta name=\"twitter:label1\" content=\"Est. reading time\" \/>\n\t<meta name=\"twitter:data1\" content=\"1 minute\" \/>\n<script type=\"application\/ld+json\" class=\"yoast-schema-graph\">{\"@context\":\"https:\/\/schema.org\",\"@graph\":[{\"@type\":\"WebPage\",\"@id\":\"https:\/\/ipe.org.br\/en\/get2gether\/\",\"url\":\"https:\/\/ipe.org.br\/en\/get2gether\/\",\"name\":\"Get2gether - IP\u00ca - Instituto de Pesquisas Ecol\u00f3gicas\",\"isPartOf\":{\"@id\":\"https:\/\/ipe.org.br\/#website\"},\"datePublished\":\"2023-01-02T13:13:29+00:00\",\"dateModified\":\"2023-12-20T21:33:41+00:00\",\"breadcrumb\":{\"@id\":\"https:\/\/ipe.org.br\/en\/get2gether\/#breadcrumb\"},\"inLanguage\":\"en-US\",\"potentialAction\":[{\"@type\":\"ReadAction\",\"target\":[\"https:\/\/ipe.org.br\/en\/get2gether\/\"]}]},{\"@type\":\"BreadcrumbList\",\"@id\":\"https:\/\/ipe.org.br\/en\/get2gether\/#breadcrumb\",\"itemListElement\":[{\"@type\":\"ListItem\",\"position\":1,\"name\":\"In\u00edcio\",\"item\":\"https:\/\/ipe.org.br\/en\/home-2\/\"},{\"@type\":\"ListItem\",\"position\":2,\"name\":\"Get2gether\"}]},{\"@type\":\"WebSite\",\"@id\":\"https:\/\/ipe.org.br\/#website\",\"url\":\"https:\/\/ipe.org.br\/\",\"name\":\"IP\u00ca - Instituto de Pesquisas Ecol\u00f3gicas\",\"description\":\"Pesquisa, Educa\u00e7\u00e3o e Neg\u00f3cios Sustent\u00e1veis para a conserva\u00e7\u00e3o da biodiversidade brasileira.\",\"publisher\":{\"@id\":\"https:\/\/ipe.org.br\/#organization\"},\"potentialAction\":[{\"@type\":\"SearchAction\",\"target\":{\"@type\":\"EntryPoint\",\"urlTemplate\":\"https:\/\/ipe.org.br\/?s={search_term_string}\"},\"query-input\":\"required name=search_term_string\"}],\"inLanguage\":\"en-US\"},{\"@type\":\"Organization\",\"@id\":\"https:\/\/ipe.org.br\/#organization\",\"name\":\"IP\u00ca - Instituto te Pesquisas Ecol\u00f3gicas\",\"alternateName\":\"IP\u00ca - Instituto te Pesquisas Ecol\u00f3gicas\",\"url\":\"https:\/\/ipe.org.br\/\",\"logo\":{\"@type\":\"ImageObject\",\"inLanguage\":\"en-US\",\"@id\":\"https:\/\/ipe.org.br\/#\/schema\/logo\/image\/\",\"url\":\"https:\/\/ipe.org.br\/images\/2022\/12\/cropped-logo-ipe2.jpg\",\"contentUrl\":\"https:\/\/ipe.org.br\/images\/2022\/12\/cropped-logo-ipe2.jpg\",\"width\":900,\"height\":900,\"caption\":\"IP\u00ca - Instituto te Pesquisas Ecol\u00f3gicas\"},\"image\":{\"@id\":\"https:\/\/ipe.org.br\/#\/schema\/logo\/image\/\"},\"sameAs\":[\"https:\/\/www.facebook.com\/ipe.instituto.pesquisas.ecologicas\",\"https:\/\/x.com\/InstitutoIPE\",\"https:\/\/www.instagram.com\/institutoipe\/\",\"https:\/\/www.linkedin.com\/company\/ip---instituto-de-pesquisas-ecolgicas\",\"https:\/\/www.youtube.com\/channel\/UCxsLeAueuL-eMIJy6qif9_g\/videos\"]}]}<\/script>\n<!-- \/ Yoast SEO plugin. -->","yoast_head_json":{"title":"Get2gether - IP\u00ca - Instituto de Pesquisas Ecol\u00f3gicas","robots":{"index":"index","follow":"follow","max-snippet":"max-snippet:-1","max-image-preview":"max-image-preview:large","max-video-preview":"max-video-preview:-1"},"canonical":"https:\/\/ipe.org.br\/en\/get2gether\/","og_locale":"en_US","og_type":"article","og_title":"Get2gether - IP\u00ca - Instituto de Pesquisas Ecol\u00f3gicas","og_description":"Get2gether Donation Initiatives Launched in June 2015, Get2gether is a platform that aims to bring together people, companies and social causes around the culture of giving in Brazil. On http:\/\/www.get2gether.com.br\/, you can contribute to social and environmental causes in two ways: Direct donations to NGOs: Click on causes, choose a project and donate as much ... Read more","og_url":"https:\/\/ipe.org.br\/en\/get2gether\/","og_site_name":"IP\u00ca - Instituto de Pesquisas Ecol\u00f3gicas","article_publisher":"https:\/\/www.facebook.com\/ipe.instituto.pesquisas.ecologicas","article_modified_time":"2023-12-20T21:33:41+00:00","og_image":[{"width":900,"height":900,"url":"https:\/\/ipe.org.br\/images\/2022\/12\/cropped-logo-ipe2.jpg","type":"image\/jpeg"}],"twitter_card":"summary_large_image","twitter_site":"@InstitutoIPE","twitter_misc":{"Est. reading time":"1 minute"},"schema":{"@context":"https:\/\/schema.org","@graph":[{"@type":"WebPage","@id":"https:\/\/ipe.org.br\/en\/get2gether\/","url":"https:\/\/ipe.org.br\/en\/get2gether\/","name":"Get2gether - IP\u00ca - Instituto de Pesquisas Ecol\u00f3gicas","isPartOf":{"@id":"https:\/\/ipe.org.br\/#website"},"datePublished":"2023-01-02T13:13:29+00:00","dateModified":"2023-12-20T21:33:41+00:00","breadcrumb":{"@id":"https:\/\/ipe.org.br\/en\/get2gether\/#breadcrumb"},"inLanguage":"en-US","potentialAction":[{"@type":"ReadAction","target":["https:\/\/ipe.org.br\/en\/get2gether\/"]}]},{"@type":"BreadcrumbList","@id":"https:\/\/ipe.org.br\/en\/get2gether\/#breadcrumb","itemListElement":[{"@type":"ListItem","position":1,"name":"In\u00edcio","item":"https:\/\/ipe.org.br\/en\/home-2\/"},{"@type":"ListItem","position":2,"name":"Get2gether"}]},{"@type":"WebSite","@id":"https:\/\/ipe.org.br\/#website","url":"https:\/\/ipe.org.br\/","name":"IP\u00ca - Instituto de Pesquisas Ecol\u00f3gicas","description":"Pesquisa, Educa\u00e7\u00e3o e Neg\u00f3cios Sustent\u00e1veis para a conserva\u00e7\u00e3o da biodiversidade brasileira.","publisher":{"@id":"https:\/\/ipe.org.br\/#organization"},"potentialAction":[{"@type":"SearchAction","target":{"@type":"EntryPoint","urlTemplate":"https:\/\/ipe.org.br\/?s={search_term_string}"},"query-input":"required name=search_term_string"}],"inLanguage":"en-US"},{"@type":"Organization","@id":"https:\/\/ipe.org.br\/#organization","name":"IP\u00ca - Instituto te Pesquisas Ecol\u00f3gicas","alternateName":"IP\u00ca - Instituto te Pesquisas Ecol\u00f3gicas","url":"https:\/\/ipe.org.br\/","logo":{"@type":"ImageObject","inLanguage":"en-US","@id":"https:\/\/ipe.org.br\/#\/schema\/logo\/image\/","url":"https:\/\/ipe.org.br\/images\/2022\/12\/cropped-logo-ipe2.jpg","contentUrl":"https:\/\/ipe.org.br\/images\/2022\/12\/cropped-logo-ipe2.jpg","width":900,"height":900,"caption":"IP\u00ca - Instituto te Pesquisas Ecol\u00f3gicas"},"image":{"@id":"https:\/\/ipe.org.br\/#\/schema\/logo\/image\/"},"sameAs":["https:\/\/www.facebook.com\/ipe.instituto.pesquisas.ecologicas","https:\/\/x.com\/InstitutoIPE","https:\/\/www.instagram.com\/institutoipe\/","https:\/\/www.linkedin.com\/company\/ip---instituto-de-pesquisas-ecolgicas","https:\/\/www.youtube.com\/channel\/UCxsLeAueuL-eMIJy6qif9_g\/videos"]}]}},"_links":{"self":[{"href":"https:\/\/ipe.org.br\/en\/wp-json\/wp\/v2\/pages\/14226","targetHints":{"allow":["GET"]}}],"collection":[{"href":"https:\/\/ipe.org.br\/en\/wp-json\/wp\/v2\/pages"}],"about":[{"href":"https:\/\/ipe.org.br\/en\/wp-json\/wp\/v2\/types\/page"}],"author":[{"embeddable":true,"href":"https:\/\/ipe.org.br\/en\/wp-json\/wp\/v2\/users\/1"}],"replies":[{"embeddable":true,"href":"https:\/\/ipe.org.br\/en\/wp-json\/wp\/v2\/comments?post=14226"}],"version-history":[{"count":1,"href":"https:\/\/ipe.org.br\/en\/wp-json\/wp\/v2\/pages\/14226\/revisions"}],"predecessor-version":[{"id":14227,"href":"https:\/\/ipe.org.br\/en\/wp-json\/wp\/v2\/pages\/14226\/revisions\/14227"}],"wp:attachment":[{"href":"https:\/\/ipe.org.br\/en\/wp-json\/wp\/v2\/media?parent=14226"}],"curies":[{"name":"wp","href":"https:\/\/api.w.org\/{rel}","templated":true}]}}