{"id":14218,"date":"2023-01-02T10:05:36","date_gmt":"2023-01-02T13:05:36","guid":{"rendered":"https:\/\/ipe.org.br\/round-movement\/"},"modified":"2023-12-20T18:31:55","modified_gmt":"2023-12-20T21:31:55","slug":"round-movement","status":"publish","type":"page","link":"https:\/\/ipe.org.br\/en\/round-movement\/","title":{"rendered":"Round movement"},"content":{"rendered":"\t\t<div data-elementor-type=\"wp-page\" data-elementor-id=\"14218\" class=\"elementor elementor-14218 elementor-8171\" data-elementor-post-type=\"page\">\n\t\t\t\t\t\t<section class=\"has_ma_el_bg_slider elementor-section elementor-top-section elementor-element elementor-element-838b51b elementor-section-height-min-height elementor-section-boxed elementor-section-height-default elementor-section-items-middle\" data-id=\"838b51b\" data-element_type=\"section\" data-settings=\"{&quot;background_background&quot;:&quot;classic&quot;}\">\n\t\t\t\t\t\t\t<div class=\"elementor-background-overlay\"><\/div>\n\t\t\t\t\t\t\t<div class=\"elementor-container elementor-column-gap-default\">\n\t\t\t\t\t<div class=\"has_ma_el_bg_slider elementor-column elementor-col-100 elementor-top-column elementor-element elementor-element-a551f5d jltma-glass-effect-no\" data-id=\"a551f5d\" data-element_type=\"column\">\n\t\t\t<div class=\"elementor-widget-wrap elementor-element-populated\">\n\t\t\t\t\t\t<div class=\"elementor-element elementor-element-73e172a jltma-glass-effect-no elementor-invisible elementor-widget elementor-widget-heading\" data-id=\"73e172a\" data-element_type=\"widget\" data-settings=\"{&quot;_animation&quot;:&quot;fadeIn&quot;}\" data-widget_type=\"heading.default\">\n\t\t\t\t<div class=\"elementor-widget-container\">\n\t\t\t<h1 class=\"elementor-heading-title elementor-size-default\">Round movement<\/h1>\t\t<\/div>\n\t\t\t\t<\/div>\n\t\t\t\t<div class=\"elementor-element elementor-element-5966f2a jltma-glass-effect-no elementor-invisible elementor-widget elementor-widget-heading\" data-id=\"5966f2a\" data-element_type=\"widget\" data-settings=\"{&quot;_animation&quot;:&quot;fadeIn&quot;}\" data-widget_type=\"heading.default\">\n\t\t\t\t<div class=\"elementor-widget-container\">\n\t\t\t<h1 class=\"elementor-heading-title elementor-size-default\"><a href=\"https:\/\/ipe.org.br\/?page_id=8144\">Donation Initiatives<\/a><\/h1>\t\t<\/div>\n\t\t\t\t<\/div>\n\t\t\t\t\t<\/div>\n\t\t<\/div>\n\t\t\t\t\t<\/div>\n\t\t<\/section>\n\t\t\t\t<section class=\"has_ma_el_bg_slider elementor-section elementor-top-section elementor-element elementor-element-130fbe7 elementor-section-height-min-height elementor-section-boxed elementor-section-height-default elementor-section-items-middle jltma-glass-effect-no\" data-id=\"130fbe7\" data-element_type=\"section\" data-settings=\"{&quot;background_background&quot;:&quot;classic&quot;}\">\n\t\t\t\t\t\t<div class=\"elementor-container elementor-column-gap-default\">\n\t\t\t\t\t<div class=\"has_ma_el_bg_slider elementor-column elementor-col-100 elementor-top-column elementor-element elementor-element-d5e948b jltma-glass-effect-no\" data-id=\"d5e948b\" data-element_type=\"column\">\n\t\t\t<div class=\"elementor-widget-wrap elementor-element-populated\">\n\t\t\t\t\t\t<div class=\"elementor-element elementor-element-7dd01a1 jltma-glass-effect-no elementor-invisible elementor-widget elementor-widget-text-editor\" data-id=\"7dd01a1\" data-element_type=\"widget\" data-settings=\"{&quot;_animation&quot;:&quot;fadeIn&quot;}\" data-widget_type=\"text-editor.default\">\n\t\t\t\t<div class=\"elementor-widget-container\">\n\t\t\t\t\t\t\t<p><style>\na{color:#34a853}<br \/><\/style><\/p><div class=\"block-right col-xs-12 col-lg-6 col-lg-offset-6\"><div class=\"block-inner\" data-ajax-block=\"block-right\"><div id=\"t3-mainbody\" class=\"t3-mainbody col-xs-12 col-sm-12\"><div class=\"row\"><div id=\"t3-content\" class=\"t3-content col-xs-11 col-sm-8\"><article class=\"item-page\"><section class=\"article-content clearfix\"><div id=\"cck111\" class=\"cck-f100 cck-pad-8\"><div><div class=\"cck-line-body\"><div class=\"cck-plr cck-ptb\"><div id=\"cck111_mainbody\" class=\"cck-pos-mainbody seb_css3b vertical cck111-deepest\"><div class=\"row\"><div class=\"col col-md-3 text-center\"><p><img fetchpriority=\"high\" decoding=\"async\" class=\"alignleft\" src=\"https:\/\/ipe.org.br\/images\/Logo-vertical-RGB.png\" alt=\"\" width=\"299\" height=\"168\">IP\u00ca is among the organizations benefiting from the Round Up Movement. The initiative was created with the aim of transforming the culture of donation in a simple way, with a focus on micro-donations, a worldwide trend.<\/p><p style=\"text-align: left;\">It works as follows: when buying a product or using a service at an establishment that is a member of the movement, the customer can choose to round up the bill, donating the cents to Arredondar which, in turn, distributes the donations among the registered organizations, which have undergone a rigorous selection process. These are institutions that work on important causes such as the environment, health and education, among others.<\/p><p style=\"text-align: left;\">IP\u00ca&#8217;s partners are the Luigi Bertolli, Meggashop and Havaianas stores, which round up exclusively for the Institute and its cause. In an innovative move, Tricard has also joined in: card customers have the option of rounding up their bill, donating the cents to IP\u00ca.<\/p><p style=\"text-align: left;\">The donations are earmarked for the work of the Institute, which is responsible for carrying out scientific research for the conservation of six species of endangered and vulnerable animals; environmental education and training activities in communities that reached 17,000 people in 2017; courses and postgraduate courses in conservation and sustainability with ESCAS; sustainable businesses that benefit more than 200 families; as well as forest restoration, with more than 3 million trees planted in the Atlantic Forest.<\/p><p style=\"text-align: left;\">Find out more: <a href=\"http:\/\/www.arredondar.org.br\/\" target=\"_blank\" rel=\"noopener noreferrer\" data-saferedirecturl=\"https:\/\/www.google.com\/url?q=http:\/\/www.arredondar.org.br\/&amp;source=gmail&amp;ust=1542217334682000&amp;usg=AFQjCNH91pIKTiuw6g_WdarL3nOvC6k30A\">http:\/\/www.arredondar.<wbr><\/wbr>org.br\/<\/a><\/p><\/div><\/div><div class=\"artigo_completo\" style=\"text-align: left;\"> <\/div><\/div><div class=\"clr\" style=\"text-align: left;\"> <\/div><\/div><\/div><\/div><div class=\"attachmentsContainer\" style=\"text-align: left;\"><div id=\"attachmentsList_com_content_default_871\" class=\"attachmentsList\"> <\/div><\/div><\/div><\/section><\/article><\/div><\/div><\/div><\/div><\/div><div class=\"block-footer col-xs-12 col-lg-6 col-lg-offset-6\"><div id=\"back-to-top\" class=\"back-to-top hidden-xs hidden-sm affix-top\" style=\"text-align: left;\" data-spy=\"affix\" data-offset-top=\"300\"> <\/div><footer id=\"t3-footer\" class=\"t3-footer col-xs-12\"><div class=\"t3-spotlight t3-footnav row equal-height\"><div class=\"col col-lg-4 col-md-4 col-sm-4 col-xs-12\"><div id=\"Mod94\" class=\"t3-module module \"><div class=\"module-inner\" style=\"text-align: left;\"> <\/div><\/div><\/div><\/div><\/footer><\/div>\t\t\t\t\t\t<\/div>\n\t\t\t\t<\/div>\n\t\t\t\t\t<\/div>\n\t\t<\/div>\n\t\t\t\t\t<\/div>\n\t\t<\/section>\n\t\t\t\t<\/div>\n\t\t","protected":false},"excerpt":{"rendered":"<p>Round movement Donation Initiatives IP\u00ca is among the organizations benefiting from the Round Up Movement. The initiative was created with the aim of transforming the culture of donation in a simple way, with a focus on micro-donations, a worldwide trend. It works as follows: when buying a product or using a service at an establishment &#8230; <a title=\"Round movement\" class=\"read-more\" href=\"https:\/\/ipe.org.br\/en\/round-movement\/\" aria-label=\"Read more about Round movement\">Read more<\/a><\/p>\n","protected":false},"author":1,"featured_media":0,"parent":0,"menu_order":0,"comment_status":"closed","ping_status":"closed","template":"elementor_header_footer","meta":{"_acf_changed":false,"footnotes":""},"class_list":["post-14218","page","type-page","status-publish"],"acf":[],"yoast_head":"<!-- This site is optimized with the Yoast SEO plugin v23.0 - https:\/\/yoast.com\/wordpress\/plugins\/seo\/ -->\n<title>Round movement - IP\u00ca - Instituto de Pesquisas Ecol\u00f3gicas<\/title>\n<meta name=\"robots\" content=\"index, follow, max-snippet:-1, max-image-preview:large, max-video-preview:-1\" \/>\n<link rel=\"canonical\" href=\"https:\/\/ipe.org.br\/en\/round-movement\/\" \/>\n<meta property=\"og:locale\" content=\"en_US\" \/>\n<meta property=\"og:type\" content=\"article\" \/>\n<meta property=\"og:title\" content=\"Round movement - IP\u00ca - Instituto de Pesquisas Ecol\u00f3gicas\" \/>\n<meta property=\"og:description\" content=\"Round movement Donation Initiatives IP\u00ca is among the organizations benefiting from the Round Up Movement. The initiative was created with the aim of transforming the culture of donation in a simple way, with a focus on micro-donations, a worldwide trend. It works as follows: when buying a product or using a service at an establishment ... Read more\" \/>\n<meta property=\"og:url\" content=\"https:\/\/ipe.org.br\/en\/round-movement\/\" \/>\n<meta property=\"og:site_name\" content=\"IP\u00ca - Instituto de Pesquisas Ecol\u00f3gicas\" \/>\n<meta property=\"article:publisher\" content=\"https:\/\/www.facebook.com\/ipe.instituto.pesquisas.ecologicas\" \/>\n<meta property=\"article:modified_time\" content=\"2023-12-20T21:31:55+00:00\" \/>\n<meta property=\"og:image\" content=\"https:\/\/ipe.org.br\/images\/Logo-vertical-RGB.png\" \/>\n<meta name=\"twitter:card\" content=\"summary_large_image\" \/>\n<meta name=\"twitter:site\" content=\"@InstitutoIPE\" \/>\n<meta name=\"twitter:label1\" content=\"Est. reading time\" \/>\n\t<meta name=\"twitter:data1\" content=\"1 minute\" \/>\n<script type=\"application\/ld+json\" class=\"yoast-schema-graph\">{\"@context\":\"https:\/\/schema.org\",\"@graph\":[{\"@type\":\"WebPage\",\"@id\":\"https:\/\/ipe.org.br\/en\/round-movement\/\",\"url\":\"https:\/\/ipe.org.br\/en\/round-movement\/\",\"name\":\"Round movement - IP\u00ca - Instituto de Pesquisas Ecol\u00f3gicas\",\"isPartOf\":{\"@id\":\"https:\/\/ipe.org.br\/#website\"},\"primaryImageOfPage\":{\"@id\":\"https:\/\/ipe.org.br\/en\/round-movement\/#primaryimage\"},\"image\":{\"@id\":\"https:\/\/ipe.org.br\/en\/round-movement\/#primaryimage\"},\"thumbnailUrl\":\"https:\/\/ipe.org.br\/images\/Logo-vertical-RGB.png\",\"datePublished\":\"2023-01-02T13:05:36+00:00\",\"dateModified\":\"2023-12-20T21:31:55+00:00\",\"breadcrumb\":{\"@id\":\"https:\/\/ipe.org.br\/en\/round-movement\/#breadcrumb\"},\"inLanguage\":\"en-US\",\"potentialAction\":[{\"@type\":\"ReadAction\",\"target\":[\"https:\/\/ipe.org.br\/en\/round-movement\/\"]}]},{\"@type\":\"ImageObject\",\"inLanguage\":\"en-US\",\"@id\":\"https:\/\/ipe.org.br\/en\/round-movement\/#primaryimage\",\"url\":\"https:\/\/ipe.org.br\/images\/Logo-vertical-RGB.png\",\"contentUrl\":\"https:\/\/ipe.org.br\/images\/Logo-vertical-RGB.png\"},{\"@type\":\"BreadcrumbList\",\"@id\":\"https:\/\/ipe.org.br\/en\/round-movement\/#breadcrumb\",\"itemListElement\":[{\"@type\":\"ListItem\",\"position\":1,\"name\":\"In\u00edcio\",\"item\":\"https:\/\/ipe.org.br\/en\/home-2\/\"},{\"@type\":\"ListItem\",\"position\":2,\"name\":\"Round movement\"}]},{\"@type\":\"WebSite\",\"@id\":\"https:\/\/ipe.org.br\/#website\",\"url\":\"https:\/\/ipe.org.br\/\",\"name\":\"IP\u00ca - Instituto de Pesquisas Ecol\u00f3gicas\",\"description\":\"Pesquisa, Educa\u00e7\u00e3o e Neg\u00f3cios Sustent\u00e1veis para a conserva\u00e7\u00e3o da biodiversidade brasileira.\",\"publisher\":{\"@id\":\"https:\/\/ipe.org.br\/#organization\"},\"potentialAction\":[{\"@type\":\"SearchAction\",\"target\":{\"@type\":\"EntryPoint\",\"urlTemplate\":\"https:\/\/ipe.org.br\/?s={search_term_string}\"},\"query-input\":\"required name=search_term_string\"}],\"inLanguage\":\"en-US\"},{\"@type\":\"Organization\",\"@id\":\"https:\/\/ipe.org.br\/#organization\",\"name\":\"IP\u00ca - Instituto te Pesquisas Ecol\u00f3gicas\",\"alternateName\":\"IP\u00ca - Instituto te Pesquisas Ecol\u00f3gicas\",\"url\":\"https:\/\/ipe.org.br\/\",\"logo\":{\"@type\":\"ImageObject\",\"inLanguage\":\"en-US\",\"@id\":\"https:\/\/ipe.org.br\/#\/schema\/logo\/image\/\",\"url\":\"https:\/\/ipe.org.br\/images\/2022\/12\/cropped-logo-ipe2.jpg\",\"contentUrl\":\"https:\/\/ipe.org.br\/images\/2022\/12\/cropped-logo-ipe2.jpg\",\"width\":900,\"height\":900,\"caption\":\"IP\u00ca - Instituto te Pesquisas Ecol\u00f3gicas\"},\"image\":{\"@id\":\"https:\/\/ipe.org.br\/#\/schema\/logo\/image\/\"},\"sameAs\":[\"https:\/\/www.facebook.com\/ipe.instituto.pesquisas.ecologicas\",\"https:\/\/x.com\/InstitutoIPE\",\"https:\/\/www.instagram.com\/institutoipe\/\",\"https:\/\/www.linkedin.com\/company\/ip---instituto-de-pesquisas-ecolgicas\",\"https:\/\/www.youtube.com\/channel\/UCxsLeAueuL-eMIJy6qif9_g\/videos\"]}]}<\/script>\n<!-- \/ Yoast SEO plugin. -->","yoast_head_json":{"title":"Round movement - IP\u00ca - Instituto de Pesquisas Ecol\u00f3gicas","robots":{"index":"index","follow":"follow","max-snippet":"max-snippet:-1","max-image-preview":"max-image-preview:large","max-video-preview":"max-video-preview:-1"},"canonical":"https:\/\/ipe.org.br\/en\/round-movement\/","og_locale":"en_US","og_type":"article","og_title":"Round movement - IP\u00ca - Instituto de Pesquisas Ecol\u00f3gicas","og_description":"Round movement Donation Initiatives IP\u00ca is among the organizations benefiting from the Round Up Movement. The initiative was created with the aim of transforming the culture of donation in a simple way, with a focus on micro-donations, a worldwide trend. It works as follows: when buying a product or using a service at an establishment ... Read more","og_url":"https:\/\/ipe.org.br\/en\/round-movement\/","og_site_name":"IP\u00ca - Instituto de Pesquisas Ecol\u00f3gicas","article_publisher":"https:\/\/www.facebook.com\/ipe.instituto.pesquisas.ecologicas","article_modified_time":"2023-12-20T21:31:55+00:00","og_image":[{"url":"https:\/\/ipe.org.br\/images\/Logo-vertical-RGB.png"}],"twitter_card":"summary_large_image","twitter_site":"@InstitutoIPE","twitter_misc":{"Est. reading time":"1 minute"},"schema":{"@context":"https:\/\/schema.org","@graph":[{"@type":"WebPage","@id":"https:\/\/ipe.org.br\/en\/round-movement\/","url":"https:\/\/ipe.org.br\/en\/round-movement\/","name":"Round movement - IP\u00ca - Instituto de Pesquisas Ecol\u00f3gicas","isPartOf":{"@id":"https:\/\/ipe.org.br\/#website"},"primaryImageOfPage":{"@id":"https:\/\/ipe.org.br\/en\/round-movement\/#primaryimage"},"image":{"@id":"https:\/\/ipe.org.br\/en\/round-movement\/#primaryimage"},"thumbnailUrl":"https:\/\/ipe.org.br\/images\/Logo-vertical-RGB.png","datePublished":"2023-01-02T13:05:36+00:00","dateModified":"2023-12-20T21:31:55+00:00","breadcrumb":{"@id":"https:\/\/ipe.org.br\/en\/round-movement\/#breadcrumb"},"inLanguage":"en-US","potentialAction":[{"@type":"ReadAction","target":["https:\/\/ipe.org.br\/en\/round-movement\/"]}]},{"@type":"ImageObject","inLanguage":"en-US","@id":"https:\/\/ipe.org.br\/en\/round-movement\/#primaryimage","url":"https:\/\/ipe.org.br\/images\/Logo-vertical-RGB.png","contentUrl":"https:\/\/ipe.org.br\/images\/Logo-vertical-RGB.png"},{"@type":"BreadcrumbList","@id":"https:\/\/ipe.org.br\/en\/round-movement\/#breadcrumb","itemListElement":[{"@type":"ListItem","position":1,"name":"In\u00edcio","item":"https:\/\/ipe.org.br\/en\/home-2\/"},{"@type":"ListItem","position":2,"name":"Round movement"}]},{"@type":"WebSite","@id":"https:\/\/ipe.org.br\/#website","url":"https:\/\/ipe.org.br\/","name":"IP\u00ca - Instituto de Pesquisas Ecol\u00f3gicas","description":"Pesquisa, Educa\u00e7\u00e3o e Neg\u00f3cios Sustent\u00e1veis para a conserva\u00e7\u00e3o da biodiversidade brasileira.","publisher":{"@id":"https:\/\/ipe.org.br\/#organization"},"potentialAction":[{"@type":"SearchAction","target":{"@type":"EntryPoint","urlTemplate":"https:\/\/ipe.org.br\/?s={search_term_string}"},"query-input":"required name=search_term_string"}],"inLanguage":"en-US"},{"@type":"Organization","@id":"https:\/\/ipe.org.br\/#organization","name":"IP\u00ca - Instituto te Pesquisas Ecol\u00f3gicas","alternateName":"IP\u00ca - Instituto te Pesquisas Ecol\u00f3gicas","url":"https:\/\/ipe.org.br\/","logo":{"@type":"ImageObject","inLanguage":"en-US","@id":"https:\/\/ipe.org.br\/#\/schema\/logo\/image\/","url":"https:\/\/ipe.org.br\/images\/2022\/12\/cropped-logo-ipe2.jpg","contentUrl":"https:\/\/ipe.org.br\/images\/2022\/12\/cropped-logo-ipe2.jpg","width":900,"height":900,"caption":"IP\u00ca - Instituto te Pesquisas Ecol\u00f3gicas"},"image":{"@id":"https:\/\/ipe.org.br\/#\/schema\/logo\/image\/"},"sameAs":["https:\/\/www.facebook.com\/ipe.instituto.pesquisas.ecologicas","https:\/\/x.com\/InstitutoIPE","https:\/\/www.instagram.com\/institutoipe\/","https:\/\/www.linkedin.com\/company\/ip---instituto-de-pesquisas-ecolgicas","https:\/\/www.youtube.com\/channel\/UCxsLeAueuL-eMIJy6qif9_g\/videos"]}]}},"_links":{"self":[{"href":"https:\/\/ipe.org.br\/en\/wp-json\/wp\/v2\/pages\/14218","targetHints":{"allow":["GET"]}}],"collection":[{"href":"https:\/\/ipe.org.br\/en\/wp-json\/wp\/v2\/pages"}],"about":[{"href":"https:\/\/ipe.org.br\/en\/wp-json\/wp\/v2\/types\/page"}],"author":[{"embeddable":true,"href":"https:\/\/ipe.org.br\/en\/wp-json\/wp\/v2\/users\/1"}],"replies":[{"embeddable":true,"href":"https:\/\/ipe.org.br\/en\/wp-json\/wp\/v2\/comments?post=14218"}],"version-history":[{"count":1,"href":"https:\/\/ipe.org.br\/en\/wp-json\/wp\/v2\/pages\/14218\/revisions"}],"predecessor-version":[{"id":14219,"href":"https:\/\/ipe.org.br\/en\/wp-json\/wp\/v2\/pages\/14218\/revisions\/14219"}],"wp:attachment":[{"href":"https:\/\/ipe.org.br\/en\/wp-json\/wp\/v2\/media?parent=14218"}],"curies":[{"name":"wp","href":"https:\/\/api.w.org\/{rel}","templated":true}]}}