{"id":14208,"date":"2022-12-29T10:00:46","date_gmt":"2022-12-29T13:00:46","guid":{"rendered":"https:\/\/ipe.org.br\/post-office\/"},"modified":"2023-12-20T18:18:30","modified_gmt":"2023-12-20T21:18:30","slug":"post-office","status":"publish","type":"page","link":"https:\/\/ipe.org.br\/en\/post-office\/","title":{"rendered":"Post Office"},"content":{"rendered":"\t\t<div data-elementor-type=\"wp-page\" data-elementor-id=\"14208\" class=\"elementor elementor-14208 elementor-6596\" data-elementor-post-type=\"page\">\n\t\t\t\t\t\t<section class=\"has_ma_el_bg_slider elementor-section elementor-top-section elementor-element elementor-element-838b51b elementor-section-height-min-height elementor-section-boxed elementor-section-height-default elementor-section-items-middle\" data-id=\"838b51b\" data-element_type=\"section\" data-settings=\"{&quot;background_background&quot;:&quot;classic&quot;}\">\n\t\t\t\t\t\t\t<div class=\"elementor-background-overlay\"><\/div>\n\t\t\t\t\t\t\t<div class=\"elementor-container elementor-column-gap-default\">\n\t\t\t\t\t<div class=\"has_ma_el_bg_slider elementor-column elementor-col-100 elementor-top-column elementor-element elementor-element-a551f5d jltma-glass-effect-no\" data-id=\"a551f5d\" data-element_type=\"column\">\n\t\t\t<div class=\"elementor-widget-wrap elementor-element-populated\">\n\t\t\t\t\t\t<div class=\"elementor-element elementor-element-73e172a jltma-glass-effect-no elementor-invisible elementor-widget elementor-widget-heading\" data-id=\"73e172a\" data-element_type=\"widget\" data-settings=\"{&quot;_animation&quot;:&quot;fadeIn&quot;}\" data-widget_type=\"heading.default\">\n\t\t\t\t<div class=\"elementor-widget-container\">\n\t\t\t<h1 class=\"elementor-heading-title elementor-size-default\">Post Office<\/h1>\t\t<\/div>\n\t\t\t\t<\/div>\n\t\t\t\t<div class=\"elementor-element elementor-element-929d681 jltma-glass-effect-no elementor-invisible elementor-widget elementor-widget-heading\" data-id=\"929d681\" data-element_type=\"widget\" data-settings=\"{&quot;_animation&quot;:&quot;fadeIn&quot;}\" data-widget_type=\"heading.default\">\n\t\t\t\t<div class=\"elementor-widget-container\">\n\t\t\t<h1 class=\"elementor-heading-title elementor-size-default\"><a href=\"https:\/\/ipe.org.br\/?page_id=6459\">Partnership Models<\/a><\/h1>\t\t<\/div>\n\t\t\t\t<\/div>\n\t\t\t\t\t<\/div>\n\t\t<\/div>\n\t\t\t\t\t<\/div>\n\t\t<\/section>\n\t\t\t\t<section class=\"has_ma_el_bg_slider elementor-section elementor-top-section elementor-element elementor-element-6f70025 elementor-section-height-min-height elementor-section-boxed elementor-section-height-default elementor-section-items-middle jltma-glass-effect-no\" data-id=\"6f70025\" data-element_type=\"section\" data-settings=\"{&quot;background_background&quot;:&quot;classic&quot;}\">\n\t\t\t\t\t\t<div class=\"elementor-container elementor-column-gap-default\">\n\t\t\t\t\t<div class=\"has_ma_el_bg_slider elementor-column elementor-col-100 elementor-top-column elementor-element elementor-element-480b1e3 jltma-glass-effect-no\" data-id=\"480b1e3\" data-element_type=\"column\">\n\t\t\t<div class=\"elementor-widget-wrap elementor-element-populated\">\n\t\t\t\t\t\t<div class=\"elementor-element elementor-element-0c10a85 jltma-glass-effect-no elementor-invisible elementor-widget elementor-widget-text-editor\" data-id=\"0c10a85\" data-element_type=\"widget\" data-settings=\"{&quot;_animation&quot;:&quot;fadeIn&quot;}\" data-widget_type=\"text-editor.default\">\n\t\t\t\t<div class=\"elementor-widget-container\">\n\t\t\t\t\t\t\t<p>Through partnerships with the private sector and other organizations, IP\u00ca seeks to stimulate the view of institutions, their collaborators, consumers, and clients towards the socio-environmental cause. To do this, it creates joint strategies that engage these actors in actions that generate mutual benefits for its participants and the cause.<\/p>\n<p>Since 2003, we have been carrying out customized projects for companies and organizations, which are directly related to IP\u00ca&#8217;s mission and to the objectives and values of the partner institutions. See some examples of who has already been our partner and get inspired to participate with us in actions like this one:<\/p>\n\t\t\t\t\t\t<\/div>\n\t\t\t\t<\/div>\n\t\t\t\t<div class=\"elementor-element elementor-element-4ae83be jltma-glass-effect-no elementor-invisible elementor-widget elementor-widget-text-editor\" data-id=\"4ae83be\" data-element_type=\"widget\" data-settings=\"{&quot;_animation&quot;:&quot;fadeIn&quot;}\" data-widget_type=\"text-editor.default\">\n\t\t\t\t<div class=\"elementor-widget-container\">\n\t\t\t\t\t\t\t<p><style>\na{color:#34a853}<br \/><\/style><\/p><h3>IP\u00ca and Correios together in Environmental Challenge<\/h3><p>IP\u00ca &#8211; Instituto de Pesquisas Ecol\u00f3gicas and Correios signed a partnership in 2011 to plant 20,000 seedlings of trees native to the Atlantic Forest, which will contribute to the restoration and conservation of the biome. The new &#8220;Desafio Ambiental dos Correios&#8221; campaign commemorated the 10th anniversary of the &#8220;Papai Noel dos Correios&#8221; initiative, completed in 2010, and was a way of giving back to society for its participation over the years.<\/p><p><img decoding=\"async\" class=\"aligncenter\" src=\"https:\/\/ipe.org.br\/images\/negocios_sustentaveis\/outras_atividades\/correios\/Correios.jpg\" alt=\"Post Office\"><\/p><p>In the &#8220;Environmental Challenge&#8221;, employees of the S\u00e3o Paulo Metropolitan Regional Directorate (20,000 in all) are invited to plant a virtual tree via the company&#8217;s intranet. Each registration will be transformed into a real tree in the region of Nazar\u00e9 Paulista (SP), representing each of the employees. The city, as well as being home to IP\u00ca&#8217;s headquarters, is an extremely important region for the conservation of water resources and Brazilian biodiversity. This is where the reservoirs of the Cantareira System are located, responsible for supplying water to around 50% of the population of the Metropolitan Region of the city of S\u00e3o Paulo.<\/p><p>The campaign also provides employees with information about the characteristics of Atlantic Forest trees, how the climate and animals benefit from them and the importance of this Brazilian biome. In addition, planting parties have been planned, with the presence of some employees, as well as lectures and training on the environment and restoration, which will be carried out by IP\u00ca technicians.<\/p><p>The 20,000 are planted by the Institute&#8217;s team, which has great expertise in species research, forest restoration and environmental education. IP\u00ca is also responsible for maintaining the soil, replanting new seedlings if necessary, among other actions that will guarantee the seedlings&#8217; full development until they can replant the forest.<\/p>\t\t\t\t\t\t<\/div>\n\t\t\t\t<\/div>\n\t\t\t\t\t<\/div>\n\t\t<\/div>\n\t\t\t\t\t<\/div>\n\t\t<\/section>\n\t\t\t\t<section class=\"has_ma_el_bg_slider elementor-section elementor-top-section elementor-element elementor-element-0a6680b elementor-section-height-min-height elementor-section-boxed elementor-section-height-default elementor-section-items-middle jltma-glass-effect-no\" data-id=\"0a6680b\" data-element_type=\"section\" data-settings=\"{&quot;background_background&quot;:&quot;classic&quot;}\">\n\t\t\t\t\t\t<div class=\"elementor-container elementor-column-gap-default\">\n\t\t\t\t\t<div class=\"has_ma_el_bg_slider elementor-column elementor-col-100 elementor-top-column elementor-element elementor-element-88b8837 jltma-glass-effect-no\" data-id=\"88b8837\" data-element_type=\"column\">\n\t\t\t<div class=\"elementor-widget-wrap elementor-element-populated\">\n\t\t\t\t\t\t<div class=\"elementor-element elementor-element-223d03d jltma-glass-effect-no elementor-invisible elementor-widget elementor-widget-text-editor\" data-id=\"223d03d\" data-element_type=\"widget\" data-settings=\"{&quot;_animation&quot;:&quot;fadeIn&quot;}\" data-widget_type=\"text-editor.default\">\n\t\t\t\t<div class=\"elementor-widget-container\">\n\t\t\t\t\t\t\t<h3><a style=\"font-size: 17px;\" href=\"https:\/\/ipe.org.br\/?page_id=6398\"><strong style=\"color: #34a853;\">Learn about IP\u00ca&#8217;s CRM cases<\/strong><\/a><\/h3>\n\t\t\t\t\t\t<\/div>\n\t\t\t\t<\/div>\n\t\t\t\t\t<\/div>\n\t\t<\/div>\n\t\t\t\t\t<\/div>\n\t\t<\/section>\n\t\t\t\t<\/div>\n\t\t","protected":false},"excerpt":{"rendered":"<p>Post Office Partnership Models Through partnerships with the private sector and other organizations, IP\u00ca seeks to stimulate the view of institutions, their collaborators, consumers, and clients towards the socio-environmental cause. To do this, it creates joint strategies that engage these actors in actions that generate mutual benefits for its participants and the cause. Since 2003, &#8230; <a title=\"Post Office\" class=\"read-more\" href=\"https:\/\/ipe.org.br\/en\/post-office\/\" aria-label=\"Read more about Post Office\">Read more<\/a><\/p>\n","protected":false},"author":1,"featured_media":0,"parent":0,"menu_order":0,"comment_status":"closed","ping_status":"closed","template":"elementor_header_footer","meta":{"_acf_changed":false,"footnotes":""},"class_list":["post-14208","page","type-page","status-publish"],"acf":[],"yoast_head":"<!-- This site is optimized with the Yoast SEO plugin v23.0 - https:\/\/yoast.com\/wordpress\/plugins\/seo\/ -->\n<title>Post Office - IP\u00ca - Instituto de Pesquisas Ecol\u00f3gicas<\/title>\n<meta name=\"robots\" content=\"index, follow, max-snippet:-1, max-image-preview:large, max-video-preview:-1\" \/>\n<link rel=\"canonical\" href=\"https:\/\/ipe.org.br\/en\/post-office\/\" \/>\n<meta property=\"og:locale\" content=\"en_US\" \/>\n<meta property=\"og:type\" content=\"article\" \/>\n<meta property=\"og:title\" content=\"Post Office - IP\u00ca - Instituto de Pesquisas Ecol\u00f3gicas\" \/>\n<meta property=\"og:description\" content=\"Post Office Partnership Models Through partnerships with the private sector and other organizations, IP\u00ca seeks to stimulate the view of institutions, their collaborators, consumers, and clients towards the socio-environmental cause. To do this, it creates joint strategies that engage these actors in actions that generate mutual benefits for its participants and the cause. Since 2003, ... Read more\" \/>\n<meta property=\"og:url\" content=\"https:\/\/ipe.org.br\/en\/post-office\/\" \/>\n<meta property=\"og:site_name\" content=\"IP\u00ca - Instituto de Pesquisas Ecol\u00f3gicas\" \/>\n<meta property=\"article:publisher\" content=\"https:\/\/www.facebook.com\/ipe.instituto.pesquisas.ecologicas\" \/>\n<meta property=\"article:modified_time\" content=\"2023-12-20T21:18:30+00:00\" \/>\n<meta property=\"og:image\" content=\"https:\/\/ipe.org.br\/images\/negocios_sustentaveis\/outras_atividades\/correios\/Correios.jpg\" \/>\n<meta name=\"twitter:card\" content=\"summary_large_image\" \/>\n<meta name=\"twitter:site\" content=\"@InstitutoIPE\" \/>\n<meta name=\"twitter:label1\" content=\"Est. reading time\" \/>\n\t<meta name=\"twitter:data1\" content=\"2 minutes\" \/>\n<script type=\"application\/ld+json\" class=\"yoast-schema-graph\">{\"@context\":\"https:\/\/schema.org\",\"@graph\":[{\"@type\":\"WebPage\",\"@id\":\"https:\/\/ipe.org.br\/en\/post-office\/\",\"url\":\"https:\/\/ipe.org.br\/en\/post-office\/\",\"name\":\"Post Office - IP\u00ca - Instituto de Pesquisas Ecol\u00f3gicas\",\"isPartOf\":{\"@id\":\"https:\/\/ipe.org.br\/#website\"},\"primaryImageOfPage\":{\"@id\":\"https:\/\/ipe.org.br\/en\/post-office\/#primaryimage\"},\"image\":{\"@id\":\"https:\/\/ipe.org.br\/en\/post-office\/#primaryimage\"},\"thumbnailUrl\":\"https:\/\/ipe.org.br\/images\/negocios_sustentaveis\/outras_atividades\/correios\/Correios.jpg\",\"datePublished\":\"2022-12-29T13:00:46+00:00\",\"dateModified\":\"2023-12-20T21:18:30+00:00\",\"breadcrumb\":{\"@id\":\"https:\/\/ipe.org.br\/en\/post-office\/#breadcrumb\"},\"inLanguage\":\"en-US\",\"potentialAction\":[{\"@type\":\"ReadAction\",\"target\":[\"https:\/\/ipe.org.br\/en\/post-office\/\"]}]},{\"@type\":\"ImageObject\",\"inLanguage\":\"en-US\",\"@id\":\"https:\/\/ipe.org.br\/en\/post-office\/#primaryimage\",\"url\":\"https:\/\/ipe.org.br\/images\/negocios_sustentaveis\/outras_atividades\/correios\/Correios.jpg\",\"contentUrl\":\"https:\/\/ipe.org.br\/images\/negocios_sustentaveis\/outras_atividades\/correios\/Correios.jpg\"},{\"@type\":\"BreadcrumbList\",\"@id\":\"https:\/\/ipe.org.br\/en\/post-office\/#breadcrumb\",\"itemListElement\":[{\"@type\":\"ListItem\",\"position\":1,\"name\":\"In\u00edcio\",\"item\":\"https:\/\/ipe.org.br\/en\/home-2\/\"},{\"@type\":\"ListItem\",\"position\":2,\"name\":\"Post Office\"}]},{\"@type\":\"WebSite\",\"@id\":\"https:\/\/ipe.org.br\/#website\",\"url\":\"https:\/\/ipe.org.br\/\",\"name\":\"IP\u00ca - Instituto de Pesquisas Ecol\u00f3gicas\",\"description\":\"Pesquisa, Educa\u00e7\u00e3o e Neg\u00f3cios Sustent\u00e1veis para a conserva\u00e7\u00e3o da biodiversidade brasileira.\",\"publisher\":{\"@id\":\"https:\/\/ipe.org.br\/#organization\"},\"potentialAction\":[{\"@type\":\"SearchAction\",\"target\":{\"@type\":\"EntryPoint\",\"urlTemplate\":\"https:\/\/ipe.org.br\/?s={search_term_string}\"},\"query-input\":\"required name=search_term_string\"}],\"inLanguage\":\"en-US\"},{\"@type\":\"Organization\",\"@id\":\"https:\/\/ipe.org.br\/#organization\",\"name\":\"IP\u00ca - Instituto te Pesquisas Ecol\u00f3gicas\",\"alternateName\":\"IP\u00ca - Instituto te Pesquisas Ecol\u00f3gicas\",\"url\":\"https:\/\/ipe.org.br\/\",\"logo\":{\"@type\":\"ImageObject\",\"inLanguage\":\"en-US\",\"@id\":\"https:\/\/ipe.org.br\/#\/schema\/logo\/image\/\",\"url\":\"https:\/\/ipe.org.br\/images\/2022\/12\/cropped-logo-ipe2.jpg\",\"contentUrl\":\"https:\/\/ipe.org.br\/images\/2022\/12\/cropped-logo-ipe2.jpg\",\"width\":900,\"height\":900,\"caption\":\"IP\u00ca - Instituto te Pesquisas Ecol\u00f3gicas\"},\"image\":{\"@id\":\"https:\/\/ipe.org.br\/#\/schema\/logo\/image\/\"},\"sameAs\":[\"https:\/\/www.facebook.com\/ipe.instituto.pesquisas.ecologicas\",\"https:\/\/x.com\/InstitutoIPE\",\"https:\/\/www.instagram.com\/institutoipe\/\",\"https:\/\/www.linkedin.com\/company\/ip---instituto-de-pesquisas-ecolgicas\",\"https:\/\/www.youtube.com\/channel\/UCxsLeAueuL-eMIJy6qif9_g\/videos\"]}]}<\/script>\n<!-- \/ Yoast SEO plugin. -->","yoast_head_json":{"title":"Post Office - IP\u00ca - Instituto de Pesquisas Ecol\u00f3gicas","robots":{"index":"index","follow":"follow","max-snippet":"max-snippet:-1","max-image-preview":"max-image-preview:large","max-video-preview":"max-video-preview:-1"},"canonical":"https:\/\/ipe.org.br\/en\/post-office\/","og_locale":"en_US","og_type":"article","og_title":"Post Office - IP\u00ca - Instituto de Pesquisas Ecol\u00f3gicas","og_description":"Post Office Partnership Models Through partnerships with the private sector and other organizations, IP\u00ca seeks to stimulate the view of institutions, their collaborators, consumers, and clients towards the socio-environmental cause. To do this, it creates joint strategies that engage these actors in actions that generate mutual benefits for its participants and the cause. Since 2003, ... Read more","og_url":"https:\/\/ipe.org.br\/en\/post-office\/","og_site_name":"IP\u00ca - Instituto de Pesquisas Ecol\u00f3gicas","article_publisher":"https:\/\/www.facebook.com\/ipe.instituto.pesquisas.ecologicas","article_modified_time":"2023-12-20T21:18:30+00:00","og_image":[{"url":"https:\/\/ipe.org.br\/images\/negocios_sustentaveis\/outras_atividades\/correios\/Correios.jpg"}],"twitter_card":"summary_large_image","twitter_site":"@InstitutoIPE","twitter_misc":{"Est. reading time":"2 minutes"},"schema":{"@context":"https:\/\/schema.org","@graph":[{"@type":"WebPage","@id":"https:\/\/ipe.org.br\/en\/post-office\/","url":"https:\/\/ipe.org.br\/en\/post-office\/","name":"Post Office - IP\u00ca - Instituto de Pesquisas Ecol\u00f3gicas","isPartOf":{"@id":"https:\/\/ipe.org.br\/#website"},"primaryImageOfPage":{"@id":"https:\/\/ipe.org.br\/en\/post-office\/#primaryimage"},"image":{"@id":"https:\/\/ipe.org.br\/en\/post-office\/#primaryimage"},"thumbnailUrl":"https:\/\/ipe.org.br\/images\/negocios_sustentaveis\/outras_atividades\/correios\/Correios.jpg","datePublished":"2022-12-29T13:00:46+00:00","dateModified":"2023-12-20T21:18:30+00:00","breadcrumb":{"@id":"https:\/\/ipe.org.br\/en\/post-office\/#breadcrumb"},"inLanguage":"en-US","potentialAction":[{"@type":"ReadAction","target":["https:\/\/ipe.org.br\/en\/post-office\/"]}]},{"@type":"ImageObject","inLanguage":"en-US","@id":"https:\/\/ipe.org.br\/en\/post-office\/#primaryimage","url":"https:\/\/ipe.org.br\/images\/negocios_sustentaveis\/outras_atividades\/correios\/Correios.jpg","contentUrl":"https:\/\/ipe.org.br\/images\/negocios_sustentaveis\/outras_atividades\/correios\/Correios.jpg"},{"@type":"BreadcrumbList","@id":"https:\/\/ipe.org.br\/en\/post-office\/#breadcrumb","itemListElement":[{"@type":"ListItem","position":1,"name":"In\u00edcio","item":"https:\/\/ipe.org.br\/en\/home-2\/"},{"@type":"ListItem","position":2,"name":"Post Office"}]},{"@type":"WebSite","@id":"https:\/\/ipe.org.br\/#website","url":"https:\/\/ipe.org.br\/","name":"IP\u00ca - Instituto de Pesquisas Ecol\u00f3gicas","description":"Pesquisa, Educa\u00e7\u00e3o e Neg\u00f3cios Sustent\u00e1veis para a conserva\u00e7\u00e3o da biodiversidade brasileira.","publisher":{"@id":"https:\/\/ipe.org.br\/#organization"},"potentialAction":[{"@type":"SearchAction","target":{"@type":"EntryPoint","urlTemplate":"https:\/\/ipe.org.br\/?s={search_term_string}"},"query-input":"required name=search_term_string"}],"inLanguage":"en-US"},{"@type":"Organization","@id":"https:\/\/ipe.org.br\/#organization","name":"IP\u00ca - Instituto te Pesquisas Ecol\u00f3gicas","alternateName":"IP\u00ca - Instituto te Pesquisas Ecol\u00f3gicas","url":"https:\/\/ipe.org.br\/","logo":{"@type":"ImageObject","inLanguage":"en-US","@id":"https:\/\/ipe.org.br\/#\/schema\/logo\/image\/","url":"https:\/\/ipe.org.br\/images\/2022\/12\/cropped-logo-ipe2.jpg","contentUrl":"https:\/\/ipe.org.br\/images\/2022\/12\/cropped-logo-ipe2.jpg","width":900,"height":900,"caption":"IP\u00ca - Instituto te Pesquisas Ecol\u00f3gicas"},"image":{"@id":"https:\/\/ipe.org.br\/#\/schema\/logo\/image\/"},"sameAs":["https:\/\/www.facebook.com\/ipe.instituto.pesquisas.ecologicas","https:\/\/x.com\/InstitutoIPE","https:\/\/www.instagram.com\/institutoipe\/","https:\/\/www.linkedin.com\/company\/ip---instituto-de-pesquisas-ecolgicas","https:\/\/www.youtube.com\/channel\/UCxsLeAueuL-eMIJy6qif9_g\/videos"]}]}},"_links":{"self":[{"href":"https:\/\/ipe.org.br\/en\/wp-json\/wp\/v2\/pages\/14208","targetHints":{"allow":["GET"]}}],"collection":[{"href":"https:\/\/ipe.org.br\/en\/wp-json\/wp\/v2\/pages"}],"about":[{"href":"https:\/\/ipe.org.br\/en\/wp-json\/wp\/v2\/types\/page"}],"author":[{"embeddable":true,"href":"https:\/\/ipe.org.br\/en\/wp-json\/wp\/v2\/users\/1"}],"replies":[{"embeddable":true,"href":"https:\/\/ipe.org.br\/en\/wp-json\/wp\/v2\/comments?post=14208"}],"version-history":[{"count":1,"href":"https:\/\/ipe.org.br\/en\/wp-json\/wp\/v2\/pages\/14208\/revisions"}],"predecessor-version":[{"id":14209,"href":"https:\/\/ipe.org.br\/en\/wp-json\/wp\/v2\/pages\/14208\/revisions\/14209"}],"wp:attachment":[{"href":"https:\/\/ipe.org.br\/en\/wp-json\/wp\/v2\/media?parent=14208"}],"curies":[{"name":"wp","href":"https:\/\/api.w.org\/{rel}","templated":true}]}}