{"id":14195,"date":"2022-12-29T09:46:26","date_gmt":"2022-12-29T12:46:26","guid":{"rendered":"https:\/\/ipe.org.br\/timberland\/"},"modified":"2023-12-20T18:07:36","modified_gmt":"2023-12-20T21:07:36","slug":"timberland","status":"publish","type":"page","link":"https:\/\/ipe.org.br\/en\/timberland\/","title":{"rendered":"Timberland"},"content":{"rendered":"\t\t<div data-elementor-type=\"wp-page\" data-elementor-id=\"14195\" class=\"elementor elementor-14195 elementor-6545\" data-elementor-post-type=\"page\">\n\t\t\t\t\t\t<section class=\"has_ma_el_bg_slider elementor-section elementor-top-section elementor-element elementor-element-838b51b elementor-section-height-min-height elementor-section-boxed elementor-section-height-default elementor-section-items-middle\" data-id=\"838b51b\" data-element_type=\"section\" data-settings=\"{&quot;background_background&quot;:&quot;classic&quot;}\">\n\t\t\t\t\t\t\t<div class=\"elementor-background-overlay\"><\/div>\n\t\t\t\t\t\t\t<div class=\"elementor-container elementor-column-gap-default\">\n\t\t\t\t\t<div class=\"has_ma_el_bg_slider elementor-column elementor-col-100 elementor-top-column elementor-element elementor-element-a551f5d jltma-glass-effect-no\" data-id=\"a551f5d\" data-element_type=\"column\">\n\t\t\t<div class=\"elementor-widget-wrap elementor-element-populated\">\n\t\t\t\t\t\t<div class=\"elementor-element elementor-element-73e172a jltma-glass-effect-no elementor-invisible elementor-widget elementor-widget-heading\" data-id=\"73e172a\" data-element_type=\"widget\" data-settings=\"{&quot;_animation&quot;:&quot;fadeIn&quot;}\" data-widget_type=\"heading.default\">\n\t\t\t\t<div class=\"elementor-widget-container\">\n\t\t\t<h1 class=\"elementor-heading-title elementor-size-default\">Timberland<\/h1>\t\t<\/div>\n\t\t\t\t<\/div>\n\t\t\t\t<div class=\"elementor-element elementor-element-929d681 jltma-glass-effect-no elementor-invisible elementor-widget elementor-widget-heading\" data-id=\"929d681\" data-element_type=\"widget\" data-settings=\"{&quot;_animation&quot;:&quot;fadeIn&quot;}\" data-widget_type=\"heading.default\">\n\t\t\t\t<div class=\"elementor-widget-container\">\n\t\t\t<h1 class=\"elementor-heading-title elementor-size-default\"><a href=\"https:\/\/ipe.org.br\/?page_id=6459\">Partnership Models<\/a><\/h1>\t\t<\/div>\n\t\t\t\t<\/div>\n\t\t\t\t\t<\/div>\n\t\t<\/div>\n\t\t\t\t\t<\/div>\n\t\t<\/section>\n\t\t\t\t<section class=\"has_ma_el_bg_slider elementor-section elementor-top-section elementor-element elementor-element-6f70025 elementor-section-height-min-height elementor-section-boxed elementor-section-height-default elementor-section-items-middle jltma-glass-effect-no\" data-id=\"6f70025\" data-element_type=\"section\" data-settings=\"{&quot;background_background&quot;:&quot;classic&quot;}\">\n\t\t\t\t\t\t<div class=\"elementor-container elementor-column-gap-default\">\n\t\t\t\t\t<div class=\"has_ma_el_bg_slider elementor-column elementor-col-100 elementor-top-column elementor-element elementor-element-480b1e3 jltma-glass-effect-no\" data-id=\"480b1e3\" data-element_type=\"column\">\n\t\t\t<div class=\"elementor-widget-wrap elementor-element-populated\">\n\t\t\t\t\t\t<div class=\"elementor-element elementor-element-0c10a85 jltma-glass-effect-no elementor-invisible elementor-widget elementor-widget-text-editor\" data-id=\"0c10a85\" data-element_type=\"widget\" data-settings=\"{&quot;_animation&quot;:&quot;fadeIn&quot;}\" data-widget_type=\"text-editor.default\">\n\t\t\t\t<div class=\"elementor-widget-container\">\n\t\t\t\t\t\t\t<p>Through partnerships with the private sector and other organizations, IP\u00ca seeks to stimulate the view of institutions, their collaborators, consumers, and clients towards the socio-environmental cause. To do this, it creates joint strategies that engage these actors in actions that generate mutual benefits for its participants and the cause.<\/p>\n<p>Since 2003, we have been carrying out customized projects for companies and organizations, which are directly related to IP\u00ca&#8217;s mission and to the objectives and values of the partner institutions. See some examples of who has already been our partner and get inspired to participate with us in actions like this one:<\/p>\n\t\t\t\t\t\t<\/div>\n\t\t\t\t<\/div>\n\t\t\t\t<div class=\"elementor-element elementor-element-4ae83be jltma-glass-effect-no elementor-invisible elementor-widget elementor-widget-text-editor\" data-id=\"4ae83be\" data-element_type=\"widget\" data-settings=\"{&quot;_animation&quot;:&quot;fadeIn&quot;}\" data-widget_type=\"text-editor.default\">\n\t\t\t\t<div class=\"elementor-widget-container\">\n\t\t\t\t\t\t\t<p><style>\na{color:#34a853}<br \/><\/style><\/p><h3><strong>Partnership between Timberland and IP\u00ca &#8211; corporate volunteering for the recovery of the Atlantic Forest<\/strong><\/h3><p><img decoding=\"async\" class=\"aligncenter\" src=\"https:\/\/ipe.org.br\/images\/negocios_sustentaveis\/cases\/timberland\/MG_2880.jpg\" alt=\"MG 2880\"><\/p><p>Since 2006, IP\u00ca has encouraged companies to carry out integration programs with their employees through voluntary work and environmental awareness. The idea is to promote a full day in direct contact with nature, carrying out reforestation activities (seedling production and planting workshops), attending awareness-raising talks and getting to know the work routine of IP\u00ca researchers more closely.<\/p><p>Other companies have also done their bit to reforest areas of the Atlantic Forest, which is of great importance since deforestation not only harms flora and fauna, but also the quality and volume of water in rivers and dams that supply the population.<\/p><h3>Partnership objectives<\/h3><ul><li>Raising awareness among company employees and their families of issues related to environmental conservation;<\/li><li>Encouraging corporate volunteering and integration between employees;<\/li><li>Recovery of riparian forest areas for water conservation or reforestation of the Atlantic Forest;<\/li><li>Spreading the cause of the institution to an audience living in large urban centers.<\/li><\/ul><h3>Strategy adopted<\/h3><p>To make events of this kind possible, the Institute has specialized technical staff and a nursery with a production capacity of 70,000 seedlings per year.<br>Events can be publicized to the press and covered online via Twitter, so that employees who can&#8217;t attend can follow what&#8217;s going on.  <\/p><h3>Results obtained<\/h3><p>In 2010 alone, Timberland&#8217;s 260 volunteers (employees and their families) planted 700 native Atlantic Forest tree seedlings in an area of the municipality of Nazar\u00e9 Paulista. This was the third year that the company has carried out this task force. In 2006 and 2009 the event was also held in partnership with IP\u00ca and over the three years a total of 1,200 trees were planted. The action was part of Timberland&#8217;s annual celebration of &#8220;International Earth Day&#8221; around the world.<br><br>IP\u00ca professionals are responsible for monitoring the seedlings until they are three years old &#8211; when they will be ready to grow in the wild alongside other trees. The riparian forest will help conserve the water quality of the reservoir.<\/p>\t\t\t\t\t\t<\/div>\n\t\t\t\t<\/div>\n\t\t\t\t\t<\/div>\n\t\t<\/div>\n\t\t\t\t\t<\/div>\n\t\t<\/section>\n\t\t\t\t<section class=\"has_ma_el_bg_slider elementor-section elementor-top-section elementor-element elementor-element-1df8086 elementor-section-height-min-height elementor-section-boxed elementor-section-height-default elementor-section-items-middle jltma-glass-effect-no\" data-id=\"1df8086\" data-element_type=\"section\" data-settings=\"{&quot;background_background&quot;:&quot;classic&quot;}\">\n\t\t\t\t\t\t<div class=\"elementor-container elementor-column-gap-default\">\n\t\t\t\t\t<div class=\"has_ma_el_bg_slider elementor-column elementor-col-100 elementor-top-column elementor-element elementor-element-f2496f9 jltma-glass-effect-no\" data-id=\"f2496f9\" data-element_type=\"column\">\n\t\t\t<div class=\"elementor-widget-wrap elementor-element-populated\">\n\t\t\t\t\t\t<div class=\"elementor-element elementor-element-ba0dc2a jltma-navigation-type-arrows jltma-carousel-style-carousel jltma-glass-effect-no elementor-widget elementor-widget-ma-image-carousel\" data-id=\"ba0dc2a\" data-element_type=\"widget\" data-settings=\"{&quot;autoheight&quot;:&quot;yes&quot;,&quot;item_gap&quot;:{&quot;unit&quot;:&quot;px&quot;,&quot;size&quot;:35,&quot;sizes&quot;:[]}}\" data-widget_type=\"ma-image-carousel.default\">\n\t\t\t\t<div class=\"elementor-widget-container\">\n\t\t\t\t\t<div id=\"jltma-image-carousel-ba0dc2a\" class=\"jltma-arrows-align-center jltma-image-carousel-slider\" data-settings=\"{&quot;autoplay&quot;:{&quot;delay&quot;:5000},&quot;loop&quot;:true,&quot;speed&quot;:500,&quot;slidesPerView&quot;:1,&quot;slidesPerGroup&quot;:1,&quot;spaceBetween&quot;:35,&quot;centeredSlides&quot;:true,&quot;effect&quot;:&quot;carousel&quot;,&quot;breakpoints&quot;:{&quot;767&quot;:{&quot;slidesPerView&quot;:1,&quot;spaceBetween&quot;:35,&quot;slidesPerGroup&quot;:1},&quot;1023&quot;:{&quot;slidesPerView&quot;:2,&quot;spaceBetween&quot;:35,&quot;slidesPerGroup&quot;:1}},&quot;navigation&quot;:{&quot;nextEl&quot;:&quot;#jltma-image-carousel-ba0dc2a .jltma-arrow--next&quot;,&quot;prevEl&quot;:&quot;#jltma-image-carousel-ba0dc2a .jltma-arrow--prev&quot;},&quot;pagination&quot;:{&quot;el&quot;:&quot;#jltma-image-carousel-ba0dc2a .swiper-pagination&quot;,&quot;type&quot;:&quot;&quot;,&quot;clickable&quot;:&quot;true&quot;,&quot;dynamicBullets&quot;:false},&quot;scrollbar&quot;:{&quot;el&quot;:&quot;#jltma-image-carousel-ba0dc2a .swiper-scrollbar&quot;,&quot;hide&quot;:&quot;true&quot;},&quot;coverflowEffect&quot;:{&quot;rotate&quot;:50,&quot;stretch&quot;:0,&quot;depth&quot;:100,&quot;modifier&quot;:1,&quot;slideShadows&quot;:true}}\">\n\t\t\t<div class=\"jltma-image-carousel-wrapper jltma-carousel jltma-swiper jltma-swiper__container swiper-container elementor-jltma-element-ba0dc2a-14195\" data-image-carousel-template-widget-id=\"ba0dc2a-14195\">\n\t\t\t\t<div class=\"jltma-image-carousel jltma-swiper__wrapper swiper-wrapper\">\n\n\t\t\t\t\t\t\t\t\t\t\t\t<div class=\"jltma-slider__item jltma-swiper__slide swiper-slide\">\n\n\t\t\t\t\t\t\t\t<figure class=\"jltma-image-carousel-figure\">\n\n\t\t\t\t\t\t\t\t\t<img fetchpriority=\"high\" decoding=\"async\" width=\"750\" height=\"499\" src=\"https:\/\/ipe.org.br\/images\/2022\/12\/img0013-2.jpg\" class=\"jltma-carousel-img elementor-animation-\" alt=\"\" srcset=\"https:\/\/ipe.org.br\/images\/2022\/12\/img0013-2.jpg 750w, https:\/\/ipe.org.br\/images\/2022\/12\/img0013-2-300x200.jpg 300w\" sizes=\"(max-width: 750px) 100vw, 750px\" \/>\t\t\t\t\t\t\t\t<\/figure>\n\n\t\t\t\t\t\t\t<\/div>\n\n\t\t\t\t\t\t\t\t\t\t\t\t<div class=\"jltma-slider__item jltma-swiper__slide swiper-slide\">\n\n\t\t\t\t\t\t\t\t<figure class=\"jltma-image-carousel-figure\">\n\n\t\t\t\t\t\t\t\t\t<img decoding=\"async\" width=\"750\" height=\"499\" src=\"https:\/\/ipe.org.br\/images\/2022\/12\/img0019-2.jpg\" class=\"jltma-carousel-img elementor-animation-\" alt=\"\" srcset=\"https:\/\/ipe.org.br\/images\/2022\/12\/img0019-2.jpg 750w, https:\/\/ipe.org.br\/images\/2022\/12\/img0019-2-300x200.jpg 300w\" sizes=\"(max-width: 750px) 100vw, 750px\" \/>\t\t\t\t\t\t\t\t<\/figure>\n\n\t\t\t\t\t\t\t<\/div>\n\n\t\t\t\t\t\t\t\t\t\t\t\t<div class=\"jltma-slider__item jltma-swiper__slide swiper-slide\">\n\n\t\t\t\t\t\t\t\t<figure class=\"jltma-image-carousel-figure\">\n\n\t\t\t\t\t\t\t\t\t<img decoding=\"async\" width=\"750\" height=\"499\" src=\"https:\/\/ipe.org.br\/images\/2022\/12\/img0082-2.jpg\" class=\"jltma-carousel-img elementor-animation-\" alt=\"\" srcset=\"https:\/\/ipe.org.br\/images\/2022\/12\/img0082-2.jpg 750w, https:\/\/ipe.org.br\/images\/2022\/12\/img0082-2-300x200.jpg 300w\" sizes=\"(max-width: 750px) 100vw, 750px\" \/>\t\t\t\t\t\t\t\t<\/figure>\n\n\t\t\t\t\t\t\t<\/div>\n\n\t\t\t\t\t\t\t\t\t\t\t\t<div class=\"jltma-slider__item jltma-swiper__slide swiper-slide\">\n\n\t\t\t\t\t\t\t\t<figure class=\"jltma-image-carousel-figure\">\n\n\t\t\t\t\t\t\t\t\t<img loading=\"lazy\" decoding=\"async\" width=\"750\" height=\"499\" src=\"https:\/\/ipe.org.br\/images\/2022\/12\/img0094-2.jpg\" class=\"jltma-carousel-img elementor-animation-\" alt=\"\" srcset=\"https:\/\/ipe.org.br\/images\/2022\/12\/img0094-2.jpg 750w, https:\/\/ipe.org.br\/images\/2022\/12\/img0094-2-300x200.jpg 300w\" sizes=\"(max-width: 750px) 100vw, 750px\" \/>\t\t\t\t\t\t\t\t<\/figure>\n\n\t\t\t\t\t\t\t<\/div>\n\n\t\t\t\t\t\t\t\t\t\t\t\t<div class=\"jltma-slider__item jltma-swiper__slide swiper-slide\">\n\n\t\t\t\t\t\t\t\t<figure class=\"jltma-image-carousel-figure\">\n\n\t\t\t\t\t\t\t\t\t<img loading=\"lazy\" decoding=\"async\" width=\"750\" height=\"499\" src=\"https:\/\/ipe.org.br\/images\/2022\/12\/img0167-2.jpg\" class=\"jltma-carousel-img elementor-animation-\" alt=\"\" srcset=\"https:\/\/ipe.org.br\/images\/2022\/12\/img0167-2.jpg 750w, https:\/\/ipe.org.br\/images\/2022\/12\/img0167-2-300x200.jpg 300w\" sizes=\"(max-width: 750px) 100vw, 750px\" \/>\t\t\t\t\t\t\t\t<\/figure>\n\n\t\t\t\t\t\t\t<\/div>\n\n\t\t\t\t\t\t\t\t\t\t\t\t<div class=\"jltma-slider__item jltma-swiper__slide swiper-slide\">\n\n\t\t\t\t\t\t\t\t<figure class=\"jltma-image-carousel-figure\">\n\n\t\t\t\t\t\t\t\t\t<img loading=\"lazy\" decoding=\"async\" width=\"750\" height=\"499\" src=\"https:\/\/ipe.org.br\/images\/2022\/12\/mg2955-2.jpg\" class=\"jltma-carousel-img elementor-animation-\" alt=\"\" srcset=\"https:\/\/ipe.org.br\/images\/2022\/12\/mg2955-2.jpg 750w, https:\/\/ipe.org.br\/images\/2022\/12\/mg2955-2-300x200.jpg 300w\" sizes=\"(max-width: 750px) 100vw, 750px\" \/>\t\t\t\t\t\t\t\t<\/figure>\n\n\t\t\t\t\t\t\t<\/div>\n\n\t\t\t\t\t\n\t\t\t\t<\/div> <!-- swiper-wrapper -->\n\n\t\t\t<\/div>\n\t\t\t<!--\/.ma-image-carousel-->\n\n\n\t\t\t        <div class=\"jltma-arrows jltma-swiper__navigation jltma-swiper__navigation--inside jltma-swiper__navigation--center jltma-swiper__pagination jltma-swiper__pagination--arrows jltma-position-z-index jltma-swiper__pagination-ba0dc2a jltma-visible-mobile\" id=\"jltma-arrows-ba0dc2a\">\n                                    <div class=\"jltma-swiper__button jltma-swiper__button--prev jltma-arrow jltma-arrow--prev jltma-swiper__button--prev-ba0dc2a\">\n            <i class=\"eicon-chevron-left\"><\/i>\n        <\/div>\n        <div class=\"jltma-swiper__button jltma-swiper__button--next jltma-arrow jltma-arrow--next jltma-swiper__button--next-ba0dc2a\">\n            <i class=\"eicon-chevron-right\"><\/i>\n        <\/div>\n                            <\/div>\n\n    \n\t\t\t\t\t\t\t<div class=\"swiper-scrollbar\"><\/div>\n\t\t\t\n\n\t\t<\/div>\n\t\t<!--\/.carousel-attribute-->\n\t\t<\/div>\n\t\t\t\t<\/div>\n\t\t\t\t\t<\/div>\n\t\t<\/div>\n\t\t\t\t\t<\/div>\n\t\t<\/section>\n\t\t\t\t<section class=\"has_ma_el_bg_slider elementor-section elementor-top-section elementor-element elementor-element-0a6680b elementor-section-height-min-height elementor-section-boxed elementor-section-height-default elementor-section-items-middle jltma-glass-effect-no\" data-id=\"0a6680b\" data-element_type=\"section\" data-settings=\"{&quot;background_background&quot;:&quot;classic&quot;}\">\n\t\t\t\t\t\t<div class=\"elementor-container elementor-column-gap-default\">\n\t\t\t\t\t<div class=\"has_ma_el_bg_slider elementor-column elementor-col-100 elementor-top-column elementor-element elementor-element-88b8837 jltma-glass-effect-no\" data-id=\"88b8837\" data-element_type=\"column\">\n\t\t\t<div class=\"elementor-widget-wrap elementor-element-populated\">\n\t\t\t\t\t\t<div class=\"elementor-element elementor-element-223d03d jltma-glass-effect-no elementor-invisible elementor-widget elementor-widget-text-editor\" data-id=\"223d03d\" data-element_type=\"widget\" data-settings=\"{&quot;_animation&quot;:&quot;fadeIn&quot;}\" data-widget_type=\"text-editor.default\">\n\t\t\t\t<div class=\"elementor-widget-container\">\n\t\t\t\t\t\t\t<h3><a style=\"font-size: 17px;\" href=\"https:\/\/ipe.org.br\/?page_id=6398\"><strong style=\"color: #34a853;\">Learn about IP\u00ca&#8217;s CRM cases<\/strong><\/a><\/h3>\n\t\t\t\t\t\t<\/div>\n\t\t\t\t<\/div>\n\t\t\t\t\t<\/div>\n\t\t<\/div>\n\t\t\t\t\t<\/div>\n\t\t<\/section>\n\t\t\t\t<\/div>\n\t\t","protected":false},"excerpt":{"rendered":"<p>Timberland Partnership Models Through partnerships with the private sector and other organizations, IP\u00ca seeks to stimulate the view of institutions, their collaborators, consumers, and clients towards the socio-environmental cause. To do this, it creates joint strategies that engage these actors in actions that generate mutual benefits for its participants and the cause. Since 2003, we &#8230; <a title=\"Timberland\" class=\"read-more\" href=\"https:\/\/ipe.org.br\/en\/timberland\/\" aria-label=\"Read more about Timberland\">Read more<\/a><\/p>\n","protected":false},"author":1,"featured_media":0,"parent":0,"menu_order":0,"comment_status":"closed","ping_status":"closed","template":"elementor_header_footer","meta":{"_acf_changed":false,"footnotes":""},"class_list":["post-14195","page","type-page","status-publish"],"acf":[],"yoast_head":"<!-- This site is optimized with the Yoast SEO plugin v23.0 - https:\/\/yoast.com\/wordpress\/plugins\/seo\/ -->\n<title>Timberland - IP\u00ca - Instituto de Pesquisas Ecol\u00f3gicas<\/title>\n<meta name=\"robots\" content=\"index, follow, max-snippet:-1, max-image-preview:large, max-video-preview:-1\" \/>\n<link rel=\"canonical\" href=\"https:\/\/ipe.org.br\/en\/timberland\/\" \/>\n<meta property=\"og:locale\" content=\"en_US\" \/>\n<meta property=\"og:type\" content=\"article\" \/>\n<meta property=\"og:title\" content=\"Timberland - IP\u00ca - Instituto de Pesquisas Ecol\u00f3gicas\" \/>\n<meta property=\"og:description\" content=\"Timberland Partnership Models Through partnerships with the private sector and other organizations, IP\u00ca seeks to stimulate the view of institutions, their collaborators, consumers, and clients towards the socio-environmental cause. To do this, it creates joint strategies that engage these actors in actions that generate mutual benefits for its participants and the cause. Since 2003, we ... Read more\" \/>\n<meta property=\"og:url\" content=\"https:\/\/ipe.org.br\/en\/timberland\/\" \/>\n<meta property=\"og:site_name\" content=\"IP\u00ca - Instituto de Pesquisas Ecol\u00f3gicas\" \/>\n<meta property=\"article:publisher\" content=\"https:\/\/www.facebook.com\/ipe.instituto.pesquisas.ecologicas\" \/>\n<meta property=\"article:modified_time\" content=\"2023-12-20T21:07:36+00:00\" \/>\n<meta property=\"og:image\" content=\"https:\/\/ipe.org.br\/images\/negocios_sustentaveis\/cases\/timberland\/MG_2880.jpg\" \/>\n<meta name=\"twitter:card\" content=\"summary_large_image\" \/>\n<meta name=\"twitter:site\" content=\"@InstitutoIPE\" \/>\n<meta name=\"twitter:label1\" content=\"Est. reading time\" \/>\n\t<meta name=\"twitter:data1\" content=\"2 minutes\" \/>\n<script type=\"application\/ld+json\" class=\"yoast-schema-graph\">{\"@context\":\"https:\/\/schema.org\",\"@graph\":[{\"@type\":\"WebPage\",\"@id\":\"https:\/\/ipe.org.br\/en\/timberland\/\",\"url\":\"https:\/\/ipe.org.br\/en\/timberland\/\",\"name\":\"Timberland - IP\u00ca - Instituto de Pesquisas Ecol\u00f3gicas\",\"isPartOf\":{\"@id\":\"https:\/\/ipe.org.br\/#website\"},\"primaryImageOfPage\":{\"@id\":\"https:\/\/ipe.org.br\/en\/timberland\/#primaryimage\"},\"image\":{\"@id\":\"https:\/\/ipe.org.br\/en\/timberland\/#primaryimage\"},\"thumbnailUrl\":\"https:\/\/ipe.org.br\/images\/negocios_sustentaveis\/cases\/timberland\/MG_2880.jpg\",\"datePublished\":\"2022-12-29T12:46:26+00:00\",\"dateModified\":\"2023-12-20T21:07:36+00:00\",\"breadcrumb\":{\"@id\":\"https:\/\/ipe.org.br\/en\/timberland\/#breadcrumb\"},\"inLanguage\":\"en-US\",\"potentialAction\":[{\"@type\":\"ReadAction\",\"target\":[\"https:\/\/ipe.org.br\/en\/timberland\/\"]}]},{\"@type\":\"ImageObject\",\"inLanguage\":\"en-US\",\"@id\":\"https:\/\/ipe.org.br\/en\/timberland\/#primaryimage\",\"url\":\"https:\/\/ipe.org.br\/images\/negocios_sustentaveis\/cases\/timberland\/MG_2880.jpg\",\"contentUrl\":\"https:\/\/ipe.org.br\/images\/negocios_sustentaveis\/cases\/timberland\/MG_2880.jpg\"},{\"@type\":\"BreadcrumbList\",\"@id\":\"https:\/\/ipe.org.br\/en\/timberland\/#breadcrumb\",\"itemListElement\":[{\"@type\":\"ListItem\",\"position\":1,\"name\":\"In\u00edcio\",\"item\":\"https:\/\/ipe.org.br\/en\/home-2\/\"},{\"@type\":\"ListItem\",\"position\":2,\"name\":\"Timberland\"}]},{\"@type\":\"WebSite\",\"@id\":\"https:\/\/ipe.org.br\/#website\",\"url\":\"https:\/\/ipe.org.br\/\",\"name\":\"IP\u00ca - Instituto de Pesquisas Ecol\u00f3gicas\",\"description\":\"Pesquisa, Educa\u00e7\u00e3o e Neg\u00f3cios Sustent\u00e1veis para a conserva\u00e7\u00e3o da biodiversidade brasileira.\",\"publisher\":{\"@id\":\"https:\/\/ipe.org.br\/#organization\"},\"potentialAction\":[{\"@type\":\"SearchAction\",\"target\":{\"@type\":\"EntryPoint\",\"urlTemplate\":\"https:\/\/ipe.org.br\/?s={search_term_string}\"},\"query-input\":\"required name=search_term_string\"}],\"inLanguage\":\"en-US\"},{\"@type\":\"Organization\",\"@id\":\"https:\/\/ipe.org.br\/#organization\",\"name\":\"IP\u00ca - Instituto te Pesquisas Ecol\u00f3gicas\",\"alternateName\":\"IP\u00ca - Instituto te Pesquisas Ecol\u00f3gicas\",\"url\":\"https:\/\/ipe.org.br\/\",\"logo\":{\"@type\":\"ImageObject\",\"inLanguage\":\"en-US\",\"@id\":\"https:\/\/ipe.org.br\/#\/schema\/logo\/image\/\",\"url\":\"https:\/\/ipe.org.br\/images\/2022\/12\/cropped-logo-ipe2.jpg\",\"contentUrl\":\"https:\/\/ipe.org.br\/images\/2022\/12\/cropped-logo-ipe2.jpg\",\"width\":900,\"height\":900,\"caption\":\"IP\u00ca - Instituto te Pesquisas Ecol\u00f3gicas\"},\"image\":{\"@id\":\"https:\/\/ipe.org.br\/#\/schema\/logo\/image\/\"},\"sameAs\":[\"https:\/\/www.facebook.com\/ipe.instituto.pesquisas.ecologicas\",\"https:\/\/x.com\/InstitutoIPE\",\"https:\/\/www.instagram.com\/institutoipe\/\",\"https:\/\/www.linkedin.com\/company\/ip---instituto-de-pesquisas-ecolgicas\",\"https:\/\/www.youtube.com\/channel\/UCxsLeAueuL-eMIJy6qif9_g\/videos\"]}]}<\/script>\n<!-- \/ Yoast SEO plugin. -->","yoast_head_json":{"title":"Timberland - IP\u00ca - Instituto de Pesquisas Ecol\u00f3gicas","robots":{"index":"index","follow":"follow","max-snippet":"max-snippet:-1","max-image-preview":"max-image-preview:large","max-video-preview":"max-video-preview:-1"},"canonical":"https:\/\/ipe.org.br\/en\/timberland\/","og_locale":"en_US","og_type":"article","og_title":"Timberland - IP\u00ca - Instituto de Pesquisas Ecol\u00f3gicas","og_description":"Timberland Partnership Models Through partnerships with the private sector and other organizations, IP\u00ca seeks to stimulate the view of institutions, their collaborators, consumers, and clients towards the socio-environmental cause. To do this, it creates joint strategies that engage these actors in actions that generate mutual benefits for its participants and the cause. Since 2003, we ... Read more","og_url":"https:\/\/ipe.org.br\/en\/timberland\/","og_site_name":"IP\u00ca - Instituto de Pesquisas Ecol\u00f3gicas","article_publisher":"https:\/\/www.facebook.com\/ipe.instituto.pesquisas.ecologicas","article_modified_time":"2023-12-20T21:07:36+00:00","og_image":[{"url":"https:\/\/ipe.org.br\/images\/negocios_sustentaveis\/cases\/timberland\/MG_2880.jpg"}],"twitter_card":"summary_large_image","twitter_site":"@InstitutoIPE","twitter_misc":{"Est. reading time":"2 minutes"},"schema":{"@context":"https:\/\/schema.org","@graph":[{"@type":"WebPage","@id":"https:\/\/ipe.org.br\/en\/timberland\/","url":"https:\/\/ipe.org.br\/en\/timberland\/","name":"Timberland - IP\u00ca - Instituto de Pesquisas Ecol\u00f3gicas","isPartOf":{"@id":"https:\/\/ipe.org.br\/#website"},"primaryImageOfPage":{"@id":"https:\/\/ipe.org.br\/en\/timberland\/#primaryimage"},"image":{"@id":"https:\/\/ipe.org.br\/en\/timberland\/#primaryimage"},"thumbnailUrl":"https:\/\/ipe.org.br\/images\/negocios_sustentaveis\/cases\/timberland\/MG_2880.jpg","datePublished":"2022-12-29T12:46:26+00:00","dateModified":"2023-12-20T21:07:36+00:00","breadcrumb":{"@id":"https:\/\/ipe.org.br\/en\/timberland\/#breadcrumb"},"inLanguage":"en-US","potentialAction":[{"@type":"ReadAction","target":["https:\/\/ipe.org.br\/en\/timberland\/"]}]},{"@type":"ImageObject","inLanguage":"en-US","@id":"https:\/\/ipe.org.br\/en\/timberland\/#primaryimage","url":"https:\/\/ipe.org.br\/images\/negocios_sustentaveis\/cases\/timberland\/MG_2880.jpg","contentUrl":"https:\/\/ipe.org.br\/images\/negocios_sustentaveis\/cases\/timberland\/MG_2880.jpg"},{"@type":"BreadcrumbList","@id":"https:\/\/ipe.org.br\/en\/timberland\/#breadcrumb","itemListElement":[{"@type":"ListItem","position":1,"name":"In\u00edcio","item":"https:\/\/ipe.org.br\/en\/home-2\/"},{"@type":"ListItem","position":2,"name":"Timberland"}]},{"@type":"WebSite","@id":"https:\/\/ipe.org.br\/#website","url":"https:\/\/ipe.org.br\/","name":"IP\u00ca - Instituto de Pesquisas Ecol\u00f3gicas","description":"Pesquisa, Educa\u00e7\u00e3o e Neg\u00f3cios Sustent\u00e1veis para a conserva\u00e7\u00e3o da biodiversidade brasileira.","publisher":{"@id":"https:\/\/ipe.org.br\/#organization"},"potentialAction":[{"@type":"SearchAction","target":{"@type":"EntryPoint","urlTemplate":"https:\/\/ipe.org.br\/?s={search_term_string}"},"query-input":"required name=search_term_string"}],"inLanguage":"en-US"},{"@type":"Organization","@id":"https:\/\/ipe.org.br\/#organization","name":"IP\u00ca - Instituto te Pesquisas Ecol\u00f3gicas","alternateName":"IP\u00ca - Instituto te Pesquisas Ecol\u00f3gicas","url":"https:\/\/ipe.org.br\/","logo":{"@type":"ImageObject","inLanguage":"en-US","@id":"https:\/\/ipe.org.br\/#\/schema\/logo\/image\/","url":"https:\/\/ipe.org.br\/images\/2022\/12\/cropped-logo-ipe2.jpg","contentUrl":"https:\/\/ipe.org.br\/images\/2022\/12\/cropped-logo-ipe2.jpg","width":900,"height":900,"caption":"IP\u00ca - Instituto te Pesquisas Ecol\u00f3gicas"},"image":{"@id":"https:\/\/ipe.org.br\/#\/schema\/logo\/image\/"},"sameAs":["https:\/\/www.facebook.com\/ipe.instituto.pesquisas.ecologicas","https:\/\/x.com\/InstitutoIPE","https:\/\/www.instagram.com\/institutoipe\/","https:\/\/www.linkedin.com\/company\/ip---instituto-de-pesquisas-ecolgicas","https:\/\/www.youtube.com\/channel\/UCxsLeAueuL-eMIJy6qif9_g\/videos"]}]}},"_links":{"self":[{"href":"https:\/\/ipe.org.br\/en\/wp-json\/wp\/v2\/pages\/14195","targetHints":{"allow":["GET"]}}],"collection":[{"href":"https:\/\/ipe.org.br\/en\/wp-json\/wp\/v2\/pages"}],"about":[{"href":"https:\/\/ipe.org.br\/en\/wp-json\/wp\/v2\/types\/page"}],"author":[{"embeddable":true,"href":"https:\/\/ipe.org.br\/en\/wp-json\/wp\/v2\/users\/1"}],"replies":[{"embeddable":true,"href":"https:\/\/ipe.org.br\/en\/wp-json\/wp\/v2\/comments?post=14195"}],"version-history":[{"count":2,"href":"https:\/\/ipe.org.br\/en\/wp-json\/wp\/v2\/pages\/14195\/revisions"}],"predecessor-version":[{"id":14198,"href":"https:\/\/ipe.org.br\/en\/wp-json\/wp\/v2\/pages\/14195\/revisions\/14198"}],"wp:attachment":[{"href":"https:\/\/ipe.org.br\/en\/wp-json\/wp\/v2\/media?parent=14195"}],"curies":[{"name":"wp","href":"https:\/\/api.w.org\/{rel}","templated":true}]}}