{"id":14189,"date":"2022-12-29T09:01:30","date_gmt":"2022-12-29T12:01:30","guid":{"rendered":"https:\/\/ipe.org.br\/tricard\/"},"modified":"2023-12-20T18:04:25","modified_gmt":"2023-12-20T21:04:25","slug":"tricard","status":"publish","type":"page","link":"https:\/\/ipe.org.br\/en\/tricard\/","title":{"rendered":"Tricard"},"content":{"rendered":"\t\t<div data-elementor-type=\"wp-page\" data-elementor-id=\"14189\" class=\"elementor elementor-14189 elementor-6522\" data-elementor-post-type=\"page\">\n\t\t\t\t\t\t<section class=\"has_ma_el_bg_slider elementor-section elementor-top-section elementor-element elementor-element-838b51b elementor-section-height-min-height elementor-section-boxed elementor-section-height-default elementor-section-items-middle\" data-id=\"838b51b\" data-element_type=\"section\" data-settings=\"{&quot;background_background&quot;:&quot;classic&quot;}\">\n\t\t\t\t\t\t\t<div class=\"elementor-background-overlay\"><\/div>\n\t\t\t\t\t\t\t<div class=\"elementor-container elementor-column-gap-default\">\n\t\t\t\t\t<div class=\"has_ma_el_bg_slider elementor-column elementor-col-100 elementor-top-column elementor-element elementor-element-a551f5d jltma-glass-effect-no\" data-id=\"a551f5d\" data-element_type=\"column\">\n\t\t\t<div class=\"elementor-widget-wrap elementor-element-populated\">\n\t\t\t\t\t\t<div class=\"elementor-element elementor-element-73e172a jltma-glass-effect-no elementor-invisible elementor-widget elementor-widget-heading\" data-id=\"73e172a\" data-element_type=\"widget\" data-settings=\"{&quot;_animation&quot;:&quot;fadeIn&quot;}\" data-widget_type=\"heading.default\">\n\t\t\t\t<div class=\"elementor-widget-container\">\n\t\t\t<h1 class=\"elementor-heading-title elementor-size-default\">Tricard<\/h1>\t\t<\/div>\n\t\t\t\t<\/div>\n\t\t\t\t<div class=\"elementor-element elementor-element-929d681 jltma-glass-effect-no elementor-invisible elementor-widget elementor-widget-heading\" data-id=\"929d681\" data-element_type=\"widget\" data-settings=\"{&quot;_animation&quot;:&quot;fadeIn&quot;}\" data-widget_type=\"heading.default\">\n\t\t\t\t<div class=\"elementor-widget-container\">\n\t\t\t<h1 class=\"elementor-heading-title elementor-size-default\"><a href=\"https:\/\/ipe.org.br\/?page_id=6398\">CRM Cases<\/a><\/h1>\t\t<\/div>\n\t\t\t\t<\/div>\n\t\t\t\t\t<\/div>\n\t\t<\/div>\n\t\t\t\t\t<\/div>\n\t\t<\/section>\n\t\t\t\t<section class=\"has_ma_el_bg_slider elementor-section elementor-top-section elementor-element elementor-element-f5fc10e elementor-section-height-min-height elementor-section-boxed elementor-section-height-default elementor-section-items-middle jltma-glass-effect-no\" data-id=\"f5fc10e\" data-element_type=\"section\" data-settings=\"{&quot;background_background&quot;:&quot;classic&quot;}\">\n\t\t\t\t\t\t<div class=\"elementor-container elementor-column-gap-default\">\n\t\t\t\t\t<div class=\"has_ma_el_bg_slider elementor-column elementor-col-100 elementor-top-column elementor-element elementor-element-4c94a3f jltma-glass-effect-no\" data-id=\"4c94a3f\" data-element_type=\"column\">\n\t\t\t<div class=\"elementor-widget-wrap elementor-element-populated\">\n\t\t\t\t\t\t<div class=\"elementor-element elementor-element-4ae83be jltma-glass-effect-no elementor-invisible elementor-widget elementor-widget-text-editor\" data-id=\"4ae83be\" data-element_type=\"widget\" data-settings=\"{&quot;_animation&quot;:&quot;fadeIn&quot;}\" data-widget_type=\"text-editor.default\">\n\t\t\t\t<div class=\"elementor-widget-container\">\n\t\t\t\t\t\t\t<p><style>\na{color:#34a853}<br \/><\/style><\/p><h3>Tribanco, Tricard and IP\u00ca<\/h3><p><img decoding=\"async\" class=\"aligncenter\" src=\"https:\/\/ipe.org.br\/images\/negocios_sustentaveis\/cases\/tricard\/logo-tricard.png\" alt=\"tricard logo\"><\/p><p>In a Cause Related Marketing partnership, IP\u00ca and Tribanco are giving Tricard card users the opportunity to support the socio-environmental cause every time they decide to use this form of payment.<\/p><p>With each operation of the Cr\u00e9dito Certo Tribanco (CCT) product, R$0.10 cents is donated to the Institute. What&#8217;s more, for every Tricard card bill paid, 1 cent goes to IP\u00ca to support the continued work of conserving Brazilian biodiversity. In 2015 alone, donations totaled R$62,114.10.<\/p><p>IP\u00ca also collaborates actively with the company in internal campaigns to raise awareness among employees about socio-environmental conservation. Lectures, content production and events are part of the actions that arouse the interest and pride of employees in supporting the cause through the company.<\/p><h3>History<\/h3><p><img decoding=\"async\" class=\"aligncenter\" src=\"https:\/\/ipe.org.br\/images\/negocios_sustentaveis\/cases\/tricard\/Barco_Maira_reformado_13.JPG\" alt=\"Refurbished Maira boat 13\"><\/p><p>The Tribanco and IP\u00ca partnership began in 2003, when Sistema Integrado Martins, a group of which Tribanco is a part, donated the Ma\u00edra I boat, which carries out activities and projects in the Lower Rio Negro region, in the Amazon.<\/p><p>IP\u00ca uses the Ma\u00edra I boat to sail to the communities on the left bank of the Lower Rio Negro, promoting projects and integrating them into socio-environmental activities. The Institute has been active in the region since 2000. In 2003, the donation of the boat gave a significant boost to actions in the region. Today, in addition to serving as support for projects that have already benefited more than 30 communities and involved more than 5,000 people, the boat is also a resource for immersion in the local socio-environmental reality.<\/p><p>Take a look at some of the projects carried out with the support of Barco Ma\u00edra<a href=\"https:\/\/ipe.org.br\/?page_id=6850\">.http:\/\/www.ipe.org.br\/projetos\/baixo-rio-negro<\/a><\/p>\t\t\t\t\t\t<\/div>\n\t\t\t\t<\/div>\n\t\t\t\t\t<\/div>\n\t\t<\/div>\n\t\t\t\t\t<\/div>\n\t\t<\/section>\n\t\t\t\t<section class=\"has_ma_el_bg_slider elementor-section elementor-top-section elementor-element elementor-element-0a6680b elementor-section-height-min-height elementor-section-boxed elementor-section-height-default elementor-section-items-middle jltma-glass-effect-no\" data-id=\"0a6680b\" data-element_type=\"section\" data-settings=\"{&quot;background_background&quot;:&quot;classic&quot;}\">\n\t\t\t\t\t\t<div class=\"elementor-container elementor-column-gap-default\">\n\t\t\t\t\t<div class=\"has_ma_el_bg_slider elementor-column elementor-col-100 elementor-top-column elementor-element elementor-element-88b8837 jltma-glass-effect-no\" data-id=\"88b8837\" data-element_type=\"column\">\n\t\t\t<div class=\"elementor-widget-wrap elementor-element-populated\">\n\t\t\t\t\t\t<div class=\"elementor-element elementor-element-223d03d jltma-glass-effect-no elementor-invisible elementor-widget elementor-widget-text-editor\" data-id=\"223d03d\" data-element_type=\"widget\" data-settings=\"{&quot;_animation&quot;:&quot;fadeIn&quot;}\" data-widget_type=\"text-editor.default\">\n\t\t\t\t<div class=\"elementor-widget-container\">\n\t\t\t\t\t\t\t<h3><a style=\"font-size: 17px;\" href=\"https:\/\/ipe.org.br\/?page_id=6459\"><strong style=\"color: #34a853;\">Learn more partnership models<\/strong><\/a><\/h3>\n\t\t\t\t\t\t<\/div>\n\t\t\t\t<\/div>\n\t\t\t\t\t<\/div>\n\t\t<\/div>\n\t\t\t\t\t<\/div>\n\t\t<\/section>\n\t\t\t\t<\/div>\n\t\t","protected":false},"excerpt":{"rendered":"<p>Tricard CRM Cases Tribanco, Tricard and IP\u00ca In a Cause Related Marketing partnership, IP\u00ca and Tribanco are giving Tricard card users the opportunity to support the socio-environmental cause every time they decide to use this form of payment. With each operation of the Cr\u00e9dito Certo Tribanco (CCT) product, R$0.10 cents is donated to the Institute. &#8230; <a title=\"Tricard\" class=\"read-more\" href=\"https:\/\/ipe.org.br\/en\/tricard\/\" aria-label=\"Read more about Tricard\">Read more<\/a><\/p>\n","protected":false},"author":1,"featured_media":0,"parent":0,"menu_order":0,"comment_status":"closed","ping_status":"closed","template":"elementor_header_footer","meta":{"_acf_changed":false,"footnotes":""},"class_list":["post-14189","page","type-page","status-publish"],"acf":[],"yoast_head":"<!-- This site is optimized with the Yoast SEO plugin v23.0 - https:\/\/yoast.com\/wordpress\/plugins\/seo\/ -->\n<title>Tricard - IP\u00ca - Instituto de Pesquisas Ecol\u00f3gicas<\/title>\n<meta name=\"robots\" content=\"index, follow, max-snippet:-1, max-image-preview:large, max-video-preview:-1\" \/>\n<link rel=\"canonical\" href=\"https:\/\/ipe.org.br\/en\/tricard\/\" \/>\n<meta property=\"og:locale\" content=\"en_US\" \/>\n<meta property=\"og:type\" content=\"article\" \/>\n<meta property=\"og:title\" content=\"Tricard - IP\u00ca - Instituto de Pesquisas Ecol\u00f3gicas\" \/>\n<meta property=\"og:description\" content=\"Tricard CRM Cases Tribanco, Tricard and IP\u00ca In a Cause Related Marketing partnership, IP\u00ca and Tribanco are giving Tricard card users the opportunity to support the socio-environmental cause every time they decide to use this form of payment. With each operation of the Cr\u00e9dito Certo Tribanco (CCT) product, R$0.10 cents is donated to the Institute. ... Read more\" \/>\n<meta property=\"og:url\" content=\"https:\/\/ipe.org.br\/en\/tricard\/\" \/>\n<meta property=\"og:site_name\" content=\"IP\u00ca - Instituto de Pesquisas Ecol\u00f3gicas\" \/>\n<meta property=\"article:publisher\" content=\"https:\/\/www.facebook.com\/ipe.instituto.pesquisas.ecologicas\" \/>\n<meta property=\"article:modified_time\" content=\"2023-12-20T21:04:25+00:00\" \/>\n<meta property=\"og:image\" content=\"https:\/\/ipe.org.br\/images\/negocios_sustentaveis\/cases\/tricard\/logo-tricard.png\" \/>\n<meta name=\"twitter:card\" content=\"summary_large_image\" \/>\n<meta name=\"twitter:site\" content=\"@InstitutoIPE\" \/>\n<meta name=\"twitter:label1\" content=\"Est. reading time\" \/>\n\t<meta name=\"twitter:data1\" content=\"1 minute\" \/>\n<script type=\"application\/ld+json\" class=\"yoast-schema-graph\">{\"@context\":\"https:\/\/schema.org\",\"@graph\":[{\"@type\":\"WebPage\",\"@id\":\"https:\/\/ipe.org.br\/en\/tricard\/\",\"url\":\"https:\/\/ipe.org.br\/en\/tricard\/\",\"name\":\"Tricard - IP\u00ca - Instituto de Pesquisas Ecol\u00f3gicas\",\"isPartOf\":{\"@id\":\"https:\/\/ipe.org.br\/#website\"},\"primaryImageOfPage\":{\"@id\":\"https:\/\/ipe.org.br\/en\/tricard\/#primaryimage\"},\"image\":{\"@id\":\"https:\/\/ipe.org.br\/en\/tricard\/#primaryimage\"},\"thumbnailUrl\":\"https:\/\/ipe.org.br\/images\/negocios_sustentaveis\/cases\/tricard\/logo-tricard.png\",\"datePublished\":\"2022-12-29T12:01:30+00:00\",\"dateModified\":\"2023-12-20T21:04:25+00:00\",\"breadcrumb\":{\"@id\":\"https:\/\/ipe.org.br\/en\/tricard\/#breadcrumb\"},\"inLanguage\":\"en-US\",\"potentialAction\":[{\"@type\":\"ReadAction\",\"target\":[\"https:\/\/ipe.org.br\/en\/tricard\/\"]}]},{\"@type\":\"ImageObject\",\"inLanguage\":\"en-US\",\"@id\":\"https:\/\/ipe.org.br\/en\/tricard\/#primaryimage\",\"url\":\"https:\/\/ipe.org.br\/images\/negocios_sustentaveis\/cases\/tricard\/logo-tricard.png\",\"contentUrl\":\"https:\/\/ipe.org.br\/images\/negocios_sustentaveis\/cases\/tricard\/logo-tricard.png\"},{\"@type\":\"BreadcrumbList\",\"@id\":\"https:\/\/ipe.org.br\/en\/tricard\/#breadcrumb\",\"itemListElement\":[{\"@type\":\"ListItem\",\"position\":1,\"name\":\"In\u00edcio\",\"item\":\"https:\/\/ipe.org.br\/en\/home-2\/\"},{\"@type\":\"ListItem\",\"position\":2,\"name\":\"Tricard\"}]},{\"@type\":\"WebSite\",\"@id\":\"https:\/\/ipe.org.br\/#website\",\"url\":\"https:\/\/ipe.org.br\/\",\"name\":\"IP\u00ca - Instituto de Pesquisas Ecol\u00f3gicas\",\"description\":\"Pesquisa, Educa\u00e7\u00e3o e Neg\u00f3cios Sustent\u00e1veis para a conserva\u00e7\u00e3o da biodiversidade brasileira.\",\"publisher\":{\"@id\":\"https:\/\/ipe.org.br\/#organization\"},\"potentialAction\":[{\"@type\":\"SearchAction\",\"target\":{\"@type\":\"EntryPoint\",\"urlTemplate\":\"https:\/\/ipe.org.br\/?s={search_term_string}\"},\"query-input\":\"required name=search_term_string\"}],\"inLanguage\":\"en-US\"},{\"@type\":\"Organization\",\"@id\":\"https:\/\/ipe.org.br\/#organization\",\"name\":\"IP\u00ca - Instituto te Pesquisas Ecol\u00f3gicas\",\"alternateName\":\"IP\u00ca - Instituto te Pesquisas Ecol\u00f3gicas\",\"url\":\"https:\/\/ipe.org.br\/\",\"logo\":{\"@type\":\"ImageObject\",\"inLanguage\":\"en-US\",\"@id\":\"https:\/\/ipe.org.br\/#\/schema\/logo\/image\/\",\"url\":\"https:\/\/ipe.org.br\/images\/2022\/12\/cropped-logo-ipe2.jpg\",\"contentUrl\":\"https:\/\/ipe.org.br\/images\/2022\/12\/cropped-logo-ipe2.jpg\",\"width\":900,\"height\":900,\"caption\":\"IP\u00ca - Instituto te Pesquisas Ecol\u00f3gicas\"},\"image\":{\"@id\":\"https:\/\/ipe.org.br\/#\/schema\/logo\/image\/\"},\"sameAs\":[\"https:\/\/www.facebook.com\/ipe.instituto.pesquisas.ecologicas\",\"https:\/\/x.com\/InstitutoIPE\",\"https:\/\/www.instagram.com\/institutoipe\/\",\"https:\/\/www.linkedin.com\/company\/ip---instituto-de-pesquisas-ecolgicas\",\"https:\/\/www.youtube.com\/channel\/UCxsLeAueuL-eMIJy6qif9_g\/videos\"]}]}<\/script>\n<!-- \/ Yoast SEO plugin. -->","yoast_head_json":{"title":"Tricard - IP\u00ca - Instituto de Pesquisas Ecol\u00f3gicas","robots":{"index":"index","follow":"follow","max-snippet":"max-snippet:-1","max-image-preview":"max-image-preview:large","max-video-preview":"max-video-preview:-1"},"canonical":"https:\/\/ipe.org.br\/en\/tricard\/","og_locale":"en_US","og_type":"article","og_title":"Tricard - IP\u00ca - Instituto de Pesquisas Ecol\u00f3gicas","og_description":"Tricard CRM Cases Tribanco, Tricard and IP\u00ca In a Cause Related Marketing partnership, IP\u00ca and Tribanco are giving Tricard card users the opportunity to support the socio-environmental cause every time they decide to use this form of payment. With each operation of the Cr\u00e9dito Certo Tribanco (CCT) product, R$0.10 cents is donated to the Institute. ... Read more","og_url":"https:\/\/ipe.org.br\/en\/tricard\/","og_site_name":"IP\u00ca - Instituto de Pesquisas Ecol\u00f3gicas","article_publisher":"https:\/\/www.facebook.com\/ipe.instituto.pesquisas.ecologicas","article_modified_time":"2023-12-20T21:04:25+00:00","og_image":[{"url":"https:\/\/ipe.org.br\/images\/negocios_sustentaveis\/cases\/tricard\/logo-tricard.png"}],"twitter_card":"summary_large_image","twitter_site":"@InstitutoIPE","twitter_misc":{"Est. reading time":"1 minute"},"schema":{"@context":"https:\/\/schema.org","@graph":[{"@type":"WebPage","@id":"https:\/\/ipe.org.br\/en\/tricard\/","url":"https:\/\/ipe.org.br\/en\/tricard\/","name":"Tricard - IP\u00ca - Instituto de Pesquisas Ecol\u00f3gicas","isPartOf":{"@id":"https:\/\/ipe.org.br\/#website"},"primaryImageOfPage":{"@id":"https:\/\/ipe.org.br\/en\/tricard\/#primaryimage"},"image":{"@id":"https:\/\/ipe.org.br\/en\/tricard\/#primaryimage"},"thumbnailUrl":"https:\/\/ipe.org.br\/images\/negocios_sustentaveis\/cases\/tricard\/logo-tricard.png","datePublished":"2022-12-29T12:01:30+00:00","dateModified":"2023-12-20T21:04:25+00:00","breadcrumb":{"@id":"https:\/\/ipe.org.br\/en\/tricard\/#breadcrumb"},"inLanguage":"en-US","potentialAction":[{"@type":"ReadAction","target":["https:\/\/ipe.org.br\/en\/tricard\/"]}]},{"@type":"ImageObject","inLanguage":"en-US","@id":"https:\/\/ipe.org.br\/en\/tricard\/#primaryimage","url":"https:\/\/ipe.org.br\/images\/negocios_sustentaveis\/cases\/tricard\/logo-tricard.png","contentUrl":"https:\/\/ipe.org.br\/images\/negocios_sustentaveis\/cases\/tricard\/logo-tricard.png"},{"@type":"BreadcrumbList","@id":"https:\/\/ipe.org.br\/en\/tricard\/#breadcrumb","itemListElement":[{"@type":"ListItem","position":1,"name":"In\u00edcio","item":"https:\/\/ipe.org.br\/en\/home-2\/"},{"@type":"ListItem","position":2,"name":"Tricard"}]},{"@type":"WebSite","@id":"https:\/\/ipe.org.br\/#website","url":"https:\/\/ipe.org.br\/","name":"IP\u00ca - Instituto de Pesquisas Ecol\u00f3gicas","description":"Pesquisa, Educa\u00e7\u00e3o e Neg\u00f3cios Sustent\u00e1veis para a conserva\u00e7\u00e3o da biodiversidade brasileira.","publisher":{"@id":"https:\/\/ipe.org.br\/#organization"},"potentialAction":[{"@type":"SearchAction","target":{"@type":"EntryPoint","urlTemplate":"https:\/\/ipe.org.br\/?s={search_term_string}"},"query-input":"required name=search_term_string"}],"inLanguage":"en-US"},{"@type":"Organization","@id":"https:\/\/ipe.org.br\/#organization","name":"IP\u00ca - Instituto te Pesquisas Ecol\u00f3gicas","alternateName":"IP\u00ca - Instituto te Pesquisas Ecol\u00f3gicas","url":"https:\/\/ipe.org.br\/","logo":{"@type":"ImageObject","inLanguage":"en-US","@id":"https:\/\/ipe.org.br\/#\/schema\/logo\/image\/","url":"https:\/\/ipe.org.br\/images\/2022\/12\/cropped-logo-ipe2.jpg","contentUrl":"https:\/\/ipe.org.br\/images\/2022\/12\/cropped-logo-ipe2.jpg","width":900,"height":900,"caption":"IP\u00ca - Instituto te Pesquisas Ecol\u00f3gicas"},"image":{"@id":"https:\/\/ipe.org.br\/#\/schema\/logo\/image\/"},"sameAs":["https:\/\/www.facebook.com\/ipe.instituto.pesquisas.ecologicas","https:\/\/x.com\/InstitutoIPE","https:\/\/www.instagram.com\/institutoipe\/","https:\/\/www.linkedin.com\/company\/ip---instituto-de-pesquisas-ecolgicas","https:\/\/www.youtube.com\/channel\/UCxsLeAueuL-eMIJy6qif9_g\/videos"]}]}},"_links":{"self":[{"href":"https:\/\/ipe.org.br\/en\/wp-json\/wp\/v2\/pages\/14189","targetHints":{"allow":["GET"]}}],"collection":[{"href":"https:\/\/ipe.org.br\/en\/wp-json\/wp\/v2\/pages"}],"about":[{"href":"https:\/\/ipe.org.br\/en\/wp-json\/wp\/v2\/types\/page"}],"author":[{"embeddable":true,"href":"https:\/\/ipe.org.br\/en\/wp-json\/wp\/v2\/users\/1"}],"replies":[{"embeddable":true,"href":"https:\/\/ipe.org.br\/en\/wp-json\/wp\/v2\/comments?post=14189"}],"version-history":[{"count":1,"href":"https:\/\/ipe.org.br\/en\/wp-json\/wp\/v2\/pages\/14189\/revisions"}],"predecessor-version":[{"id":14190,"href":"https:\/\/ipe.org.br\/en\/wp-json\/wp\/v2\/pages\/14189\/revisions\/14190"}],"wp:attachment":[{"href":"https:\/\/ipe.org.br\/en\/wp-json\/wp\/v2\/media?parent=14189"}],"curies":[{"name":"wp","href":"https:\/\/api.w.org\/{rel}","templated":true}]}}