{"id":14171,"date":"2023-01-02T08:33:19","date_gmt":"2023-01-02T11:33:19","guid":{"rendered":"https:\/\/ipe.org.br\/motivation-and-success-in-protected-areas-management\/"},"modified":"2023-12-21T09:15:33","modified_gmt":"2023-12-21T12:15:33","slug":"motivation-and-success-in-protected-areas-management","status":"publish","type":"page","link":"https:\/\/ipe.org.br\/en\/motivation-and-success-in-protected-areas-management\/","title":{"rendered":"Motivation and Success in Protected Areas Management"},"content":{"rendered":"\t\t<div data-elementor-type=\"wp-page\" data-elementor-id=\"14171\" class=\"elementor elementor-14171 elementor-8101\" data-elementor-post-type=\"page\">\n\t\t\t\t\t\t<section class=\"has_ma_el_bg_slider elementor-section elementor-top-section elementor-element elementor-element-838b51b elementor-section-height-min-height elementor-section-boxed elementor-section-height-default elementor-section-items-middle\" data-id=\"838b51b\" data-element_type=\"section\" data-settings=\"{&quot;background_background&quot;:&quot;classic&quot;}\">\n\t\t\t\t\t\t\t<div class=\"elementor-background-overlay\"><\/div>\n\t\t\t\t\t\t\t<div class=\"elementor-container elementor-column-gap-default\">\n\t\t\t\t\t<div class=\"has_ma_el_bg_slider elementor-column elementor-col-100 elementor-top-column elementor-element elementor-element-a551f5d jltma-glass-effect-no\" data-id=\"a551f5d\" data-element_type=\"column\">\n\t\t\t<div class=\"elementor-widget-wrap elementor-element-populated\">\n\t\t\t\t\t\t<div class=\"elementor-element elementor-element-73e172a jltma-glass-effect-no elementor-invisible elementor-widget elementor-widget-heading\" data-id=\"73e172a\" data-element_type=\"widget\" data-settings=\"{&quot;_animation&quot;:&quot;fadeIn&quot;}\" data-widget_type=\"heading.default\">\n\t\t\t\t<div class=\"elementor-widget-container\">\n\t\t\t<h1 class=\"elementor-heading-title elementor-size-default\">Motivation and Success in Protected Areas Management<\/h1>\t\t<\/div>\n\t\t\t\t<\/div>\n\t\t\t\t<div class=\"elementor-element elementor-element-8357813 jltma-glass-effect-no elementor-invisible elementor-widget elementor-widget-heading\" data-id=\"8357813\" data-element_type=\"widget\" data-settings=\"{&quot;_animation&quot;:&quot;fadeIn&quot;}\" data-widget_type=\"heading.default\">\n\t\t\t\t<div class=\"elementor-widget-container\">\n\t\t\t<h1 class=\"elementor-heading-title elementor-size-default\"><a href=\"https:\/\/ipe.org.br\/?page_id=7911\">Protected Areas<\/a><\/h1>\t\t<\/div>\n\t\t\t\t<\/div>\n\t\t\t\t\t<\/div>\n\t\t<\/div>\n\t\t\t\t\t<\/div>\n\t\t<\/section>\n\t\t\t\t<section class=\"has_ma_el_bg_slider elementor-section elementor-top-section elementor-element elementor-element-130fbe7 elementor-section-height-min-height elementor-section-boxed elementor-section-height-default elementor-section-items-middle jltma-glass-effect-no\" data-id=\"130fbe7\" data-element_type=\"section\" data-settings=\"{&quot;background_background&quot;:&quot;classic&quot;}\">\n\t\t\t\t\t\t<div class=\"elementor-container elementor-column-gap-default\">\n\t\t\t\t\t<div class=\"has_ma_el_bg_slider elementor-column elementor-col-100 elementor-top-column elementor-element elementor-element-d5e948b jltma-glass-effect-no\" data-id=\"d5e948b\" data-element_type=\"column\">\n\t\t\t<div class=\"elementor-widget-wrap elementor-element-populated\">\n\t\t\t\t\t\t<div class=\"elementor-element elementor-element-7dd01a1 jltma-glass-effect-no elementor-invisible elementor-widget elementor-widget-text-editor\" data-id=\"7dd01a1\" data-element_type=\"widget\" data-settings=\"{&quot;_animation&quot;:&quot;fadeIn&quot;}\" data-widget_type=\"text-editor.default\">\n\t\t\t\t<div class=\"elementor-widget-container\">\n\t\t\t\t\t\t\t<p><style>\na{color:#34a853}<br\/><\/style>The &#8220;Motivation and Success in the Management of Federal Protected Areas &#8211; MOSUC&#8221; project began in 2012 through a partnership between ICMBio, IP\u00ca and the Gordon and Betty Moore Foundation. The project was born with the aim of identifying innovative solutions to the main management challenges in the areas of finance, local development and human capital in Brazil&#8217;s federal protected areas (PAs).  <a href=\"https:\/\/www.arcgis.com\/apps\/MapSeries\/index.html?appid=51fe7670ebc048b08fa0a7495bae0eab\">CLICK HERE<\/a> to find out more about all the stages of the project and its areas of activity, along with videos and maps.  <\/p>\t\t\t\t\t\t<\/div>\n\t\t\t\t<\/div>\n\t\t\t\t\t<\/div>\n\t\t<\/div>\n\t\t\t\t\t<\/div>\n\t\t<\/section>\n\t\t\t\t<section class=\"has_ma_el_bg_slider elementor-section elementor-top-section elementor-element elementor-element-c02fc9b elementor-section-height-min-height elementor-section-boxed elementor-section-height-default elementor-section-items-middle jltma-glass-effect-no\" data-id=\"c02fc9b\" data-element_type=\"section\" data-settings=\"{&quot;background_background&quot;:&quot;classic&quot;}\">\n\t\t\t\t\t\t<div class=\"elementor-container elementor-column-gap-default\">\n\t\t\t\t\t<div class=\"has_ma_el_bg_slider elementor-column elementor-col-100 elementor-top-column elementor-element elementor-element-98335b8 jltma-glass-effect-no\" data-id=\"98335b8\" data-element_type=\"column\">\n\t\t\t<div class=\"elementor-widget-wrap elementor-element-populated\">\n\t\t\t\t\t\t<div class=\"elementor-element elementor-element-b4cfa9d jltma-glass-effect-no elementor-widget elementor-widget-ma-advanced-accordion\" data-id=\"b4cfa9d\" data-element_type=\"widget\" data-settings=\"{&quot;accordion_type&quot;:&quot;accordion&quot;,&quot;toggle_speed&quot;:300}\" data-widget_type=\"ma-advanced-accordion.default\">\n\t\t\t\t<div class=\"elementor-widget-container\">\n\t\t\t\n\t\t<div class=\"jltma-advanced-accordion\" id=\"jltma-advanced-accordion-b4cfa9d\" data-accordion-id=\"b4cfa9d\" data-accordion-id=\"b4cfa9d\">\n\t\t\t<div class=\"ma-accordion-wrap ma-accordion-icon-align- ma-accordion-b4cfa9d\">\n\n\t\t\t\t\n\t\t\t\t\t<div class=\"jltma-accordion-item elementor-repeater-item-895a332 \">\n\t\t\t\t\t\t<div id=\"jltma-accordion-tab-title-1891\" class=\"jltma-accordion-tab-title jltma-accordion-header\" tabindex=\"1891\" data-tab=\"1\" role=\"tab\" aria-controls=\"jltma-accordion-tab-content-1891\">\n\t\t\t\t\t\t\t<div class=\"jltma-accordion-title-icon\">\n\n\t\t\t\t\t\t\t\t\n\t\t\t\t\t\t\t\t<div class=\"jltma-accordion-title-text\">\n\t\t\t\t\t\t\t\t\tDevelopment\t\t\t\t\t\t\t\t<\/div>\n\t\t\t\t\t\t\t<\/div>\n\n\t\t\t\t\t\t\t\n\t\t\t\t\t\t<\/div>\n\n\t\t\t\t\t\t<div id=\"jltma-accordion-tab-content-1891\" class=\"jltma-accordion-tab-content\" data-tab=\"1\" role=\"tabpanel\" aria-labelledby=\"jltma-accordion-tab-title-1891\">\n\t\t\t\t\t\t\t<p>The Motivation and Success in the Management of Conservation Units project was divided into phases. All of them can be accessed at this <a href=\"https:\/\/www.arcgis.com\/apps\/MapSeries\/index.html?appid=51fe7670ebc048b08fa0a7495bae0eab\">STORYMAP<\/a>.<\/p><p>In the first of them, a survey was carried out on innovative initiatives in the management of UCs with the aim of increasing the conservation of these areas or overcoming major obstacles that made it difficult to achieve their objectives. The evaluation was carried out through an online questionnaire in which more than 100 federal UCs in Brazil participated. At this stage, an economic and financial analysis was also carried out to identify and characterize potential sources of resources for the management of UCs and propose new arrangements to improve their economic and financial independence.<\/p><p>The second phase aimed to celebrate managers' initiatives and evaluate human capital issues in UCs in more detail. Thus, the project was divided into two parts. On the one hand, a survey of alternative labor hiring models was carried out based on experiences developed in Brazil and abroad. Strategies developed by institutions that work in the conservation of protected areas and on various other topics were considered. The main focus was to identify solutions that managed to overcome the UCs' lack of human capital. On the other hand, two seminars were promoted with the aim of carrying out an exchange between UC managers about possible solutions to the challenges they face in their daily lives . <a href=\"https:\/\/ipe.org.br\/?p=422\" data-itemid=\"101\">The 1st Seminar on Good Practices in UC Management <\/a> was carried out in 2014 and,for the second, a <a href=\"http:\/\/www.icmbio.gov.br\/praticasinovadoras\/\">online platform<\/a> it's the first <a href=\"https:\/\/issuu.com\/institutoipe\/docs\/ip_022_14_icmbio_web\/0\">bilingual magazine<\/a> to disseminate good practices.<\/p><p>The success of the first seminar motivated the holding of the II Seminar on Good Practices for Management of Conservation Units, in 2016, which again was a valuable opportunity to exchange experiences, in addition to advancing the discussion of the concept of innovative management itself. Just like the previous seminar, the second seminar also gave rise to a <a href=\"https:\/\/issuu.com\/institutoipe\/docs\/revista_boas_pr__ticas_2016\">new edition of the bilingual magazine<\/a>, recognizing the efforts of managers who undertake in their routine activities and inspiring the replication of good practices in other UCs.<\/p><p>The project even supported some of the experiences with the aim of enhancing dissemination, aiming to achieve even more visibility and encouraging its adoption by other areas. In addition, contributions were made to hold some events whose themes were considered priorities among UC technicians and managers during the II seminar, including a Research Seminar and a Participatory Management Seminar. Still in this sense, and aiming to expand the training of protected area managers, the project has also invested in structuring a distance learning platform with ACADEBio.<\/p><p>The project is currently in its third phase, which involves the implementation of some strategic actions identified in the previous stages and outlined with partners to strengthen the management of UCs. One of the strategic actions is the strengthening of ICMBio's Volunteer Program, which counts on support from the project to carry out its strategic planning, the design of its visual identity, the preparation of the Manager's Guide and the Volunteer Notebook, in addition to other materials . This strategy also aims to develop a data system that increases the visibility of its results, in addition to providing training for managers and volunteers.<\/p><p>Another strategic action in this phase is related to the implementation of a Management Tool that integrates strategic information about the UCs and supports institutional decision-making processes. Furthermore, through an online data platform (Dynamic Panel), information about federal UCs is made available, promoting greater transparency and expanding their access by society. As part of the structuring actions of the third phase of the project, a pilot experiment will be carried out to Strengthen UC Management with the establishment of an institutional arrangement that strengthens local institutions and promotes the hiring of labor for field operational and administrative support to UCs. . In total, 16 areas will be covered, made up of UCs and integrated management centers belonging to the Amazon Biome. For each of these areas, institutions will be identified that are interested in participating in this pilot experience, which will be selected and will receive monitoring of the project with a view to institutional strengthening and the recruitment of local labor to support UC activities. Hiring should total 60 professionals and will be divided into lots according to the specificities of each area. By encouraging the hiring of local labor, the project aims to a) generate employment and income in the communities involved with the UCs; b) overcome problems associated with the difficulty of adapting contractors to local customs and ways of life; c) increase the community\u2019s bond with the UC and; d) strengthen the organizational structure of local institutions that already have some relationship with the UC.<\/p>\t\t\t\t\t\t<\/div>\n\n\t\t\t\t\t<\/div>\n\t\t\t\t\n\t\t\t\t\t<div class=\"jltma-accordion-item elementor-repeater-item-b5ecba1 \">\n\t\t\t\t\t\t<div id=\"jltma-accordion-tab-title-1892\" class=\"jltma-accordion-tab-title jltma-accordion-header\" tabindex=\"1892\" data-tab=\"2\" role=\"tab\" aria-controls=\"jltma-accordion-tab-content-1892\">\n\t\t\t\t\t\t\t<div class=\"jltma-accordion-title-icon\">\n\n\t\t\t\t\t\t\t\t\n\t\t\t\t\t\t\t\t<div class=\"jltma-accordion-title-text\">\n\t\t\t\t\t\t\t\t\tTeam\t\t\t\t\t\t\t\t<\/div>\n\t\t\t\t\t\t\t<\/div>\n\n\t\t\t\t\t\t\t\n\t\t\t\t\t\t<\/div>\n\n\t\t\t\t\t\t<div id=\"jltma-accordion-tab-content-1892\" class=\"jltma-accordion-tab-content\" data-tab=\"2\" role=\"tabpanel\" aria-labelledby=\"jltma-accordion-tab-title-1892\">\n\t\t\t\t\t\t\t<p>Claudio Padua<br \/>Fabiana Prado<br \/>Carolina Delelis (1st and 2nd Phases)<br \/>Cristiana T\u00f3foli<br \/>Rafael Chiaravalloti<br \/>Angela Pellin<br \/>Cibele Tarra\u00e7o\u00a0Castro<br \/>Luiz Filho<br \/>Simone Ten\u00f3rio<\/p>\t\t\t\t\t\t<\/div>\n\n\t\t\t\t\t<\/div>\n\t\t\t\t\n\t\t\t\t\t<div class=\"jltma-accordion-item elementor-repeater-item-dd080d0 \">\n\t\t\t\t\t\t<div id=\"jltma-accordion-tab-title-1893\" class=\"jltma-accordion-tab-title jltma-accordion-header\" tabindex=\"1893\" data-tab=\"3\" role=\"tab\" aria-controls=\"jltma-accordion-tab-content-1893\">\n\t\t\t\t\t\t\t<div class=\"jltma-accordion-title-icon\">\n\n\t\t\t\t\t\t\t\t\n\t\t\t\t\t\t\t\t<div class=\"jltma-accordion-title-text\">\n\t\t\t\t\t\t\t\t\tPartners\t\t\t\t\t\t\t\t<\/div>\n\t\t\t\t\t\t\t<\/div>\n\n\t\t\t\t\t\t\t\n\t\t\t\t\t\t<\/div>\n\n\t\t\t\t\t\t<div id=\"jltma-accordion-tab-content-1893\" class=\"jltma-accordion-tab-content\" data-tab=\"3\" role=\"tabpanel\" aria-labelledby=\"jltma-accordion-tab-title-1893\">\n\t\t\t\t\t\t\t<p>Chico Mendes Institute for Biodiversity Conservation (ICMBio)<br \/><a href=\"http:\/\/www.icmbio.gov.br\/\">http:\/\/www.icmbio.gov.br\/<\/a><\/p><p>Moore Foundation:<\/p><p><a href=\"https:\/\/www.moore.org\/\">https:\/\/www.moore.org\/<\/a><\/p><p>German Cooperation (GIZ) (1st Phase)<\/p><p>French Embassy (1st Phase)<\/p>\t\t\t\t\t\t<\/div>\n\n\t\t\t\t\t<\/div>\n\t\t\t\t\t\t\t<\/div>\n\t\t<\/div>\n\t\t<\/div>\n\t\t\t\t<\/div>\n\t\t\t\t\t<\/div>\n\t\t<\/div>\n\t\t\t\t\t<\/div>\n\t\t<\/section>\n\t\t\t\t<\/div>\n\t\t","protected":false},"excerpt":{"rendered":"<p>Motivation and Success in Protected Areas Management Protected Areas The &#8220;Motivation and Success in the Management of Federal Protected Areas &#8211; MOSUC&#8221; project began in 2012 through a partnership between ICMBio, IP\u00ca and the Gordon and Betty Moore Foundation. The project was born with the aim of identifying innovative solutions to the main management challenges &#8230; <a title=\"Motivation and Success in Protected Areas Management\" class=\"read-more\" href=\"https:\/\/ipe.org.br\/en\/motivation-and-success-in-protected-areas-management\/\" aria-label=\"Read more about Motivation and Success in Protected Areas Management\">Read more<\/a><\/p>\n","protected":false},"author":1,"featured_media":0,"parent":0,"menu_order":0,"comment_status":"closed","ping_status":"closed","template":"elementor_header_footer","meta":{"_acf_changed":false,"footnotes":""},"class_list":["post-14171","page","type-page","status-publish"],"acf":[],"yoast_head":"<!-- This site is optimized with the Yoast SEO plugin v23.0 - https:\/\/yoast.com\/wordpress\/plugins\/seo\/ -->\n<title>Motivation and Success in Protected Areas Management - IP\u00ca - Instituto de Pesquisas Ecol\u00f3gicas<\/title>\n<meta name=\"robots\" content=\"index, follow, max-snippet:-1, max-image-preview:large, max-video-preview:-1\" \/>\n<link rel=\"canonical\" href=\"https:\/\/ipe.org.br\/en\/motivation-and-success-in-protected-areas-management\/\" \/>\n<meta property=\"og:locale\" content=\"en_US\" \/>\n<meta property=\"og:type\" content=\"article\" \/>\n<meta property=\"og:title\" content=\"Motivation and Success in Protected Areas Management - IP\u00ca - Instituto de Pesquisas Ecol\u00f3gicas\" \/>\n<meta property=\"og:description\" content=\"Motivation and Success in Protected Areas Management Protected Areas The &#8220;Motivation and Success in the Management of Federal Protected Areas &#8211; MOSUC&#8221; project began in 2012 through a partnership between ICMBio, IP\u00ca and the Gordon and Betty Moore Foundation. The project was born with the aim of identifying innovative solutions to the main management challenges ... Read more\" \/>\n<meta property=\"og:url\" content=\"https:\/\/ipe.org.br\/en\/motivation-and-success-in-protected-areas-management\/\" \/>\n<meta property=\"og:site_name\" content=\"IP\u00ca - Instituto de Pesquisas Ecol\u00f3gicas\" \/>\n<meta property=\"article:publisher\" content=\"https:\/\/www.facebook.com\/ipe.instituto.pesquisas.ecologicas\" \/>\n<meta property=\"article:modified_time\" content=\"2023-12-21T12:15:33+00:00\" \/>\n<meta property=\"og:image\" content=\"https:\/\/ipe.org.br\/images\/2022\/12\/cropped-logo-ipe2.jpg\" \/>\n\t<meta property=\"og:image:width\" content=\"900\" \/>\n\t<meta property=\"og:image:height\" content=\"900\" \/>\n\t<meta property=\"og:image:type\" content=\"image\/jpeg\" \/>\n<meta name=\"twitter:card\" content=\"summary_large_image\" \/>\n<meta name=\"twitter:site\" content=\"@InstitutoIPE\" \/>\n<meta name=\"twitter:label1\" content=\"Est. reading time\" \/>\n\t<meta name=\"twitter:data1\" content=\"5 minutes\" \/>\n<script type=\"application\/ld+json\" class=\"yoast-schema-graph\">{\"@context\":\"https:\/\/schema.org\",\"@graph\":[{\"@type\":\"WebPage\",\"@id\":\"https:\/\/ipe.org.br\/en\/motivation-and-success-in-protected-areas-management\/\",\"url\":\"https:\/\/ipe.org.br\/en\/motivation-and-success-in-protected-areas-management\/\",\"name\":\"Motivation and Success in Protected Areas Management - IP\u00ca - Instituto de Pesquisas Ecol\u00f3gicas\",\"isPartOf\":{\"@id\":\"https:\/\/ipe.org.br\/#website\"},\"datePublished\":\"2023-01-02T11:33:19+00:00\",\"dateModified\":\"2023-12-21T12:15:33+00:00\",\"breadcrumb\":{\"@id\":\"https:\/\/ipe.org.br\/en\/motivation-and-success-in-protected-areas-management\/#breadcrumb\"},\"inLanguage\":\"en-US\",\"potentialAction\":[{\"@type\":\"ReadAction\",\"target\":[\"https:\/\/ipe.org.br\/en\/motivation-and-success-in-protected-areas-management\/\"]}]},{\"@type\":\"BreadcrumbList\",\"@id\":\"https:\/\/ipe.org.br\/en\/motivation-and-success-in-protected-areas-management\/#breadcrumb\",\"itemListElement\":[{\"@type\":\"ListItem\",\"position\":1,\"name\":\"In\u00edcio\",\"item\":\"https:\/\/ipe.org.br\/en\/home-2\/\"},{\"@type\":\"ListItem\",\"position\":2,\"name\":\"Motivation and Success in Protected Areas Management\"}]},{\"@type\":\"WebSite\",\"@id\":\"https:\/\/ipe.org.br\/#website\",\"url\":\"https:\/\/ipe.org.br\/\",\"name\":\"IP\u00ca - Instituto de Pesquisas Ecol\u00f3gicas\",\"description\":\"Pesquisa, Educa\u00e7\u00e3o e Neg\u00f3cios Sustent\u00e1veis para a conserva\u00e7\u00e3o da biodiversidade brasileira.\",\"publisher\":{\"@id\":\"https:\/\/ipe.org.br\/#organization\"},\"potentialAction\":[{\"@type\":\"SearchAction\",\"target\":{\"@type\":\"EntryPoint\",\"urlTemplate\":\"https:\/\/ipe.org.br\/?s={search_term_string}\"},\"query-input\":\"required name=search_term_string\"}],\"inLanguage\":\"en-US\"},{\"@type\":\"Organization\",\"@id\":\"https:\/\/ipe.org.br\/#organization\",\"name\":\"IP\u00ca - Instituto te Pesquisas Ecol\u00f3gicas\",\"alternateName\":\"IP\u00ca - Instituto te Pesquisas Ecol\u00f3gicas\",\"url\":\"https:\/\/ipe.org.br\/\",\"logo\":{\"@type\":\"ImageObject\",\"inLanguage\":\"en-US\",\"@id\":\"https:\/\/ipe.org.br\/#\/schema\/logo\/image\/\",\"url\":\"https:\/\/ipe.org.br\/images\/2022\/12\/cropped-logo-ipe2.jpg\",\"contentUrl\":\"https:\/\/ipe.org.br\/images\/2022\/12\/cropped-logo-ipe2.jpg\",\"width\":900,\"height\":900,\"caption\":\"IP\u00ca - Instituto te Pesquisas Ecol\u00f3gicas\"},\"image\":{\"@id\":\"https:\/\/ipe.org.br\/#\/schema\/logo\/image\/\"},\"sameAs\":[\"https:\/\/www.facebook.com\/ipe.instituto.pesquisas.ecologicas\",\"https:\/\/x.com\/InstitutoIPE\",\"https:\/\/www.instagram.com\/institutoipe\/\",\"https:\/\/www.linkedin.com\/company\/ip---instituto-de-pesquisas-ecolgicas\",\"https:\/\/www.youtube.com\/channel\/UCxsLeAueuL-eMIJy6qif9_g\/videos\"]}]}<\/script>\n<!-- \/ Yoast SEO plugin. -->","yoast_head_json":{"title":"Motivation and Success in Protected Areas Management - IP\u00ca - Instituto de Pesquisas Ecol\u00f3gicas","robots":{"index":"index","follow":"follow","max-snippet":"max-snippet:-1","max-image-preview":"max-image-preview:large","max-video-preview":"max-video-preview:-1"},"canonical":"https:\/\/ipe.org.br\/en\/motivation-and-success-in-protected-areas-management\/","og_locale":"en_US","og_type":"article","og_title":"Motivation and Success in Protected Areas Management - IP\u00ca - Instituto de Pesquisas Ecol\u00f3gicas","og_description":"Motivation and Success in Protected Areas Management Protected Areas The &#8220;Motivation and Success in the Management of Federal Protected Areas &#8211; MOSUC&#8221; project began in 2012 through a partnership between ICMBio, IP\u00ca and the Gordon and Betty Moore Foundation. The project was born with the aim of identifying innovative solutions to the main management challenges ... Read more","og_url":"https:\/\/ipe.org.br\/en\/motivation-and-success-in-protected-areas-management\/","og_site_name":"IP\u00ca - Instituto de Pesquisas Ecol\u00f3gicas","article_publisher":"https:\/\/www.facebook.com\/ipe.instituto.pesquisas.ecologicas","article_modified_time":"2023-12-21T12:15:33+00:00","og_image":[{"width":900,"height":900,"url":"https:\/\/ipe.org.br\/images\/2022\/12\/cropped-logo-ipe2.jpg","type":"image\/jpeg"}],"twitter_card":"summary_large_image","twitter_site":"@InstitutoIPE","twitter_misc":{"Est. reading time":"5 minutes"},"schema":{"@context":"https:\/\/schema.org","@graph":[{"@type":"WebPage","@id":"https:\/\/ipe.org.br\/en\/motivation-and-success-in-protected-areas-management\/","url":"https:\/\/ipe.org.br\/en\/motivation-and-success-in-protected-areas-management\/","name":"Motivation and Success in Protected Areas Management - IP\u00ca - Instituto de Pesquisas Ecol\u00f3gicas","isPartOf":{"@id":"https:\/\/ipe.org.br\/#website"},"datePublished":"2023-01-02T11:33:19+00:00","dateModified":"2023-12-21T12:15:33+00:00","breadcrumb":{"@id":"https:\/\/ipe.org.br\/en\/motivation-and-success-in-protected-areas-management\/#breadcrumb"},"inLanguage":"en-US","potentialAction":[{"@type":"ReadAction","target":["https:\/\/ipe.org.br\/en\/motivation-and-success-in-protected-areas-management\/"]}]},{"@type":"BreadcrumbList","@id":"https:\/\/ipe.org.br\/en\/motivation-and-success-in-protected-areas-management\/#breadcrumb","itemListElement":[{"@type":"ListItem","position":1,"name":"In\u00edcio","item":"https:\/\/ipe.org.br\/en\/home-2\/"},{"@type":"ListItem","position":2,"name":"Motivation and Success in Protected Areas Management"}]},{"@type":"WebSite","@id":"https:\/\/ipe.org.br\/#website","url":"https:\/\/ipe.org.br\/","name":"IP\u00ca - Instituto de Pesquisas Ecol\u00f3gicas","description":"Pesquisa, Educa\u00e7\u00e3o e Neg\u00f3cios Sustent\u00e1veis para a conserva\u00e7\u00e3o da biodiversidade brasileira.","publisher":{"@id":"https:\/\/ipe.org.br\/#organization"},"potentialAction":[{"@type":"SearchAction","target":{"@type":"EntryPoint","urlTemplate":"https:\/\/ipe.org.br\/?s={search_term_string}"},"query-input":"required name=search_term_string"}],"inLanguage":"en-US"},{"@type":"Organization","@id":"https:\/\/ipe.org.br\/#organization","name":"IP\u00ca - Instituto te Pesquisas Ecol\u00f3gicas","alternateName":"IP\u00ca - Instituto te Pesquisas Ecol\u00f3gicas","url":"https:\/\/ipe.org.br\/","logo":{"@type":"ImageObject","inLanguage":"en-US","@id":"https:\/\/ipe.org.br\/#\/schema\/logo\/image\/","url":"https:\/\/ipe.org.br\/images\/2022\/12\/cropped-logo-ipe2.jpg","contentUrl":"https:\/\/ipe.org.br\/images\/2022\/12\/cropped-logo-ipe2.jpg","width":900,"height":900,"caption":"IP\u00ca - Instituto te Pesquisas Ecol\u00f3gicas"},"image":{"@id":"https:\/\/ipe.org.br\/#\/schema\/logo\/image\/"},"sameAs":["https:\/\/www.facebook.com\/ipe.instituto.pesquisas.ecologicas","https:\/\/x.com\/InstitutoIPE","https:\/\/www.instagram.com\/institutoipe\/","https:\/\/www.linkedin.com\/company\/ip---instituto-de-pesquisas-ecolgicas","https:\/\/www.youtube.com\/channel\/UCxsLeAueuL-eMIJy6qif9_g\/videos"]}]}},"_links":{"self":[{"href":"https:\/\/ipe.org.br\/en\/wp-json\/wp\/v2\/pages\/14171","targetHints":{"allow":["GET"]}}],"collection":[{"href":"https:\/\/ipe.org.br\/en\/wp-json\/wp\/v2\/pages"}],"about":[{"href":"https:\/\/ipe.org.br\/en\/wp-json\/wp\/v2\/types\/page"}],"author":[{"embeddable":true,"href":"https:\/\/ipe.org.br\/en\/wp-json\/wp\/v2\/users\/1"}],"replies":[{"embeddable":true,"href":"https:\/\/ipe.org.br\/en\/wp-json\/wp\/v2\/comments?post=14171"}],"version-history":[{"count":15,"href":"https:\/\/ipe.org.br\/en\/wp-json\/wp\/v2\/pages\/14171\/revisions"}],"predecessor-version":[{"id":14238,"href":"https:\/\/ipe.org.br\/en\/wp-json\/wp\/v2\/pages\/14171\/revisions\/14238"}],"wp:attachment":[{"href":"https:\/\/ipe.org.br\/en\/wp-json\/wp\/v2\/media?parent=14171"}],"curies":[{"name":"wp","href":"https:\/\/api.w.org\/{rel}","templated":true}]}}