{"id":13998,"date":"2022-12-30T09:46:26","date_gmt":"2022-12-30T12:46:26","guid":{"rendered":"https:\/\/ipe.org.br\/sustainable-landscapes-in-the-pantanal\/"},"modified":"2023-12-19T17:54:45","modified_gmt":"2023-12-19T20:54:45","slug":"sustainable-landscapes-in-the-pantanal","status":"publish","type":"page","link":"https:\/\/ipe.org.br\/en\/sustainable-landscapes-in-the-pantanal\/","title":{"rendered":"Sustainable Landscapes in the Pantanal"},"content":{"rendered":"\t\t<div data-elementor-type=\"wp-page\" data-elementor-id=\"13998\" class=\"elementor elementor-13998 elementor-7201\" data-elementor-post-type=\"page\">\n\t\t\t\t\t\t<section class=\"has_ma_el_bg_slider elementor-section elementor-top-section elementor-element elementor-element-838b51b elementor-section-height-min-height elementor-section-boxed elementor-section-height-default elementor-section-items-middle\" data-id=\"838b51b\" data-element_type=\"section\" data-settings=\"{&quot;background_background&quot;:&quot;classic&quot;}\">\n\t\t\t\t\t\t\t<div class=\"elementor-background-overlay\"><\/div>\n\t\t\t\t\t\t\t<div class=\"elementor-container elementor-column-gap-default\">\n\t\t\t\t\t<div class=\"has_ma_el_bg_slider elementor-column elementor-col-100 elementor-top-column elementor-element elementor-element-a551f5d jltma-glass-effect-no\" data-id=\"a551f5d\" data-element_type=\"column\">\n\t\t\t<div class=\"elementor-widget-wrap elementor-element-populated\">\n\t\t\t\t\t\t<div class=\"elementor-element elementor-element-73e172a jltma-glass-effect-no elementor-invisible elementor-widget elementor-widget-heading\" data-id=\"73e172a\" data-element_type=\"widget\" data-settings=\"{&quot;_animation&quot;:&quot;fadeIn&quot;}\" data-widget_type=\"heading.default\">\n\t\t\t\t<div class=\"elementor-widget-container\">\n\t\t\t<h1 class=\"elementor-heading-title elementor-size-default\">Sustainable Landscapes in the Pantanal<\/h1>\t\t<\/div>\n\t\t\t\t<\/div>\n\t\t\t\t<div class=\"elementor-element elementor-element-929d681 jltma-glass-effect-no elementor-invisible elementor-widget elementor-widget-heading\" data-id=\"929d681\" data-element_type=\"widget\" data-settings=\"{&quot;_animation&quot;:&quot;fadeIn&quot;}\" data-widget_type=\"heading.default\">\n\t\t\t\t<div class=\"elementor-widget-container\">\n\t\t\t<h1 class=\"elementor-heading-title elementor-size-default\"><a href=\"https:\/\/ipe.org.br\/?page_id=7191\">Pantanal and Cerrado<\/a><\/h1>\t\t<\/div>\n\t\t\t\t<\/div>\n\t\t\t\t\t<\/div>\n\t\t<\/div>\n\t\t\t\t\t<\/div>\n\t\t<\/section>\n\t\t\t\t<section class=\"has_ma_el_bg_slider elementor-section elementor-top-section elementor-element elementor-element-f5fc10e elementor-section-height-min-height elementor-section-boxed elementor-section-height-default elementor-section-items-middle jltma-glass-effect-no\" data-id=\"f5fc10e\" data-element_type=\"section\" data-settings=\"{&quot;background_background&quot;:&quot;classic&quot;}\">\n\t\t\t\t\t\t<div class=\"elementor-container elementor-column-gap-default\">\n\t\t\t\t\t<div class=\"has_ma_el_bg_slider elementor-column elementor-col-100 elementor-top-column elementor-element elementor-element-4c94a3f jltma-glass-effect-no\" data-id=\"4c94a3f\" data-element_type=\"column\">\n\t\t\t<div class=\"elementor-widget-wrap elementor-element-populated\">\n\t\t\t\t\t\t<div class=\"elementor-element elementor-element-ed2bd26 jltma-glass-effect-no elementor-widget elementor-widget-image\" data-id=\"ed2bd26\" data-element_type=\"widget\" data-widget_type=\"image.default\">\n\t\t\t\t<div class=\"elementor-widget-container\">\n\t\t\t\t\t\t\t\t\t\t\t\t\t<img fetchpriority=\"high\" decoding=\"async\" width=\"1024\" height=\"730\" src=\"https:\/\/ipe.org.br\/images\/2021\/03\/Foto-aves-e-gado-Pantanal-Paisagens-Sustentaveis-1024x730.jpg\" class=\"attachment-large size-large wp-image-4278\" alt=\"\" srcset=\"https:\/\/ipe.org.br\/images\/2021\/03\/Foto-aves-e-gado-Pantanal-Paisagens-Sustentaveis-1024x730.jpg 1024w, https:\/\/ipe.org.br\/images\/2021\/03\/Foto-aves-e-gado-Pantanal-Paisagens-Sustentaveis-300x214.jpg 300w, https:\/\/ipe.org.br\/images\/2021\/03\/Foto-aves-e-gado-Pantanal-Paisagens-Sustentaveis-768x548.jpg 768w, https:\/\/ipe.org.br\/images\/2021\/03\/Foto-aves-e-gado-Pantanal-Paisagens-Sustentaveis-1536x1095.jpg 1536w, https:\/\/ipe.org.br\/images\/2021\/03\/Foto-aves-e-gado-Pantanal-Paisagens-Sustentaveis.jpg 1900w\" sizes=\"(max-width: 1024px) 100vw, 1024px\" \/>\t\t\t\t\t\t\t\t\t\t\t\t\t<\/div>\n\t\t\t\t<\/div>\n\t\t\t\t<div class=\"elementor-element elementor-element-4ae83be jltma-glass-effect-no elementor-invisible elementor-widget elementor-widget-text-editor\" data-id=\"4ae83be\" data-element_type=\"widget\" data-settings=\"{&quot;_animation&quot;:&quot;fadeIn&quot;}\" data-widget_type=\"text-editor.default\">\n\t\t\t\t<div class=\"elementor-widget-container\">\n\t\t\t\t\t\t\t<p><style>\na{color:#34a853}<br\/><\/style>The Sustainable Landscapes in Pantanal project began in 2020, a partnership between IP\u00ca &#8211; Institute for Ecological Research, Smithsonian Conservation Biology Institute (SCBI), Ecoa &#8211; Ecology and Action, and Embrapa Pantanal.  <\/p><p>The proposal is to understand what sustainable landscapes are in the Pantanal and to speed up the certification process for sustainable farms, in addition to efforts with Embrapa Pantanal to expand the Sustainable Pantanal Farm certification to the entire biome.<\/p><p>Certifications can mainly bring economic benefits for owners, such as credit facilities and tax reductions.<\/p>\t\t\t\t\t\t<\/div>\n\t\t\t\t<\/div>\n\t\t\t\t\t<\/div>\n\t\t<\/div>\n\t\t\t\t\t<\/div>\n\t\t<\/section>\n\t\t\t\t<section class=\"has_ma_el_bg_slider elementor-section elementor-top-section elementor-element elementor-element-992f767 elementor-section-height-min-height elementor-section-boxed elementor-section-height-default elementor-section-items-middle jltma-glass-effect-no\" data-id=\"992f767\" data-element_type=\"section\" data-settings=\"{&quot;background_background&quot;:&quot;classic&quot;}\">\n\t\t\t\t\t\t<div class=\"elementor-container elementor-column-gap-default\">\n\t\t\t\t\t<div class=\"has_ma_el_bg_slider elementor-column elementor-col-100 elementor-top-column elementor-element elementor-element-4228793 jltma-glass-effect-no\" data-id=\"4228793\" data-element_type=\"column\">\n\t\t\t<div class=\"elementor-widget-wrap elementor-element-populated\">\n\t\t\t\t\t\t<div class=\"elementor-element elementor-element-ba1676c jltma-glass-effect-no elementor-widget elementor-widget-ma-advanced-accordion\" data-id=\"ba1676c\" data-element_type=\"widget\" data-settings=\"{&quot;accordion_type&quot;:&quot;accordion&quot;,&quot;toggle_speed&quot;:300}\" data-widget_type=\"ma-advanced-accordion.default\">\n\t\t\t\t<div class=\"elementor-widget-container\">\n\t\t\t\n\t\t<div class=\"jltma-advanced-accordion\" id=\"jltma-advanced-accordion-ba1676c\" data-accordion-id=\"ba1676c\" data-accordion-id=\"ba1676c\">\n\t\t\t<div class=\"ma-accordion-wrap ma-accordion-icon-align- ma-accordion-ba1676c\">\n\n\t\t\t\t\n\t\t\t\t\t<div class=\"jltma-accordion-item elementor-repeater-item-895a332 \">\n\t\t\t\t\t\t<div id=\"jltma-accordion-tab-title-1951\" class=\"jltma-accordion-tab-title jltma-accordion-header\" tabindex=\"1951\" data-tab=\"1\" role=\"tab\" aria-controls=\"jltma-accordion-tab-content-1951\">\n\t\t\t\t\t\t\t<div class=\"jltma-accordion-title-icon\">\n\n\t\t\t\t\t\t\t\t\n\t\t\t\t\t\t\t\t<div class=\"jltma-accordion-title-text\">\n\t\t\t\t\t\t\t\t\tTeam\t\t\t\t\t\t\t\t<\/div>\n\t\t\t\t\t\t\t<\/div>\n\n\t\t\t\t\t\t\t\n\t\t\t\t\t\t<\/div>\n\n\t\t\t\t\t\t<div id=\"jltma-accordion-tab-content-1951\" class=\"jltma-accordion-tab-content\" data-tab=\"1\" role=\"tabpanel\" aria-labelledby=\"jltma-accordion-tab-title-1951\">\n\t\t\t\t\t\t\t<p>PhD. Rafael Chiaravalloti\u200b<br \/><br \/>PhD. Walfrido Tomas - Embrapa Pantanal\u200b<br \/><br \/>Andre Restel Camilo \u2013 Smithsonian\u200b<br \/><br \/>PhD. Peter Leimgruber - Smithsonian<br \/><br \/>MsC. Henrique Shirai - IP\u00ca<br \/><br \/>H\u00e9rcules Quelu - IP\u00ca<\/p>\t\t\t\t\t\t<\/div>\n\n\t\t\t\t\t<\/div>\n\t\t\t\t\n\t\t\t\t\t<div class=\"jltma-accordion-item elementor-repeater-item-b5ecba1 \">\n\t\t\t\t\t\t<div id=\"jltma-accordion-tab-title-1952\" class=\"jltma-accordion-tab-title jltma-accordion-header\" tabindex=\"1952\" data-tab=\"2\" role=\"tab\" aria-controls=\"jltma-accordion-tab-content-1952\">\n\t\t\t\t\t\t\t<div class=\"jltma-accordion-title-icon\">\n\n\t\t\t\t\t\t\t\t\n\t\t\t\t\t\t\t\t<div class=\"jltma-accordion-title-text\">\n\t\t\t\t\t\t\t\t\tMOU\t\t\t\t\t\t\t\t<\/div>\n\t\t\t\t\t\t\t<\/div>\n\n\t\t\t\t\t\t\t\n\t\t\t\t\t\t<\/div>\n\n\t\t\t\t\t\t<div id=\"jltma-accordion-tab-content-1952\" class=\"jltma-accordion-tab-content\" data-tab=\"2\" role=\"tabpanel\" aria-labelledby=\"jltma-accordion-tab-title-1952\">\n\t\t\t\t\t\t\t<ul><li><a title=\"MOU-IPE-SI-fully-executed-8.31.2020\" href=\"http:\/\/homolog.ipe.org.br\/wp-content\/uploads\/2021\/03\/MOU-IPE-SI-fully-executed-8.31.2020.pdf\" target=\"_blank\" rel=\"noopener\" data-itemid=\"101\">MOU IPE SI-fully executed 8.31.2020<\/a><\/li><\/ul>\t\t\t\t\t\t<\/div>\n\n\t\t\t\t\t<\/div>\n\t\t\t\t\t\t\t<\/div>\n\t\t<\/div>\n\t\t<\/div>\n\t\t\t\t<\/div>\n\t\t\t\t\t<\/div>\n\t\t<\/div>\n\t\t\t\t\t<\/div>\n\t\t<\/section>\n\t\t\t\t<\/div>\n\t\t","protected":false},"excerpt":{"rendered":"<p>Sustainable Landscapes in the Pantanal Pantanal and Cerrado The Sustainable Landscapes in Pantanal project began in 2020, a partnership between IP\u00ca &#8211; Institute for Ecological Research, Smithsonian Conservation Biology Institute (SCBI), Ecoa &#8211; Ecology and Action, and Embrapa Pantanal. The proposal is to understand what sustainable landscapes are in the Pantanal and to speed up &#8230; <a title=\"Sustainable Landscapes in the Pantanal\" class=\"read-more\" href=\"https:\/\/ipe.org.br\/en\/sustainable-landscapes-in-the-pantanal\/\" aria-label=\"Read more about Sustainable Landscapes in the Pantanal\">Read more<\/a><\/p>\n","protected":false},"author":1,"featured_media":0,"parent":0,"menu_order":0,"comment_status":"closed","ping_status":"closed","template":"elementor_header_footer","meta":{"_acf_changed":false,"footnotes":""},"class_list":["post-13998","page","type-page","status-publish"],"acf":[],"yoast_head":"<!-- This site is optimized with the Yoast SEO plugin v23.0 - https:\/\/yoast.com\/wordpress\/plugins\/seo\/ -->\n<title>Sustainable Landscapes in the Pantanal - IP\u00ca - Instituto de Pesquisas Ecol\u00f3gicas<\/title>\n<meta name=\"robots\" content=\"index, follow, max-snippet:-1, max-image-preview:large, max-video-preview:-1\" \/>\n<link rel=\"canonical\" href=\"https:\/\/ipe.org.br\/en\/sustainable-landscapes-in-the-pantanal\/\" \/>\n<meta property=\"og:locale\" content=\"en_US\" \/>\n<meta property=\"og:type\" content=\"article\" \/>\n<meta property=\"og:title\" content=\"Sustainable Landscapes in the Pantanal - IP\u00ca - Instituto de Pesquisas Ecol\u00f3gicas\" \/>\n<meta property=\"og:description\" content=\"Sustainable Landscapes in the Pantanal Pantanal and Cerrado The Sustainable Landscapes in Pantanal project began in 2020, a partnership between IP\u00ca &#8211; Institute for Ecological Research, Smithsonian Conservation Biology Institute (SCBI), Ecoa &#8211; Ecology and Action, and Embrapa Pantanal. The proposal is to understand what sustainable landscapes are in the Pantanal and to speed up ... Read more\" \/>\n<meta property=\"og:url\" content=\"https:\/\/ipe.org.br\/en\/sustainable-landscapes-in-the-pantanal\/\" \/>\n<meta property=\"og:site_name\" content=\"IP\u00ca - Instituto de Pesquisas Ecol\u00f3gicas\" \/>\n<meta property=\"article:publisher\" content=\"https:\/\/www.facebook.com\/ipe.instituto.pesquisas.ecologicas\" \/>\n<meta property=\"article:modified_time\" content=\"2023-12-19T20:54:45+00:00\" \/>\n<meta property=\"og:image\" content=\"http:\/\/ipe.org.br\/images\/2021\/03\/Foto-aves-e-gado-Pantanal-Paisagens-Sustentaveis-1024x730.jpg\" \/>\n<meta name=\"twitter:card\" content=\"summary_large_image\" \/>\n<meta name=\"twitter:site\" content=\"@InstitutoIPE\" \/>\n<meta name=\"twitter:label1\" content=\"Est. reading time\" \/>\n\t<meta name=\"twitter:data1\" content=\"1 minute\" \/>\n<script type=\"application\/ld+json\" class=\"yoast-schema-graph\">{\"@context\":\"https:\/\/schema.org\",\"@graph\":[{\"@type\":\"WebPage\",\"@id\":\"https:\/\/ipe.org.br\/en\/sustainable-landscapes-in-the-pantanal\/\",\"url\":\"https:\/\/ipe.org.br\/en\/sustainable-landscapes-in-the-pantanal\/\",\"name\":\"Sustainable Landscapes in the Pantanal - IP\u00ca - Instituto de Pesquisas Ecol\u00f3gicas\",\"isPartOf\":{\"@id\":\"https:\/\/ipe.org.br\/#website\"},\"primaryImageOfPage\":{\"@id\":\"https:\/\/ipe.org.br\/en\/sustainable-landscapes-in-the-pantanal\/#primaryimage\"},\"image\":{\"@id\":\"https:\/\/ipe.org.br\/en\/sustainable-landscapes-in-the-pantanal\/#primaryimage\"},\"thumbnailUrl\":\"http:\/\/ipe.org.br\/images\/2021\/03\/Foto-aves-e-gado-Pantanal-Paisagens-Sustentaveis-1024x730.jpg\",\"datePublished\":\"2022-12-30T12:46:26+00:00\",\"dateModified\":\"2023-12-19T20:54:45+00:00\",\"breadcrumb\":{\"@id\":\"https:\/\/ipe.org.br\/en\/sustainable-landscapes-in-the-pantanal\/#breadcrumb\"},\"inLanguage\":\"en-US\",\"potentialAction\":[{\"@type\":\"ReadAction\",\"target\":[\"https:\/\/ipe.org.br\/en\/sustainable-landscapes-in-the-pantanal\/\"]}]},{\"@type\":\"ImageObject\",\"inLanguage\":\"en-US\",\"@id\":\"https:\/\/ipe.org.br\/en\/sustainable-landscapes-in-the-pantanal\/#primaryimage\",\"url\":\"http:\/\/ipe.org.br\/images\/2021\/03\/Foto-aves-e-gado-Pantanal-Paisagens-Sustentaveis-1024x730.jpg\",\"contentUrl\":\"http:\/\/ipe.org.br\/images\/2021\/03\/Foto-aves-e-gado-Pantanal-Paisagens-Sustentaveis-1024x730.jpg\"},{\"@type\":\"BreadcrumbList\",\"@id\":\"https:\/\/ipe.org.br\/en\/sustainable-landscapes-in-the-pantanal\/#breadcrumb\",\"itemListElement\":[{\"@type\":\"ListItem\",\"position\":1,\"name\":\"In\u00edcio\",\"item\":\"https:\/\/ipe.org.br\/en\/home-2\/\"},{\"@type\":\"ListItem\",\"position\":2,\"name\":\"Sustainable Landscapes in the Pantanal\"}]},{\"@type\":\"WebSite\",\"@id\":\"https:\/\/ipe.org.br\/#website\",\"url\":\"https:\/\/ipe.org.br\/\",\"name\":\"IP\u00ca - Instituto de Pesquisas Ecol\u00f3gicas\",\"description\":\"Pesquisa, Educa\u00e7\u00e3o e Neg\u00f3cios Sustent\u00e1veis para a conserva\u00e7\u00e3o da biodiversidade brasileira.\",\"publisher\":{\"@id\":\"https:\/\/ipe.org.br\/#organization\"},\"potentialAction\":[{\"@type\":\"SearchAction\",\"target\":{\"@type\":\"EntryPoint\",\"urlTemplate\":\"https:\/\/ipe.org.br\/?s={search_term_string}\"},\"query-input\":\"required name=search_term_string\"}],\"inLanguage\":\"en-US\"},{\"@type\":\"Organization\",\"@id\":\"https:\/\/ipe.org.br\/#organization\",\"name\":\"IP\u00ca - Instituto te Pesquisas Ecol\u00f3gicas\",\"alternateName\":\"IP\u00ca - Instituto te Pesquisas Ecol\u00f3gicas\",\"url\":\"https:\/\/ipe.org.br\/\",\"logo\":{\"@type\":\"ImageObject\",\"inLanguage\":\"en-US\",\"@id\":\"https:\/\/ipe.org.br\/#\/schema\/logo\/image\/\",\"url\":\"https:\/\/ipe.org.br\/images\/2022\/12\/cropped-logo-ipe2.jpg\",\"contentUrl\":\"https:\/\/ipe.org.br\/images\/2022\/12\/cropped-logo-ipe2.jpg\",\"width\":900,\"height\":900,\"caption\":\"IP\u00ca - Instituto te Pesquisas Ecol\u00f3gicas\"},\"image\":{\"@id\":\"https:\/\/ipe.org.br\/#\/schema\/logo\/image\/\"},\"sameAs\":[\"https:\/\/www.facebook.com\/ipe.instituto.pesquisas.ecologicas\",\"https:\/\/x.com\/InstitutoIPE\",\"https:\/\/www.instagram.com\/institutoipe\/\",\"https:\/\/www.linkedin.com\/company\/ip---instituto-de-pesquisas-ecolgicas\",\"https:\/\/www.youtube.com\/channel\/UCxsLeAueuL-eMIJy6qif9_g\/videos\"]}]}<\/script>\n<!-- \/ Yoast SEO plugin. -->","yoast_head_json":{"title":"Sustainable Landscapes in the Pantanal - IP\u00ca - Instituto de Pesquisas Ecol\u00f3gicas","robots":{"index":"index","follow":"follow","max-snippet":"max-snippet:-1","max-image-preview":"max-image-preview:large","max-video-preview":"max-video-preview:-1"},"canonical":"https:\/\/ipe.org.br\/en\/sustainable-landscapes-in-the-pantanal\/","og_locale":"en_US","og_type":"article","og_title":"Sustainable Landscapes in the Pantanal - IP\u00ca - Instituto de Pesquisas Ecol\u00f3gicas","og_description":"Sustainable Landscapes in the Pantanal Pantanal and Cerrado The Sustainable Landscapes in Pantanal project began in 2020, a partnership between IP\u00ca &#8211; Institute for Ecological Research, Smithsonian Conservation Biology Institute (SCBI), Ecoa &#8211; Ecology and Action, and Embrapa Pantanal. The proposal is to understand what sustainable landscapes are in the Pantanal and to speed up ... Read more","og_url":"https:\/\/ipe.org.br\/en\/sustainable-landscapes-in-the-pantanal\/","og_site_name":"IP\u00ca - Instituto de Pesquisas Ecol\u00f3gicas","article_publisher":"https:\/\/www.facebook.com\/ipe.instituto.pesquisas.ecologicas","article_modified_time":"2023-12-19T20:54:45+00:00","og_image":[{"url":"http:\/\/ipe.org.br\/images\/2021\/03\/Foto-aves-e-gado-Pantanal-Paisagens-Sustentaveis-1024x730.jpg"}],"twitter_card":"summary_large_image","twitter_site":"@InstitutoIPE","twitter_misc":{"Est. reading time":"1 minute"},"schema":{"@context":"https:\/\/schema.org","@graph":[{"@type":"WebPage","@id":"https:\/\/ipe.org.br\/en\/sustainable-landscapes-in-the-pantanal\/","url":"https:\/\/ipe.org.br\/en\/sustainable-landscapes-in-the-pantanal\/","name":"Sustainable Landscapes in the Pantanal - IP\u00ca - Instituto de Pesquisas Ecol\u00f3gicas","isPartOf":{"@id":"https:\/\/ipe.org.br\/#website"},"primaryImageOfPage":{"@id":"https:\/\/ipe.org.br\/en\/sustainable-landscapes-in-the-pantanal\/#primaryimage"},"image":{"@id":"https:\/\/ipe.org.br\/en\/sustainable-landscapes-in-the-pantanal\/#primaryimage"},"thumbnailUrl":"http:\/\/ipe.org.br\/images\/2021\/03\/Foto-aves-e-gado-Pantanal-Paisagens-Sustentaveis-1024x730.jpg","datePublished":"2022-12-30T12:46:26+00:00","dateModified":"2023-12-19T20:54:45+00:00","breadcrumb":{"@id":"https:\/\/ipe.org.br\/en\/sustainable-landscapes-in-the-pantanal\/#breadcrumb"},"inLanguage":"en-US","potentialAction":[{"@type":"ReadAction","target":["https:\/\/ipe.org.br\/en\/sustainable-landscapes-in-the-pantanal\/"]}]},{"@type":"ImageObject","inLanguage":"en-US","@id":"https:\/\/ipe.org.br\/en\/sustainable-landscapes-in-the-pantanal\/#primaryimage","url":"http:\/\/ipe.org.br\/images\/2021\/03\/Foto-aves-e-gado-Pantanal-Paisagens-Sustentaveis-1024x730.jpg","contentUrl":"http:\/\/ipe.org.br\/images\/2021\/03\/Foto-aves-e-gado-Pantanal-Paisagens-Sustentaveis-1024x730.jpg"},{"@type":"BreadcrumbList","@id":"https:\/\/ipe.org.br\/en\/sustainable-landscapes-in-the-pantanal\/#breadcrumb","itemListElement":[{"@type":"ListItem","position":1,"name":"In\u00edcio","item":"https:\/\/ipe.org.br\/en\/home-2\/"},{"@type":"ListItem","position":2,"name":"Sustainable Landscapes in the Pantanal"}]},{"@type":"WebSite","@id":"https:\/\/ipe.org.br\/#website","url":"https:\/\/ipe.org.br\/","name":"IP\u00ca - Instituto de Pesquisas Ecol\u00f3gicas","description":"Pesquisa, Educa\u00e7\u00e3o e Neg\u00f3cios Sustent\u00e1veis para a conserva\u00e7\u00e3o da biodiversidade brasileira.","publisher":{"@id":"https:\/\/ipe.org.br\/#organization"},"potentialAction":[{"@type":"SearchAction","target":{"@type":"EntryPoint","urlTemplate":"https:\/\/ipe.org.br\/?s={search_term_string}"},"query-input":"required name=search_term_string"}],"inLanguage":"en-US"},{"@type":"Organization","@id":"https:\/\/ipe.org.br\/#organization","name":"IP\u00ca - Instituto te Pesquisas Ecol\u00f3gicas","alternateName":"IP\u00ca - Instituto te Pesquisas Ecol\u00f3gicas","url":"https:\/\/ipe.org.br\/","logo":{"@type":"ImageObject","inLanguage":"en-US","@id":"https:\/\/ipe.org.br\/#\/schema\/logo\/image\/","url":"https:\/\/ipe.org.br\/images\/2022\/12\/cropped-logo-ipe2.jpg","contentUrl":"https:\/\/ipe.org.br\/images\/2022\/12\/cropped-logo-ipe2.jpg","width":900,"height":900,"caption":"IP\u00ca - Instituto te Pesquisas Ecol\u00f3gicas"},"image":{"@id":"https:\/\/ipe.org.br\/#\/schema\/logo\/image\/"},"sameAs":["https:\/\/www.facebook.com\/ipe.instituto.pesquisas.ecologicas","https:\/\/x.com\/InstitutoIPE","https:\/\/www.instagram.com\/institutoipe\/","https:\/\/www.linkedin.com\/company\/ip---instituto-de-pesquisas-ecolgicas","https:\/\/www.youtube.com\/channel\/UCxsLeAueuL-eMIJy6qif9_g\/videos"]}]}},"_links":{"self":[{"href":"https:\/\/ipe.org.br\/en\/wp-json\/wp\/v2\/pages\/13998","targetHints":{"allow":["GET"]}}],"collection":[{"href":"https:\/\/ipe.org.br\/en\/wp-json\/wp\/v2\/pages"}],"about":[{"href":"https:\/\/ipe.org.br\/en\/wp-json\/wp\/v2\/types\/page"}],"author":[{"embeddable":true,"href":"https:\/\/ipe.org.br\/en\/wp-json\/wp\/v2\/users\/1"}],"replies":[{"embeddable":true,"href":"https:\/\/ipe.org.br\/en\/wp-json\/wp\/v2\/comments?post=13998"}],"version-history":[{"count":5,"href":"https:\/\/ipe.org.br\/en\/wp-json\/wp\/v2\/pages\/13998\/revisions"}],"predecessor-version":[{"id":14004,"href":"https:\/\/ipe.org.br\/en\/wp-json\/wp\/v2\/pages\/13998\/revisions\/14004"}],"wp:attachment":[{"href":"https:\/\/ipe.org.br\/en\/wp-json\/wp\/v2\/media?parent=13998"}],"curies":[{"name":"wp","href":"https:\/\/api.w.org\/{rel}","templated":true}]}}