{"id":13990,"date":"2022-12-30T10:08:35","date_gmt":"2022-12-30T13:08:35","guid":{"rendered":"https:\/\/ipe.org.br\/antas-urbanas-project-incab-ipe\/"},"modified":"2023-12-19T17:50:10","modified_gmt":"2023-12-19T20:50:10","slug":"antas-urbanas-project-incab-ipe","status":"publish","type":"page","link":"https:\/\/ipe.org.br\/en\/antas-urbanas-project-incab-ipe\/","title":{"rendered":"Antas Urbanas Project &#8211; INCAB\/IP\u00ca"},"content":{"rendered":"\t\t<div data-elementor-type=\"wp-page\" data-elementor-id=\"13990\" class=\"elementor elementor-13990 elementor-7277\" data-elementor-post-type=\"page\">\n\t\t\t\t\t\t<section class=\"has_ma_el_bg_slider elementor-section elementor-top-section elementor-element elementor-element-838b51b elementor-section-height-min-height elementor-section-boxed elementor-section-height-default elementor-section-items-middle\" data-id=\"838b51b\" data-element_type=\"section\" data-settings=\"{&quot;background_background&quot;:&quot;classic&quot;}\">\n\t\t\t\t\t\t\t<div class=\"elementor-background-overlay\"><\/div>\n\t\t\t\t\t\t\t<div class=\"elementor-container elementor-column-gap-default\">\n\t\t\t\t\t<div class=\"has_ma_el_bg_slider elementor-column elementor-col-100 elementor-top-column elementor-element elementor-element-a551f5d jltma-glass-effect-no\" data-id=\"a551f5d\" data-element_type=\"column\">\n\t\t\t<div class=\"elementor-widget-wrap elementor-element-populated\">\n\t\t\t\t\t\t<div class=\"elementor-element elementor-element-73e172a jltma-glass-effect-no elementor-invisible elementor-widget elementor-widget-heading\" data-id=\"73e172a\" data-element_type=\"widget\" data-settings=\"{&quot;_animation&quot;:&quot;fadeIn&quot;}\" data-widget_type=\"heading.default\">\n\t\t\t\t<div class=\"elementor-widget-container\">\n\t\t\t<h1 class=\"elementor-heading-title elementor-size-default\">Antas Urbanas Project - INCAB\/IP\u00ca<\/h1>\t\t<\/div>\n\t\t\t\t<\/div>\n\t\t\t\t<div class=\"elementor-element elementor-element-929d681 jltma-glass-effect-no elementor-invisible elementor-widget elementor-widget-heading\" data-id=\"929d681\" data-element_type=\"widget\" data-settings=\"{&quot;_animation&quot;:&quot;fadeIn&quot;}\" data-widget_type=\"heading.default\">\n\t\t\t\t<div class=\"elementor-widget-container\">\n\t\t\t<h1 class=\"elementor-heading-title elementor-size-default\"><a href=\"https:\/\/ipe.org.br\/?page_id=7191\">Pantanal and Cerrado<\/a><\/h1>\t\t<\/div>\n\t\t\t\t<\/div>\n\t\t\t\t\t<\/div>\n\t\t<\/div>\n\t\t\t\t\t<\/div>\n\t\t<\/section>\n\t\t\t\t<section class=\"has_ma_el_bg_slider elementor-section elementor-top-section elementor-element elementor-element-f5fc10e elementor-section-height-min-height elementor-section-boxed elementor-section-height-default elementor-section-items-middle jltma-glass-effect-no\" data-id=\"f5fc10e\" data-element_type=\"section\" data-settings=\"{&quot;background_background&quot;:&quot;classic&quot;}\">\n\t\t\t\t\t\t<div class=\"elementor-container elementor-column-gap-default\">\n\t\t\t\t\t<div class=\"has_ma_el_bg_slider elementor-column elementor-col-100 elementor-top-column elementor-element elementor-element-4c94a3f jltma-glass-effect-no\" data-id=\"4c94a3f\" data-element_type=\"column\">\n\t\t\t<div class=\"elementor-widget-wrap elementor-element-populated\">\n\t\t\t\t\t\t<div class=\"elementor-element elementor-element-ed2bd26 jltma-glass-effect-no elementor-widget elementor-widget-image\" data-id=\"ed2bd26\" data-element_type=\"widget\" data-widget_type=\"image.default\">\n\t\t\t\t<div class=\"elementor-widget-container\">\n\t\t\t\t\t\t\t\t\t\t\t\t\t<img fetchpriority=\"high\" decoding=\"async\" width=\"1024\" height=\"599\" src=\"https:\/\/ipe.org.br\/images\/2021\/03\/AntasUrbanas3-1024x599.jpg\" class=\"attachment-large size-large wp-image-4299\" alt=\"\" srcset=\"https:\/\/ipe.org.br\/images\/2021\/03\/AntasUrbanas3-1024x599.jpg 1024w, https:\/\/ipe.org.br\/images\/2021\/03\/AntasUrbanas3-300x176.jpg 300w, https:\/\/ipe.org.br\/images\/2021\/03\/AntasUrbanas3-768x449.jpg 768w, https:\/\/ipe.org.br\/images\/2021\/03\/AntasUrbanas3.jpg 1280w\" sizes=\"(max-width: 1024px) 100vw, 1024px\" \/>\t\t\t\t\t\t\t\t\t\t\t\t\t<\/div>\n\t\t\t\t<\/div>\n\t\t\t\t<div class=\"elementor-element elementor-element-4ae83be jltma-glass-effect-no elementor-invisible elementor-widget elementor-widget-text-editor\" data-id=\"4ae83be\" data-element_type=\"widget\" data-settings=\"{&quot;_animation&quot;:&quot;fadeIn&quot;}\" data-widget_type=\"text-editor.default\">\n\t\t\t\t<div class=\"elementor-widget-container\">\n\t\t\t\t\t\t\t<p><style>\na{color:#34a853}<br\/><\/style>Given the large number of records of tapirs within the urban perimeter of Campo Grande, capital of the state of Mato Grosso do Sul, this research of INCAB&#8217;s Urban Tapir Project arises with the objective of monitoring the animals that frequent the city and evaluating the impact of potential anthropic threats to the species.<\/p><p>Considering the lack of information on these animals in urban areas, this study will be important for assessing the health status of tapirs and their spatial ecology in a highly anthropized environment. Monitoring the individuals captured will make it possible to draw up maps of areas of use, as well as carry out a population modeling process, with the aim of developing and implementing conservation strategies for the species, which will be essential for the long-term viability of this possible population.<\/p><p>In an effort to involve the city&#8217;s residents and encourage citizen science, a database of tapir sightings was created based on information provided by the population. With this data, the researchers intend to identify the locations most frequently used by the animals. During the month of March 2021, the INCAB-IP\u00ca team carried out its first &#8216;field&#8217; expedition around the city to reconnoiter the existing green areas, particularly those where tapirs have already been spotted.<\/p><p>A form was also developed to collect as much information as possible about each sighting. Anyone who has spotted a tapir in the city can access this online form via the LINK below and include all the details in a few minutes. This information will be taken into account when defining capture sites.<\/p><p><strong>If you have ever seen a tapir roaming the streets of Campo Grande or know someone who has any information, please contact the team&#8217;s biologist, Felipe Fantacini, by phone\/Whatsapp (67) 9-9337-0799 or via e-mail at <a href=\"mailto:fantacini@ipe.org.br.\" data-itemid=\"101\">fantacini@ipe.org.br<\/a>.<\/strong><\/p><p>Please spread the word about INCAB\/IP\u00ca&#8217;s new work front, your help is very important!<\/p>\t\t\t\t\t\t<\/div>\n\t\t\t\t<\/div>\n\t\t\t\t\t<\/div>\n\t\t<\/div>\n\t\t\t\t\t<\/div>\n\t\t<\/section>\n\t\t\t\t<\/div>\n\t\t","protected":false},"excerpt":{"rendered":"<p>Antas Urbanas Project &#8211; INCAB\/IP\u00ca Pantanal and Cerrado Given the large number of records of tapirs within the urban perimeter of Campo Grande, capital of the state of Mato Grosso do Sul, this research of INCAB&#8217;s Urban Tapir Project arises with the objective of monitoring the animals that frequent the city and evaluating the impact &#8230; <a title=\"Antas Urbanas Project &#8211; INCAB\/IP\u00ca\" class=\"read-more\" href=\"https:\/\/ipe.org.br\/en\/antas-urbanas-project-incab-ipe\/\" aria-label=\"Read more about Antas Urbanas Project &#8211; INCAB\/IP\u00ca\">Read more<\/a><\/p>\n","protected":false},"author":1,"featured_media":0,"parent":0,"menu_order":0,"comment_status":"closed","ping_status":"closed","template":"elementor_header_footer","meta":{"_acf_changed":false,"footnotes":""},"class_list":["post-13990","page","type-page","status-publish"],"acf":[],"yoast_head":"<!-- This site is optimized with the Yoast SEO plugin v23.0 - https:\/\/yoast.com\/wordpress\/plugins\/seo\/ -->\n<title>Antas Urbanas Project - INCAB\/IP\u00ca - IP\u00ca - Instituto de Pesquisas Ecol\u00f3gicas<\/title>\n<meta name=\"robots\" content=\"index, follow, max-snippet:-1, max-image-preview:large, max-video-preview:-1\" \/>\n<link rel=\"canonical\" href=\"https:\/\/ipe.org.br\/en\/antas-urbanas-project-incab-ipe\/\" \/>\n<meta property=\"og:locale\" content=\"en_US\" \/>\n<meta property=\"og:type\" content=\"article\" \/>\n<meta property=\"og:title\" content=\"Antas Urbanas Project - INCAB\/IP\u00ca - IP\u00ca - Instituto de Pesquisas Ecol\u00f3gicas\" \/>\n<meta property=\"og:description\" content=\"Antas Urbanas Project &#8211; INCAB\/IP\u00ca Pantanal and Cerrado Given the large number of records of tapirs within the urban perimeter of Campo Grande, capital of the state of Mato Grosso do Sul, this research of INCAB&#8217;s Urban Tapir Project arises with the objective of monitoring the animals that frequent the city and evaluating the impact ... Read more\" \/>\n<meta property=\"og:url\" content=\"https:\/\/ipe.org.br\/en\/antas-urbanas-project-incab-ipe\/\" \/>\n<meta property=\"og:site_name\" content=\"IP\u00ca - Instituto de Pesquisas Ecol\u00f3gicas\" \/>\n<meta property=\"article:publisher\" content=\"https:\/\/www.facebook.com\/ipe.instituto.pesquisas.ecologicas\" \/>\n<meta property=\"article:modified_time\" content=\"2023-12-19T20:50:10+00:00\" \/>\n<meta property=\"og:image\" content=\"http:\/\/ipe.org.br\/images\/2021\/03\/AntasUrbanas3-1024x599.jpg\" \/>\n<meta name=\"twitter:card\" content=\"summary_large_image\" \/>\n<meta name=\"twitter:site\" content=\"@InstitutoIPE\" \/>\n<meta name=\"twitter:label1\" content=\"Est. reading time\" \/>\n\t<meta name=\"twitter:data1\" content=\"2 minutes\" \/>\n<script type=\"application\/ld+json\" class=\"yoast-schema-graph\">{\"@context\":\"https:\/\/schema.org\",\"@graph\":[{\"@type\":\"WebPage\",\"@id\":\"https:\/\/ipe.org.br\/en\/antas-urbanas-project-incab-ipe\/\",\"url\":\"https:\/\/ipe.org.br\/en\/antas-urbanas-project-incab-ipe\/\",\"name\":\"Antas Urbanas Project - INCAB\/IP\u00ca - IP\u00ca - Instituto de Pesquisas Ecol\u00f3gicas\",\"isPartOf\":{\"@id\":\"https:\/\/ipe.org.br\/#website\"},\"primaryImageOfPage\":{\"@id\":\"https:\/\/ipe.org.br\/en\/antas-urbanas-project-incab-ipe\/#primaryimage\"},\"image\":{\"@id\":\"https:\/\/ipe.org.br\/en\/antas-urbanas-project-incab-ipe\/#primaryimage\"},\"thumbnailUrl\":\"http:\/\/ipe.org.br\/images\/2021\/03\/AntasUrbanas3-1024x599.jpg\",\"datePublished\":\"2022-12-30T13:08:35+00:00\",\"dateModified\":\"2023-12-19T20:50:10+00:00\",\"breadcrumb\":{\"@id\":\"https:\/\/ipe.org.br\/en\/antas-urbanas-project-incab-ipe\/#breadcrumb\"},\"inLanguage\":\"en-US\",\"potentialAction\":[{\"@type\":\"ReadAction\",\"target\":[\"https:\/\/ipe.org.br\/en\/antas-urbanas-project-incab-ipe\/\"]}]},{\"@type\":\"ImageObject\",\"inLanguage\":\"en-US\",\"@id\":\"https:\/\/ipe.org.br\/en\/antas-urbanas-project-incab-ipe\/#primaryimage\",\"url\":\"http:\/\/ipe.org.br\/images\/2021\/03\/AntasUrbanas3-1024x599.jpg\",\"contentUrl\":\"http:\/\/ipe.org.br\/images\/2021\/03\/AntasUrbanas3-1024x599.jpg\"},{\"@type\":\"BreadcrumbList\",\"@id\":\"https:\/\/ipe.org.br\/en\/antas-urbanas-project-incab-ipe\/#breadcrumb\",\"itemListElement\":[{\"@type\":\"ListItem\",\"position\":1,\"name\":\"In\u00edcio\",\"item\":\"https:\/\/ipe.org.br\/en\/home-2\/\"},{\"@type\":\"ListItem\",\"position\":2,\"name\":\"Antas Urbanas Project &#8211; INCAB\/IP\u00ca\"}]},{\"@type\":\"WebSite\",\"@id\":\"https:\/\/ipe.org.br\/#website\",\"url\":\"https:\/\/ipe.org.br\/\",\"name\":\"IP\u00ca - Instituto de Pesquisas Ecol\u00f3gicas\",\"description\":\"Pesquisa, Educa\u00e7\u00e3o e Neg\u00f3cios Sustent\u00e1veis para a conserva\u00e7\u00e3o da biodiversidade brasileira.\",\"publisher\":{\"@id\":\"https:\/\/ipe.org.br\/#organization\"},\"potentialAction\":[{\"@type\":\"SearchAction\",\"target\":{\"@type\":\"EntryPoint\",\"urlTemplate\":\"https:\/\/ipe.org.br\/?s={search_term_string}\"},\"query-input\":\"required name=search_term_string\"}],\"inLanguage\":\"en-US\"},{\"@type\":\"Organization\",\"@id\":\"https:\/\/ipe.org.br\/#organization\",\"name\":\"IP\u00ca - Instituto te Pesquisas Ecol\u00f3gicas\",\"alternateName\":\"IP\u00ca - Instituto te Pesquisas Ecol\u00f3gicas\",\"url\":\"https:\/\/ipe.org.br\/\",\"logo\":{\"@type\":\"ImageObject\",\"inLanguage\":\"en-US\",\"@id\":\"https:\/\/ipe.org.br\/#\/schema\/logo\/image\/\",\"url\":\"https:\/\/ipe.org.br\/images\/2022\/12\/cropped-logo-ipe2.jpg\",\"contentUrl\":\"https:\/\/ipe.org.br\/images\/2022\/12\/cropped-logo-ipe2.jpg\",\"width\":900,\"height\":900,\"caption\":\"IP\u00ca - Instituto te Pesquisas Ecol\u00f3gicas\"},\"image\":{\"@id\":\"https:\/\/ipe.org.br\/#\/schema\/logo\/image\/\"},\"sameAs\":[\"https:\/\/www.facebook.com\/ipe.instituto.pesquisas.ecologicas\",\"https:\/\/x.com\/InstitutoIPE\",\"https:\/\/www.instagram.com\/institutoipe\/\",\"https:\/\/www.linkedin.com\/company\/ip---instituto-de-pesquisas-ecolgicas\",\"https:\/\/www.youtube.com\/channel\/UCxsLeAueuL-eMIJy6qif9_g\/videos\"]}]}<\/script>\n<!-- \/ Yoast SEO plugin. -->","yoast_head_json":{"title":"Antas Urbanas Project - INCAB\/IP\u00ca - IP\u00ca - Instituto de Pesquisas Ecol\u00f3gicas","robots":{"index":"index","follow":"follow","max-snippet":"max-snippet:-1","max-image-preview":"max-image-preview:large","max-video-preview":"max-video-preview:-1"},"canonical":"https:\/\/ipe.org.br\/en\/antas-urbanas-project-incab-ipe\/","og_locale":"en_US","og_type":"article","og_title":"Antas Urbanas Project - INCAB\/IP\u00ca - IP\u00ca - Instituto de Pesquisas Ecol\u00f3gicas","og_description":"Antas Urbanas Project &#8211; INCAB\/IP\u00ca Pantanal and Cerrado Given the large number of records of tapirs within the urban perimeter of Campo Grande, capital of the state of Mato Grosso do Sul, this research of INCAB&#8217;s Urban Tapir Project arises with the objective of monitoring the animals that frequent the city and evaluating the impact ... Read more","og_url":"https:\/\/ipe.org.br\/en\/antas-urbanas-project-incab-ipe\/","og_site_name":"IP\u00ca - Instituto de Pesquisas Ecol\u00f3gicas","article_publisher":"https:\/\/www.facebook.com\/ipe.instituto.pesquisas.ecologicas","article_modified_time":"2023-12-19T20:50:10+00:00","og_image":[{"url":"http:\/\/ipe.org.br\/images\/2021\/03\/AntasUrbanas3-1024x599.jpg"}],"twitter_card":"summary_large_image","twitter_site":"@InstitutoIPE","twitter_misc":{"Est. reading time":"2 minutes"},"schema":{"@context":"https:\/\/schema.org","@graph":[{"@type":"WebPage","@id":"https:\/\/ipe.org.br\/en\/antas-urbanas-project-incab-ipe\/","url":"https:\/\/ipe.org.br\/en\/antas-urbanas-project-incab-ipe\/","name":"Antas Urbanas Project - INCAB\/IP\u00ca - IP\u00ca - Instituto de Pesquisas Ecol\u00f3gicas","isPartOf":{"@id":"https:\/\/ipe.org.br\/#website"},"primaryImageOfPage":{"@id":"https:\/\/ipe.org.br\/en\/antas-urbanas-project-incab-ipe\/#primaryimage"},"image":{"@id":"https:\/\/ipe.org.br\/en\/antas-urbanas-project-incab-ipe\/#primaryimage"},"thumbnailUrl":"http:\/\/ipe.org.br\/images\/2021\/03\/AntasUrbanas3-1024x599.jpg","datePublished":"2022-12-30T13:08:35+00:00","dateModified":"2023-12-19T20:50:10+00:00","breadcrumb":{"@id":"https:\/\/ipe.org.br\/en\/antas-urbanas-project-incab-ipe\/#breadcrumb"},"inLanguage":"en-US","potentialAction":[{"@type":"ReadAction","target":["https:\/\/ipe.org.br\/en\/antas-urbanas-project-incab-ipe\/"]}]},{"@type":"ImageObject","inLanguage":"en-US","@id":"https:\/\/ipe.org.br\/en\/antas-urbanas-project-incab-ipe\/#primaryimage","url":"http:\/\/ipe.org.br\/images\/2021\/03\/AntasUrbanas3-1024x599.jpg","contentUrl":"http:\/\/ipe.org.br\/images\/2021\/03\/AntasUrbanas3-1024x599.jpg"},{"@type":"BreadcrumbList","@id":"https:\/\/ipe.org.br\/en\/antas-urbanas-project-incab-ipe\/#breadcrumb","itemListElement":[{"@type":"ListItem","position":1,"name":"In\u00edcio","item":"https:\/\/ipe.org.br\/en\/home-2\/"},{"@type":"ListItem","position":2,"name":"Antas Urbanas Project &#8211; INCAB\/IP\u00ca"}]},{"@type":"WebSite","@id":"https:\/\/ipe.org.br\/#website","url":"https:\/\/ipe.org.br\/","name":"IP\u00ca - Instituto de Pesquisas Ecol\u00f3gicas","description":"Pesquisa, Educa\u00e7\u00e3o e Neg\u00f3cios Sustent\u00e1veis para a conserva\u00e7\u00e3o da biodiversidade brasileira.","publisher":{"@id":"https:\/\/ipe.org.br\/#organization"},"potentialAction":[{"@type":"SearchAction","target":{"@type":"EntryPoint","urlTemplate":"https:\/\/ipe.org.br\/?s={search_term_string}"},"query-input":"required name=search_term_string"}],"inLanguage":"en-US"},{"@type":"Organization","@id":"https:\/\/ipe.org.br\/#organization","name":"IP\u00ca - Instituto te Pesquisas Ecol\u00f3gicas","alternateName":"IP\u00ca - Instituto te Pesquisas Ecol\u00f3gicas","url":"https:\/\/ipe.org.br\/","logo":{"@type":"ImageObject","inLanguage":"en-US","@id":"https:\/\/ipe.org.br\/#\/schema\/logo\/image\/","url":"https:\/\/ipe.org.br\/images\/2022\/12\/cropped-logo-ipe2.jpg","contentUrl":"https:\/\/ipe.org.br\/images\/2022\/12\/cropped-logo-ipe2.jpg","width":900,"height":900,"caption":"IP\u00ca - Instituto te Pesquisas Ecol\u00f3gicas"},"image":{"@id":"https:\/\/ipe.org.br\/#\/schema\/logo\/image\/"},"sameAs":["https:\/\/www.facebook.com\/ipe.instituto.pesquisas.ecologicas","https:\/\/x.com\/InstitutoIPE","https:\/\/www.instagram.com\/institutoipe\/","https:\/\/www.linkedin.com\/company\/ip---instituto-de-pesquisas-ecolgicas","https:\/\/www.youtube.com\/channel\/UCxsLeAueuL-eMIJy6qif9_g\/videos"]}]}},"_links":{"self":[{"href":"https:\/\/ipe.org.br\/en\/wp-json\/wp\/v2\/pages\/13990","targetHints":{"allow":["GET"]}}],"collection":[{"href":"https:\/\/ipe.org.br\/en\/wp-json\/wp\/v2\/pages"}],"about":[{"href":"https:\/\/ipe.org.br\/en\/wp-json\/wp\/v2\/types\/page"}],"author":[{"embeddable":true,"href":"https:\/\/ipe.org.br\/en\/wp-json\/wp\/v2\/users\/1"}],"replies":[{"embeddable":true,"href":"https:\/\/ipe.org.br\/en\/wp-json\/wp\/v2\/comments?post=13990"}],"version-history":[{"count":2,"href":"https:\/\/ipe.org.br\/en\/wp-json\/wp\/v2\/pages\/13990\/revisions"}],"predecessor-version":[{"id":13993,"href":"https:\/\/ipe.org.br\/en\/wp-json\/wp\/v2\/pages\/13990\/revisions\/13993"}],"wp:attachment":[{"href":"https:\/\/ipe.org.br\/en\/wp-json\/wp\/v2\/media?parent=13990"}],"curies":[{"name":"wp","href":"https:\/\/api.w.org\/{rel}","templated":true}]}}