{"id":13934,"date":"2022-12-30T09:39:00","date_gmt":"2022-12-30T12:39:00","guid":{"rendered":"https:\/\/ipe.org.br\/ecosystem-services\/"},"modified":"2023-12-19T17:35:57","modified_gmt":"2023-12-19T20:35:57","slug":"ecosystem-services","status":"publish","type":"page","link":"https:\/\/ipe.org.br\/en\/ecosystem-services\/","title":{"rendered":"Ecosystem Services"},"content":{"rendered":"\t\t<div data-elementor-type=\"wp-page\" data-elementor-id=\"13934\" class=\"elementor elementor-13934 elementor-7183\" data-elementor-post-type=\"page\">\n\t\t\t\t\t\t<section class=\"has_ma_el_bg_slider elementor-section elementor-top-section elementor-element elementor-element-838b51b elementor-section-height-min-height elementor-section-boxed elementor-section-height-default elementor-section-items-middle\" data-id=\"838b51b\" data-element_type=\"section\" data-settings=\"{&quot;background_background&quot;:&quot;classic&quot;}\">\n\t\t\t\t\t\t\t<div class=\"elementor-background-overlay\"><\/div>\n\t\t\t\t\t\t\t<div class=\"elementor-container elementor-column-gap-default\">\n\t\t\t\t\t<div class=\"has_ma_el_bg_slider elementor-column elementor-col-100 elementor-top-column elementor-element elementor-element-a551f5d jltma-glass-effect-no\" data-id=\"a551f5d\" data-element_type=\"column\">\n\t\t\t<div class=\"elementor-widget-wrap elementor-element-populated\">\n\t\t\t\t\t\t<div class=\"elementor-element elementor-element-73e172a jltma-glass-effect-no elementor-invisible elementor-widget elementor-widget-heading\" data-id=\"73e172a\" data-element_type=\"widget\" data-settings=\"{&quot;_animation&quot;:&quot;fadeIn&quot;}\" data-widget_type=\"heading.default\">\n\t\t\t\t<div class=\"elementor-widget-container\">\n\t\t\t<h1 class=\"elementor-heading-title elementor-size-default\">Ecosystem Services<\/h1>\t\t<\/div>\n\t\t\t\t<\/div>\n\t\t\t\t<div class=\"elementor-element elementor-element-929d681 jltma-glass-effect-no elementor-invisible elementor-widget elementor-widget-heading\" data-id=\"929d681\" data-element_type=\"widget\" data-settings=\"{&quot;_animation&quot;:&quot;fadeIn&quot;}\" data-widget_type=\"heading.default\">\n\t\t\t\t<div class=\"elementor-widget-container\">\n\t\t\t<h1 class=\"elementor-heading-title elementor-size-default\"><a href=\"https:\/\/ipe.org.br\/?page_id=7084\">Nazar\u00e9 Paulista<\/a><\/h1>\t\t<\/div>\n\t\t\t\t<\/div>\n\t\t\t\t\t<\/div>\n\t\t<\/div>\n\t\t\t\t\t<\/div>\n\t\t<\/section>\n\t\t\t\t<section class=\"has_ma_el_bg_slider elementor-section elementor-top-section elementor-element elementor-element-f5fc10e elementor-section-height-min-height elementor-section-boxed elementor-section-height-default elementor-section-items-middle jltma-glass-effect-no\" data-id=\"f5fc10e\" data-element_type=\"section\" data-settings=\"{&quot;background_background&quot;:&quot;classic&quot;}\">\n\t\t\t\t\t\t<div class=\"elementor-container elementor-column-gap-default\">\n\t\t\t\t\t<div class=\"has_ma_el_bg_slider elementor-column elementor-col-100 elementor-top-column elementor-element elementor-element-4c94a3f jltma-glass-effect-no\" data-id=\"4c94a3f\" data-element_type=\"column\">\n\t\t\t<div class=\"elementor-widget-wrap elementor-element-populated\">\n\t\t\t\t\t\t<div class=\"elementor-element elementor-element-ed2bd26 jltma-glass-effect-no elementor-widget elementor-widget-image\" data-id=\"ed2bd26\" data-element_type=\"widget\" data-widget_type=\"image.default\">\n\t\t\t\t<div class=\"elementor-widget-container\">\n\t\t\t\t\t\t\t\t\t\t\t\t\t<img fetchpriority=\"high\" decoding=\"async\" width=\"800\" height=\"532\" src=\"https:\/\/ipe.org.br\/images\/2013\/06\/nazare-servicos.jpg\" class=\"attachment-large size-large wp-image-2428\" alt=\"\" srcset=\"https:\/\/ipe.org.br\/images\/2013\/06\/nazare-servicos.jpg 800w, https:\/\/ipe.org.br\/images\/2013\/06\/nazare-servicos-300x200.jpg 300w, https:\/\/ipe.org.br\/images\/2013\/06\/nazare-servicos-768x511.jpg 768w\" sizes=\"(max-width: 800px) 100vw, 800px\" \/>\t\t\t\t\t\t\t\t\t\t\t\t\t<\/div>\n\t\t\t\t<\/div>\n\t\t\t\t<div class=\"elementor-element elementor-element-4ae83be jltma-glass-effect-no elementor-invisible elementor-widget elementor-widget-text-editor\" data-id=\"4ae83be\" data-element_type=\"widget\" data-settings=\"{&quot;_animation&quot;:&quot;fadeIn&quot;}\" data-widget_type=\"text-editor.default\">\n\t\t\t\t<div class=\"elementor-widget-container\">\n\t\t\t\t\t\t\t<p><style>\na{color:#34a853}<br\/><\/style>IP\u00ca develops a work of evaluation and valuation of the ecosystem services in the regions covered by the Cantareira System, including the city of Nazar\u00e9 Paulista. The objective is to gather information to propose methodologies for the spatialization and economic valuation of the ecosystem services identified within this region, related to the forms of land use and occupation and rural development.<\/p><p>Natural ecosystems are responsible for various benefits that guarantee the conditions and processes for life and that, directly or indirectly, contribute to human survival and well-being, such as climate and water regulation, biodiversity conservation, soil fertility and nutrient cycling, pollination, scenic beauty and others.  <\/p><p>In recent decades, the pressure of economic activities on natural ecosystems is compromising the natural capacity of ecosystems to provide these services. Thus, we have seen the birth of a series of voluntary initiatives by people and institutions interested in the conservation of Ecosystem Services. These actions should be economically incentivized so that they become an important part of a larger strategy to conserve Brazil&#8217;s natural resources. PES mechanisms are part of this strategy, as they provide economic incentives for voluntary actions to conserve these services.<\/p><p>The purpose of this working group is to gather information to support the formulation of public policies and to provide a basis for projects related to payment for environmental services. The actions are carried out in an integrated manner with local communities, seeking to find common paths that lead to sustainable rural development.<\/p>\t\t\t\t\t\t<\/div>\n\t\t\t\t<\/div>\n\t\t\t\t\t<\/div>\n\t\t<\/div>\n\t\t\t\t\t<\/div>\n\t\t<\/section>\n\t\t\t\t<section class=\"has_ma_el_bg_slider elementor-section elementor-top-section elementor-element elementor-element-992f767 elementor-section-height-min-height elementor-section-boxed elementor-section-height-default elementor-section-items-middle jltma-glass-effect-no\" data-id=\"992f767\" data-element_type=\"section\" data-settings=\"{&quot;background_background&quot;:&quot;classic&quot;}\">\n\t\t\t\t\t\t<div class=\"elementor-container elementor-column-gap-default\">\n\t\t\t\t\t<div class=\"has_ma_el_bg_slider elementor-column elementor-col-100 elementor-top-column elementor-element elementor-element-4228793 jltma-glass-effect-no\" data-id=\"4228793\" data-element_type=\"column\">\n\t\t\t<div class=\"elementor-widget-wrap elementor-element-populated\">\n\t\t\t\t\t\t<div class=\"elementor-element elementor-element-ba1676c jltma-glass-effect-no elementor-widget elementor-widget-ma-advanced-accordion\" data-id=\"ba1676c\" data-element_type=\"widget\" data-settings=\"{&quot;accordion_type&quot;:&quot;accordion&quot;,&quot;toggle_speed&quot;:300}\" data-widget_type=\"ma-advanced-accordion.default\">\n\t\t\t\t<div class=\"elementor-widget-container\">\n\t\t\t\n\t\t<div class=\"jltma-advanced-accordion\" id=\"jltma-advanced-accordion-ba1676c\" data-accordion-id=\"ba1676c\" data-accordion-id=\"ba1676c\">\n\t\t\t<div class=\"ma-accordion-wrap ma-accordion-icon-align- ma-accordion-ba1676c\">\n\n\t\t\t\t\n\t\t\t\t\t<div class=\"jltma-accordion-item elementor-repeater-item-895a332 \">\n\t\t\t\t\t\t<div id=\"jltma-accordion-tab-title-1951\" class=\"jltma-accordion-tab-title jltma-accordion-header\" tabindex=\"1951\" data-tab=\"1\" role=\"tab\" aria-controls=\"jltma-accordion-tab-content-1951\">\n\t\t\t\t\t\t\t<div class=\"jltma-accordion-title-icon\">\n\n\t\t\t\t\t\t\t\t\n\t\t\t\t\t\t\t\t<div class=\"jltma-accordion-title-text\">\n\t\t\t\t\t\t\t\t\tProjects\t\t\t\t\t\t\t\t<\/div>\n\t\t\t\t\t\t\t<\/div>\n\n\t\t\t\t\t\t\t\n\t\t\t\t\t\t<\/div>\n\n\t\t\t\t\t\t<div id=\"jltma-accordion-tab-content-1951\" class=\"jltma-accordion-tab-content\" data-tab=\"1\" role=\"tabpanel\" aria-labelledby=\"jltma-accordion-tab-title-1951\">\n\t\t\t\t\t\t\t<h3>1. Sowing Water Project: Payment for Environmental Services in the Cantareira-Mantiqueira Corridor<\/h3><p>Project with the objective of structuring a functional model for Payment for Environmental Services in the Cantareira System. To this end, ecological and economic aspects related to this type of policy are researched.<\/p><p>In ecological aspects, both the influence of different forest gradients on the quality and quantity of water supplied to the Cantareira System and the loss of soil in the different occupations that predominate in this region (pasture, eucalyptus and forest) are evaluated. In economic aspects, the opportunity cost of the main agricultural activities (dairy, cutting and eucalyptus) and the willingness to receive\/accept from rural owners to allocate part of their properties to reforestation are evaluated.<\/p><p>The project is financed by GIZ\/KFW with the support of the Brazilian Biodiversity Fund (FUNBIO)<\/p><p><img decoding=\"async\" class=\"img-responsive\" style=\"font-size: inherit;\" src=\"https:\/\/ipe.org.br\/images\/projetos\/nazare\/servicos-ecossistemicos-faixa_parceiros_AFCOF_II_2012.jpg\" alt=\"\" \/><\/p><h3>2. Emba\u00faba Project: Recovery of Degraded Areas in the Cantareira-Mantiqueira Corridor<\/h3><p>The project's main objective is to identify, based on landscape ecology criteria, the priority areas for the conservation of ecosystem services in the Cantareira System. IP\u00ca will also carry out an analysis of economic viability and ecological aspects (species diversity and forest connection) in several experiments to enrich areas undergoing natural regeneration in this same region.<\/p><p>The central idea is to contribute to public policy makers with strategies (economic and ecological) for the forest recovery of the Cantareira System and, with this, guarantee the provision of ecosystem services in this region.<\/p><p>The project is financed by the TFCA agreement (Tropical Forest Conservation Act) with support from the Brazilian Biodiversity Fund (FUNBIO)<\/p><p><img decoding=\"async\" src=\"https:\/\/ipe.org.br\/images\/projetos\/nazare\/servicos-ecossistemicos-TFCA-reghorCMYK.jpg\" alt=\"\" \/><\/p><h3>3. Consolidation of protocols for monitoring Payments for Ecosystem Services Projects<\/h3><p>The objective of this project is to evaluate, in technical, economic and operational terms, the best methodologies for monitoring and evaluating the economic, social and environmental impacts resulting from PES projects being developed in Brazil. To achieve this objective, we will review and systematize the main methodologies for monitoring ecosystem services that exist in Brazil and around the world. This work is carried out in partnership with ESCAS \u2013 Escola Superior de Conserva\u00e7\u00e3o Ambiental e Sustentabilidade. It is financed by the Ministry of the Environment (MMA).<\/p><h3>4. Working group for the revitalization of the Cantareira System Springs<\/h3><p>This work's main objective is to prepare a proposal for priority actions for the conservation of the Cantareira System's springs. The idea is to be able to influence the establishment of obligations to recover the sources of the Cantareira System during the negotiations for the renewal of the water concession, scheduled for 2014. This group has the participation of a series of research institutions, NGOs, city halls and social actors operating in the Cantareira System.<\/p>\t\t\t\t\t\t<\/div>\n\n\t\t\t\t\t<\/div>\n\t\t\t\t\n\t\t\t\t\t<div class=\"jltma-accordion-item elementor-repeater-item-b5ecba1 \">\n\t\t\t\t\t\t<div id=\"jltma-accordion-tab-title-1952\" class=\"jltma-accordion-tab-title jltma-accordion-header\" tabindex=\"1952\" data-tab=\"2\" role=\"tab\" aria-controls=\"jltma-accordion-tab-content-1952\">\n\t\t\t\t\t\t\t<div class=\"jltma-accordion-title-icon\">\n\n\t\t\t\t\t\t\t\t\n\t\t\t\t\t\t\t\t<div class=\"jltma-accordion-title-text\">\n\t\t\t\t\t\t\t\t\tTechnical Team\t\t\t\t\t\t\t\t<\/div>\n\t\t\t\t\t\t\t<\/div>\n\n\t\t\t\t\t\t\t\n\t\t\t\t\t\t<\/div>\n\n\t\t\t\t\t\t<div id=\"jltma-accordion-tab-content-1952\" class=\"jltma-accordion-tab-content\" data-tab=\"2\" role=\"tabpanel\" aria-labelledby=\"jltma-accordion-tab-title-1952\">\n\t\t\t\t\t\t\t<ul><li><strong>PhD. Alexandre Uezu<\/strong><br \/><em>Researcher<\/em><br \/>email:\u00a0aleuezu@ipe.org.br<\/li><li><strong>MsC. Oscar Sarcinelli<\/strong><br \/><em>Researcher<\/em><br \/>email:\u00a0oscar@ipe.org.br<\/li><\/ul>\t\t\t\t\t\t<\/div>\n\n\t\t\t\t\t<\/div>\n\t\t\t\t\n\t\t\t\t\t<div class=\"jltma-accordion-item elementor-repeater-item-52b5da7 \">\n\t\t\t\t\t\t<div id=\"jltma-accordion-tab-title-1953\" class=\"jltma-accordion-tab-title jltma-accordion-header\" tabindex=\"1953\" data-tab=\"3\" role=\"tab\" aria-controls=\"jltma-accordion-tab-content-1953\">\n\t\t\t\t\t\t\t<div class=\"jltma-accordion-title-icon\">\n\n\t\t\t\t\t\t\t\t\n\t\t\t\t\t\t\t\t<div class=\"jltma-accordion-title-text\">\n\t\t\t\t\t\t\t\t\tProject financiers\t\t\t\t\t\t\t\t<\/div>\n\t\t\t\t\t\t\t<\/div>\n\n\t\t\t\t\t\t\t\n\t\t\t\t\t\t<\/div>\n\n\t\t\t\t\t\t<div id=\"jltma-accordion-tab-content-1953\" class=\"jltma-accordion-tab-content\" data-tab=\"3\" role=\"tabpanel\" aria-labelledby=\"jltma-accordion-tab-title-1953\">\n\t\t\t\t\t\t\t<ul><li>FUNBIO\/GIZ: Brazilian Fund for Biodiversity<\/li><li>FEHIDRO: State Water Resources Fund<\/li><li>USAID \u2013 United States Agency for International Development<\/li><li>IFS \u2013 International Foundation for Science<\/li><li>Russell E. Train \u00a0Education for Nature Program\/ WWF<\/li><li>Whitley Fund for Nature<\/li><li>FNMA \u2013 National Environment Fund<\/li><li>Alcoa Foundation<\/li><\/ul>\t\t\t\t\t\t<\/div>\n\n\t\t\t\t\t<\/div>\n\t\t\t\t\t\t\t<\/div>\n\t\t<\/div>\n\t\t<\/div>\n\t\t\t\t<\/div>\n\t\t\t\t\t<\/div>\n\t\t<\/div>\n\t\t\t\t\t<\/div>\n\t\t<\/section>\n\t\t\t\t<\/div>\n\t\t","protected":false},"excerpt":{"rendered":"<p>Ecosystem Services Nazar\u00e9 Paulista IP\u00ca develops a work of evaluation and valuation of the ecosystem services in the regions covered by the Cantareira System, including the city of Nazar\u00e9 Paulista. The objective is to gather information to propose methodologies for the spatialization and economic valuation of the ecosystem services identified within this region, related to &#8230; <a title=\"Ecosystem Services\" class=\"read-more\" href=\"https:\/\/ipe.org.br\/en\/ecosystem-services\/\" aria-label=\"Read more about Ecosystem Services\">Read more<\/a><\/p>\n","protected":false},"author":1,"featured_media":0,"parent":0,"menu_order":0,"comment_status":"closed","ping_status":"closed","template":"elementor_header_footer","meta":{"_acf_changed":false,"footnotes":""},"class_list":["post-13934","page","type-page","status-publish"],"acf":[],"yoast_head":"<!-- This site is optimized with the Yoast SEO plugin v23.0 - https:\/\/yoast.com\/wordpress\/plugins\/seo\/ -->\n<title>Ecosystem Services - IP\u00ca - Instituto de Pesquisas Ecol\u00f3gicas<\/title>\n<meta name=\"robots\" content=\"index, follow, max-snippet:-1, max-image-preview:large, max-video-preview:-1\" \/>\n<link rel=\"canonical\" href=\"https:\/\/ipe.org.br\/en\/ecosystem-services\/\" \/>\n<meta property=\"og:locale\" content=\"en_US\" \/>\n<meta property=\"og:type\" content=\"article\" \/>\n<meta property=\"og:title\" content=\"Ecosystem Services - IP\u00ca - Instituto de Pesquisas Ecol\u00f3gicas\" \/>\n<meta property=\"og:description\" content=\"Ecosystem Services Nazar\u00e9 Paulista IP\u00ca develops a work of evaluation and valuation of the ecosystem services in the regions covered by the Cantareira System, including the city of Nazar\u00e9 Paulista. The objective is to gather information to propose methodologies for the spatialization and economic valuation of the ecosystem services identified within this region, related to ... Read more\" \/>\n<meta property=\"og:url\" content=\"https:\/\/ipe.org.br\/en\/ecosystem-services\/\" \/>\n<meta property=\"og:site_name\" content=\"IP\u00ca - Instituto de Pesquisas Ecol\u00f3gicas\" \/>\n<meta property=\"article:publisher\" content=\"https:\/\/www.facebook.com\/ipe.instituto.pesquisas.ecologicas\" \/>\n<meta property=\"article:modified_time\" content=\"2023-12-19T20:35:57+00:00\" \/>\n<meta property=\"og:image\" content=\"http:\/\/ipe.org.br\/images\/2013\/06\/nazare-servicos.jpg\" \/>\n<meta name=\"twitter:card\" content=\"summary_large_image\" \/>\n<meta name=\"twitter:site\" content=\"@InstitutoIPE\" \/>\n<meta name=\"twitter:label1\" content=\"Est. reading time\" \/>\n\t<meta name=\"twitter:data1\" content=\"4 minutes\" \/>\n<script type=\"application\/ld+json\" class=\"yoast-schema-graph\">{\"@context\":\"https:\/\/schema.org\",\"@graph\":[{\"@type\":\"WebPage\",\"@id\":\"https:\/\/ipe.org.br\/en\/ecosystem-services\/\",\"url\":\"https:\/\/ipe.org.br\/en\/ecosystem-services\/\",\"name\":\"Ecosystem Services - IP\u00ca - Instituto de Pesquisas Ecol\u00f3gicas\",\"isPartOf\":{\"@id\":\"https:\/\/ipe.org.br\/#website\"},\"primaryImageOfPage\":{\"@id\":\"https:\/\/ipe.org.br\/en\/ecosystem-services\/#primaryimage\"},\"image\":{\"@id\":\"https:\/\/ipe.org.br\/en\/ecosystem-services\/#primaryimage\"},\"thumbnailUrl\":\"http:\/\/ipe.org.br\/images\/2013\/06\/nazare-servicos.jpg\",\"datePublished\":\"2022-12-30T12:39:00+00:00\",\"dateModified\":\"2023-12-19T20:35:57+00:00\",\"breadcrumb\":{\"@id\":\"https:\/\/ipe.org.br\/en\/ecosystem-services\/#breadcrumb\"},\"inLanguage\":\"en-US\",\"potentialAction\":[{\"@type\":\"ReadAction\",\"target\":[\"https:\/\/ipe.org.br\/en\/ecosystem-services\/\"]}]},{\"@type\":\"ImageObject\",\"inLanguage\":\"en-US\",\"@id\":\"https:\/\/ipe.org.br\/en\/ecosystem-services\/#primaryimage\",\"url\":\"http:\/\/ipe.org.br\/images\/2013\/06\/nazare-servicos.jpg\",\"contentUrl\":\"http:\/\/ipe.org.br\/images\/2013\/06\/nazare-servicos.jpg\"},{\"@type\":\"BreadcrumbList\",\"@id\":\"https:\/\/ipe.org.br\/en\/ecosystem-services\/#breadcrumb\",\"itemListElement\":[{\"@type\":\"ListItem\",\"position\":1,\"name\":\"In\u00edcio\",\"item\":\"https:\/\/ipe.org.br\/en\/home-2\/\"},{\"@type\":\"ListItem\",\"position\":2,\"name\":\"Ecosystem Services\"}]},{\"@type\":\"WebSite\",\"@id\":\"https:\/\/ipe.org.br\/#website\",\"url\":\"https:\/\/ipe.org.br\/\",\"name\":\"IP\u00ca - Instituto de Pesquisas Ecol\u00f3gicas\",\"description\":\"Pesquisa, Educa\u00e7\u00e3o e Neg\u00f3cios Sustent\u00e1veis para a conserva\u00e7\u00e3o da biodiversidade brasileira.\",\"publisher\":{\"@id\":\"https:\/\/ipe.org.br\/#organization\"},\"potentialAction\":[{\"@type\":\"SearchAction\",\"target\":{\"@type\":\"EntryPoint\",\"urlTemplate\":\"https:\/\/ipe.org.br\/?s={search_term_string}\"},\"query-input\":\"required name=search_term_string\"}],\"inLanguage\":\"en-US\"},{\"@type\":\"Organization\",\"@id\":\"https:\/\/ipe.org.br\/#organization\",\"name\":\"IP\u00ca - Instituto te Pesquisas Ecol\u00f3gicas\",\"alternateName\":\"IP\u00ca - Instituto te Pesquisas Ecol\u00f3gicas\",\"url\":\"https:\/\/ipe.org.br\/\",\"logo\":{\"@type\":\"ImageObject\",\"inLanguage\":\"en-US\",\"@id\":\"https:\/\/ipe.org.br\/#\/schema\/logo\/image\/\",\"url\":\"https:\/\/ipe.org.br\/images\/2022\/12\/cropped-logo-ipe2.jpg\",\"contentUrl\":\"https:\/\/ipe.org.br\/images\/2022\/12\/cropped-logo-ipe2.jpg\",\"width\":900,\"height\":900,\"caption\":\"IP\u00ca - Instituto te Pesquisas Ecol\u00f3gicas\"},\"image\":{\"@id\":\"https:\/\/ipe.org.br\/#\/schema\/logo\/image\/\"},\"sameAs\":[\"https:\/\/www.facebook.com\/ipe.instituto.pesquisas.ecologicas\",\"https:\/\/x.com\/InstitutoIPE\",\"https:\/\/www.instagram.com\/institutoipe\/\",\"https:\/\/www.linkedin.com\/company\/ip---instituto-de-pesquisas-ecolgicas\",\"https:\/\/www.youtube.com\/channel\/UCxsLeAueuL-eMIJy6qif9_g\/videos\"]}]}<\/script>\n<!-- \/ Yoast SEO plugin. -->","yoast_head_json":{"title":"Ecosystem Services - IP\u00ca - Instituto de Pesquisas Ecol\u00f3gicas","robots":{"index":"index","follow":"follow","max-snippet":"max-snippet:-1","max-image-preview":"max-image-preview:large","max-video-preview":"max-video-preview:-1"},"canonical":"https:\/\/ipe.org.br\/en\/ecosystem-services\/","og_locale":"en_US","og_type":"article","og_title":"Ecosystem Services - IP\u00ca - Instituto de Pesquisas Ecol\u00f3gicas","og_description":"Ecosystem Services Nazar\u00e9 Paulista IP\u00ca develops a work of evaluation and valuation of the ecosystem services in the regions covered by the Cantareira System, including the city of Nazar\u00e9 Paulista. The objective is to gather information to propose methodologies for the spatialization and economic valuation of the ecosystem services identified within this region, related to ... Read more","og_url":"https:\/\/ipe.org.br\/en\/ecosystem-services\/","og_site_name":"IP\u00ca - Instituto de Pesquisas Ecol\u00f3gicas","article_publisher":"https:\/\/www.facebook.com\/ipe.instituto.pesquisas.ecologicas","article_modified_time":"2023-12-19T20:35:57+00:00","og_image":[{"url":"http:\/\/ipe.org.br\/images\/2013\/06\/nazare-servicos.jpg"}],"twitter_card":"summary_large_image","twitter_site":"@InstitutoIPE","twitter_misc":{"Est. reading time":"4 minutes"},"schema":{"@context":"https:\/\/schema.org","@graph":[{"@type":"WebPage","@id":"https:\/\/ipe.org.br\/en\/ecosystem-services\/","url":"https:\/\/ipe.org.br\/en\/ecosystem-services\/","name":"Ecosystem Services - IP\u00ca - Instituto de Pesquisas Ecol\u00f3gicas","isPartOf":{"@id":"https:\/\/ipe.org.br\/#website"},"primaryImageOfPage":{"@id":"https:\/\/ipe.org.br\/en\/ecosystem-services\/#primaryimage"},"image":{"@id":"https:\/\/ipe.org.br\/en\/ecosystem-services\/#primaryimage"},"thumbnailUrl":"http:\/\/ipe.org.br\/images\/2013\/06\/nazare-servicos.jpg","datePublished":"2022-12-30T12:39:00+00:00","dateModified":"2023-12-19T20:35:57+00:00","breadcrumb":{"@id":"https:\/\/ipe.org.br\/en\/ecosystem-services\/#breadcrumb"},"inLanguage":"en-US","potentialAction":[{"@type":"ReadAction","target":["https:\/\/ipe.org.br\/en\/ecosystem-services\/"]}]},{"@type":"ImageObject","inLanguage":"en-US","@id":"https:\/\/ipe.org.br\/en\/ecosystem-services\/#primaryimage","url":"http:\/\/ipe.org.br\/images\/2013\/06\/nazare-servicos.jpg","contentUrl":"http:\/\/ipe.org.br\/images\/2013\/06\/nazare-servicos.jpg"},{"@type":"BreadcrumbList","@id":"https:\/\/ipe.org.br\/en\/ecosystem-services\/#breadcrumb","itemListElement":[{"@type":"ListItem","position":1,"name":"In\u00edcio","item":"https:\/\/ipe.org.br\/en\/home-2\/"},{"@type":"ListItem","position":2,"name":"Ecosystem Services"}]},{"@type":"WebSite","@id":"https:\/\/ipe.org.br\/#website","url":"https:\/\/ipe.org.br\/","name":"IP\u00ca - Instituto de Pesquisas Ecol\u00f3gicas","description":"Pesquisa, Educa\u00e7\u00e3o e Neg\u00f3cios Sustent\u00e1veis para a conserva\u00e7\u00e3o da biodiversidade brasileira.","publisher":{"@id":"https:\/\/ipe.org.br\/#organization"},"potentialAction":[{"@type":"SearchAction","target":{"@type":"EntryPoint","urlTemplate":"https:\/\/ipe.org.br\/?s={search_term_string}"},"query-input":"required name=search_term_string"}],"inLanguage":"en-US"},{"@type":"Organization","@id":"https:\/\/ipe.org.br\/#organization","name":"IP\u00ca - Instituto te Pesquisas Ecol\u00f3gicas","alternateName":"IP\u00ca - Instituto te Pesquisas Ecol\u00f3gicas","url":"https:\/\/ipe.org.br\/","logo":{"@type":"ImageObject","inLanguage":"en-US","@id":"https:\/\/ipe.org.br\/#\/schema\/logo\/image\/","url":"https:\/\/ipe.org.br\/images\/2022\/12\/cropped-logo-ipe2.jpg","contentUrl":"https:\/\/ipe.org.br\/images\/2022\/12\/cropped-logo-ipe2.jpg","width":900,"height":900,"caption":"IP\u00ca - Instituto te Pesquisas Ecol\u00f3gicas"},"image":{"@id":"https:\/\/ipe.org.br\/#\/schema\/logo\/image\/"},"sameAs":["https:\/\/www.facebook.com\/ipe.instituto.pesquisas.ecologicas","https:\/\/x.com\/InstitutoIPE","https:\/\/www.instagram.com\/institutoipe\/","https:\/\/www.linkedin.com\/company\/ip---instituto-de-pesquisas-ecolgicas","https:\/\/www.youtube.com\/channel\/UCxsLeAueuL-eMIJy6qif9_g\/videos"]}]}},"_links":{"self":[{"href":"https:\/\/ipe.org.br\/en\/wp-json\/wp\/v2\/pages\/13934","targetHints":{"allow":["GET"]}}],"collection":[{"href":"https:\/\/ipe.org.br\/en\/wp-json\/wp\/v2\/pages"}],"about":[{"href":"https:\/\/ipe.org.br\/en\/wp-json\/wp\/v2\/types\/page"}],"author":[{"embeddable":true,"href":"https:\/\/ipe.org.br\/en\/wp-json\/wp\/v2\/users\/1"}],"replies":[{"embeddable":true,"href":"https:\/\/ipe.org.br\/en\/wp-json\/wp\/v2\/comments?post=13934"}],"version-history":[{"count":29,"href":"https:\/\/ipe.org.br\/en\/wp-json\/wp\/v2\/pages\/13934\/revisions"}],"predecessor-version":[{"id":13964,"href":"https:\/\/ipe.org.br\/en\/wp-json\/wp\/v2\/pages\/13934\/revisions\/13964"}],"wp:attachment":[{"href":"https:\/\/ipe.org.br\/en\/wp-json\/wp\/v2\/media?parent=13934"}],"curies":[{"name":"wp","href":"https:\/\/api.w.org\/{rel}","templated":true}]}}