{"id":13812,"date":"2022-12-30T09:01:29","date_gmt":"2022-12-30T12:01:29","guid":{"rendered":"https:\/\/ipe.org.br\/good-water\/"},"modified":"2023-12-19T16:28:32","modified_gmt":"2023-12-19T19:28:32","slug":"good-water","status":"publish","type":"page","link":"https:\/\/ipe.org.br\/en\/good-water\/","title":{"rendered":"Good Water"},"content":{"rendered":"\t\t<div data-elementor-type=\"wp-page\" data-elementor-id=\"13812\" class=\"elementor elementor-13812 elementor-7098\" data-elementor-post-type=\"page\">\n\t\t\t\t\t\t<section class=\"has_ma_el_bg_slider elementor-section elementor-top-section elementor-element elementor-element-838b51b elementor-section-height-min-height elementor-section-boxed elementor-section-height-default elementor-section-items-middle\" data-id=\"838b51b\" data-element_type=\"section\" data-settings=\"{&quot;background_background&quot;:&quot;classic&quot;}\">\n\t\t\t\t\t\t\t<div class=\"elementor-background-overlay\"><\/div>\n\t\t\t\t\t\t\t<div class=\"elementor-container elementor-column-gap-default\">\n\t\t\t\t\t<div class=\"has_ma_el_bg_slider elementor-column elementor-col-100 elementor-top-column elementor-element elementor-element-a551f5d jltma-glass-effect-no\" data-id=\"a551f5d\" data-element_type=\"column\">\n\t\t\t<div class=\"elementor-widget-wrap elementor-element-populated\">\n\t\t\t\t\t\t<div class=\"elementor-element elementor-element-73e172a jltma-glass-effect-no elementor-invisible elementor-widget elementor-widget-heading\" data-id=\"73e172a\" data-element_type=\"widget\" data-settings=\"{&quot;_animation&quot;:&quot;fadeIn&quot;}\" data-widget_type=\"heading.default\">\n\t\t\t\t<div class=\"elementor-widget-container\">\n\t\t\t<h1 class=\"elementor-heading-title elementor-size-default\">Good Water<\/h1>\t\t<\/div>\n\t\t\t\t<\/div>\n\t\t\t\t<div class=\"elementor-element elementor-element-929d681 jltma-glass-effect-no elementor-invisible elementor-widget elementor-widget-heading\" data-id=\"929d681\" data-element_type=\"widget\" data-settings=\"{&quot;_animation&quot;:&quot;fadeIn&quot;}\" data-widget_type=\"heading.default\">\n\t\t\t\t<div class=\"elementor-widget-container\">\n\t\t\t<h1 class=\"elementor-heading-title elementor-size-default\"><a href=\"https:\/\/ipe.org.br\/?page_id=7084\">Nazar\u00e9 Paulista<\/a><\/h1>\t\t<\/div>\n\t\t\t\t<\/div>\n\t\t\t\t\t<\/div>\n\t\t<\/div>\n\t\t\t\t\t<\/div>\n\t\t<\/section>\n\t\t\t\t<section class=\"has_ma_el_bg_slider elementor-section elementor-top-section elementor-element elementor-element-f5fc10e elementor-section-height-min-height elementor-section-boxed elementor-section-height-default elementor-section-items-middle jltma-glass-effect-no\" data-id=\"f5fc10e\" data-element_type=\"section\" data-settings=\"{&quot;background_background&quot;:&quot;classic&quot;}\">\n\t\t\t\t\t\t<div class=\"elementor-container elementor-column-gap-default\">\n\t\t\t\t\t<div class=\"has_ma_el_bg_slider elementor-column elementor-col-100 elementor-top-column elementor-element elementor-element-4c94a3f jltma-glass-effect-no\" data-id=\"4c94a3f\" data-element_type=\"column\">\n\t\t\t<div class=\"elementor-widget-wrap elementor-element-populated\">\n\t\t\t\t\t\t<div class=\"elementor-element elementor-element-ed2bd26 jltma-glass-effect-no elementor-widget elementor-widget-image\" data-id=\"ed2bd26\" data-element_type=\"widget\" data-widget_type=\"image.default\">\n\t\t\t\t<div class=\"elementor-widget-container\">\n\t\t\t\t\t\t\t\t\t\t\t\t\t<img fetchpriority=\"high\" decoding=\"async\" width=\"1024\" height=\"768\" src=\"https:\/\/ipe.org.br\/images\/2016\/10\/agua-boa-1024x768.jpg\" class=\"attachment-large size-large wp-image-2440\" alt=\"\" srcset=\"https:\/\/ipe.org.br\/images\/2016\/10\/agua-boa-1024x768.jpg 1024w, https:\/\/ipe.org.br\/images\/2016\/10\/agua-boa-300x225.jpg 300w, https:\/\/ipe.org.br\/images\/2016\/10\/agua-boa-768x576.jpg 768w, https:\/\/ipe.org.br\/images\/2016\/10\/agua-boa.jpg 1311w\" sizes=\"(max-width: 1024px) 100vw, 1024px\" \/>\t\t\t\t\t\t\t\t\t\t\t\t\t<\/div>\n\t\t\t\t<\/div>\n\t\t\t\t<div class=\"elementor-element elementor-element-4ae83be jltma-glass-effect-no elementor-invisible elementor-widget elementor-widget-text-editor\" data-id=\"4ae83be\" data-element_type=\"widget\" data-settings=\"{&quot;_animation&quot;:&quot;fadeIn&quot;}\" data-widget_type=\"text-editor.default\">\n\t\t\t\t<div class=\"elementor-widget-container\">\n\t\t\t\t\t\t\t<p><style>\na{color:#34a853}<br \/><\/style>The &#8220;\u00c1gua Boa&#8221; project bets on Environmental Education as a tool for the population to exercise its citizenship with regard to water, sewage, garbage, and urban forests in Nazar\u00e9 Paulista. In recent years, it has held training courses and activities for young high school students, as well as courses for 72 teachers from the municipal school network.<\/p><p><img decoding=\"async\" class=\"aligncenter\" src=\"https:\/\/ipe.org.br\/images\/projetos\/nazare\/agua_boa.jpg\" width=\"200\"><\/p><p>Loss of native riparian vegetation, silting up of water bodies, dumping of untreated sewage and garbage in irregular areas. Problems like these affect many Brazilian cities and it was these that motivated the &#8220;Good Water&#8221; project to reach out to the citizens of Nazar\u00e9 Paulista (SP) and alert them to these and other major environmental challenges facing the city. The project focuses on environmental education as a tool for the population to exercise their citizenship with regard to water, sewage, waste and urban forests. With the support of FEHIDRO, the project launched the \u00c1gua Boa teaching material, distributed free of charge to public school teachers to transmit and multiply knowledge about the region&#8217;s socio-environmental challenges.<\/p><p>The project&#8217;s idea is for teachers to be able to multiply this acquired knowledge with quality, bringing differentiated tools that facilitate learning. One of these tools was even developed in 2015, together with the project team, teachers and students from <a href=\"http:\/\/www.escas.org.br\/\" target=\"_blank\" rel=\"alternate noopener\">ESCAS &#8211;<\/a> IP\u00ca&#8217;s <a href=\"http:\/\/www.escas.org.br\/\" target=\"_blank\" rel=\"alternate noopener\">School of Environmental Conservation and Sustainability<\/a>. It consists of a book, a CD and a kit of games called ProvocA\u00e7\u00e3o.<\/p><p><strong>GOOD WATER MATERIAL AND TEASING GAME<\/strong><\/p><p>An integrated vision of water resources must include issues such as the supply of treated water, sewage collection and treatment, the waste collection system and the occupation of risk areas along streams, associated with the suppression of riparian forests. Understanding the need to raise people&#8217;s awareness that these issues are interconnected, and that quality of life and urban sustainability are inseparable, the project developed the educational and informational material &#8220;\u00c1GUA BOA&#8221; (GOOD WATER), financed by the S\u00e3o Paulo state government through the State Water Resources Fund (FEHIDRO).<\/p><p>This book, which was inspired by a number of initiatives, presents indicators to monitor and report on Nazar\u00e9 Paulista&#8217;s progress towards sustainability, as well as suggestions and concrete measures to minimize or solve the problems identified. Most of the indicators formulated are quantitative and express, through measures, the state or condition of the main theme, water, and related themes that impact on its quality and availability: sewage, waste and the urban forest. Each theme presented is accompanied by principles for cities, which involve the actions of public authorities and individual citizens.<\/p><p>Together with the material, the games kit allows teachers to work on the topics covered in a playful and creative way, which are of great importance for the conservation of the region&#8217;s natural resources, as well as for the quality of life of its population.<\/p><p>The material is distributed to teachers at schools in Nazar\u00e9 Paulista and other cities under the jurisdiction of the Regional Education Boards of Bragan\u00e7a Paulista and Mirante do Paranapanema.  <\/p><p>Access the book <a href=\"http:\/\/homolog.ipe.org.br\/wp-content\/uploads\/2016\/10\/livro_agua_boa.pdf\" target=\"_blank\" rel=\"alternate noopener\" data-itemid=\"101\">HERE<\/a>.<\/p><h3><strong>STUDENTS INVOLVED<\/strong><\/h3><p>As well as working with teachers, the project also carries out educational and environmental activities with students from the municipal school system. Clean-up efforts, lectures and activities on nature trails are some of the actions that involve schoolchildren and awaken their understanding of the issue.<\/p><p>One of the activities highlighted was the creation of themed spots produced by young people from the municipality of Nazar\u00e9 Paulista to disseminate the current situation of water resources and related issues in the region. To listen, click on the links below:<\/p>\t\t\t\t\t\t<\/div>\n\t\t\t\t<\/div>\n\t\t\t\t\t<\/div>\n\t\t<\/div>\n\t\t\t\t\t<\/div>\n\t\t<\/section>\n\t\t\t\t<section class=\"has_ma_el_bg_slider elementor-section elementor-top-section elementor-element elementor-element-992f767 elementor-section-height-min-height elementor-section-boxed elementor-section-height-default elementor-section-items-middle jltma-glass-effect-no\" data-id=\"992f767\" data-element_type=\"section\" data-settings=\"{&quot;background_background&quot;:&quot;classic&quot;}\">\n\t\t\t\t\t\t<div class=\"elementor-container elementor-column-gap-default\">\n\t\t\t\t\t<div class=\"has_ma_el_bg_slider elementor-column elementor-col-100 elementor-top-column elementor-element elementor-element-4228793 jltma-glass-effect-no\" data-id=\"4228793\" data-element_type=\"column\">\n\t\t\t<div class=\"elementor-widget-wrap elementor-element-populated\">\n\t\t\t\t\t\t<div class=\"elementor-element elementor-element-ba1676c jltma-glass-effect-no elementor-widget elementor-widget-ma-advanced-accordion\" data-id=\"ba1676c\" data-element_type=\"widget\" data-settings=\"{&quot;accordion_type&quot;:&quot;accordion&quot;,&quot;toggle_speed&quot;:300}\" data-widget_type=\"ma-advanced-accordion.default\">\n\t\t\t\t<div class=\"elementor-widget-container\">\n\t\t\t\n\t\t<div class=\"jltma-advanced-accordion\" id=\"jltma-advanced-accordion-ba1676c\" data-accordion-id=\"ba1676c\" data-accordion-id=\"ba1676c\">\n\t\t\t<div class=\"ma-accordion-wrap ma-accordion-icon-align- ma-accordion-ba1676c\">\n\n\t\t\t\t\n\t\t\t\t\t<div class=\"jltma-accordion-item elementor-repeater-item-895a332 \">\n\t\t\t\t\t\t<div id=\"jltma-accordion-tab-title-1951\" class=\"jltma-accordion-tab-title jltma-accordion-header\" tabindex=\"1951\" data-tab=\"1\" role=\"tab\" aria-controls=\"jltma-accordion-tab-content-1951\">\n\t\t\t\t\t\t\t<div class=\"jltma-accordion-title-icon\">\n\n\t\t\t\t\t\t\t\t\n\t\t\t\t\t\t\t\t<div class=\"jltma-accordion-title-text\">\n\t\t\t\t\t\t\t\t\tThemes\t\t\t\t\t\t\t\t<\/div>\n\t\t\t\t\t\t\t<\/div>\n\n\t\t\t\t\t\t\t\n\t\t\t\t\t\t<\/div>\n\n\t\t\t\t\t\t<div id=\"jltma-accordion-tab-content-1951\" class=\"jltma-accordion-tab-content\" data-tab=\"1\" role=\"tabpanel\" aria-labelledby=\"jltma-accordion-tab-title-1951\">\n\t\t\t\t\t\t\t<h4>Trash<\/h4><p><iframe src=\"https:\/\/w.soundcloud.com\/player\/?url=https%3A\/\/api.soundcloud.com\/tracks\/217076254&amp;color=00cc11&amp;auto_play=false&amp;hide_related=false&amp;show_comments=true&amp;show_user=true&amp;show_reposts=false\" width=\"100%\" height=\"166\" scrolling=\"no\" data-mce-fragment=\"1\"><\/iframe><iframe src=\"https:\/\/w.soundcloud.com\/player\/?url=https%3A\/\/api.soundcloud.com\/tracks\/217075312&amp;color=00cc11&amp;auto_play=false&amp;hide_related=false&amp;show_comments=true&amp;show_user=true&amp;show_reposts=false\" width=\"100%\" height=\"166\" scrolling=\"no\" data-mce-fragment=\"1\"><\/iframe><\/p><h4>Sewage<\/h4><p><iframe src=\"https:\/\/w.soundcloud.com\/player\/?url=https%3A\/\/api.soundcloud.com\/tracks\/217074876&amp;color=00cc11&amp;auto_play=false&amp;hide_related=false&amp;show_comments=true&amp;show_user=true&amp;show_reposts=false\" width=\"100%\" height=\"166\" scrolling=\"no\" data-mce-fragment=\"1\"><\/iframe><iframe src=\"https:\/\/w.soundcloud.com\/player\/?url=https%3A\/\/api.soundcloud.com\/tracks\/217076070&amp;color=00cc11&amp;auto_play=false&amp;hide_related=false&amp;show_comments=true&amp;show_user=true&amp;show_reposts=false\" width=\"100%\" height=\"166\" scrolling=\"no\" data-mce-fragment=\"1\"><\/iframe><\/p><h4>Water<\/h4><p><iframe src=\"https:\/\/w.soundcloud.com\/player\/?url=https%3A\/\/api.soundcloud.com\/tracks\/217075136&amp;color=00cc11&amp;auto_play=false&amp;hide_related=false&amp;show_comments=true&amp;show_user=true&amp;show_reposts=false\" width=\"100%\" height=\"166\" scrolling=\"no\" data-mce-fragment=\"1\"><\/iframe><iframe src=\"https:\/\/w.soundcloud.com\/player\/?url=https%3A\/\/api.soundcloud.com\/tracks\/217075747&amp;color=00cc11&amp;auto_play=false&amp;hide_related=false&amp;show_comments=true&amp;show_user=true&amp;show_reposts=false\" width=\"100%\" height=\"166\" scrolling=\"no\" data-mce-fragment=\"1\"><\/iframe><\/p>\t\t\t\t\t\t<\/div>\n\n\t\t\t\t\t<\/div>\n\t\t\t\t\n\t\t\t\t\t<div class=\"jltma-accordion-item elementor-repeater-item-b5ecba1 \">\n\t\t\t\t\t\t<div id=\"jltma-accordion-tab-title-1952\" class=\"jltma-accordion-tab-title jltma-accordion-header\" tabindex=\"1952\" data-tab=\"2\" role=\"tab\" aria-controls=\"jltma-accordion-tab-content-1952\">\n\t\t\t\t\t\t\t<div class=\"jltma-accordion-title-icon\">\n\n\t\t\t\t\t\t\t\t\n\t\t\t\t\t\t\t\t<div class=\"jltma-accordion-title-text\">\n\t\t\t\t\t\t\t\t\tTeam\t\t\t\t\t\t\t\t<\/div>\n\t\t\t\t\t\t\t<\/div>\n\n\t\t\t\t\t\t\t\n\t\t\t\t\t\t<\/div>\n\n\t\t\t\t\t\t<div id=\"jltma-accordion-tab-content-1952\" class=\"jltma-accordion-tab-content\" data-tab=\"2\" role=\"tabpanel\" aria-labelledby=\"jltma-accordion-tab-title-1952\">\n\t\t\t\t\t\t\t<ul><li>Patr\u00edcia Paranagu\u00e1, Forestry Engineer<\/li><li>Maria das Gra\u00e7as de Souza, Master in Environmental Education<\/li><li>Andrea Pupo Bartazini, Environmental Educator<\/li><\/ul>\t\t\t\t\t\t<\/div>\n\n\t\t\t\t\t<\/div>\n\t\t\t\t\n\t\t\t\t\t<div class=\"jltma-accordion-item elementor-repeater-item-23c7210 \">\n\t\t\t\t\t\t<div id=\"jltma-accordion-tab-title-1953\" class=\"jltma-accordion-tab-title jltma-accordion-header\" tabindex=\"1953\" data-tab=\"3\" role=\"tab\" aria-controls=\"jltma-accordion-tab-content-1953\">\n\t\t\t\t\t\t\t<div class=\"jltma-accordion-title-icon\">\n\n\t\t\t\t\t\t\t\t\n\t\t\t\t\t\t\t\t<div class=\"jltma-accordion-title-text\">\n\t\t\t\t\t\t\t\t\tFinancier\t\t\t\t\t\t\t\t<\/div>\n\t\t\t\t\t\t\t<\/div>\n\n\t\t\t\t\t\t\t\n\t\t\t\t\t\t<\/div>\n\n\t\t\t\t\t\t<div id=\"jltma-accordion-tab-content-1953\" class=\"jltma-accordion-tab-content\" data-tab=\"3\" role=\"tabpanel\" aria-labelledby=\"jltma-accordion-tab-title-1953\">\n\t\t\t\t\t\t\t<ul><li>Government of the State of S\u00e3o Paulo through the State Water Resources Fund (FEHIDRO).<\/li><li>PCJ Committee<\/li><\/ul>\t\t\t\t\t\t<\/div>\n\n\t\t\t\t\t<\/div>\n\t\t\t\t\n\t\t\t\t\t<div class=\"jltma-accordion-item elementor-repeater-item-3cb0a05 \">\n\t\t\t\t\t\t<div id=\"jltma-accordion-tab-title-1954\" class=\"jltma-accordion-tab-title jltma-accordion-header\" tabindex=\"1954\" data-tab=\"4\" role=\"tab\" aria-controls=\"jltma-accordion-tab-content-1954\">\n\t\t\t\t\t\t\t<div class=\"jltma-accordion-title-icon\">\n\n\t\t\t\t\t\t\t\t\n\t\t\t\t\t\t\t\t<div class=\"jltma-accordion-title-text\">\n\t\t\t\t\t\t\t\t\tSupport\t\t\t\t\t\t\t\t<\/div>\n\t\t\t\t\t\t\t<\/div>\n\n\t\t\t\t\t\t\t\n\t\t\t\t\t\t<\/div>\n\n\t\t\t\t\t\t<div id=\"jltma-accordion-tab-content-1954\" class=\"jltma-accordion-tab-content\" data-tab=\"4\" role=\"tabpanel\" aria-labelledby=\"jltma-accordion-tab-title-1954\">\n\t\t\t\t\t\t\t<ul><li>ESCAS - Higher School of Environmental Conservation and Sustainability<\/li><li>Nazar\u00e9 Paulista City Hall<\/li><\/ul>\t\t\t\t\t\t<\/div>\n\n\t\t\t\t\t<\/div>\n\t\t\t\t\n\t\t\t\t\t<div class=\"jltma-accordion-item elementor-repeater-item-bda6e80 \">\n\t\t\t\t\t\t<div id=\"jltma-accordion-tab-title-1955\" class=\"jltma-accordion-tab-title jltma-accordion-header\" tabindex=\"1955\" data-tab=\"5\" role=\"tab\" aria-controls=\"jltma-accordion-tab-content-1955\">\n\t\t\t\t\t\t\t<div class=\"jltma-accordion-title-icon\">\n\n\t\t\t\t\t\t\t\t\n\t\t\t\t\t\t\t\t<div class=\"jltma-accordion-title-text\">\n\t\t\t\t\t\t\t\t\tPartners\t\t\t\t\t\t\t\t<\/div>\n\t\t\t\t\t\t\t<\/div>\n\n\t\t\t\t\t\t\t\n\t\t\t\t\t\t<\/div>\n\n\t\t\t\t\t\t<div id=\"jltma-accordion-tab-content-1955\" class=\"jltma-accordion-tab-content\" data-tab=\"5\" role=\"tabpanel\" aria-labelledby=\"jltma-accordion-tab-title-1955\">\n\t\t\t\t\t\t\t<p>Department of Education of Nazar\u00e9 Paulista<\/p>\t\t\t\t\t\t<\/div>\n\n\t\t\t\t\t<\/div>\n\t\t\t\t\t\t\t<\/div>\n\t\t<\/div>\n\t\t<\/div>\n\t\t\t\t<\/div>\n\t\t\t\t\t<\/div>\n\t\t<\/div>\n\t\t\t\t\t<\/div>\n\t\t<\/section>\n\t\t\t\t<\/div>\n\t\t","protected":false},"excerpt":{"rendered":"<p>Good Water Nazar\u00e9 Paulista The &#8220;\u00c1gua Boa&#8221; project bets on Environmental Education as a tool for the population to exercise its citizenship with regard to water, sewage, garbage, and urban forests in Nazar\u00e9 Paulista. In recent years, it has held training courses and activities for young high school students, as well as courses for 72 &#8230; <a title=\"Good Water\" class=\"read-more\" href=\"https:\/\/ipe.org.br\/en\/good-water\/\" aria-label=\"Read more about Good Water\">Read more<\/a><\/p>\n","protected":false},"author":1,"featured_media":0,"parent":0,"menu_order":0,"comment_status":"closed","ping_status":"closed","template":"elementor_header_footer","meta":{"_acf_changed":false,"footnotes":""},"class_list":["post-13812","page","type-page","status-publish"],"acf":[],"yoast_head":"<!-- This site is optimized with the Yoast SEO plugin v23.0 - https:\/\/yoast.com\/wordpress\/plugins\/seo\/ -->\n<title>Good Water - IP\u00ca - Instituto de Pesquisas Ecol\u00f3gicas<\/title>\n<meta name=\"robots\" content=\"index, follow, max-snippet:-1, max-image-preview:large, max-video-preview:-1\" \/>\n<link rel=\"canonical\" href=\"https:\/\/ipe.org.br\/en\/good-water\/\" \/>\n<meta property=\"og:locale\" content=\"en_US\" \/>\n<meta property=\"og:type\" content=\"article\" \/>\n<meta property=\"og:title\" content=\"Good Water - IP\u00ca - Instituto de Pesquisas Ecol\u00f3gicas\" \/>\n<meta property=\"og:description\" content=\"Good Water Nazar\u00e9 Paulista The &#8220;\u00c1gua Boa&#8221; project bets on Environmental Education as a tool for the population to exercise its citizenship with regard to water, sewage, garbage, and urban forests in Nazar\u00e9 Paulista. In recent years, it has held training courses and activities for young high school students, as well as courses for 72 ... Read more\" \/>\n<meta property=\"og:url\" content=\"https:\/\/ipe.org.br\/en\/good-water\/\" \/>\n<meta property=\"og:site_name\" content=\"IP\u00ca - Instituto de Pesquisas Ecol\u00f3gicas\" \/>\n<meta property=\"article:publisher\" content=\"https:\/\/www.facebook.com\/ipe.instituto.pesquisas.ecologicas\" \/>\n<meta property=\"article:modified_time\" content=\"2023-12-19T19:28:32+00:00\" \/>\n<meta property=\"og:image\" content=\"http:\/\/ipe.org.br\/images\/2016\/10\/agua-boa-1024x768.jpg\" \/>\n<meta name=\"twitter:card\" content=\"summary_large_image\" \/>\n<meta name=\"twitter:site\" content=\"@InstitutoIPE\" \/>\n<meta name=\"twitter:label1\" content=\"Est. reading time\" \/>\n\t<meta name=\"twitter:data1\" content=\"4 minutes\" \/>\n<script type=\"application\/ld+json\" class=\"yoast-schema-graph\">{\"@context\":\"https:\/\/schema.org\",\"@graph\":[{\"@type\":\"WebPage\",\"@id\":\"https:\/\/ipe.org.br\/en\/good-water\/\",\"url\":\"https:\/\/ipe.org.br\/en\/good-water\/\",\"name\":\"Good Water - IP\u00ca - Instituto de Pesquisas Ecol\u00f3gicas\",\"isPartOf\":{\"@id\":\"https:\/\/ipe.org.br\/#website\"},\"primaryImageOfPage\":{\"@id\":\"https:\/\/ipe.org.br\/en\/good-water\/#primaryimage\"},\"image\":{\"@id\":\"https:\/\/ipe.org.br\/en\/good-water\/#primaryimage\"},\"thumbnailUrl\":\"http:\/\/ipe.org.br\/images\/2016\/10\/agua-boa-1024x768.jpg\",\"datePublished\":\"2022-12-30T12:01:29+00:00\",\"dateModified\":\"2023-12-19T19:28:32+00:00\",\"breadcrumb\":{\"@id\":\"https:\/\/ipe.org.br\/en\/good-water\/#breadcrumb\"},\"inLanguage\":\"en-US\",\"potentialAction\":[{\"@type\":\"ReadAction\",\"target\":[\"https:\/\/ipe.org.br\/en\/good-water\/\"]}]},{\"@type\":\"ImageObject\",\"inLanguage\":\"en-US\",\"@id\":\"https:\/\/ipe.org.br\/en\/good-water\/#primaryimage\",\"url\":\"http:\/\/ipe.org.br\/images\/2016\/10\/agua-boa-1024x768.jpg\",\"contentUrl\":\"http:\/\/ipe.org.br\/images\/2016\/10\/agua-boa-1024x768.jpg\"},{\"@type\":\"BreadcrumbList\",\"@id\":\"https:\/\/ipe.org.br\/en\/good-water\/#breadcrumb\",\"itemListElement\":[{\"@type\":\"ListItem\",\"position\":1,\"name\":\"In\u00edcio\",\"item\":\"https:\/\/ipe.org.br\/en\/home-2\/\"},{\"@type\":\"ListItem\",\"position\":2,\"name\":\"Good Water\"}]},{\"@type\":\"WebSite\",\"@id\":\"https:\/\/ipe.org.br\/#website\",\"url\":\"https:\/\/ipe.org.br\/\",\"name\":\"IP\u00ca - Instituto de Pesquisas Ecol\u00f3gicas\",\"description\":\"Pesquisa, Educa\u00e7\u00e3o e Neg\u00f3cios Sustent\u00e1veis para a conserva\u00e7\u00e3o da biodiversidade brasileira.\",\"publisher\":{\"@id\":\"https:\/\/ipe.org.br\/#organization\"},\"potentialAction\":[{\"@type\":\"SearchAction\",\"target\":{\"@type\":\"EntryPoint\",\"urlTemplate\":\"https:\/\/ipe.org.br\/?s={search_term_string}\"},\"query-input\":\"required name=search_term_string\"}],\"inLanguage\":\"en-US\"},{\"@type\":\"Organization\",\"@id\":\"https:\/\/ipe.org.br\/#organization\",\"name\":\"IP\u00ca - Instituto te Pesquisas Ecol\u00f3gicas\",\"alternateName\":\"IP\u00ca - Instituto te Pesquisas Ecol\u00f3gicas\",\"url\":\"https:\/\/ipe.org.br\/\",\"logo\":{\"@type\":\"ImageObject\",\"inLanguage\":\"en-US\",\"@id\":\"https:\/\/ipe.org.br\/#\/schema\/logo\/image\/\",\"url\":\"https:\/\/ipe.org.br\/images\/2022\/12\/cropped-logo-ipe2.jpg\",\"contentUrl\":\"https:\/\/ipe.org.br\/images\/2022\/12\/cropped-logo-ipe2.jpg\",\"width\":900,\"height\":900,\"caption\":\"IP\u00ca - Instituto te Pesquisas Ecol\u00f3gicas\"},\"image\":{\"@id\":\"https:\/\/ipe.org.br\/#\/schema\/logo\/image\/\"},\"sameAs\":[\"https:\/\/www.facebook.com\/ipe.instituto.pesquisas.ecologicas\",\"https:\/\/x.com\/InstitutoIPE\",\"https:\/\/www.instagram.com\/institutoipe\/\",\"https:\/\/www.linkedin.com\/company\/ip---instituto-de-pesquisas-ecolgicas\",\"https:\/\/www.youtube.com\/channel\/UCxsLeAueuL-eMIJy6qif9_g\/videos\"]}]}<\/script>\n<!-- \/ Yoast SEO plugin. -->","yoast_head_json":{"title":"Good Water - IP\u00ca - Instituto de Pesquisas Ecol\u00f3gicas","robots":{"index":"index","follow":"follow","max-snippet":"max-snippet:-1","max-image-preview":"max-image-preview:large","max-video-preview":"max-video-preview:-1"},"canonical":"https:\/\/ipe.org.br\/en\/good-water\/","og_locale":"en_US","og_type":"article","og_title":"Good Water - IP\u00ca - Instituto de Pesquisas Ecol\u00f3gicas","og_description":"Good Water Nazar\u00e9 Paulista The &#8220;\u00c1gua Boa&#8221; project bets on Environmental Education as a tool for the population to exercise its citizenship with regard to water, sewage, garbage, and urban forests in Nazar\u00e9 Paulista. In recent years, it has held training courses and activities for young high school students, as well as courses for 72 ... Read more","og_url":"https:\/\/ipe.org.br\/en\/good-water\/","og_site_name":"IP\u00ca - Instituto de Pesquisas Ecol\u00f3gicas","article_publisher":"https:\/\/www.facebook.com\/ipe.instituto.pesquisas.ecologicas","article_modified_time":"2023-12-19T19:28:32+00:00","og_image":[{"url":"http:\/\/ipe.org.br\/images\/2016\/10\/agua-boa-1024x768.jpg"}],"twitter_card":"summary_large_image","twitter_site":"@InstitutoIPE","twitter_misc":{"Est. reading time":"4 minutes"},"schema":{"@context":"https:\/\/schema.org","@graph":[{"@type":"WebPage","@id":"https:\/\/ipe.org.br\/en\/good-water\/","url":"https:\/\/ipe.org.br\/en\/good-water\/","name":"Good Water - IP\u00ca - Instituto de Pesquisas Ecol\u00f3gicas","isPartOf":{"@id":"https:\/\/ipe.org.br\/#website"},"primaryImageOfPage":{"@id":"https:\/\/ipe.org.br\/en\/good-water\/#primaryimage"},"image":{"@id":"https:\/\/ipe.org.br\/en\/good-water\/#primaryimage"},"thumbnailUrl":"http:\/\/ipe.org.br\/images\/2016\/10\/agua-boa-1024x768.jpg","datePublished":"2022-12-30T12:01:29+00:00","dateModified":"2023-12-19T19:28:32+00:00","breadcrumb":{"@id":"https:\/\/ipe.org.br\/en\/good-water\/#breadcrumb"},"inLanguage":"en-US","potentialAction":[{"@type":"ReadAction","target":["https:\/\/ipe.org.br\/en\/good-water\/"]}]},{"@type":"ImageObject","inLanguage":"en-US","@id":"https:\/\/ipe.org.br\/en\/good-water\/#primaryimage","url":"http:\/\/ipe.org.br\/images\/2016\/10\/agua-boa-1024x768.jpg","contentUrl":"http:\/\/ipe.org.br\/images\/2016\/10\/agua-boa-1024x768.jpg"},{"@type":"BreadcrumbList","@id":"https:\/\/ipe.org.br\/en\/good-water\/#breadcrumb","itemListElement":[{"@type":"ListItem","position":1,"name":"In\u00edcio","item":"https:\/\/ipe.org.br\/en\/home-2\/"},{"@type":"ListItem","position":2,"name":"Good Water"}]},{"@type":"WebSite","@id":"https:\/\/ipe.org.br\/#website","url":"https:\/\/ipe.org.br\/","name":"IP\u00ca - Instituto de Pesquisas Ecol\u00f3gicas","description":"Pesquisa, Educa\u00e7\u00e3o e Neg\u00f3cios Sustent\u00e1veis para a conserva\u00e7\u00e3o da biodiversidade brasileira.","publisher":{"@id":"https:\/\/ipe.org.br\/#organization"},"potentialAction":[{"@type":"SearchAction","target":{"@type":"EntryPoint","urlTemplate":"https:\/\/ipe.org.br\/?s={search_term_string}"},"query-input":"required name=search_term_string"}],"inLanguage":"en-US"},{"@type":"Organization","@id":"https:\/\/ipe.org.br\/#organization","name":"IP\u00ca - Instituto te Pesquisas Ecol\u00f3gicas","alternateName":"IP\u00ca - Instituto te Pesquisas Ecol\u00f3gicas","url":"https:\/\/ipe.org.br\/","logo":{"@type":"ImageObject","inLanguage":"en-US","@id":"https:\/\/ipe.org.br\/#\/schema\/logo\/image\/","url":"https:\/\/ipe.org.br\/images\/2022\/12\/cropped-logo-ipe2.jpg","contentUrl":"https:\/\/ipe.org.br\/images\/2022\/12\/cropped-logo-ipe2.jpg","width":900,"height":900,"caption":"IP\u00ca - Instituto te Pesquisas Ecol\u00f3gicas"},"image":{"@id":"https:\/\/ipe.org.br\/#\/schema\/logo\/image\/"},"sameAs":["https:\/\/www.facebook.com\/ipe.instituto.pesquisas.ecologicas","https:\/\/x.com\/InstitutoIPE","https:\/\/www.instagram.com\/institutoipe\/","https:\/\/www.linkedin.com\/company\/ip---instituto-de-pesquisas-ecolgicas","https:\/\/www.youtube.com\/channel\/UCxsLeAueuL-eMIJy6qif9_g\/videos"]}]}},"_links":{"self":[{"href":"https:\/\/ipe.org.br\/en\/wp-json\/wp\/v2\/pages\/13812","targetHints":{"allow":["GET"]}}],"collection":[{"href":"https:\/\/ipe.org.br\/en\/wp-json\/wp\/v2\/pages"}],"about":[{"href":"https:\/\/ipe.org.br\/en\/wp-json\/wp\/v2\/types\/page"}],"author":[{"embeddable":true,"href":"https:\/\/ipe.org.br\/en\/wp-json\/wp\/v2\/users\/1"}],"replies":[{"embeddable":true,"href":"https:\/\/ipe.org.br\/en\/wp-json\/wp\/v2\/comments?post=13812"}],"version-history":[{"count":29,"href":"https:\/\/ipe.org.br\/en\/wp-json\/wp\/v2\/pages\/13812\/revisions"}],"predecessor-version":[{"id":13846,"href":"https:\/\/ipe.org.br\/en\/wp-json\/wp\/v2\/pages\/13812\/revisions\/13846"}],"wp:attachment":[{"href":"https:\/\/ipe.org.br\/en\/wp-json\/wp\/v2\/media?parent=13812"}],"curies":[{"name":"wp","href":"https:\/\/api.w.org\/{rel}","templated":true}]}}