{"id":13643,"date":"2022-12-29T15:35:51","date_gmt":"2022-12-29T18:35:51","guid":{"rendered":"https:\/\/ipe.org.br\/protected-areas-mosaic-project\/"},"modified":"2023-12-18T17:18:02","modified_gmt":"2023-12-18T20:18:02","slug":"protected-areas-mosaic-project","status":"publish","type":"page","link":"https:\/\/ipe.org.br\/en\/protected-areas-mosaic-project\/","title":{"rendered":"Protected Areas Mosaic Project"},"content":{"rendered":"\t\t<div data-elementor-type=\"wp-page\" data-elementor-id=\"13643\" class=\"elementor elementor-13643 elementor-7018\" data-elementor-post-type=\"page\">\n\t\t\t\t\t\t<section class=\"has_ma_el_bg_slider elementor-section elementor-top-section elementor-element elementor-element-838b51b elementor-section-height-min-height elementor-section-boxed elementor-section-height-default elementor-section-items-middle\" data-id=\"838b51b\" data-element_type=\"section\" data-settings=\"{&quot;background_background&quot;:&quot;classic&quot;}\">\n\t\t\t\t\t\t\t<div class=\"elementor-background-overlay\"><\/div>\n\t\t\t\t\t\t\t<div class=\"elementor-container elementor-column-gap-default\">\n\t\t\t\t\t<div class=\"has_ma_el_bg_slider elementor-column elementor-col-100 elementor-top-column elementor-element elementor-element-a551f5d jltma-glass-effect-no\" data-id=\"a551f5d\" data-element_type=\"column\">\n\t\t\t<div class=\"elementor-widget-wrap elementor-element-populated\">\n\t\t\t\t\t\t<div class=\"elementor-element elementor-element-73e172a jltma-glass-effect-no elementor-invisible elementor-widget elementor-widget-heading\" data-id=\"73e172a\" data-element_type=\"widget\" data-settings=\"{&quot;_animation&quot;:&quot;fadeIn&quot;}\" data-widget_type=\"heading.default\">\n\t\t\t\t<div class=\"elementor-widget-container\">\n\t\t\t<h1 class=\"elementor-heading-title elementor-size-default\">Protected Areas Mosaic Project<\/h1>\t\t<\/div>\n\t\t\t\t<\/div>\n\t\t\t\t<div class=\"elementor-element elementor-element-929d681 jltma-glass-effect-no elementor-invisible elementor-widget elementor-widget-heading\" data-id=\"929d681\" data-element_type=\"widget\" data-settings=\"{&quot;_animation&quot;:&quot;fadeIn&quot;}\" data-widget_type=\"heading.default\">\n\t\t\t\t<div class=\"elementor-widget-container\">\n\t\t\t<h1 class=\"elementor-heading-title elementor-size-default\"><a href=\"https:\/\/ipe.org.br\/?page_id=6850\">Lower Rio Negro<\/a><\/h1>\t\t<\/div>\n\t\t\t\t<\/div>\n\t\t\t\t\t<\/div>\n\t\t<\/div>\n\t\t\t\t\t<\/div>\n\t\t<\/section>\n\t\t\t\t<section class=\"has_ma_el_bg_slider elementor-section elementor-top-section elementor-element elementor-element-f5fc10e elementor-section-height-min-height elementor-section-boxed elementor-section-height-default elementor-section-items-middle jltma-glass-effect-no\" data-id=\"f5fc10e\" data-element_type=\"section\" data-settings=\"{&quot;background_background&quot;:&quot;classic&quot;}\">\n\t\t\t\t\t\t<div class=\"elementor-container elementor-column-gap-default\">\n\t\t\t\t\t<div class=\"has_ma_el_bg_slider elementor-column elementor-col-100 elementor-top-column elementor-element elementor-element-4c94a3f jltma-glass-effect-no\" data-id=\"4c94a3f\" data-element_type=\"column\">\n\t\t\t<div class=\"elementor-widget-wrap elementor-element-populated\">\n\t\t\t\t\t\t<div class=\"elementor-element elementor-element-ed2bd26 jltma-glass-effect-no elementor-widget elementor-widget-image\" data-id=\"ed2bd26\" data-element_type=\"widget\" data-widget_type=\"image.default\">\n\t\t\t\t<div class=\"elementor-widget-container\">\n\t\t\t\t\t\t\t\t\t\t\t\t\t<img fetchpriority=\"high\" decoding=\"async\" width=\"800\" height=\"533\" src=\"https:\/\/ipe.org.br\/images\/2016\/10\/rionegro-projeto-mosaico.jpg\" class=\"attachment-large size-large wp-image-2452\" alt=\"\" srcset=\"https:\/\/ipe.org.br\/images\/2016\/10\/rionegro-projeto-mosaico.jpg 800w, https:\/\/ipe.org.br\/images\/2016\/10\/rionegro-projeto-mosaico-300x200.jpg 300w, https:\/\/ipe.org.br\/images\/2016\/10\/rionegro-projeto-mosaico-768x512.jpg 768w\" sizes=\"(max-width: 800px) 100vw, 800px\" \/>\t\t\t\t\t\t\t\t\t\t\t\t\t<\/div>\n\t\t\t\t<\/div>\n\t\t\t\t<div class=\"elementor-element elementor-element-4ae83be jltma-glass-effect-no elementor-invisible elementor-widget elementor-widget-text-editor\" data-id=\"4ae83be\" data-element_type=\"widget\" data-settings=\"{&quot;_animation&quot;:&quot;fadeIn&quot;}\" data-widget_type=\"text-editor.default\">\n\t\t\t\t<div class=\"elementor-widget-container\">\n\t\t\t\t\t\t\t<p><style>\na{color:#34a853}<br\/><\/style>IP\u00ca was one of the organizations involved in the creation of the Mosaic of Protected Areas in the lower Negro River. It is necessary to integrate the management of the areas that are already physically connected, as well as to bring together their social actors, decreasing the situation of isolation and difficulty of managing each area individually.<\/p><p>According to article 26 of the SNUC (National System of Conservation Units), when there are Protected Areas (PAs) of different categories or not (parks, ecological stations, extractive reserves and indigenous lands) in close proximity, juxtaposed or overlapping, it is interesting to create a mosaic of these areas, with integrated and participatory management, to conserve biodiversity and enhance socio-cultural diversity and sustainable local development.<\/p><p>This connection is made through participatory and shared management, with a single body of social actors, which facilitates processes of communication, interaction and management of territorial development and environmental conservation projects.<\/p><p>In addition, the Mosaic delimits a territorial contour with local socio-biodiversity references that generate potential for development in this region. IP\u00ca&#8217;s project sought precisely to link the consolidation of these democratic spaces with the promotion of sustainable local development, including the perspectives of the product and service chains of the region&#8217;s traditional peoples.<\/p><p>Local people&#8217;s knowledge and ways of managing ecosystems (&#8220;know-how&#8221;) are socially and ecologically efficient and should be taken into account in public management programs. It is therefore important to create an &#8220;ethnodevelopment&#8221; proposal for which the PAs in the Rio Negro basin are the key differentiator. This ends up attracting resources, strengthening territorial identity, acting as a potential source of income for the population and acting as the main means of guaranteeing their food security.<\/p><p>The process of creating and strengthening the Mosaic began in 2006, with the support of the National Environment Fund (FNMA), through actions to create the Management Council for all the region&#8217;s Protected Areas and to promote territorial development. As the work progressed, new potential and proposals for strengthening and developing the territory were identified:<\/p><ul><li>Preparation of the territorial development plan and its implementation;<\/li><li>Training and definition of a common territorial identity among social actors;<\/li><li>Mechanisms for valuing services and products (processes for creating a seal\/certification for the Mosaic&#8217;s socio-biodiversity products);<\/li><li>Communication and information.<\/li><\/ul>\t\t\t\t\t\t<\/div>\n\t\t\t\t<\/div>\n\t\t\t\t\t<\/div>\n\t\t<\/div>\n\t\t\t\t\t<\/div>\n\t\t<\/section>\n\t\t\t\t<section class=\"has_ma_el_bg_slider elementor-section elementor-top-section elementor-element elementor-element-992f767 elementor-section-height-min-height elementor-section-boxed elementor-section-height-default elementor-section-items-middle jltma-glass-effect-no\" data-id=\"992f767\" data-element_type=\"section\" data-settings=\"{&quot;background_background&quot;:&quot;classic&quot;}\">\n\t\t\t\t\t\t<div class=\"elementor-container elementor-column-gap-default\">\n\t\t\t\t\t<div class=\"has_ma_el_bg_slider elementor-column elementor-col-100 elementor-top-column elementor-element elementor-element-4228793 jltma-glass-effect-no\" data-id=\"4228793\" data-element_type=\"column\">\n\t\t\t<div class=\"elementor-widget-wrap elementor-element-populated\">\n\t\t\t\t\t\t<div class=\"elementor-element elementor-element-ba1676c jltma-glass-effect-no elementor-widget elementor-widget-ma-advanced-accordion\" data-id=\"ba1676c\" data-element_type=\"widget\" data-settings=\"{&quot;accordion_type&quot;:&quot;accordion&quot;,&quot;toggle_speed&quot;:300}\" data-widget_type=\"ma-advanced-accordion.default\">\n\t\t\t\t<div class=\"elementor-widget-container\">\n\t\t\t\n\t\t<div class=\"jltma-advanced-accordion\" id=\"jltma-advanced-accordion-ba1676c\" data-accordion-id=\"ba1676c\" data-accordion-id=\"ba1676c\">\n\t\t\t<div class=\"ma-accordion-wrap ma-accordion-icon-align- ma-accordion-ba1676c\">\n\n\t\t\t\t\n\t\t\t\t\t<div class=\"jltma-accordion-item elementor-repeater-item-895a332 \">\n\t\t\t\t\t\t<div id=\"jltma-accordion-tab-title-1951\" class=\"jltma-accordion-tab-title jltma-accordion-header\" tabindex=\"1951\" data-tab=\"1\" role=\"tab\" aria-controls=\"jltma-accordion-tab-content-1951\">\n\t\t\t\t\t\t\t<div class=\"jltma-accordion-title-icon\">\n\n\t\t\t\t\t\t\t\t\n\t\t\t\t\t\t\t\t<div class=\"jltma-accordion-title-text\">\n\t\t\t\t\t\t\t\t\tObjective\t\t\t\t\t\t\t\t<\/div>\n\t\t\t\t\t\t\t<\/div>\n\n\t\t\t\t\t\t\t\n\t\t\t\t\t\t<\/div>\n\n\t\t\t\t\t\t<div id=\"jltma-accordion-tab-content-1951\" class=\"jltma-accordion-tab-content\" data-tab=\"1\" role=\"tabpanel\" aria-labelledby=\"jltma-accordion-tab-title-1951\">\n\t\t\t\t\t\t\t<p>Form and implement the governance of the Mosaic of Protected Areas of the lower Rio Negro, involving society in its management and proposing instruments for valuing the services, products and \u201cknow-how\u201d of the Mosaic.<\/p>\t\t\t\t\t\t<\/div>\n\n\t\t\t\t\t<\/div>\n\t\t\t\t\n\t\t\t\t\t<div class=\"jltma-accordion-item elementor-repeater-item-f518229 \">\n\t\t\t\t\t\t<div id=\"jltma-accordion-tab-title-1952\" class=\"jltma-accordion-tab-title jltma-accordion-header\" tabindex=\"1952\" data-tab=\"2\" role=\"tab\" aria-controls=\"jltma-accordion-tab-content-1952\">\n\t\t\t\t\t\t\t<div class=\"jltma-accordion-title-icon\">\n\n\t\t\t\t\t\t\t\t\n\t\t\t\t\t\t\t\t<div class=\"jltma-accordion-title-text\">\n\t\t\t\t\t\t\t\t\tLearn more about the Lower Rio Negro Mosaic\t\t\t\t\t\t\t\t<\/div>\n\t\t\t\t\t\t\t<\/div>\n\n\t\t\t\t\t\t\t\n\t\t\t\t\t\t<\/div>\n\n\t\t\t\t\t\t<div id=\"jltma-accordion-tab-content-1952\" class=\"jltma-accordion-tab-content\" data-tab=\"2\" role=\"tabpanel\" aria-labelledby=\"jltma-accordion-tab-title-1952\">\n\t\t\t\t\t\t\t<p>The Mosaic Protected Areas of the lower Rio Negro is a region of recognized importance for the conservation of biodiversity and sociodiversity. The different Protected Areas included in this project are located in the area covered by the Central Amazon Ecological Corridor and also in the Core Zone of the Biosphere Reserve. In this region are the municipalities of Manaus, Novo Air\u00e3o, Iranduba, Barcelos and Manacapuru, which total 1.8 million people (IBGE, 2007) and another 80 communities, formed by riverside dwellers and indigenous people who survive mainly from agriculture and forestry extraction, mainly timber, but they also seek to get involved in activities linked to tourism and the sale of handicrafts, with a strong inclusion of the \u201ccultural tradition\u201d component. These areas, together, total approximately 8 million hectares of black water and tropical forest ecosystems distributed within eleven Conservation Units (UCs). The Waimiri-Atroari Indians also show interest in participating in the discussions.<\/p>\t\t\t\t\t\t<\/div>\n\n\t\t\t\t\t<\/div>\n\t\t\t\t\n\t\t\t\t\t<div class=\"jltma-accordion-item elementor-repeater-item-a37f902 \">\n\t\t\t\t\t\t<div id=\"jltma-accordion-tab-title-1953\" class=\"jltma-accordion-tab-title jltma-accordion-header\" tabindex=\"1953\" data-tab=\"3\" role=\"tab\" aria-controls=\"jltma-accordion-tab-content-1953\">\n\t\t\t\t\t\t\t<div class=\"jltma-accordion-title-icon\">\n\n\t\t\t\t\t\t\t\t\n\t\t\t\t\t\t\t\t<div class=\"jltma-accordion-title-text\">\n\t\t\t\t\t\t\t\t\tSupport and Partnerships\t\t\t\t\t\t\t\t<\/div>\n\t\t\t\t\t\t\t<\/div>\n\n\t\t\t\t\t\t\t\n\t\t\t\t\t\t<\/div>\n\n\t\t\t\t\t\t<div id=\"jltma-accordion-tab-content-1953\" class=\"jltma-accordion-tab-content\" data-tab=\"3\" role=\"tabpanel\" aria-labelledby=\"jltma-accordion-tab-title-1953\">\n\t\t\t\t\t\t\t<ul><li>FNMA - National Environment Fund<\/li><li>Chico Mendes Institute for Biodiversity Conservation<\/li><li>SEMMA \u2013 Municipal Secretariat for the Environment of Manaus<\/li><li>SDS \u2013 State Secretariat for Environment and Development<\/li><li>Sustainable Amazonas<\/li><li>Ecological Corridors Project<\/li><li>Rural Workers Union of Novo Air\u00e3o<\/li><li>Novo Air\u00e3o Fishermen's Association<\/li><li>Almerinda Malaquias Foundation<\/li><li>Vit\u00f3ria Amaz\u00f4nica Foundation<\/li><li>WWF-Brazil<\/li><li>Brazil-France Cooperation in Protected Areas (French Embassy in Brazil and MMA)<\/li><\/ul>\t\t\t\t\t\t<\/div>\n\n\t\t\t\t\t<\/div>\n\t\t\t\t\t\t\t<\/div>\n\t\t<\/div>\n\t\t<\/div>\n\t\t\t\t<\/div>\n\t\t\t\t\t<\/div>\n\t\t<\/div>\n\t\t\t\t\t<\/div>\n\t\t<\/section>\n\t\t\t\t<\/div>\n\t\t","protected":false},"excerpt":{"rendered":"<p>Protected Areas Mosaic Project Lower Rio Negro IP\u00ca was one of the organizations involved in the creation of the Mosaic of Protected Areas in the lower Negro River. It is necessary to integrate the management of the areas that are already physically connected, as well as to bring together their social actors, decreasing the situation &#8230; <a title=\"Protected Areas Mosaic Project\" class=\"read-more\" href=\"https:\/\/ipe.org.br\/en\/protected-areas-mosaic-project\/\" aria-label=\"Read more about Protected Areas Mosaic Project\">Read more<\/a><\/p>\n","protected":false},"author":1,"featured_media":0,"parent":0,"menu_order":0,"comment_status":"closed","ping_status":"closed","template":"elementor_header_footer","meta":{"_acf_changed":false,"footnotes":""},"class_list":["post-13643","page","type-page","status-publish"],"acf":[],"yoast_head":"<!-- This site is optimized with the Yoast SEO plugin v23.0 - https:\/\/yoast.com\/wordpress\/plugins\/seo\/ -->\n<title>Protected Areas Mosaic Project - IP\u00ca - Instituto de Pesquisas Ecol\u00f3gicas<\/title>\n<meta name=\"robots\" content=\"index, follow, max-snippet:-1, max-image-preview:large, max-video-preview:-1\" \/>\n<link rel=\"canonical\" href=\"https:\/\/ipe.org.br\/en\/protected-areas-mosaic-project\/\" \/>\n<meta property=\"og:locale\" content=\"en_US\" \/>\n<meta property=\"og:type\" content=\"article\" \/>\n<meta property=\"og:title\" content=\"Protected Areas Mosaic Project - IP\u00ca - Instituto de Pesquisas Ecol\u00f3gicas\" \/>\n<meta property=\"og:description\" content=\"Protected Areas Mosaic Project Lower Rio Negro IP\u00ca was one of the organizations involved in the creation of the Mosaic of Protected Areas in the lower Negro River. It is necessary to integrate the management of the areas that are already physically connected, as well as to bring together their social actors, decreasing the situation ... Read more\" \/>\n<meta property=\"og:url\" content=\"https:\/\/ipe.org.br\/en\/protected-areas-mosaic-project\/\" \/>\n<meta property=\"og:site_name\" content=\"IP\u00ca - Instituto de Pesquisas Ecol\u00f3gicas\" \/>\n<meta property=\"article:publisher\" content=\"https:\/\/www.facebook.com\/ipe.instituto.pesquisas.ecologicas\" \/>\n<meta property=\"article:modified_time\" content=\"2023-12-18T20:18:02+00:00\" \/>\n<meta property=\"og:image\" content=\"http:\/\/ipe.org.br\/images\/2016\/10\/rionegro-projeto-mosaico.jpg\" \/>\n<meta name=\"twitter:card\" content=\"summary_large_image\" \/>\n<meta name=\"twitter:site\" content=\"@InstitutoIPE\" \/>\n<meta name=\"twitter:label1\" content=\"Est. reading time\" \/>\n\t<meta name=\"twitter:data1\" content=\"3 minutes\" \/>\n<script type=\"application\/ld+json\" class=\"yoast-schema-graph\">{\"@context\":\"https:\/\/schema.org\",\"@graph\":[{\"@type\":\"WebPage\",\"@id\":\"https:\/\/ipe.org.br\/en\/protected-areas-mosaic-project\/\",\"url\":\"https:\/\/ipe.org.br\/en\/protected-areas-mosaic-project\/\",\"name\":\"Protected Areas Mosaic Project - IP\u00ca - Instituto de Pesquisas Ecol\u00f3gicas\",\"isPartOf\":{\"@id\":\"https:\/\/ipe.org.br\/#website\"},\"primaryImageOfPage\":{\"@id\":\"https:\/\/ipe.org.br\/en\/protected-areas-mosaic-project\/#primaryimage\"},\"image\":{\"@id\":\"https:\/\/ipe.org.br\/en\/protected-areas-mosaic-project\/#primaryimage\"},\"thumbnailUrl\":\"http:\/\/ipe.org.br\/images\/2016\/10\/rionegro-projeto-mosaico.jpg\",\"datePublished\":\"2022-12-29T18:35:51+00:00\",\"dateModified\":\"2023-12-18T20:18:02+00:00\",\"breadcrumb\":{\"@id\":\"https:\/\/ipe.org.br\/en\/protected-areas-mosaic-project\/#breadcrumb\"},\"inLanguage\":\"en-US\",\"potentialAction\":[{\"@type\":\"ReadAction\",\"target\":[\"https:\/\/ipe.org.br\/en\/protected-areas-mosaic-project\/\"]}]},{\"@type\":\"ImageObject\",\"inLanguage\":\"en-US\",\"@id\":\"https:\/\/ipe.org.br\/en\/protected-areas-mosaic-project\/#primaryimage\",\"url\":\"http:\/\/ipe.org.br\/images\/2016\/10\/rionegro-projeto-mosaico.jpg\",\"contentUrl\":\"http:\/\/ipe.org.br\/images\/2016\/10\/rionegro-projeto-mosaico.jpg\"},{\"@type\":\"BreadcrumbList\",\"@id\":\"https:\/\/ipe.org.br\/en\/protected-areas-mosaic-project\/#breadcrumb\",\"itemListElement\":[{\"@type\":\"ListItem\",\"position\":1,\"name\":\"In\u00edcio\",\"item\":\"https:\/\/ipe.org.br\/en\/home-2\/\"},{\"@type\":\"ListItem\",\"position\":2,\"name\":\"Protected Areas Mosaic Project\"}]},{\"@type\":\"WebSite\",\"@id\":\"https:\/\/ipe.org.br\/#website\",\"url\":\"https:\/\/ipe.org.br\/\",\"name\":\"IP\u00ca - Instituto de Pesquisas Ecol\u00f3gicas\",\"description\":\"Pesquisa, Educa\u00e7\u00e3o e Neg\u00f3cios Sustent\u00e1veis para a conserva\u00e7\u00e3o da biodiversidade brasileira.\",\"publisher\":{\"@id\":\"https:\/\/ipe.org.br\/#organization\"},\"potentialAction\":[{\"@type\":\"SearchAction\",\"target\":{\"@type\":\"EntryPoint\",\"urlTemplate\":\"https:\/\/ipe.org.br\/?s={search_term_string}\"},\"query-input\":\"required name=search_term_string\"}],\"inLanguage\":\"en-US\"},{\"@type\":\"Organization\",\"@id\":\"https:\/\/ipe.org.br\/#organization\",\"name\":\"IP\u00ca - Instituto te Pesquisas Ecol\u00f3gicas\",\"alternateName\":\"IP\u00ca - Instituto te Pesquisas Ecol\u00f3gicas\",\"url\":\"https:\/\/ipe.org.br\/\",\"logo\":{\"@type\":\"ImageObject\",\"inLanguage\":\"en-US\",\"@id\":\"https:\/\/ipe.org.br\/#\/schema\/logo\/image\/\",\"url\":\"https:\/\/ipe.org.br\/images\/2022\/12\/cropped-logo-ipe2.jpg\",\"contentUrl\":\"https:\/\/ipe.org.br\/images\/2022\/12\/cropped-logo-ipe2.jpg\",\"width\":900,\"height\":900,\"caption\":\"IP\u00ca - Instituto te Pesquisas Ecol\u00f3gicas\"},\"image\":{\"@id\":\"https:\/\/ipe.org.br\/#\/schema\/logo\/image\/\"},\"sameAs\":[\"https:\/\/www.facebook.com\/ipe.instituto.pesquisas.ecologicas\",\"https:\/\/x.com\/InstitutoIPE\",\"https:\/\/www.instagram.com\/institutoipe\/\",\"https:\/\/www.linkedin.com\/company\/ip---instituto-de-pesquisas-ecolgicas\",\"https:\/\/www.youtube.com\/channel\/UCxsLeAueuL-eMIJy6qif9_g\/videos\"]}]}<\/script>\n<!-- \/ Yoast SEO plugin. -->","yoast_head_json":{"title":"Protected Areas Mosaic Project - IP\u00ca - Instituto de Pesquisas Ecol\u00f3gicas","robots":{"index":"index","follow":"follow","max-snippet":"max-snippet:-1","max-image-preview":"max-image-preview:large","max-video-preview":"max-video-preview:-1"},"canonical":"https:\/\/ipe.org.br\/en\/protected-areas-mosaic-project\/","og_locale":"en_US","og_type":"article","og_title":"Protected Areas Mosaic Project - IP\u00ca - Instituto de Pesquisas Ecol\u00f3gicas","og_description":"Protected Areas Mosaic Project Lower Rio Negro IP\u00ca was one of the organizations involved in the creation of the Mosaic of Protected Areas in the lower Negro River. It is necessary to integrate the management of the areas that are already physically connected, as well as to bring together their social actors, decreasing the situation ... Read more","og_url":"https:\/\/ipe.org.br\/en\/protected-areas-mosaic-project\/","og_site_name":"IP\u00ca - Instituto de Pesquisas Ecol\u00f3gicas","article_publisher":"https:\/\/www.facebook.com\/ipe.instituto.pesquisas.ecologicas","article_modified_time":"2023-12-18T20:18:02+00:00","og_image":[{"url":"http:\/\/ipe.org.br\/images\/2016\/10\/rionegro-projeto-mosaico.jpg"}],"twitter_card":"summary_large_image","twitter_site":"@InstitutoIPE","twitter_misc":{"Est. reading time":"3 minutes"},"schema":{"@context":"https:\/\/schema.org","@graph":[{"@type":"WebPage","@id":"https:\/\/ipe.org.br\/en\/protected-areas-mosaic-project\/","url":"https:\/\/ipe.org.br\/en\/protected-areas-mosaic-project\/","name":"Protected Areas Mosaic Project - IP\u00ca - Instituto de Pesquisas Ecol\u00f3gicas","isPartOf":{"@id":"https:\/\/ipe.org.br\/#website"},"primaryImageOfPage":{"@id":"https:\/\/ipe.org.br\/en\/protected-areas-mosaic-project\/#primaryimage"},"image":{"@id":"https:\/\/ipe.org.br\/en\/protected-areas-mosaic-project\/#primaryimage"},"thumbnailUrl":"http:\/\/ipe.org.br\/images\/2016\/10\/rionegro-projeto-mosaico.jpg","datePublished":"2022-12-29T18:35:51+00:00","dateModified":"2023-12-18T20:18:02+00:00","breadcrumb":{"@id":"https:\/\/ipe.org.br\/en\/protected-areas-mosaic-project\/#breadcrumb"},"inLanguage":"en-US","potentialAction":[{"@type":"ReadAction","target":["https:\/\/ipe.org.br\/en\/protected-areas-mosaic-project\/"]}]},{"@type":"ImageObject","inLanguage":"en-US","@id":"https:\/\/ipe.org.br\/en\/protected-areas-mosaic-project\/#primaryimage","url":"http:\/\/ipe.org.br\/images\/2016\/10\/rionegro-projeto-mosaico.jpg","contentUrl":"http:\/\/ipe.org.br\/images\/2016\/10\/rionegro-projeto-mosaico.jpg"},{"@type":"BreadcrumbList","@id":"https:\/\/ipe.org.br\/en\/protected-areas-mosaic-project\/#breadcrumb","itemListElement":[{"@type":"ListItem","position":1,"name":"In\u00edcio","item":"https:\/\/ipe.org.br\/en\/home-2\/"},{"@type":"ListItem","position":2,"name":"Protected Areas Mosaic Project"}]},{"@type":"WebSite","@id":"https:\/\/ipe.org.br\/#website","url":"https:\/\/ipe.org.br\/","name":"IP\u00ca - Instituto de Pesquisas Ecol\u00f3gicas","description":"Pesquisa, Educa\u00e7\u00e3o e Neg\u00f3cios Sustent\u00e1veis para a conserva\u00e7\u00e3o da biodiversidade brasileira.","publisher":{"@id":"https:\/\/ipe.org.br\/#organization"},"potentialAction":[{"@type":"SearchAction","target":{"@type":"EntryPoint","urlTemplate":"https:\/\/ipe.org.br\/?s={search_term_string}"},"query-input":"required name=search_term_string"}],"inLanguage":"en-US"},{"@type":"Organization","@id":"https:\/\/ipe.org.br\/#organization","name":"IP\u00ca - Instituto te Pesquisas Ecol\u00f3gicas","alternateName":"IP\u00ca - Instituto te Pesquisas Ecol\u00f3gicas","url":"https:\/\/ipe.org.br\/","logo":{"@type":"ImageObject","inLanguage":"en-US","@id":"https:\/\/ipe.org.br\/#\/schema\/logo\/image\/","url":"https:\/\/ipe.org.br\/images\/2022\/12\/cropped-logo-ipe2.jpg","contentUrl":"https:\/\/ipe.org.br\/images\/2022\/12\/cropped-logo-ipe2.jpg","width":900,"height":900,"caption":"IP\u00ca - Instituto te Pesquisas Ecol\u00f3gicas"},"image":{"@id":"https:\/\/ipe.org.br\/#\/schema\/logo\/image\/"},"sameAs":["https:\/\/www.facebook.com\/ipe.instituto.pesquisas.ecologicas","https:\/\/x.com\/InstitutoIPE","https:\/\/www.instagram.com\/institutoipe\/","https:\/\/www.linkedin.com\/company\/ip---instituto-de-pesquisas-ecolgicas","https:\/\/www.youtube.com\/channel\/UCxsLeAueuL-eMIJy6qif9_g\/videos"]}]}},"_links":{"self":[{"href":"https:\/\/ipe.org.br\/en\/wp-json\/wp\/v2\/pages\/13643","targetHints":{"allow":["GET"]}}],"collection":[{"href":"https:\/\/ipe.org.br\/en\/wp-json\/wp\/v2\/pages"}],"about":[{"href":"https:\/\/ipe.org.br\/en\/wp-json\/wp\/v2\/types\/page"}],"author":[{"embeddable":true,"href":"https:\/\/ipe.org.br\/en\/wp-json\/wp\/v2\/users\/1"}],"replies":[{"embeddable":true,"href":"https:\/\/ipe.org.br\/en\/wp-json\/wp\/v2\/comments?post=13643"}],"version-history":[{"count":14,"href":"https:\/\/ipe.org.br\/en\/wp-json\/wp\/v2\/pages\/13643\/revisions"}],"predecessor-version":[{"id":13659,"href":"https:\/\/ipe.org.br\/en\/wp-json\/wp\/v2\/pages\/13643\/revisions\/13659"}],"wp:attachment":[{"href":"https:\/\/ipe.org.br\/en\/wp-json\/wp\/v2\/media?parent=13643"}],"curies":[{"name":"wp","href":"https:\/\/api.w.org\/{rel}","templated":true}]}}