{"id":13632,"date":"2022-12-29T15:00:59","date_gmt":"2022-12-29T18:00:59","guid":{"rendered":"https:\/\/ipe.org.br\/navigating-education-in-the-amazon\/"},"modified":"2023-12-18T15:56:58","modified_gmt":"2023-12-18T18:56:58","slug":"navigating-education-in-the-amazon","status":"publish","type":"page","link":"https:\/\/ipe.org.br\/en\/navigating-education-in-the-amazon\/","title":{"rendered":"Navigating Education in the Amazon"},"content":{"rendered":"\t\t<div data-elementor-type=\"wp-page\" data-elementor-id=\"13632\" class=\"elementor elementor-13632 elementor-6969\" data-elementor-post-type=\"page\">\n\t\t\t\t\t\t<section class=\"has_ma_el_bg_slider elementor-section elementor-top-section elementor-element elementor-element-838b51b elementor-section-height-min-height elementor-section-boxed elementor-section-height-default elementor-section-items-middle\" data-id=\"838b51b\" data-element_type=\"section\" data-settings=\"{&quot;background_background&quot;:&quot;classic&quot;}\">\n\t\t\t\t\t\t\t<div class=\"elementor-background-overlay\"><\/div>\n\t\t\t\t\t\t\t<div class=\"elementor-container elementor-column-gap-default\">\n\t\t\t\t\t<div class=\"has_ma_el_bg_slider elementor-column elementor-col-100 elementor-top-column elementor-element elementor-element-a551f5d jltma-glass-effect-no\" data-id=\"a551f5d\" data-element_type=\"column\">\n\t\t\t<div class=\"elementor-widget-wrap elementor-element-populated\">\n\t\t\t\t\t\t<div class=\"elementor-element elementor-element-73e172a jltma-glass-effect-no elementor-invisible elementor-widget elementor-widget-heading\" data-id=\"73e172a\" data-element_type=\"widget\" data-settings=\"{&quot;_animation&quot;:&quot;fadeIn&quot;}\" data-widget_type=\"heading.default\">\n\t\t\t\t<div class=\"elementor-widget-container\">\n\t\t\t<h1 class=\"elementor-heading-title elementor-size-default\">Navigating Education in the Amazon<\/h1>\t\t<\/div>\n\t\t\t\t<\/div>\n\t\t\t\t<div class=\"elementor-element elementor-element-929d681 jltma-glass-effect-no elementor-invisible elementor-widget elementor-widget-heading\" data-id=\"929d681\" data-element_type=\"widget\" data-settings=\"{&quot;_animation&quot;:&quot;fadeIn&quot;}\" data-widget_type=\"heading.default\">\n\t\t\t\t<div class=\"elementor-widget-container\">\n\t\t\t<h1 class=\"elementor-heading-title elementor-size-default\"><a href=\"https:\/\/ipe.org.br\/?page_id=6850\">Lower Rio Negro<\/a><\/h1>\t\t<\/div>\n\t\t\t\t<\/div>\n\t\t\t\t\t<\/div>\n\t\t<\/div>\n\t\t\t\t\t<\/div>\n\t\t<\/section>\n\t\t\t\t<section class=\"has_ma_el_bg_slider elementor-section elementor-top-section elementor-element elementor-element-f5fc10e elementor-section-height-min-height elementor-section-boxed elementor-section-height-default elementor-section-items-middle jltma-glass-effect-no\" data-id=\"f5fc10e\" data-element_type=\"section\" data-settings=\"{&quot;background_background&quot;:&quot;classic&quot;}\">\n\t\t\t\t\t\t<div class=\"elementor-container elementor-column-gap-default\">\n\t\t\t\t\t<div class=\"has_ma_el_bg_slider elementor-column elementor-col-100 elementor-top-column elementor-element elementor-element-4c94a3f jltma-glass-effect-no\" data-id=\"4c94a3f\" data-element_type=\"column\">\n\t\t\t<div class=\"elementor-widget-wrap elementor-element-populated\">\n\t\t\t\t\t\t<div class=\"elementor-element elementor-element-ed2bd26 jltma-glass-effect-no elementor-widget elementor-widget-image\" data-id=\"ed2bd26\" data-element_type=\"widget\" data-widget_type=\"image.default\">\n\t\t\t\t<div class=\"elementor-widget-container\">\n\t\t\t\t\t\t\t\t\t\t\t\t\t<img fetchpriority=\"high\" decoding=\"async\" width=\"724\" height=\"480\" src=\"https:\/\/ipe.org.br\/images\/2022\/03\/BARCO-MAIRA_preview.jpeg\" class=\"attachment-large size-large wp-image-4934\" alt=\"\" srcset=\"https:\/\/ipe.org.br\/images\/2022\/03\/BARCO-MAIRA_preview.jpeg 724w, https:\/\/ipe.org.br\/images\/2022\/03\/BARCO-MAIRA_preview-300x199.jpeg 300w\" sizes=\"(max-width: 724px) 100vw, 724px\" \/>\t\t\t\t\t\t\t\t\t\t\t\t\t<\/div>\n\t\t\t\t<\/div>\n\t\t\t\t<div class=\"elementor-element elementor-element-4ae83be jltma-glass-effect-no elementor-invisible elementor-widget elementor-widget-text-editor\" data-id=\"4ae83be\" data-element_type=\"widget\" data-settings=\"{&quot;_animation&quot;:&quot;fadeIn&quot;}\" data-widget_type=\"text-editor.default\">\n\t\t\t\t<div class=\"elementor-widget-container\">\n\t\t\t\t\t\t\t<p><style>\na{color:#34a853}<br\/><\/style>The Ma\u00edra I boat goes around the communities integrating them and promoting socio-environmental activities.<\/p><p>To carry out the project, IP\u00ca has a boat, the &#8220;Ma\u00edra I&#8221;, which is an essential means of transport to reach the riverside communities, since access to the region is exclusively by river. The boat travels along the lower Rio Negro to the localities, promoting training, supporting community organization and educational activities. The boat has accommodation for 16 people in cabins and 10 in hammocks.<\/p><p>The &#8220;Ma\u00edra I&#8221; was donated to IP\u00ca by the Martins Group at the end of 2003. This business group, based in Uberl\u00e2ndia (MG), operates in the wholesale market. In addition to its business objectives, the Martins Group supports socio-environmental conservation projects in various regions of Brazil.<\/p>\t\t\t\t\t\t<\/div>\n\t\t\t\t<\/div>\n\t\t\t\t\t<\/div>\n\t\t<\/div>\n\t\t\t\t\t<\/div>\n\t\t<\/section>\n\t\t\t\t<section class=\"has_ma_el_bg_slider elementor-section elementor-top-section elementor-element elementor-element-992f767 elementor-section-height-min-height elementor-section-boxed elementor-section-height-default elementor-section-items-middle jltma-glass-effect-no\" data-id=\"992f767\" data-element_type=\"section\" data-settings=\"{&quot;background_background&quot;:&quot;classic&quot;}\">\n\t\t\t\t\t\t<div class=\"elementor-container elementor-column-gap-default\">\n\t\t\t\t\t<div class=\"has_ma_el_bg_slider elementor-column elementor-col-100 elementor-top-column elementor-element elementor-element-4228793 jltma-glass-effect-no\" data-id=\"4228793\" data-element_type=\"column\">\n\t\t\t<div class=\"elementor-widget-wrap elementor-element-populated\">\n\t\t\t\t\t\t<div class=\"elementor-element elementor-element-ba1676c jltma-glass-effect-no elementor-widget elementor-widget-ma-advanced-accordion\" data-id=\"ba1676c\" data-element_type=\"widget\" data-settings=\"{&quot;accordion_type&quot;:&quot;accordion&quot;,&quot;toggle_speed&quot;:300}\" data-widget_type=\"ma-advanced-accordion.default\">\n\t\t\t\t<div class=\"elementor-widget-container\">\n\t\t\t\n\t\t<div class=\"jltma-advanced-accordion\" id=\"jltma-advanced-accordion-ba1676c\" data-accordion-id=\"ba1676c\" data-accordion-id=\"ba1676c\">\n\t\t\t<div class=\"ma-accordion-wrap ma-accordion-icon-align- ma-accordion-ba1676c\">\n\n\t\t\t\t\n\t\t\t\t\t<div class=\"jltma-accordion-item elementor-repeater-item-895a332 \">\n\t\t\t\t\t\t<div id=\"jltma-accordion-tab-title-1951\" class=\"jltma-accordion-tab-title jltma-accordion-header\" tabindex=\"1951\" data-tab=\"1\" role=\"tab\" aria-controls=\"jltma-accordion-tab-content-1951\">\n\t\t\t\t\t\t\t<div class=\"jltma-accordion-title-icon\">\n\n\t\t\t\t\t\t\t\t\n\t\t\t\t\t\t\t\t<div class=\"jltma-accordion-title-text\">\n\t\t\t\t\t\t\t\t\tTeam\t\t\t\t\t\t\t\t<\/div>\n\t\t\t\t\t\t\t<\/div>\n\n\t\t\t\t\t\t\t\n\t\t\t\t\t\t<\/div>\n\n\t\t\t\t\t\t<div id=\"jltma-accordion-tab-content-1951\" class=\"jltma-accordion-tab-content\" data-tab=\"1\" role=\"tabpanel\" aria-labelledby=\"jltma-accordion-tab-title-1951\">\n\t\t\t\t\t\t\t<ul><li>Marco Antonio Vaz de Lima<br \/><a href=\"mailto:marcoantonio@ipe.org.br\" data-itemid=\"101\">marcoantonio@ipe.org.br<\/a><\/li><li>Nailza Pereira de Sousa<br \/><a href=\"mailto:nailza@ipe.org.br\" data-itemid=\"101\">nailza@ipe.org.br<\/a><\/li><li>Eduardo Badialli<br \/><a href=\"mailto:edubadi@ipe.org.br\" data-itemid=\"101\">edubadi@ipe.org.br<\/a><\/li><\/ul>\t\t\t\t\t\t<\/div>\n\n\t\t\t\t\t<\/div>\n\t\t\t\t\n\t\t\t\t\t<div class=\"jltma-accordion-item elementor-repeater-item-db5984a \">\n\t\t\t\t\t\t<div id=\"jltma-accordion-tab-title-1952\" class=\"jltma-accordion-tab-title jltma-accordion-header\" tabindex=\"1952\" data-tab=\"2\" role=\"tab\" aria-controls=\"jltma-accordion-tab-content-1952\">\n\t\t\t\t\t\t\t<div class=\"jltma-accordion-title-icon\">\n\n\t\t\t\t\t\t\t\t\n\t\t\t\t\t\t\t\t<div class=\"jltma-accordion-title-text\">\n\t\t\t\t\t\t\t\t\tsupport\t\t\t\t\t\t\t\t<\/div>\n\t\t\t\t\t\t\t<\/div>\n\n\t\t\t\t\t\t\t\n\t\t\t\t\t\t<\/div>\n\n\t\t\t\t\t\t<div id=\"jltma-accordion-tab-content-1952\" class=\"jltma-accordion-tab-content\" data-tab=\"2\" role=\"tabpanel\" aria-labelledby=\"jltma-accordion-tab-title-1952\">\n\t\t\t\t\t\t\t<p>Grupo Martins<\/p>\t\t\t\t\t\t<\/div>\n\n\t\t\t\t\t<\/div>\n\t\t\t\t\t\t\t<\/div>\n\t\t<\/div>\n\t\t<\/div>\n\t\t\t\t<\/div>\n\t\t\t\t\t<\/div>\n\t\t<\/div>\n\t\t\t\t\t<\/div>\n\t\t<\/section>\n\t\t\t\t<section class=\"has_ma_el_bg_slider elementor-section elementor-top-section elementor-element elementor-element-8ea96a1 elementor-section-height-min-height elementor-section-boxed elementor-section-height-default elementor-section-items-middle jltma-glass-effect-no\" data-id=\"8ea96a1\" data-element_type=\"section\" data-settings=\"{&quot;background_background&quot;:&quot;classic&quot;}\">\n\t\t\t\t\t\t<div class=\"elementor-container elementor-column-gap-default\">\n\t\t\t\t\t<div class=\"has_ma_el_bg_slider elementor-column elementor-col-100 elementor-top-column elementor-element elementor-element-0ad1198 jltma-glass-effect-no\" data-id=\"0ad1198\" data-element_type=\"column\">\n\t\t\t<div class=\"elementor-widget-wrap elementor-element-populated\">\n\t\t\t\t\t\t<div class=\"elementor-element elementor-element-4fb0b59 jltma-navigation-type-arrows jltma-carousel-style-carousel jltma-glass-effect-no elementor-widget elementor-widget-ma-image-carousel\" data-id=\"4fb0b59\" data-element_type=\"widget\" data-settings=\"{&quot;autoheight&quot;:&quot;yes&quot;,&quot;item_gap&quot;:{&quot;unit&quot;:&quot;px&quot;,&quot;size&quot;:35,&quot;sizes&quot;:[]}}\" data-widget_type=\"ma-image-carousel.default\">\n\t\t\t\t<div class=\"elementor-widget-container\">\n\t\t\t\t\t<div id=\"jltma-image-carousel-4fb0b59\" class=\"jltma-arrows-align-center jltma-image-carousel-slider\" data-settings=\"{&quot;autoplay&quot;:{&quot;delay&quot;:5000},&quot;loop&quot;:true,&quot;speed&quot;:500,&quot;slidesPerView&quot;:1,&quot;slidesPerGroup&quot;:1,&quot;spaceBetween&quot;:35,&quot;centeredSlides&quot;:true,&quot;effect&quot;:&quot;carousel&quot;,&quot;breakpoints&quot;:{&quot;767&quot;:{&quot;slidesPerView&quot;:1,&quot;spaceBetween&quot;:35,&quot;slidesPerGroup&quot;:1},&quot;1023&quot;:{&quot;slidesPerView&quot;:2,&quot;spaceBetween&quot;:35,&quot;slidesPerGroup&quot;:1}},&quot;navigation&quot;:{&quot;nextEl&quot;:&quot;#jltma-image-carousel-4fb0b59 .jltma-arrow--next&quot;,&quot;prevEl&quot;:&quot;#jltma-image-carousel-4fb0b59 .jltma-arrow--prev&quot;},&quot;pagination&quot;:{&quot;el&quot;:&quot;#jltma-image-carousel-4fb0b59 .swiper-pagination&quot;,&quot;type&quot;:&quot;&quot;,&quot;clickable&quot;:&quot;true&quot;,&quot;dynamicBullets&quot;:false},&quot;scrollbar&quot;:{&quot;el&quot;:&quot;#jltma-image-carousel-4fb0b59 .swiper-scrollbar&quot;,&quot;hide&quot;:&quot;true&quot;},&quot;coverflowEffect&quot;:{&quot;rotate&quot;:50,&quot;stretch&quot;:0,&quot;depth&quot;:100,&quot;modifier&quot;:1,&quot;slideShadows&quot;:true}}\">\n\t\t\t<div class=\"jltma-image-carousel-wrapper jltma-carousel jltma-swiper jltma-swiper__container swiper-container elementor-jltma-element-4fb0b59-13632\" data-image-carousel-template-widget-id=\"4fb0b59-13632\">\n\t\t\t\t<div class=\"jltma-image-carousel jltma-swiper__wrapper swiper-wrapper\">\n\n\t\t\t\t\t\t\t\t\t\t\t\t<div class=\"jltma-slider__item jltma-swiper__slide swiper-slide\">\n\n\t\t\t\t\t\t\t\t<figure class=\"jltma-image-carousel-figure\">\n\n\t\t\t\t\t\t\t\t\t<img decoding=\"async\" width=\"750\" height=\"500\" src=\"https:\/\/ipe.org.br\/images\/2022\/12\/maira1-2.jpg\" class=\"jltma-carousel-img elementor-animation-\" alt=\"\" srcset=\"https:\/\/ipe.org.br\/images\/2022\/12\/maira1-2.jpg 750w, https:\/\/ipe.org.br\/images\/2022\/12\/maira1-2-300x200.jpg 300w\" sizes=\"(max-width: 750px) 100vw, 750px\" \/>\t\t\t\t\t\t\t\t<\/figure>\n\n\t\t\t\t\t\t\t<\/div>\n\n\t\t\t\t\t\t\t\t\t\t\t\t<div class=\"jltma-slider__item jltma-swiper__slide swiper-slide\">\n\n\t\t\t\t\t\t\t\t<figure class=\"jltma-image-carousel-figure\">\n\n\t\t\t\t\t\t\t\t\t<img decoding=\"async\" width=\"750\" height=\"500\" src=\"https:\/\/ipe.org.br\/images\/2022\/12\/maira2-2.jpg\" class=\"jltma-carousel-img elementor-animation-\" alt=\"\" srcset=\"https:\/\/ipe.org.br\/images\/2022\/12\/maira2-2.jpg 750w, https:\/\/ipe.org.br\/images\/2022\/12\/maira2-2-300x200.jpg 300w\" sizes=\"(max-width: 750px) 100vw, 750px\" \/>\t\t\t\t\t\t\t\t<\/figure>\n\n\t\t\t\t\t\t\t<\/div>\n\n\t\t\t\t\t\t\t\t\t\t\t\t<div class=\"jltma-slider__item jltma-swiper__slide swiper-slide\">\n\n\t\t\t\t\t\t\t\t<figure class=\"jltma-image-carousel-figure\">\n\n\t\t\t\t\t\t\t\t\t<img loading=\"lazy\" decoding=\"async\" width=\"750\" height=\"500\" src=\"https:\/\/ipe.org.br\/images\/2022\/12\/maira3-2.jpg\" class=\"jltma-carousel-img elementor-animation-\" alt=\"\" srcset=\"https:\/\/ipe.org.br\/images\/2022\/12\/maira3-2.jpg 750w, https:\/\/ipe.org.br\/images\/2022\/12\/maira3-2-300x200.jpg 300w\" sizes=\"(max-width: 750px) 100vw, 750px\" \/>\t\t\t\t\t\t\t\t<\/figure>\n\n\t\t\t\t\t\t\t<\/div>\n\n\t\t\t\t\t\t\t\t\t\t\t\t<div class=\"jltma-slider__item jltma-swiper__slide swiper-slide\">\n\n\t\t\t\t\t\t\t\t<figure class=\"jltma-image-carousel-figure\">\n\n\t\t\t\t\t\t\t\t\t<img loading=\"lazy\" decoding=\"async\" width=\"750\" height=\"500\" src=\"https:\/\/ipe.org.br\/images\/2022\/12\/maira4-2.jpg\" class=\"jltma-carousel-img elementor-animation-\" alt=\"\" srcset=\"https:\/\/ipe.org.br\/images\/2022\/12\/maira4-2.jpg 750w, https:\/\/ipe.org.br\/images\/2022\/12\/maira4-2-300x200.jpg 300w\" sizes=\"(max-width: 750px) 100vw, 750px\" \/>\t\t\t\t\t\t\t\t<\/figure>\n\n\t\t\t\t\t\t\t<\/div>\n\n\t\t\t\t\t\n\t\t\t\t<\/div> <!-- swiper-wrapper -->\n\n\t\t\t<\/div>\n\t\t\t<!--\/.ma-image-carousel-->\n\n\n\t\t\t        <div class=\"jltma-arrows jltma-swiper__navigation jltma-swiper__navigation--inside jltma-swiper__navigation--center jltma-swiper__pagination jltma-swiper__pagination--arrows jltma-position-z-index jltma-swiper__pagination-4fb0b59 jltma-visible-mobile\" id=\"jltma-arrows-4fb0b59\">\n                                    <div class=\"jltma-swiper__button jltma-swiper__button--prev jltma-arrow jltma-arrow--prev jltma-swiper__button--prev-4fb0b59\">\n            <i class=\"eicon-chevron-left\"><\/i>\n        <\/div>\n        <div class=\"jltma-swiper__button jltma-swiper__button--next jltma-arrow jltma-arrow--next jltma-swiper__button--next-4fb0b59\">\n            <i class=\"eicon-chevron-right\"><\/i>\n        <\/div>\n                            <\/div>\n\n    \n\t\t\t\t\t\t\t<div class=\"swiper-scrollbar\"><\/div>\n\t\t\t\n\n\t\t<\/div>\n\t\t<!--\/.carousel-attribute-->\n\t\t<\/div>\n\t\t\t\t<\/div>\n\t\t\t\t\t<\/div>\n\t\t<\/div>\n\t\t\t\t\t<\/div>\n\t\t<\/section>\n\t\t\t\t<\/div>\n\t\t","protected":false},"excerpt":{"rendered":"<p>Navigating Education in the Amazon Lower Rio Negro The Ma\u00edra I boat goes around the communities integrating them and promoting socio-environmental activities. To carry out the project, IP\u00ca has a boat, the &#8220;Ma\u00edra I&#8221;, which is an essential means of transport to reach the riverside communities, since access to the region is exclusively by river. &#8230; <a title=\"Navigating Education in the Amazon\" class=\"read-more\" href=\"https:\/\/ipe.org.br\/en\/navigating-education-in-the-amazon\/\" aria-label=\"Read more about Navigating Education in the Amazon\">Read more<\/a><\/p>\n","protected":false},"author":1,"featured_media":0,"parent":0,"menu_order":0,"comment_status":"closed","ping_status":"closed","template":"elementor_header_footer","meta":{"_acf_changed":false,"footnotes":""},"class_list":["post-13632","page","type-page","status-publish"],"acf":[],"yoast_head":"<!-- This site is optimized with the Yoast SEO plugin v23.0 - https:\/\/yoast.com\/wordpress\/plugins\/seo\/ -->\n<title>Navigating Education in the Amazon - IP\u00ca - Instituto de Pesquisas Ecol\u00f3gicas<\/title>\n<meta name=\"robots\" content=\"index, follow, max-snippet:-1, max-image-preview:large, max-video-preview:-1\" \/>\n<link rel=\"canonical\" href=\"https:\/\/ipe.org.br\/en\/navigating-education-in-the-amazon\/\" \/>\n<meta property=\"og:locale\" content=\"en_US\" \/>\n<meta property=\"og:type\" content=\"article\" \/>\n<meta property=\"og:title\" content=\"Navigating Education in the Amazon - IP\u00ca - Instituto de Pesquisas Ecol\u00f3gicas\" \/>\n<meta property=\"og:description\" content=\"Navigating Education in the Amazon Lower Rio Negro The Ma\u00edra I boat goes around the communities integrating them and promoting socio-environmental activities. To carry out the project, IP\u00ca has a boat, the &#8220;Ma\u00edra I&#8221;, which is an essential means of transport to reach the riverside communities, since access to the region is exclusively by river. ... Read more\" \/>\n<meta property=\"og:url\" content=\"https:\/\/ipe.org.br\/en\/navigating-education-in-the-amazon\/\" \/>\n<meta property=\"og:site_name\" content=\"IP\u00ca - Instituto de Pesquisas Ecol\u00f3gicas\" \/>\n<meta property=\"article:publisher\" content=\"https:\/\/www.facebook.com\/ipe.instituto.pesquisas.ecologicas\" \/>\n<meta property=\"article:modified_time\" content=\"2023-12-18T18:56:58+00:00\" \/>\n<meta property=\"og:image\" content=\"http:\/\/ipe.org.br\/images\/2022\/03\/BARCO-MAIRA_preview.jpeg\" \/>\n<meta name=\"twitter:card\" content=\"summary_large_image\" \/>\n<meta name=\"twitter:site\" content=\"@InstitutoIPE\" \/>\n<meta name=\"twitter:label1\" content=\"Est. reading time\" \/>\n\t<meta name=\"twitter:data1\" content=\"3 minutes\" \/>\n<script type=\"application\/ld+json\" class=\"yoast-schema-graph\">{\"@context\":\"https:\/\/schema.org\",\"@graph\":[{\"@type\":\"WebPage\",\"@id\":\"https:\/\/ipe.org.br\/en\/navigating-education-in-the-amazon\/\",\"url\":\"https:\/\/ipe.org.br\/en\/navigating-education-in-the-amazon\/\",\"name\":\"Navigating Education in the Amazon - IP\u00ca - Instituto de Pesquisas Ecol\u00f3gicas\",\"isPartOf\":{\"@id\":\"https:\/\/ipe.org.br\/#website\"},\"primaryImageOfPage\":{\"@id\":\"https:\/\/ipe.org.br\/en\/navigating-education-in-the-amazon\/#primaryimage\"},\"image\":{\"@id\":\"https:\/\/ipe.org.br\/en\/navigating-education-in-the-amazon\/#primaryimage\"},\"thumbnailUrl\":\"http:\/\/ipe.org.br\/images\/2022\/03\/BARCO-MAIRA_preview.jpeg\",\"datePublished\":\"2022-12-29T18:00:59+00:00\",\"dateModified\":\"2023-12-18T18:56:58+00:00\",\"breadcrumb\":{\"@id\":\"https:\/\/ipe.org.br\/en\/navigating-education-in-the-amazon\/#breadcrumb\"},\"inLanguage\":\"en-US\",\"potentialAction\":[{\"@type\":\"ReadAction\",\"target\":[\"https:\/\/ipe.org.br\/en\/navigating-education-in-the-amazon\/\"]}]},{\"@type\":\"ImageObject\",\"inLanguage\":\"en-US\",\"@id\":\"https:\/\/ipe.org.br\/en\/navigating-education-in-the-amazon\/#primaryimage\",\"url\":\"http:\/\/ipe.org.br\/images\/2022\/03\/BARCO-MAIRA_preview.jpeg\",\"contentUrl\":\"http:\/\/ipe.org.br\/images\/2022\/03\/BARCO-MAIRA_preview.jpeg\"},{\"@type\":\"BreadcrumbList\",\"@id\":\"https:\/\/ipe.org.br\/en\/navigating-education-in-the-amazon\/#breadcrumb\",\"itemListElement\":[{\"@type\":\"ListItem\",\"position\":1,\"name\":\"In\u00edcio\",\"item\":\"https:\/\/ipe.org.br\/en\/home-2\/\"},{\"@type\":\"ListItem\",\"position\":2,\"name\":\"Navigating Education in the Amazon\"}]},{\"@type\":\"WebSite\",\"@id\":\"https:\/\/ipe.org.br\/#website\",\"url\":\"https:\/\/ipe.org.br\/\",\"name\":\"IP\u00ca - Instituto de Pesquisas Ecol\u00f3gicas\",\"description\":\"Pesquisa, Educa\u00e7\u00e3o e Neg\u00f3cios Sustent\u00e1veis para a conserva\u00e7\u00e3o da biodiversidade brasileira.\",\"publisher\":{\"@id\":\"https:\/\/ipe.org.br\/#organization\"},\"potentialAction\":[{\"@type\":\"SearchAction\",\"target\":{\"@type\":\"EntryPoint\",\"urlTemplate\":\"https:\/\/ipe.org.br\/?s={search_term_string}\"},\"query-input\":\"required name=search_term_string\"}],\"inLanguage\":\"en-US\"},{\"@type\":\"Organization\",\"@id\":\"https:\/\/ipe.org.br\/#organization\",\"name\":\"IP\u00ca - Instituto te Pesquisas Ecol\u00f3gicas\",\"alternateName\":\"IP\u00ca - Instituto te Pesquisas Ecol\u00f3gicas\",\"url\":\"https:\/\/ipe.org.br\/\",\"logo\":{\"@type\":\"ImageObject\",\"inLanguage\":\"en-US\",\"@id\":\"https:\/\/ipe.org.br\/#\/schema\/logo\/image\/\",\"url\":\"https:\/\/ipe.org.br\/images\/2022\/12\/cropped-logo-ipe2.jpg\",\"contentUrl\":\"https:\/\/ipe.org.br\/images\/2022\/12\/cropped-logo-ipe2.jpg\",\"width\":900,\"height\":900,\"caption\":\"IP\u00ca - Instituto te Pesquisas Ecol\u00f3gicas\"},\"image\":{\"@id\":\"https:\/\/ipe.org.br\/#\/schema\/logo\/image\/\"},\"sameAs\":[\"https:\/\/www.facebook.com\/ipe.instituto.pesquisas.ecologicas\",\"https:\/\/x.com\/InstitutoIPE\",\"https:\/\/www.instagram.com\/institutoipe\/\",\"https:\/\/www.linkedin.com\/company\/ip---instituto-de-pesquisas-ecolgicas\",\"https:\/\/www.youtube.com\/channel\/UCxsLeAueuL-eMIJy6qif9_g\/videos\"]}]}<\/script>\n<!-- \/ Yoast SEO plugin. -->","yoast_head_json":{"title":"Navigating Education in the Amazon - IP\u00ca - Instituto de Pesquisas Ecol\u00f3gicas","robots":{"index":"index","follow":"follow","max-snippet":"max-snippet:-1","max-image-preview":"max-image-preview:large","max-video-preview":"max-video-preview:-1"},"canonical":"https:\/\/ipe.org.br\/en\/navigating-education-in-the-amazon\/","og_locale":"en_US","og_type":"article","og_title":"Navigating Education in the Amazon - IP\u00ca - Instituto de Pesquisas Ecol\u00f3gicas","og_description":"Navigating Education in the Amazon Lower Rio Negro The Ma\u00edra I boat goes around the communities integrating them and promoting socio-environmental activities. To carry out the project, IP\u00ca has a boat, the &#8220;Ma\u00edra I&#8221;, which is an essential means of transport to reach the riverside communities, since access to the region is exclusively by river. ... Read more","og_url":"https:\/\/ipe.org.br\/en\/navigating-education-in-the-amazon\/","og_site_name":"IP\u00ca - Instituto de Pesquisas Ecol\u00f3gicas","article_publisher":"https:\/\/www.facebook.com\/ipe.instituto.pesquisas.ecologicas","article_modified_time":"2023-12-18T18:56:58+00:00","og_image":[{"url":"http:\/\/ipe.org.br\/images\/2022\/03\/BARCO-MAIRA_preview.jpeg"}],"twitter_card":"summary_large_image","twitter_site":"@InstitutoIPE","twitter_misc":{"Est. reading time":"3 minutes"},"schema":{"@context":"https:\/\/schema.org","@graph":[{"@type":"WebPage","@id":"https:\/\/ipe.org.br\/en\/navigating-education-in-the-amazon\/","url":"https:\/\/ipe.org.br\/en\/navigating-education-in-the-amazon\/","name":"Navigating Education in the Amazon - IP\u00ca - Instituto de Pesquisas Ecol\u00f3gicas","isPartOf":{"@id":"https:\/\/ipe.org.br\/#website"},"primaryImageOfPage":{"@id":"https:\/\/ipe.org.br\/en\/navigating-education-in-the-amazon\/#primaryimage"},"image":{"@id":"https:\/\/ipe.org.br\/en\/navigating-education-in-the-amazon\/#primaryimage"},"thumbnailUrl":"http:\/\/ipe.org.br\/images\/2022\/03\/BARCO-MAIRA_preview.jpeg","datePublished":"2022-12-29T18:00:59+00:00","dateModified":"2023-12-18T18:56:58+00:00","breadcrumb":{"@id":"https:\/\/ipe.org.br\/en\/navigating-education-in-the-amazon\/#breadcrumb"},"inLanguage":"en-US","potentialAction":[{"@type":"ReadAction","target":["https:\/\/ipe.org.br\/en\/navigating-education-in-the-amazon\/"]}]},{"@type":"ImageObject","inLanguage":"en-US","@id":"https:\/\/ipe.org.br\/en\/navigating-education-in-the-amazon\/#primaryimage","url":"http:\/\/ipe.org.br\/images\/2022\/03\/BARCO-MAIRA_preview.jpeg","contentUrl":"http:\/\/ipe.org.br\/images\/2022\/03\/BARCO-MAIRA_preview.jpeg"},{"@type":"BreadcrumbList","@id":"https:\/\/ipe.org.br\/en\/navigating-education-in-the-amazon\/#breadcrumb","itemListElement":[{"@type":"ListItem","position":1,"name":"In\u00edcio","item":"https:\/\/ipe.org.br\/en\/home-2\/"},{"@type":"ListItem","position":2,"name":"Navigating Education in the Amazon"}]},{"@type":"WebSite","@id":"https:\/\/ipe.org.br\/#website","url":"https:\/\/ipe.org.br\/","name":"IP\u00ca - Instituto de Pesquisas Ecol\u00f3gicas","description":"Pesquisa, Educa\u00e7\u00e3o e Neg\u00f3cios Sustent\u00e1veis para a conserva\u00e7\u00e3o da biodiversidade brasileira.","publisher":{"@id":"https:\/\/ipe.org.br\/#organization"},"potentialAction":[{"@type":"SearchAction","target":{"@type":"EntryPoint","urlTemplate":"https:\/\/ipe.org.br\/?s={search_term_string}"},"query-input":"required name=search_term_string"}],"inLanguage":"en-US"},{"@type":"Organization","@id":"https:\/\/ipe.org.br\/#organization","name":"IP\u00ca - Instituto te Pesquisas Ecol\u00f3gicas","alternateName":"IP\u00ca - Instituto te Pesquisas Ecol\u00f3gicas","url":"https:\/\/ipe.org.br\/","logo":{"@type":"ImageObject","inLanguage":"en-US","@id":"https:\/\/ipe.org.br\/#\/schema\/logo\/image\/","url":"https:\/\/ipe.org.br\/images\/2022\/12\/cropped-logo-ipe2.jpg","contentUrl":"https:\/\/ipe.org.br\/images\/2022\/12\/cropped-logo-ipe2.jpg","width":900,"height":900,"caption":"IP\u00ca - Instituto te Pesquisas Ecol\u00f3gicas"},"image":{"@id":"https:\/\/ipe.org.br\/#\/schema\/logo\/image\/"},"sameAs":["https:\/\/www.facebook.com\/ipe.instituto.pesquisas.ecologicas","https:\/\/x.com\/InstitutoIPE","https:\/\/www.instagram.com\/institutoipe\/","https:\/\/www.linkedin.com\/company\/ip---instituto-de-pesquisas-ecolgicas","https:\/\/www.youtube.com\/channel\/UCxsLeAueuL-eMIJy6qif9_g\/videos"]}]}},"_links":{"self":[{"href":"https:\/\/ipe.org.br\/en\/wp-json\/wp\/v2\/pages\/13632","targetHints":{"allow":["GET"]}}],"collection":[{"href":"https:\/\/ipe.org.br\/en\/wp-json\/wp\/v2\/pages"}],"about":[{"href":"https:\/\/ipe.org.br\/en\/wp-json\/wp\/v2\/types\/page"}],"author":[{"embeddable":true,"href":"https:\/\/ipe.org.br\/en\/wp-json\/wp\/v2\/users\/1"}],"replies":[{"embeddable":true,"href":"https:\/\/ipe.org.br\/en\/wp-json\/wp\/v2\/comments?post=13632"}],"version-history":[{"count":5,"href":"https:\/\/ipe.org.br\/en\/wp-json\/wp\/v2\/pages\/13632\/revisions"}],"predecessor-version":[{"id":13642,"href":"https:\/\/ipe.org.br\/en\/wp-json\/wp\/v2\/pages\/13632\/revisions\/13642"}],"wp:attachment":[{"href":"https:\/\/ipe.org.br\/en\/wp-json\/wp\/v2\/media?parent=13632"}],"curies":[{"name":"wp","href":"https:\/\/api.w.org\/{rel}","templated":true}]}}