{"id":13267,"date":"2022-12-30T10:53:27","date_gmt":"2022-12-30T13:53:27","guid":{"rendered":"https:\/\/ipe.org.br\/projeto-ar-corredores-de-vida-carbono\/"},"modified":"2023-11-29T18:12:12","modified_gmt":"2023-11-29T21:12:12","slug":"projeto-ar-corredores-de-vida-carbono","status":"publish","type":"page","link":"https:\/\/ipe.org.br\/en\/projeto-ar-corredores-de-vida-carbono\/","title":{"rendered":"AR Corridors of Life (Carbon) Project"},"content":{"rendered":"\t\t<div data-elementor-type=\"wp-page\" data-elementor-id=\"13267\" class=\"elementor elementor-13267 elementor-7408\" data-elementor-post-type=\"page\">\n\t\t\t\t\t\t<section class=\"has_ma_el_bg_slider elementor-section elementor-top-section elementor-element elementor-element-838b51b elementor-section-height-min-height elementor-section-boxed elementor-section-height-default elementor-section-items-middle\" data-id=\"838b51b\" data-element_type=\"section\" data-settings=\"{&quot;background_background&quot;:&quot;classic&quot;}\">\n\t\t\t\t\t\t\t<div class=\"elementor-background-overlay\"><\/div>\n\t\t\t\t\t\t\t<div class=\"elementor-container elementor-column-gap-default\">\n\t\t\t\t\t<div class=\"has_ma_el_bg_slider elementor-column elementor-col-100 elementor-top-column elementor-element elementor-element-a551f5d jltma-glass-effect-no\" data-id=\"a551f5d\" data-element_type=\"column\">\n\t\t\t<div class=\"elementor-widget-wrap elementor-element-populated\">\n\t\t\t\t\t\t<div class=\"elementor-element elementor-element-73e172a jltma-glass-effect-no elementor-invisible elementor-widget elementor-widget-heading\" data-id=\"73e172a\" data-element_type=\"widget\" data-settings=\"{&quot;_animation&quot;:&quot;fadeIn&quot;}\" data-widget_type=\"heading.default\">\n\t\t\t\t<div class=\"elementor-widget-container\">\n\t\t\t<h1 class=\"elementor-heading-title elementor-size-default\">AR Corridors of Life (Carbon) Project<\/h1>\t\t<\/div>\n\t\t\t\t<\/div>\n\t\t\t\t<div class=\"elementor-element elementor-element-929d681 jltma-glass-effect-no elementor-invisible elementor-widget elementor-widget-heading\" data-id=\"929d681\" data-element_type=\"widget\" data-settings=\"{&quot;_animation&quot;:&quot;fadeIn&quot;}\" data-widget_type=\"heading.default\">\n\t\t\t\t<div class=\"elementor-widget-container\">\n\t\t\t<h1 class=\"elementor-heading-title elementor-size-default\"><a href=\"https:\/\/ipe.org.br\/?page_id=7084\">Pontal do Paranapanema<\/a><\/h1>\t\t<\/div>\n\t\t\t\t<\/div>\n\t\t\t\t\t<\/div>\n\t\t<\/div>\n\t\t\t\t\t<\/div>\n\t\t<\/section>\n\t\t\t\t<section class=\"has_ma_el_bg_slider elementor-section elementor-top-section elementor-element elementor-element-f5fc10e elementor-section-height-min-height elementor-section-boxed elementor-section-height-default elementor-section-items-middle jltma-glass-effect-no\" data-id=\"f5fc10e\" data-element_type=\"section\" data-settings=\"{&quot;background_background&quot;:&quot;classic&quot;}\">\n\t\t\t\t\t\t<div class=\"elementor-container elementor-column-gap-default\">\n\t\t\t\t\t<div class=\"has_ma_el_bg_slider elementor-column elementor-col-100 elementor-top-column elementor-element elementor-element-4c94a3f jltma-glass-effect-no\" data-id=\"4c94a3f\" data-element_type=\"column\">\n\t\t\t<div class=\"elementor-widget-wrap elementor-element-populated\">\n\t\t\t\t\t\t<div class=\"elementor-element elementor-element-ed2bd26 jltma-glass-effect-no elementor-widget elementor-widget-image\" data-id=\"ed2bd26\" data-element_type=\"widget\" data-widget_type=\"image.default\">\n\t\t\t\t<div class=\"elementor-widget-container\">\n\t\t\t\t\t\t\t\t\t\t\t\t\t<img fetchpriority=\"high\" decoding=\"async\" width=\"1024\" height=\"683\" src=\"https:\/\/ipe.org.br\/images\/2022\/07\/Planting_Fotos_credito_Laurie_Hedges-1024x683.jpg\" class=\"attachment-large size-large wp-image-5143\" alt=\"\" srcset=\"https:\/\/ipe.org.br\/images\/2022\/07\/Planting_Fotos_credito_Laurie_Hedges-1024x683.jpg 1024w, https:\/\/ipe.org.br\/images\/2022\/07\/Planting_Fotos_credito_Laurie_Hedges-300x200.jpg 300w, https:\/\/ipe.org.br\/images\/2022\/07\/Planting_Fotos_credito_Laurie_Hedges-768x512.jpg 768w, https:\/\/ipe.org.br\/images\/2022\/07\/Planting_Fotos_credito_Laurie_Hedges-1536x1024.jpg 1536w, https:\/\/ipe.org.br\/images\/2022\/07\/Planting_Fotos_credito_Laurie_Hedges-2048x1365.jpg 2048w\" sizes=\"(max-width: 1024px) 100vw, 1024px\" \/>\t\t\t\t\t\t\t\t\t\t\t\t\t<\/div>\n\t\t\t\t<\/div>\n\t\t\t\t<div class=\"elementor-element elementor-element-4ae83be jltma-glass-effect-no elementor-invisible elementor-widget elementor-widget-text-editor\" data-id=\"4ae83be\" data-element_type=\"widget\" data-settings=\"{&quot;_animation&quot;:&quot;fadeIn&quot;}\" data-widget_type=\"text-editor.default\">\n\t\t\t\t<div class=\"elementor-widget-container\">\n\t\t\t\t\t\t\t<p><style>\na{color:#34a853}<br\/><\/style>As of 2021, the Life Corridors project, carried out since 2002 by IP\u00ca &#8211; Institute for Ecological Research &#8211; will have its actions expanded by the partnership between IP\u00ca and the Biophilic Ambipar Environment. Together, IP\u00ca and Biof\u00edlica are carrying out the AR (Afforestation \/ Reforestation) Corridors of Life (Carbon) project, focused on generating carbon credits from the restoration of the Atlantic Forest in the Pontal do Paranapanema region, in the far west of S\u00e3o Paulo state.<\/p><p>The Corridors of Life project targets the priority areas for restoration identified by the Dream Map\/IP\u00ca in seven municipalities in the region: Euclides da Cunha Paulista, Marab\u00e1 Paulista, Mirante do Paranapanema, Presidente Epit\u00e1cio, Rosana, Sandovalina and Teodoro Sampaio.  <\/p><p>With the adhesion of the Carbon mitigation component, the priority areas for restoration now include 23 more municipalities, bringing the total to 30: Alfredo Marcondes, Alvares Machado, Anhumas, Caiabu, Caiu\u00e1, Emilian\u00f3polis, Estrela do Norte, Indiana, Jo\u00e3o Ramalho, Martin\u00f3polis, Narandiba, Piquerobi, Pirapozinho, Presidente Bernardes, Presidente Prudente, Presidente Venceslau, Rancharia, Regente Feij\u00f3, Ribeir\u00e3o dos \u00cdndios, Santo Anast\u00e1cio, Santo Expedito, Taciba and Tarabai.<\/p><p>In the initial years, 2021 and 2022, the Life Corridors (Carbon) project aims to restore 250 hectares in the region, the equivalent of 500,000 Atlantic Forest tree seedlings. The hope is to attract companies interested in generating carbon credits. In all, between restoration, through planting seedlings, enrichment or conducting regeneration, the project will contribute to converting 75,000 hectares of areas of environmental liabilities on private properties into restored areas with around 150 million new tree seedlings.<\/p>\t\t\t\t\t\t<\/div>\n\t\t\t\t<\/div>\n\t\t\t\t\t<\/div>\n\t\t<\/div>\n\t\t\t\t\t<\/div>\n\t\t<\/section>\n\t\t\t\t<section class=\"has_ma_el_bg_slider elementor-section elementor-top-section elementor-element elementor-element-992f767 elementor-section-height-min-height elementor-section-boxed elementor-section-height-default elementor-section-items-middle jltma-glass-effect-no\" data-id=\"992f767\" data-element_type=\"section\" data-settings=\"{&quot;background_background&quot;:&quot;classic&quot;}\">\n\t\t\t\t\t\t<div class=\"elementor-container elementor-column-gap-default\">\n\t\t\t\t\t<div class=\"has_ma_el_bg_slider elementor-column elementor-col-100 elementor-top-column elementor-element elementor-element-4228793 jltma-glass-effect-no\" data-id=\"4228793\" data-element_type=\"column\">\n\t\t\t<div class=\"elementor-widget-wrap elementor-element-populated\">\n\t\t\t\t\t\t<div class=\"elementor-element elementor-element-ba1676c jltma-glass-effect-no elementor-widget elementor-widget-ma-advanced-accordion\" data-id=\"ba1676c\" data-element_type=\"widget\" data-settings=\"{&quot;accordion_type&quot;:&quot;accordion&quot;,&quot;toggle_speed&quot;:300}\" data-widget_type=\"ma-advanced-accordion.default\">\n\t\t\t\t<div class=\"elementor-widget-container\">\n\t\t\t\n\t\t<div class=\"jltma-advanced-accordion\" id=\"jltma-advanced-accordion-ba1676c\" data-accordion-id=\"ba1676c\" data-accordion-id=\"ba1676c\">\n\t\t\t<div class=\"ma-accordion-wrap ma-accordion-icon-align- ma-accordion-ba1676c\">\n\n\t\t\t\t\n\t\t\t\t\t<div class=\"jltma-accordion-item elementor-repeater-item-895a332 \">\n\t\t\t\t\t\t<div id=\"jltma-accordion-tab-title-1951\" class=\"jltma-accordion-tab-title jltma-accordion-header\" tabindex=\"1951\" data-tab=\"1\" role=\"tab\" aria-controls=\"jltma-accordion-tab-content-1951\">\n\t\t\t\t\t\t\t<div class=\"jltma-accordion-title-icon\">\n\n\t\t\t\t\t\t\t\t\n\t\t\t\t\t\t\t\t<div class=\"jltma-accordion-title-text\">\n\t\t\t\t\t\t\t\t\tGoals\t\t\t\t\t\t\t\t<\/div>\n\t\t\t\t\t\t\t<\/div>\n\n\t\t\t\t\t\t\t\n\t\t\t\t\t\t<\/div>\n\n\t\t\t\t\t\t<div id=\"jltma-accordion-tab-content-1951\" class=\"jltma-accordion-tab-content\" data-tab=\"1\" role=\"tabpanel\" aria-labelledby=\"jltma-accordion-tab-title-1951\">\n\t\t\t\t\t\t\t<p>Plantar 150 milh\u00f5es de novas \u00e1rvores em \u00e1reas que somadas chegam a 75.000 hectares e ser\u00e3o respons\u00e1veis pela gera\u00e7\u00e3o de um estoque de mais de 28 milh\u00f5es de cr\u00e9ditos de carbono AR, removendo da atmosfera mais de 36 milh\u00f5es de tCO2eq em 44 anos.<\/p><p>Os cr\u00e9ditos ser\u00e3o comercializados no mercado volunt\u00e1rio de carbono utilizando os padr\u00f5es de certifica\u00e7\u00e3o VCS e CCB do VERRA a partir da Metodologia CDM: AR-ACM0003 \u2013 (Grande Escala) Florestamento e reflorestamento de terras, exceto \u00e1reas alagadas).<\/p>\t\t\t\t\t\t<\/div>\n\n\t\t\t\t\t<\/div>\n\t\t\t\t\n\t\t\t\t\t<div class=\"jltma-accordion-item elementor-repeater-item-b5ecba1 \">\n\t\t\t\t\t\t<div id=\"jltma-accordion-tab-title-1952\" class=\"jltma-accordion-tab-title jltma-accordion-header\" tabindex=\"1952\" data-tab=\"2\" role=\"tab\" aria-controls=\"jltma-accordion-tab-content-1952\">\n\t\t\t\t\t\t\t<div class=\"jltma-accordion-title-icon\">\n\n\t\t\t\t\t\t\t\t\n\t\t\t\t\t\t\t\t<div class=\"jltma-accordion-title-text\">\n\t\t\t\t\t\t\t\t\tTeams\t\t\t\t\t\t\t\t<\/div>\n\t\t\t\t\t\t\t<\/div>\n\n\t\t\t\t\t\t\t\n\t\t\t\t\t\t<\/div>\n\n\t\t\t\t\t\t<div id=\"jltma-accordion-tab-content-1952\" class=\"jltma-accordion-tab-content\" data-tab=\"2\" role=\"tabpanel\" aria-labelledby=\"jltma-accordion-tab-title-1952\">\n\t\t\t\t\t\t\t<p>Laury Cullen, coordenador de projeto<\/p><p>Eduardo Ditt, diretor executivo<\/p><p>Haroldo Gomes, coordenador de campo<\/p><p>Aline Souza, assistente de desenvolvimento de campo<\/p><p>Amanda Garbim Ceballos, assistente de desenvolvimento de campo<\/p><p>Nivaldo Campos, assistente de desenvolvimento de campo<\/p><p>Henrique Shirai, especialista em SIG<\/p><p>Ricardo Cesar, especialista em restaura\u00e7\u00e3o<\/p><p>Williana Marins, gestora de projetos<\/p><p>Rafael Lofti, assessor jur\u00eddico<\/p><p>Aires Aparecida Cruz, auxiliar administrativo<\/p>\t\t\t\t\t\t<\/div>\n\n\t\t\t\t\t<\/div>\n\t\t\t\t\n\t\t\t\t\t<div class=\"jltma-accordion-item elementor-repeater-item-05bbae8 \">\n\t\t\t\t\t\t<div id=\"jltma-accordion-tab-title-1953\" class=\"jltma-accordion-tab-title jltma-accordion-header\" tabindex=\"1953\" data-tab=\"3\" role=\"tab\" aria-controls=\"jltma-accordion-tab-content-1953\">\n\t\t\t\t\t\t\t<div class=\"jltma-accordion-title-icon\">\n\n\t\t\t\t\t\t\t\t\n\t\t\t\t\t\t\t\t<div class=\"jltma-accordion-title-text\">\n\t\t\t\t\t\t\t\t\tPartners\t\t\t\t\t\t\t\t<\/div>\n\t\t\t\t\t\t\t<\/div>\n\n\t\t\t\t\t\t\t\n\t\t\t\t\t\t<\/div>\n\n\t\t\t\t\t\t<div id=\"jltma-accordion-tab-content-1953\" class=\"jltma-accordion-tab-content\" data-tab=\"3\" role=\"tabpanel\" aria-labelledby=\"jltma-accordion-tab-title-1953\">\n\t\t\t\t\t\t\t<p><a href=\"https:\/\/www.biofilica.com.br\/projeto-ar-corredores-de-vida\/\" target=\"_blank\" rel=\"noopener\">Biof\u00edlica Ambipar Environment<\/a><\/p>\t\t\t\t\t\t<\/div>\n\n\t\t\t\t\t<\/div>\n\t\t\t\t\t\t\t<\/div>\n\t\t<\/div>\n\t\t<\/div>\n\t\t\t\t<\/div>\n\t\t\t\t\t<\/div>\n\t\t<\/div>\n\t\t\t\t\t<\/div>\n\t\t<\/section>\n\t\t\t\t<\/div>\n\t\t","protected":false},"excerpt":{"rendered":"<p>AR Corridors of Life (Carbon) Project Pontal do Paranapanema As of 2021, the Life Corridors project, carried out since 2002 by IP\u00ca &#8211; Institute for Ecological Research &#8211; will have its actions expanded by the partnership between IP\u00ca and the Biophilic Ambipar Environment. Together, IP\u00ca and Biof\u00edlica are carrying out the AR (Afforestation \/ Reforestation) &#8230; <a title=\"AR Corridors of Life (Carbon) Project\" class=\"read-more\" href=\"https:\/\/ipe.org.br\/en\/projeto-ar-corredores-de-vida-carbono\/\" aria-label=\"Read more about AR Corridors of Life (Carbon) Project\">Read more<\/a><\/p>\n","protected":false},"author":1,"featured_media":0,"parent":0,"menu_order":0,"comment_status":"closed","ping_status":"closed","template":"elementor_header_footer","meta":{"_acf_changed":false,"footnotes":""},"class_list":["post-13267","page","type-page","status-publish"],"acf":[],"yoast_head":"<!-- This site is optimized with the Yoast SEO plugin v23.0 - https:\/\/yoast.com\/wordpress\/plugins\/seo\/ -->\n<title>AR Corridors of Life (Carbon) Project - IP\u00ca - Instituto de Pesquisas Ecol\u00f3gicas<\/title>\n<meta name=\"robots\" content=\"index, follow, max-snippet:-1, max-image-preview:large, max-video-preview:-1\" \/>\n<link rel=\"canonical\" href=\"https:\/\/ipe.org.br\/en\/projeto-ar-corredores-de-vida-carbono\/\" \/>\n<meta property=\"og:locale\" content=\"en_US\" \/>\n<meta property=\"og:type\" content=\"article\" \/>\n<meta property=\"og:title\" content=\"AR Corridors of Life (Carbon) Project - IP\u00ca - Instituto de Pesquisas Ecol\u00f3gicas\" \/>\n<meta property=\"og:description\" content=\"AR Corridors of Life (Carbon) Project Pontal do Paranapanema As of 2021, the Life Corridors project, carried out since 2002 by IP\u00ca &#8211; Institute for Ecological Research &#8211; will have its actions expanded by the partnership between IP\u00ca and the Biophilic Ambipar Environment. Together, IP\u00ca and Biof\u00edlica are carrying out the AR (Afforestation \/ Reforestation) ... Read more\" \/>\n<meta property=\"og:url\" content=\"https:\/\/ipe.org.br\/en\/projeto-ar-corredores-de-vida-carbono\/\" \/>\n<meta property=\"og:site_name\" content=\"IP\u00ca - Instituto de Pesquisas Ecol\u00f3gicas\" \/>\n<meta property=\"article:publisher\" content=\"https:\/\/www.facebook.com\/ipe.instituto.pesquisas.ecologicas\" \/>\n<meta property=\"article:modified_time\" content=\"2023-11-29T21:12:12+00:00\" \/>\n<meta property=\"og:image\" content=\"http:\/\/ipe.org.br\/images\/2022\/07\/Planting_Fotos_credito_Laurie_Hedges-1024x683.jpg\" \/>\n<meta name=\"twitter:card\" content=\"summary_large_image\" \/>\n<meta name=\"twitter:site\" content=\"@InstitutoIPE\" \/>\n<meta name=\"twitter:label1\" content=\"Est. reading time\" \/>\n\t<meta name=\"twitter:data1\" content=\"2 minutes\" \/>\n<script type=\"application\/ld+json\" class=\"yoast-schema-graph\">{\"@context\":\"https:\/\/schema.org\",\"@graph\":[{\"@type\":\"WebPage\",\"@id\":\"https:\/\/ipe.org.br\/en\/projeto-ar-corredores-de-vida-carbono\/\",\"url\":\"https:\/\/ipe.org.br\/en\/projeto-ar-corredores-de-vida-carbono\/\",\"name\":\"AR Corridors of Life (Carbon) Project - IP\u00ca - Instituto de Pesquisas Ecol\u00f3gicas\",\"isPartOf\":{\"@id\":\"https:\/\/ipe.org.br\/#website\"},\"primaryImageOfPage\":{\"@id\":\"https:\/\/ipe.org.br\/en\/projeto-ar-corredores-de-vida-carbono\/#primaryimage\"},\"image\":{\"@id\":\"https:\/\/ipe.org.br\/en\/projeto-ar-corredores-de-vida-carbono\/#primaryimage\"},\"thumbnailUrl\":\"http:\/\/ipe.org.br\/images\/2022\/07\/Planting_Fotos_credito_Laurie_Hedges-1024x683.jpg\",\"datePublished\":\"2022-12-30T13:53:27+00:00\",\"dateModified\":\"2023-11-29T21:12:12+00:00\",\"breadcrumb\":{\"@id\":\"https:\/\/ipe.org.br\/en\/projeto-ar-corredores-de-vida-carbono\/#breadcrumb\"},\"inLanguage\":\"en-US\",\"potentialAction\":[{\"@type\":\"ReadAction\",\"target\":[\"https:\/\/ipe.org.br\/en\/projeto-ar-corredores-de-vida-carbono\/\"]}]},{\"@type\":\"ImageObject\",\"inLanguage\":\"en-US\",\"@id\":\"https:\/\/ipe.org.br\/en\/projeto-ar-corredores-de-vida-carbono\/#primaryimage\",\"url\":\"http:\/\/ipe.org.br\/images\/2022\/07\/Planting_Fotos_credito_Laurie_Hedges-1024x683.jpg\",\"contentUrl\":\"http:\/\/ipe.org.br\/images\/2022\/07\/Planting_Fotos_credito_Laurie_Hedges-1024x683.jpg\"},{\"@type\":\"BreadcrumbList\",\"@id\":\"https:\/\/ipe.org.br\/en\/projeto-ar-corredores-de-vida-carbono\/#breadcrumb\",\"itemListElement\":[{\"@type\":\"ListItem\",\"position\":1,\"name\":\"In\u00edcio\",\"item\":\"https:\/\/ipe.org.br\/en\/home-2\/\"},{\"@type\":\"ListItem\",\"position\":2,\"name\":\"AR Corridors of Life (Carbon) Project\"}]},{\"@type\":\"WebSite\",\"@id\":\"https:\/\/ipe.org.br\/#website\",\"url\":\"https:\/\/ipe.org.br\/\",\"name\":\"IP\u00ca - Instituto de Pesquisas Ecol\u00f3gicas\",\"description\":\"Pesquisa, Educa\u00e7\u00e3o e Neg\u00f3cios Sustent\u00e1veis para a conserva\u00e7\u00e3o da biodiversidade brasileira.\",\"publisher\":{\"@id\":\"https:\/\/ipe.org.br\/#organization\"},\"potentialAction\":[{\"@type\":\"SearchAction\",\"target\":{\"@type\":\"EntryPoint\",\"urlTemplate\":\"https:\/\/ipe.org.br\/?s={search_term_string}\"},\"query-input\":\"required name=search_term_string\"}],\"inLanguage\":\"en-US\"},{\"@type\":\"Organization\",\"@id\":\"https:\/\/ipe.org.br\/#organization\",\"name\":\"IP\u00ca - Instituto te Pesquisas Ecol\u00f3gicas\",\"alternateName\":\"IP\u00ca - Instituto te Pesquisas Ecol\u00f3gicas\",\"url\":\"https:\/\/ipe.org.br\/\",\"logo\":{\"@type\":\"ImageObject\",\"inLanguage\":\"en-US\",\"@id\":\"https:\/\/ipe.org.br\/#\/schema\/logo\/image\/\",\"url\":\"https:\/\/ipe.org.br\/images\/2022\/12\/cropped-logo-ipe2.jpg\",\"contentUrl\":\"https:\/\/ipe.org.br\/images\/2022\/12\/cropped-logo-ipe2.jpg\",\"width\":900,\"height\":900,\"caption\":\"IP\u00ca - Instituto te Pesquisas Ecol\u00f3gicas\"},\"image\":{\"@id\":\"https:\/\/ipe.org.br\/#\/schema\/logo\/image\/\"},\"sameAs\":[\"https:\/\/www.facebook.com\/ipe.instituto.pesquisas.ecologicas\",\"https:\/\/x.com\/InstitutoIPE\",\"https:\/\/www.instagram.com\/institutoipe\/\",\"https:\/\/www.linkedin.com\/company\/ip---instituto-de-pesquisas-ecolgicas\",\"https:\/\/www.youtube.com\/channel\/UCxsLeAueuL-eMIJy6qif9_g\/videos\"]}]}<\/script>\n<!-- \/ Yoast SEO plugin. -->","yoast_head_json":{"title":"AR Corridors of Life (Carbon) Project - IP\u00ca - Instituto de Pesquisas Ecol\u00f3gicas","robots":{"index":"index","follow":"follow","max-snippet":"max-snippet:-1","max-image-preview":"max-image-preview:large","max-video-preview":"max-video-preview:-1"},"canonical":"https:\/\/ipe.org.br\/en\/projeto-ar-corredores-de-vida-carbono\/","og_locale":"en_US","og_type":"article","og_title":"AR Corridors of Life (Carbon) Project - IP\u00ca - Instituto de Pesquisas Ecol\u00f3gicas","og_description":"AR Corridors of Life (Carbon) Project Pontal do Paranapanema As of 2021, the Life Corridors project, carried out since 2002 by IP\u00ca &#8211; Institute for Ecological Research &#8211; will have its actions expanded by the partnership between IP\u00ca and the Biophilic Ambipar Environment. Together, IP\u00ca and Biof\u00edlica are carrying out the AR (Afforestation \/ Reforestation) ... Read more","og_url":"https:\/\/ipe.org.br\/en\/projeto-ar-corredores-de-vida-carbono\/","og_site_name":"IP\u00ca - Instituto de Pesquisas Ecol\u00f3gicas","article_publisher":"https:\/\/www.facebook.com\/ipe.instituto.pesquisas.ecologicas","article_modified_time":"2023-11-29T21:12:12+00:00","og_image":[{"url":"http:\/\/ipe.org.br\/images\/2022\/07\/Planting_Fotos_credito_Laurie_Hedges-1024x683.jpg"}],"twitter_card":"summary_large_image","twitter_site":"@InstitutoIPE","twitter_misc":{"Est. reading time":"2 minutes"},"schema":{"@context":"https:\/\/schema.org","@graph":[{"@type":"WebPage","@id":"https:\/\/ipe.org.br\/en\/projeto-ar-corredores-de-vida-carbono\/","url":"https:\/\/ipe.org.br\/en\/projeto-ar-corredores-de-vida-carbono\/","name":"AR Corridors of Life (Carbon) Project - IP\u00ca - Instituto de Pesquisas Ecol\u00f3gicas","isPartOf":{"@id":"https:\/\/ipe.org.br\/#website"},"primaryImageOfPage":{"@id":"https:\/\/ipe.org.br\/en\/projeto-ar-corredores-de-vida-carbono\/#primaryimage"},"image":{"@id":"https:\/\/ipe.org.br\/en\/projeto-ar-corredores-de-vida-carbono\/#primaryimage"},"thumbnailUrl":"http:\/\/ipe.org.br\/images\/2022\/07\/Planting_Fotos_credito_Laurie_Hedges-1024x683.jpg","datePublished":"2022-12-30T13:53:27+00:00","dateModified":"2023-11-29T21:12:12+00:00","breadcrumb":{"@id":"https:\/\/ipe.org.br\/en\/projeto-ar-corredores-de-vida-carbono\/#breadcrumb"},"inLanguage":"en-US","potentialAction":[{"@type":"ReadAction","target":["https:\/\/ipe.org.br\/en\/projeto-ar-corredores-de-vida-carbono\/"]}]},{"@type":"ImageObject","inLanguage":"en-US","@id":"https:\/\/ipe.org.br\/en\/projeto-ar-corredores-de-vida-carbono\/#primaryimage","url":"http:\/\/ipe.org.br\/images\/2022\/07\/Planting_Fotos_credito_Laurie_Hedges-1024x683.jpg","contentUrl":"http:\/\/ipe.org.br\/images\/2022\/07\/Planting_Fotos_credito_Laurie_Hedges-1024x683.jpg"},{"@type":"BreadcrumbList","@id":"https:\/\/ipe.org.br\/en\/projeto-ar-corredores-de-vida-carbono\/#breadcrumb","itemListElement":[{"@type":"ListItem","position":1,"name":"In\u00edcio","item":"https:\/\/ipe.org.br\/en\/home-2\/"},{"@type":"ListItem","position":2,"name":"AR Corridors of Life (Carbon) Project"}]},{"@type":"WebSite","@id":"https:\/\/ipe.org.br\/#website","url":"https:\/\/ipe.org.br\/","name":"IP\u00ca - Instituto de Pesquisas Ecol\u00f3gicas","description":"Pesquisa, Educa\u00e7\u00e3o e Neg\u00f3cios Sustent\u00e1veis para a conserva\u00e7\u00e3o da biodiversidade brasileira.","publisher":{"@id":"https:\/\/ipe.org.br\/#organization"},"potentialAction":[{"@type":"SearchAction","target":{"@type":"EntryPoint","urlTemplate":"https:\/\/ipe.org.br\/?s={search_term_string}"},"query-input":"required name=search_term_string"}],"inLanguage":"en-US"},{"@type":"Organization","@id":"https:\/\/ipe.org.br\/#organization","name":"IP\u00ca - Instituto te Pesquisas Ecol\u00f3gicas","alternateName":"IP\u00ca - Instituto te Pesquisas Ecol\u00f3gicas","url":"https:\/\/ipe.org.br\/","logo":{"@type":"ImageObject","inLanguage":"en-US","@id":"https:\/\/ipe.org.br\/#\/schema\/logo\/image\/","url":"https:\/\/ipe.org.br\/images\/2022\/12\/cropped-logo-ipe2.jpg","contentUrl":"https:\/\/ipe.org.br\/images\/2022\/12\/cropped-logo-ipe2.jpg","width":900,"height":900,"caption":"IP\u00ca - Instituto te Pesquisas Ecol\u00f3gicas"},"image":{"@id":"https:\/\/ipe.org.br\/#\/schema\/logo\/image\/"},"sameAs":["https:\/\/www.facebook.com\/ipe.instituto.pesquisas.ecologicas","https:\/\/x.com\/InstitutoIPE","https:\/\/www.instagram.com\/institutoipe\/","https:\/\/www.linkedin.com\/company\/ip---instituto-de-pesquisas-ecolgicas","https:\/\/www.youtube.com\/channel\/UCxsLeAueuL-eMIJy6qif9_g\/videos"]}]}},"_links":{"self":[{"href":"https:\/\/ipe.org.br\/en\/wp-json\/wp\/v2\/pages\/13267","targetHints":{"allow":["GET"]}}],"collection":[{"href":"https:\/\/ipe.org.br\/en\/wp-json\/wp\/v2\/pages"}],"about":[{"href":"https:\/\/ipe.org.br\/en\/wp-json\/wp\/v2\/types\/page"}],"author":[{"embeddable":true,"href":"https:\/\/ipe.org.br\/en\/wp-json\/wp\/v2\/users\/1"}],"replies":[{"embeddable":true,"href":"https:\/\/ipe.org.br\/en\/wp-json\/wp\/v2\/comments?post=13267"}],"version-history":[{"count":5,"href":"https:\/\/ipe.org.br\/en\/wp-json\/wp\/v2\/pages\/13267\/revisions"}],"predecessor-version":[{"id":13272,"href":"https:\/\/ipe.org.br\/en\/wp-json\/wp\/v2\/pages\/13267\/revisions\/13272"}],"wp:attachment":[{"href":"https:\/\/ipe.org.br\/en\/wp-json\/wp\/v2\/media?parent=13267"}],"curies":[{"name":"wp","href":"https:\/\/api.w.org\/{rel}","templated":true}]}}